{"id":204,"date":"2020-11-25T13:18:40","date_gmt":"2020-11-25T12:18:40","guid":{"rendered":"https:\/\/www.comverga.com\/?page_id=204"},"modified":"2023-03-09T16:17:18","modified_gmt":"2023-03-09T15:17:18","slug":"betrieb-der-telekommunikationsinfrastruktur","status":"publish","type":"page","link":"https:\/\/www.comverga.com\/deu\/pl\/dienstleistungen\/betrieb-der-telekommunikationsinfrastruktur\/","title":{"rendered":"Eksploatacja infrastruktury telekomunikacyjnej"},"content":{"rendered":"<div data-elementor-type=\"wp-page\" data-elementor-id=\"204\" class=\"elementor elementor-204\">\n\t\t\t\t\t\t\t\t\t<section class=\"elementor-section elementor-top-section elementor-element elementor-element-66e30b elementor-section-boxed elementor-section-height-default elementor-section-height-default\" data-id=\"66e30b\" data-element_type=\"section\">\n\t\t\t\t\t\t<div class=\"elementor-container elementor-column-gap-default\">\n\t\t\t\t\t<div class=\"elementor-column elementor-col-100 elementor-top-column elementor-element elementor-element-2dc16128\" data-id=\"2dc16128\" data-element_type=\"column\">\n\t\t\t<div class=\"elementor-widget-wrap elementor-element-populated\">\n\t\t\t\t\t\t\t\t<div class=\"elementor-element elementor-element-5a9a8a19 elementor-widget elementor-widget-text-editor\" data-id=\"5a9a8a19\" data-element_type=\"widget\" data-widget_type=\"text-editor.default\">\n\t\t\t\t<div class=\"elementor-widget-container\">\n\t\t\t\t\t\t\t<!-- wp:paragraph -->\n<p>Rozwijamy i obs\u0142ugujemy w\u0142asn\u0105 infrastruktur\u0119 telekomunikacyjn\u0105. Dzi\u0119ki temu mo\u017cemy \u015bwiadczy\u0107 wysokiej jako\u015bci us\u0142ugi niezale\u017cnie od technologii, dostawc\u00f3w i sieci. \u0141\u0105czymy nasz\u0105 infrastruktur\u0105 r\u00f3\u017cnych operator\u00f3w i us\u0142ugodawc\u00f3w, dzi\u0119ki czemu mo\u017cemy zaoferowa\u0107 naszym partnerom i klientom pe\u0142en zakres us\u0142ug konwergentnych.<\/p>\n<!-- \/wp:paragraph -->\t\t\t\t\t\t<\/div>\n\t\t\t\t<\/div>\n\t\t\t\t\t<\/div>\n\t\t<\/div>\n\t\t\t\t\t\t\t<\/div>\n\t\t<\/section>\n\t\t\t\t\t\t\t<\/div>","protected":false},"excerpt":{"rendered":"<p>Rozwijamy i obs\u0142ugujemy w\u0142asn\u0105 infrastruktur\u0119 telekomunikacyjn\u0105. Dzi\u0119ki temu mo\u017cemy \u015bwiadczy\u0107 wysokiej jako\u015bci us\u0142ugi niezale\u017cnie od technologii, dostawc\u00f3w i sieci. \u0141\u0105czymy nasz\u0105 infrastruktur\u0105 r\u00f3\u017cnych operator\u00f3w i us\u0142ugodawc\u00f3w, dzi\u0119ki czemu mo\u017cemy zaoferowa\u0107 naszym partnerom i klientom pe\u0142en zakres us\u0142ug konwergentnych.<\/p>","protected":false},"author":1,"featured_media":143,"parent":210,"menu_order":102,"comment_status":"closed","ping_status":"closed","template":"","meta":{"footnotes":""},"_links":{"self":[{"href":"https:\/\/www.comverga.com\/deu\/pl\/wp-json\/wp\/v2\/pages\/204"}],"collection":[{"href":"https:\/\/www.comverga.com\/deu\/pl\/wp-json\/wp\/v2\/pages"}],"about":[{"href":"https:\/\/www.comverga.com\/deu\/pl\/wp-json\/wp\/v2\/types\/page"}],"author":[{"embeddable":true,"href":"https:\/\/www.comverga.com\/deu\/pl\/wp-json\/wp\/v2\/users\/1"}],"replies":[{"embeddable":true,"href":"https:\/\/www.comverga.com\/deu\/pl\/wp-json\/wp\/v2\/comments?post=204"}],"version-history":[{"count":4,"href":"https:\/\/www.comverga.com\/deu\/pl\/wp-json\/wp\/v2\/pages\/204\/revisions"}],"predecessor-version":[{"id":2468,"href":"https:\/\/www.comverga.com\/deu\/pl\/wp-json\/wp\/v2\/pages\/204\/revisions\/2468"}],"up":[{"embeddable":true,"href":"https:\/\/www.comverga.com\/deu\/pl\/wp-json\/wp\/v2\/pages\/210"}],"wp:featuredmedia":[{"embeddable":true,"href":"https:\/\/www.comverga.com\/deu\/pl\/wp-json\/wp\/v2\/media\/143"}],"wp:attachment":[{"href":"https:\/\/www.comverga.com\/deu\/pl\/wp-json\/wp\/v2\/media?parent=204"}],"curies":[{"name":"wp","href":"https:\/\/api.w.org\/{rel}","templated":true}]}}