{"id":2125,"date":"2023-01-10T11:55:18","date_gmt":"2023-01-10T10:55:18","guid":{"rendered":"https:\/\/www.comverga.com\/?page_id=2125"},"modified":"2023-12-13T13:02:01","modified_gmt":"2023-12-13T12:02:01","slug":"anwendungsfaelle-ausruestung-fuer-wohnwagen-und-wohnmobile","status":"publish","type":"page","link":"https:\/\/www.comverga.com\/deu\/pl\/dienstleistungen\/software-as-a-service-platform-as-a-service\/comverga-abrechnung-fuer-fusion-iot\/anwendungsfaelle-ausruestung-fuer-wohnwagen-und-wohnmobile\/","title":{"rendered":"Wyposa\u017cenie przyczep kempingowych i samochod\u00f3w kempingowych"},"content":{"rendered":"<div data-elementor-type=\"wp-page\" data-elementor-id=\"2125\" class=\"elementor elementor-2125\">\n\t\t\t\t\t\t\t\t\t<section class=\"elementor-section elementor-top-section elementor-element elementor-element-ef48c0d elementor-section-boxed elementor-section-height-default elementor-section-height-default\" data-id=\"ef48c0d\" data-element_type=\"section\">\n\t\t\t\t\t\t<div class=\"elementor-container elementor-column-gap-default\">\n\t\t\t\t\t<div class=\"elementor-column elementor-col-50 elementor-top-column elementor-element elementor-element-7901d5fd\" data-id=\"7901d5fd\" data-element_type=\"column\">\n\t\t\t<div class=\"elementor-widget-wrap elementor-element-populated\">\n\t\t\t\t\t\t\t\t<div class=\"elementor-element elementor-element-648b2714 elementor-widget elementor-widget-text-editor\" data-id=\"648b2714\" data-element_type=\"widget\" data-widget_type=\"text-editor.default\">\n\t\t\t\t<div class=\"elementor-widget-container\">\n\t\t\t\t\t\t\t<div class=\"usecase-text\">\n<h2>Wyposa\u017cenie przyczep kempingowych i samochod\u00f3w kempingowych<\/h2>\n<p>Partner dostarcza urz\u0105dzenia zapewniaj\u0105ce silny zasi\u0119g Internetu w przyczepach kempingowych i kamperach z kart\u0105 SIM i wst\u0119pnie ustawionym planem transmisji danych. Typowymi u\u017cytkownikami tych urz\u0105dze\u0144 s\u0105 w\u0142a\u015bciciele tych przyczep, ale tak\u017ce osoby wynajmuj\u0105ce przyczep\u0119 tylko na wakacje.\n<\/p>\n<p>Nawet na wakacjach nie mo\u017cesz obej\u015b\u0107 si\u0119 bez fajnego filmu od dostawcy transmisji strumieniowej lub pi\u0142ki no\u017cnej w Internecie. Czasem b\u0119dziesz musia\u0142 popracowa\u0107 lub wzi\u0105\u0107 udzia\u0142 w spotkaniu online.<\/p>\n<p>Po\u0142\u0105czenie internetowe ma zatem kluczowe znaczenie. Korzystaj\u0105c z naszej platformy, klienci ko\u0144cowi mog\u0105 sprawdzi\u0107, ile wolumenu danych zosta\u0142o wykorzystane i w razie potrzeby dokona\u0107 ponownej rezerwacji.<\/p>\n\n<\/div>\t\t\t\t\t\t<\/div>\n\t\t\t\t<\/div>\n\t\t\t\t\t<\/div>\n\t\t<\/div>\n\t\t\t\t<div class=\"elementor-column elementor-col-50 elementor-top-column elementor-element elementor-element-119748da\" data-id=\"119748da\" data-element_type=\"column\">\n\t\t\t<div class=\"elementor-widget-wrap elementor-element-populated\">\n\t\t\t\t\t\t\t\t<div class=\"elementor-element elementor-element-1c6f3589 elementor-widget elementor-widget-image\" data-id=\"1c6f3589\" data-element_type=\"widget\" data-widget_type=\"image.default\">\n\t\t\t\t<div class=\"elementor-widget-container\">\n\t\t\t\t\t\t\t\t\t\t\t\t\t\t\t<img decoding=\"async\" src=\"https:\/\/www.comverga.com\/wp-content\/uploads\/2023\/01\/caravan.jpg\" title=\"\" alt=\"\" loading=\"lazy\" \/>\t\t\t\t\t\t\t\t\t\t\t\t\t\t\t<\/div>\n\t\t\t\t<\/div>\n\t\t\t\t\t<\/div>\n\t\t<\/div>\n\t\t\t\t\t\t\t<\/div>\n\t\t<\/section>\n\t\t\t\t<section class=\"elementor-section elementor-top-section elementor-element elementor-element-6d03bf5 elementor-section-boxed elementor-section-height-default elementor-section-height-default\" data-id=\"6d03bf5\" data-element_type=\"section\">\n\t\t\t\t\t\t<div class=\"elementor-container elementor-column-gap-default\">\n\t\t\t\t\t<div class=\"elementor-column elementor-col-50 elementor-top-column elementor-element elementor-element-79239ad\" data-id=\"79239ad\" data-element_type=\"column\">\n\t\t\t<div class=\"elementor-widget-wrap elementor-element-populated\">\n\t\t\t\t\t\t\t\t<div class=\"elementor-element elementor-element-ad9554f elementor-widget elementor-widget-sidebar\" data-id=\"ad9554f\" data-element_type=\"widget\" data-widget_type=\"sidebar.default\">\n\t\t\t\t<div class=\"elementor-widget-container\">\n\t\t\t<div id=\"widget-box\" class=\"smart-watch\">\n\t<img decoding=\"async\" src=\"https:\/\/www.coopmobil.cz\/wp-content\/uploads\/2021\/04\/coop-mobil-logo.svg\"><br>\n\t<span>Sektory przemys\u0142u<\/span>\n<p>\n\t\tOperator telekomunikacyjny - detaliczny\n\t<\/p>\n<span>produkt<\/span>\n<p>\n\t\tPakiet Smartwatch + \u0142\u0105czno\u015b\u0107 danych\n\t<\/p>\n<\/div>\n<div id=\"widget-box\" class=\"operator\">\n\t<img decoding=\"async\" src=\"https:\/\/www.coopmobil.cz\/wp-content\/uploads\/2021\/04\/coop-mobil-logo.svg\"><br>\n\t<span>Sektory przemys\u0142u<\/span>\n<p>\n\t\tOperator telekomunikacyjny - Detal\n\t<\/p>\n<span>produkt<\/span>\n<p>\n\t\tRealizacja mailing\u00f3w marketingowych\n\t<\/p>\n<\/div>\n<div id=\"widget-box\" class=\"caravan\">\n<img decoding=\"async\" src=\"\/deu\/wp-content\/uploads\/sites\/4\/2023\/04\/caravan-logo.jpg\"><br>\n<span>Sektory przemys\u0142u<\/span>\n<p>\n\t\tSystemy \u015bledzenia pojazd\u00f3w GPS, \u0142\u0105czno\u015b\u0107 danych\n\t<\/p>\n<span>produkt<\/span>\n<p>\n\t\tRozwi\u0105zania umo\u017cliwiaj\u0105ce dost\u0119p do Internetu w podr\u00f3\u017cy\n\t<\/p>\n<\/div>\n<div id=\"widget-box\" class=\"support\">\n\t<img decoding=\"async\" src=\"https:\/\/www.coopmobil.cz\/wp-content\/uploads\/2021\/04\/coop-mobil-logo.svg\"><br>\n\t<span>Sektory przemys\u0142u<\/span>\n<p>\n\t\tOperator telekomunikacyjny - Detal\n\t<\/p>\n<span>produkt<\/span>\n<p>\n\t\tPrzewodnik obs\u0142ugi klienta\n\t<\/p>\n<\/div>\n<div id=\"widget-box\" class=\"camera\">\n<img decoding=\"async\" src=\"\/deu\/wp-content\/uploads\/sites\/4\/2023\/04\/camera-logo.jpg\"><br>\n<span>Sektory przemys\u0142u<\/span>\n<p>\n\t\tSystemy bezpiecze\u0144stwa\n\t<\/p>\n<span>produkt<\/span>\n<p>\n\t\tKamery z transmisj\u0105 online\n\t<\/p>\n<\/div>\n<div id=\"widget-box\" class=\"event\">\n\t<img decoding=\"async\" src=\"\/cze\/wp-content\/uploads\/sites\/3\/2023\/04\/event-logo.png\" style=\"width: 50px\"><br>\n\t<span>Sektory przemys\u0142u<\/span>\n<p>\n\t\tAgencja eventowa\n\t<\/p>\n<span>produkt<\/span>\n<p>\n\t\tOrganizacja wydarzenia \u2013 komunikacja z uczestnikami\n\t<\/p>\n<\/div>\n<div id=\"widget-box\" class=\"competition\">\n\t<img decoding=\"async\" src=\"\/cze\/wp-content\/uploads\/sites\/3\/2023\/04\/competition-logo.png\" style=\"width: 50px\"><br>\n\t<span>Sektory przemys\u0142u<\/span>\n<p>\n\t\tDobra konsumpcyjne\n\t<\/p>\n<span>produkt<\/span>\n<p>\n\t\tKonkurencja konsumencka\n\t<\/p>\n<\/div>\n<div id=\"widget-box\" class=\"marketing\">\n\t<img decoding=\"async\" src=\"\/deu\/wp-content\/uploads\/sites\/3\/2023\/06\/marketing-logo.png\" style=\"width: 50px\"><br>\n\t<span>Sektory przemys\u0142u<\/span>\n<p>\n\t\tKomunikacja marketingowa\n\t<\/p>\n<span>produkt<\/span>\n<p>\n\t\tRealizacja kampanii marketingowych\n\t<\/p>\n<\/div>\n<div id=\"widget-box\" class=\"fmcg\">\n\t<img decoding=\"async\" src=\"\/deu\/wp-content\/uploads\/sites\/3\/2023\/06\/fmcg-logo.png\" style=\"width: 50px\"><br>\n\t<span>Sektory przemys\u0142u<\/span>\n<p>\n\t\tFMCG<br>Szybko zbywalne towary konsumpcyjne\n\t<\/p>\n<span>produkt<\/span>\n<p>\n\t\tJedzenie, napoje, drogeria\n\t<\/p>\n<\/div>\n\n<div id=\"widget-box\" class=\"iot\">\n\t<img decoding=\"async\" src=\"\/cze\/wp-content\/uploads\/sites\/3\/2025\/09\/iot_icon.png\" style=\"width: 50px\"><br>\n\t<span>Sektory przemys\u0142u<\/span>\n<p>\n\t\tIoT, SIM\/eSIM management\n\t<\/p>\n<span>produkt<\/span>\n<p>\n\t\tCzujniki IoT dla przemys\u0142u i gospodarstw domowych \n\t<\/p>\n<\/div>\n\n<div id=\"widget-box\" class=\"truck\">\n\t<img decoding=\"async\" src=\"\/cze\/wp-content\/uploads\/sites\/3\/2025\/09\/truck_monitoring.png\" style=\"width: 50px\"><br>\n\t<span>Sektory przemys\u0142u<\/span>\n<p>\n\t\tIoT, SIM\/eSIM management\n\t<\/p>\n<span>produkt<\/span>\n<p>\n\t\t eSIM do monitorowania pojazd\u00f3w \n\t<\/p>\n<\/div>\n\n<div id=\"widget-box\" class=\"drone\">\n\t<img decoding=\"async\" src=\"\/cze\/wp-content\/uploads\/sites\/3\/2025\/09\/drone_icon.png\" style=\"width: 80px\"><br>\n\t<span>Sektory przemys\u0142u<\/span>\n<p>\n\t\t IoT, SIM\/eSIM management \n\t<\/p>\n<span>produkt<\/span>\n<p>\n\t\t eSIM f\u00fcr Drohnenflotten \n\t<\/p>\n<\/div>\t\t<\/div>\n\t\t\t\t<\/div>\n\t\t\t\t\t<\/div>\n\t\t<\/div>\n\t\t\t\t<div class=\"elementor-column elementor-col-50 elementor-top-column elementor-element elementor-element-58cf973\" data-id=\"58cf973\" data-element_type=\"column\">\n\t\t\t<div class=\"elementor-widget-wrap elementor-element-populated\">\n\t\t\t\t\t\t\t\t<div class=\"elementor-element elementor-element-5809b185 elementor-widget elementor-widget-text-editor\" data-id=\"5809b185\" data-element_type=\"widget\" data-widget_type=\"text-editor.default\">\n\t\t\t\t<div class=\"elementor-widget-container\">\n\t\t\t\t\t\t\t<p>Partner kupuje od FUSION IoT kart\u0119 SIM z \u017c\u0105dan\u0105 ilo\u015bci\u0105 danych, wk\u0142ada j\u0105 do urz\u0105dzenia i wyposa\u017ca przyczep\u0119 kempingow\u0105 lub samoch\u00f3d kempingowy w urz\u0105dzenie.<\/p><p>Klient ko\u0144cowy nie ma jednak mo\u017cliwo\u015bci sprawdzenia stanu karty SIM, zakupu wymaganych pakiet\u00f3w danych, ustalenia czy przed\u0142u\u017cenia okresu itp.<\/p><p>Klienci ko\u0144cowi mogli sami kupowa\u0107, rozszerza\u0107 lub zwi\u0119ksza\u0107 swoje pakiety danych bez konieczno\u015bci r\u0119cznej interwencji partnera. Partner wygrywa poprzez dodatkowy doch\u00f3d.<\/p>\t\t\t\t\t\t<\/div>\n\t\t\t\t<\/div>\n\t\t\t\t\t<\/div>\n\t\t<\/div>\n\t\t\t\t\t\t\t<\/div>\n\t\t<\/section>\n\t\t\t\t<section class=\"elementor-section elementor-top-section elementor-element elementor-element-e74e3b6 elementor-section-boxed elementor-section-height-default elementor-section-height-default\" data-id=\"e74e3b6\" data-element_type=\"section\">\n\t\t\t\t\t\t<div class=\"elementor-container elementor-column-gap-default\">\n\t\t\t\t\t<div class=\"elementor-column elementor-col-50 elementor-top-column elementor-element elementor-element-1508d08\" data-id=\"1508d08\" data-element_type=\"column\" data-settings=\"{&quot;background_background&quot;:&quot;classic&quot;}\">\n\t\t\t<div class=\"elementor-widget-wrap elementor-element-populated\">\n\t\t\t\t\t\t\t\t<div class=\"elementor-element elementor-element-08aeaa6 elementor-widget elementor-widget-text-editor\" data-id=\"08aeaa6\" data-element_type=\"widget\" data-widget_type=\"text-editor.default\">\n\t\t\t\t<div class=\"elementor-widget-container\">\n\t\t\t\t\t\t\t<h3><strong>Partner mo\u017ce zaoferowa\u0107 swoim klientom ko\u0144cowym:<\/strong><\/h3><div class=\"page\" title=\"Strona 4\"><div class=\"layoutArea\"><div class=\"column\"><ul><li>Sprawd\u017a wa\u017cno\u015b\u0107 karty SIM online<\/li><li>Pobieraj informacje o ilo\u015bci i zu\u017cyciu danych<\/li><li>P\u0142atno\u015b\u0107 online<\/li><li>Po dokonaniu zakupu Klient ko\u0144cowy otrzymuje dow\u00f3d wp\u0142aty<\/li><\/ul><\/div><\/div><\/div>\t\t\t\t\t\t<\/div>\n\t\t\t\t<\/div>\n\t\t\t\t\t<\/div>\n\t\t<\/div>\n\t\t\t\t<div class=\"elementor-column elementor-col-50 elementor-top-column elementor-element elementor-element-dfdc4b9\" data-id=\"dfdc4b9\" data-element_type=\"column\" data-settings=\"{&quot;background_background&quot;:&quot;classic&quot;}\">\n\t\t\t<div class=\"elementor-widget-wrap elementor-element-populated\">\n\t\t\t\t\t\t\t\t<div class=\"elementor-element elementor-element-6b21114 elementor-widget elementor-widget-text-editor\" data-id=\"6b21114\" data-element_type=\"widget\" data-widget_type=\"text-editor.default\">\n\t\t\t\t<div class=\"elementor-widget-container\">\n\t\t\t\t\t\t\t<h3><strong>COMVERGA dla partner\u00f3w<br \/><\/strong><\/h3><ul><li>Wyp\u0142acaj pieni\u0105dze \u2013 COMVERGA jest dostawc\u0105 us\u0142ug p\u0142atniczych<\/li><li>P\u0142atno\u015bci otrzymywane bezpo\u015brednio na konto bankowe partnera<\/li><li>Potwierdzenia p\u0142atno\u015bci dla klient\u00f3w ko\u0144cowych<\/li><li>Przygotowanie wszystkich dokument\u00f3w rozliczeniowych<\/li><li>Wysy\u0142aj powiadomienia do klient\u00f3w ko\u0144cowych, gdy ilo\u015b\u0107 danych osi\u0105gnie okre\u015blony poziom zu\u017cycia lub limit zostanie wyczerpany<\/li><\/ul>\t\t\t\t\t\t<\/div>\n\t\t\t\t<\/div>\n\t\t\t\t\t<\/div>\n\t\t<\/div>\n\t\t\t\t\t\t\t<\/div>\n\t\t<\/section>\n\t\t\t\t\t\t\t<\/div>","protected":false},"excerpt":{"rendered":"<p>Sprz\u0119t do przyczep kempingowych i kamper\u00f3w Partner dostarcza sprz\u0119t zapewniaj\u0105cy mocny zasi\u0119g Internetu w przyczepach kempingowych i kamperach z kart\u0105 SIM i wst\u0119pnie ustawionym planem transmisji danych. Typowymi u\u017cytkownikami tych urz\u0105dze\u0144 s\u0105 w\u0142a\u015bciciele tych przyczep, ale tak\u017ce osoby wynajmuj\u0105ce przyczep\u0119 tylko na wakacje. Nawet na wakacjach chcesz obejrze\u0107 fajny film od dostawcy transmisji strumieniowej [...]<\/p>","protected":false},"author":1,"featured_media":3057,"parent":2096,"menu_order":4,"comment_status":"closed","ping_status":"closed","template":"","meta":{"footnotes":""},"_links":{"self":[{"href":"https:\/\/www.comverga.com\/deu\/pl\/wp-json\/wp\/v2\/pages\/2125"}],"collection":[{"href":"https:\/\/www.comverga.com\/deu\/pl\/wp-json\/wp\/v2\/pages"}],"about":[{"href":"https:\/\/www.comverga.com\/deu\/pl\/wp-json\/wp\/v2\/types\/page"}],"author":[{"embeddable":true,"href":"https:\/\/www.comverga.com\/deu\/pl\/wp-json\/wp\/v2\/users\/1"}],"replies":[{"embeddable":true,"href":"https:\/\/www.comverga.com\/deu\/pl\/wp-json\/wp\/v2\/comments?post=2125"}],"version-history":[{"count":46,"href":"https:\/\/www.comverga.com\/deu\/pl\/wp-json\/wp\/v2\/pages\/2125\/revisions"}],"predecessor-version":[{"id":3617,"href":"https:\/\/www.comverga.com\/deu\/pl\/wp-json\/wp\/v2\/pages\/2125\/revisions\/3617"}],"up":[{"embeddable":true,"href":"https:\/\/www.comverga.com\/deu\/pl\/wp-json\/wp\/v2\/pages\/2096"}],"wp:featuredmedia":[{"embeddable":true,"href":"https:\/\/www.comverga.com\/deu\/pl\/wp-json\/wp\/v2\/media\/3057"}],"wp:attachment":[{"href":"https:\/\/www.comverga.com\/deu\/pl\/wp-json\/wp\/v2\/media?parent=2125"}],"curies":[{"name":"wp","href":"https:\/\/api.w.org\/{rel}","templated":true}]}}