{"id":218,"date":"2020-11-25T13:26:11","date_gmt":"2020-11-25T12:26:11","guid":{"rendered":"https:\/\/www.comverga.com\/?page_id=218"},"modified":"2023-03-09T16:19:56","modified_gmt":"2023-03-09T15:19:56","slug":"losungen","status":"publish","type":"page","link":"https:\/\/www.comverga.com\/deu\/pl\/dienstleistungen\/losungen\/","title":{"rendered":"Aplikacje\/Aplikacje"},"content":{"rendered":"<div data-elementor-type=\"wp-page\" data-elementor-id=\"218\" class=\"elementor elementor-218\">\n\t\t\t\t\t\t\t\t\t<section class=\"elementor-section elementor-top-section elementor-element elementor-element-4b8e1537 elementor-section-boxed elementor-section-height-default elementor-section-height-default\" data-id=\"4b8e1537\" data-element_type=\"section\">\n\t\t\t\t\t\t<div class=\"elementor-container elementor-column-gap-default\">\n\t\t\t\t\t<div class=\"elementor-column elementor-col-100 elementor-top-column elementor-element elementor-element-161a1045\" data-id=\"161a1045\" data-element_type=\"column\">\n\t\t\t<div class=\"elementor-widget-wrap elementor-element-populated\">\n\t\t\t\t\t\t\t\t<div class=\"elementor-element elementor-element-2a6f9e29 elementor-widget elementor-widget-text-editor\" data-id=\"2a6f9e29\" data-element_type=\"widget\" data-widget_type=\"text-editor.default\">\n\t\t\t\t<div class=\"elementor-widget-container\">\n\t\t\t\t\t\t\t<!-- wp:paragraph -->\n<p>Tworzenie aplikacji i portali klienckich, zw\u0142aszcza w oparciu o nasz\u0105 platform\u0119 komunikacyjn\u0105, to kolejna nasza mocna strona. Nasze rozwi\u0105zanie polega na zarejestrowaniu procesu u klienta, analizie danych\/informacji i stworzeniu projektu rozwi\u0105zania. Programujemy rozwi\u0105zanie we w\u0142asnym zakresie, testujemy je w \u015brodowisku testowym i finalnie wdra\u017camy w \u015brodowisku produkcyjnym klienta. Na \u017cyczenie klienta oferujemy r\u00f3wnie\u017c obs\u0142ug\u0119, monitorowanie i wsparcie rozwi\u0105zania. Istnieje mo\u017cliwo\u015b\u0107 zam\u00f3wienia zmian i aktualizacji naszych aplikacji.<\/p>\n<!-- \/wp:paragraph -->\t\t\t\t\t\t<\/div>\n\t\t\t\t<\/div>\n\t\t\t\t\t<\/div>\n\t\t<\/div>\n\t\t\t\t\t\t\t<\/div>\n\t\t<\/section>\n\t\t\t\t\t\t\t<\/div>","protected":false},"excerpt":{"rendered":"<p>Tworzenie aplikacji i portali klienckich, zw\u0142aszcza w oparciu o nasz\u0105 platform\u0119 komunikacyjn\u0105, to kolejna nasza mocna strona. Nasze rozwi\u0105zanie polega na zarejestrowaniu procesu u klienta, analizie danych\/informacji i stworzeniu projektu rozwi\u0105zania. Programujemy rozwi\u0105zanie we w\u0142asnym zakresie, testujemy je w \u015brodowisku testowym i na koniec wdra\u017camy w \u015brodowisku produkcyjnym [\u2026]<\/p>","protected":false},"author":1,"featured_media":1088,"parent":210,"menu_order":106,"comment_status":"closed","ping_status":"closed","template":"","meta":{"footnotes":""},"_links":{"self":[{"href":"https:\/\/www.comverga.com\/deu\/pl\/wp-json\/wp\/v2\/pages\/218"}],"collection":[{"href":"https:\/\/www.comverga.com\/deu\/pl\/wp-json\/wp\/v2\/pages"}],"about":[{"href":"https:\/\/www.comverga.com\/deu\/pl\/wp-json\/wp\/v2\/types\/page"}],"author":[{"embeddable":true,"href":"https:\/\/www.comverga.com\/deu\/pl\/wp-json\/wp\/v2\/users\/1"}],"replies":[{"embeddable":true,"href":"https:\/\/www.comverga.com\/deu\/pl\/wp-json\/wp\/v2\/comments?post=218"}],"version-history":[{"count":4,"href":"https:\/\/www.comverga.com\/deu\/pl\/wp-json\/wp\/v2\/pages\/218\/revisions"}],"predecessor-version":[{"id":2486,"href":"https:\/\/www.comverga.com\/deu\/pl\/wp-json\/wp\/v2\/pages\/218\/revisions\/2486"}],"up":[{"embeddable":true,"href":"https:\/\/www.comverga.com\/deu\/pl\/wp-json\/wp\/v2\/pages\/210"}],"wp:featuredmedia":[{"embeddable":true,"href":"https:\/\/www.comverga.com\/deu\/pl\/wp-json\/wp\/v2\/media\/1088"}],"wp:attachment":[{"href":"https:\/\/www.comverga.com\/deu\/pl\/wp-json\/wp\/v2\/media?parent=218"}],"curies":[{"name":"wp","href":"https:\/\/api.w.org\/{rel}","templated":true}]}}