{"id":227,"date":"2020-11-25T13:28:04","date_gmt":"2020-11-25T12:28:04","guid":{"rendered":"https:\/\/www.comverga.com\/?page_id=227"},"modified":"2023-03-09T16:10:52","modified_gmt":"2023-03-09T15:10:52","slug":"business-process-outsourcing-bpo-in-der-telekommunikation","status":"publish","type":"page","link":"https:\/\/www.comverga.com\/deu\/pl\/dienstleistungen\/business-process-outsourcing-bpo-in-der-telekommunikation\/","title":{"rendered":"Outsourcing proces\u00f3w biznesowych w telekomunikacji (BPO)"},"content":{"rendered":"<div data-elementor-type=\"wp-page\" data-elementor-id=\"227\" class=\"elementor elementor-227\">\n\t\t\t\t\t\t\t\t\t<section class=\"elementor-section elementor-top-section elementor-element elementor-element-1a25e84 elementor-section-boxed elementor-section-height-default elementor-section-height-default\" data-id=\"1a25e84\" data-element_type=\"section\">\n\t\t\t\t\t\t<div class=\"elementor-container elementor-column-gap-default\">\n\t\t\t\t\t<div class=\"elementor-column elementor-col-100 elementor-top-column elementor-element elementor-element-3168bb4a\" data-id=\"3168bb4a\" data-element_type=\"column\">\n\t\t\t<div class=\"elementor-widget-wrap elementor-element-populated\">\n\t\t\t\t\t\t\t\t<div class=\"elementor-element elementor-element-551b5edf elementor-widget elementor-widget-text-editor\" data-id=\"551b5edf\" data-element_type=\"widget\" data-widget_type=\"text-editor.default\">\n\t\t\t\t<div class=\"elementor-widget-container\">\n\t\t\t\t\t\t\t<!-- wp:paragraph -->\n<p>Chcesz prowadzi\u0107 w\u0142asn\u0105 firm\u0119 telekomunikacyjn\u0105? Chcesz wykorzysta\u0107 komunikacj\u0119 elektroniczn\u0105 do optymalizacji proces\u00f3w biznesowych lub marketingowych? Nie masz w\u0142asnych zasob\u00f3w lub nie chcesz ich powi\u0119ksza\u0107? Skontaktuj si\u0119 z nami, pomo\u017cemy Ci.<\/p>\n<!-- \/wp:paragraph -->\n\n<!-- wp:paragraph -->\n<p>Mamy dziesi\u0105tki lat do\u015bwiadczenia w obs\u0142udze us\u0142ug i aplikacji telekomunikacyjnych. Zapewniamy planowanie biznesowe, zarz\u0105dzanie produktami, zarz\u0105dzanie kampaniami marketingowymi, zarz\u0105dzanie sprzeda\u017c\u0105, fakturowanie us\u0142ug, zarz\u0105dzanie p\u0142atno\u015bciami i procesami obs\u0142ugi klienta.<\/p>\n<!-- \/wp:paragraph -->\t\t\t\t\t\t<\/div>\n\t\t\t\t<\/div>\n\t\t\t\t\t<\/div>\n\t\t<\/div>\n\t\t\t\t\t\t\t<\/div>\n\t\t<\/section>\n\t\t\t\t\t\t\t<\/div>","protected":false},"excerpt":{"rendered":"<p>Chcesz prowadzi\u0107 w\u0142asn\u0105 firm\u0119 telekomunikacyjn\u0105? Chcesz wykorzysta\u0107 komunikacj\u0119 elektroniczn\u0105 do optymalizacji proces\u00f3w biznesowych lub marketingowych? Nie masz w\u0142asnych zasob\u00f3w lub nie chcesz ich powi\u0119ksza\u0107? Skontaktuj si\u0119 z nami, pomo\u017cemy Ci. Mamy dziesi\u0105tki lat do\u015bwiadczenia w obs\u0142udze us\u0142ug i aplikacji telekomunikacyjnych. Oferujemy planowanie biznesowe, zarz\u0105dzanie produktami, zarz\u0105dzanie kampaniami marketingowymi, zarz\u0105dzanie sprzeda\u017c\u0105, fakturowanie us\u0142ug, zarz\u0105dzanie p\u0142atno\u015bciami [\u2026]<\/p>","protected":false},"author":1,"featured_media":1082,"parent":210,"menu_order":100,"comment_status":"closed","ping_status":"closed","template":"","meta":{"footnotes":""},"_links":{"self":[{"href":"https:\/\/www.comverga.com\/deu\/pl\/wp-json\/wp\/v2\/pages\/227"}],"collection":[{"href":"https:\/\/www.comverga.com\/deu\/pl\/wp-json\/wp\/v2\/pages"}],"about":[{"href":"https:\/\/www.comverga.com\/deu\/pl\/wp-json\/wp\/v2\/types\/page"}],"author":[{"embeddable":true,"href":"https:\/\/www.comverga.com\/deu\/pl\/wp-json\/wp\/v2\/users\/1"}],"replies":[{"embeddable":true,"href":"https:\/\/www.comverga.com\/deu\/pl\/wp-json\/wp\/v2\/comments?post=227"}],"version-history":[{"count":4,"href":"https:\/\/www.comverga.com\/deu\/pl\/wp-json\/wp\/v2\/pages\/227\/revisions"}],"predecessor-version":[{"id":2441,"href":"https:\/\/www.comverga.com\/deu\/pl\/wp-json\/wp\/v2\/pages\/227\/revisions\/2441"}],"up":[{"embeddable":true,"href":"https:\/\/www.comverga.com\/deu\/pl\/wp-json\/wp\/v2\/pages\/210"}],"wp:featuredmedia":[{"embeddable":true,"href":"https:\/\/www.comverga.com\/deu\/pl\/wp-json\/wp\/v2\/media\/1082"}],"wp:attachment":[{"href":"https:\/\/www.comverga.com\/deu\/pl\/wp-json\/wp\/v2\/media?parent=227"}],"curies":[{"name":"wp","href":"https:\/\/api.w.org\/{rel}","templated":true}]}}