{"id":2942,"date":"2023-04-21T13:20:59","date_gmt":"2023-04-21T11:20:59","guid":{"rendered":"https:\/\/www.comverga.com\/deu\/?page_id=2942"},"modified":"2023-05-10T08:58:37","modified_gmt":"2023-05-10T06:58:37","slug":"details-der-rcs","status":"publish","type":"page","link":"https:\/\/www.comverga.com\/deu\/pl\/dienstleistungen\/aggregation-der-konnektivitaet\/rcs-business-messaging\/details-der-rcs\/","title":{"rendered":"Szczeg\u00f3\u0142y RCS"},"content":{"rendered":"<div data-elementor-type=\"wp-page\" data-elementor-id=\"2942\" class=\"elementor elementor-2942\">\n\t\t\t\t\t\t\t\t\t<section class=\"elementor-section elementor-top-section elementor-element elementor-element-4c09abe0 elementor-section-boxed elementor-section-height-default elementor-section-height-default\" data-id=\"4c09abe0\" data-element_type=\"section\">\n\t\t\t\t\t\t<div class=\"elementor-container elementor-column-gap-default\">\n\t\t\t\t\t<div class=\"elementor-column elementor-col-100 elementor-top-column elementor-element elementor-element-1ed7154\" data-id=\"1ed7154\" data-element_type=\"column\">\n\t\t\t<div class=\"elementor-widget-wrap elementor-element-populated\">\n\t\t\t\t\t\t\t\t<div class=\"elementor-element elementor-element-5dfa896f detail-heading elementor-widget elementor-widget-heading\" data-id=\"5dfa896f\" data-element_type=\"widget\" data-widget_type=\"heading.default\">\n\t\t\t\t<div class=\"elementor-widget-container\">\n\t\t\t<h1 class=\"elementor-heading-title elementor-size-default\">RCS &amp; Business Messaging<\/h1>\t\t<\/div>\n\t\t\t\t<\/div>\n\t\t\t\t<div class=\"elementor-element elementor-element-26eb174c detail-heading elementor-widget elementor-widget-heading\" data-id=\"26eb174c\" data-element_type=\"widget\" data-widget_type=\"heading.default\">\n\t\t\t\t<div class=\"elementor-widget-container\">\n\t\t\t<h3 class=\"elementor-heading-title elementor-size-default\">Szczeg\u00f3\u0142y rozwi\u0105zania<\/h3>\t\t<\/div>\n\t\t\t\t<\/div>\n\t\t\t\t\t<\/div>\n\t\t<\/div>\n\t\t\t\t\t\t\t<\/div>\n\t\t<\/section>\n\t\t\t\t<section class=\"elementor-section elementor-top-section elementor-element elementor-element-b946c35 elementor-section-boxed elementor-section-height-default elementor-section-height-default\" data-id=\"b946c35\" data-element_type=\"section\">\n\t\t\t\t\t\t<div class=\"elementor-container elementor-column-gap-default\">\n\t\t\t\t\t<div class=\"elementor-column elementor-col-50 elementor-top-column elementor-element elementor-element-3c980de\" data-id=\"3c980de\" data-element_type=\"column\">\n\t\t\t<div class=\"elementor-widget-wrap elementor-element-populated\">\n\t\t\t\t\t\t\t\t<div class=\"elementor-element elementor-element-27c21d0 elementor-widget elementor-widget-text-editor\" data-id=\"27c21d0\" data-element_type=\"widget\" data-widget_type=\"text-editor.default\">\n\t\t\t\t<div class=\"elementor-widget-container\">\n\t\t\t\t\t\t\t<h3 style=\"margin-top: 0;\"><strong>Og\u00f3lna charakterystyka<\/strong><\/h3><p class=\"s19\">RCS umo\u017cliwia dwukierunkow\u0105 komunikacj\u0119 multimedialn\u0105 pomi\u0119dzy urz\u0105dzeniami, kt\u00f3re maj\u0105 w\u0142\u0105czon\u0105 funkcj\u0119 RCS. Nie trzeba instalowa\u0107 \u017cadnej specjalnej aplikacji, RCS jest natywn\u0105 cz\u0119\u015bci\u0105 systemu operacyjnego Android. Oznacza to, \u017ce klient widzi rozmow\u0119 bezpo\u015brednio w aplikacji do przesy\u0142ania wiadomo\u015bci wraz z wiadomo\u015bciami SMS. RCS obs\u0142uguje takie funkcje, jak po\u0142\u0105czenia grupowe, przegl\u0105danie pisania, czytanie wiadomo\u015bci i po\u0142\u0105cze\u0144 g\u0142osowych oraz przesy\u0142anie plik\u00f3w o rozmiarze do 100 MB. RCS umo\u017cliwia tak\u017ce u\u017cytkownikom sprawdzanie, kiedy ich kontakty s\u0105 online, podobnie jak w przypadku komunikator\u00f3w internetowych.<\/p>\t\t\t\t\t\t<\/div>\n\t\t\t\t<\/div>\n\t\t\t\t\t<\/div>\n\t\t<\/div>\n\t\t\t\t<div class=\"elementor-column elementor-col-50 elementor-top-column elementor-element elementor-element-1bd02106\" data-id=\"1bd02106\" data-element_type=\"column\" data-settings=\"{&quot;background_background&quot;:&quot;classic&quot;}\">\n\t\t\t<div class=\"elementor-widget-wrap elementor-element-populated\">\n\t\t\t\t\t\t\t\t<div class=\"elementor-element elementor-element-1f911c4b elementor-widget elementor-widget-image\" data-id=\"1f911c4b\" data-element_type=\"widget\" data-widget_type=\"image.default\">\n\t\t\t\t<div class=\"elementor-widget-container\">\n\t\t\t\t\t\t\t\t\t\t\t\t\t\t\t<img fetchpriority=\"high\" decoding=\"async\" width=\"580\" height=\"387\" src=\"https:\/\/www.comverga.com\/deu\/wp-content\/uploads\/sites\/4\/2023\/04\/principles-768x513.jpg\" class=\"attachment-medium_large size-medium_large wp-image-2943\" alt=\"\" srcset=\"https:\/\/www.comverga.com\/deu\/wp-content\/uploads\/sites\/4\/2023\/04\/principles-768x513.jpg 768w, https:\/\/www.comverga.com\/deu\/wp-content\/uploads\/sites\/4\/2023\/04\/principles-300x200.jpg 300w, https:\/\/www.comverga.com\/deu\/wp-content\/uploads\/sites\/4\/2023\/04\/principles.jpg 1000w\" sizes=\"(max-width: 580px) 100vw, 580px\" \/>\t\t\t\t\t\t\t\t\t\t\t\t\t\t\t<\/div>\n\t\t\t\t<\/div>\n\t\t\t\t\t<\/div>\n\t\t<\/div>\n\t\t\t\t\t\t\t<\/div>\n\t\t<\/section>\n\t\t\t\t<section class=\"elementor-section elementor-top-section elementor-element elementor-element-1b6c58fd elementor-section-boxed elementor-section-height-default elementor-section-height-default\" data-id=\"1b6c58fd\" data-element_type=\"section\">\n\t\t\t\t\t\t<div class=\"elementor-container elementor-column-gap-default\">\n\t\t\t\t\t<div class=\"elementor-column elementor-col-100 elementor-top-column elementor-element elementor-element-78cd5902\" data-id=\"78cd5902\" data-element_type=\"column\">\n\t\t\t<div class=\"elementor-widget-wrap elementor-element-populated\">\n\t\t\t\t\t\t\t\t<div class=\"elementor-element elementor-element-3fce7b99 elementor-widget-divider--view-line elementor-widget elementor-widget-divider\" data-id=\"3fce7b99\" data-element_type=\"widget\" data-widget_type=\"divider.default\">\n\t\t\t\t<div class=\"elementor-widget-container\">\n\t\t\t\t\t<div class=\"elementor-divider\">\n\t\t\t<span class=\"elementor-divider-separator\">\n\t\t\t\t\t\t<\/span>\n\t\t<\/div>\n\t\t\t\t<\/div>\n\t\t\t\t<\/div>\n\t\t\t\t\t<\/div>\n\t\t<\/div>\n\t\t\t\t\t\t\t<\/div>\n\t\t<\/section>\n\t\t\t\t<section class=\"elementor-section elementor-top-section elementor-element elementor-element-374d318c elementor-section-boxed elementor-section-height-default elementor-section-height-default\" data-id=\"374d318c\" data-element_type=\"section\">\n\t\t\t\t\t\t<div class=\"elementor-container elementor-column-gap-default\">\n\t\t\t\t\t<div class=\"elementor-column elementor-col-50 elementor-top-column elementor-element elementor-element-315ddf7c\" data-id=\"315ddf7c\" data-element_type=\"column\">\n\t\t\t<div class=\"elementor-widget-wrap elementor-element-populated\">\n\t\t\t\t\t\t\t\t<div class=\"elementor-element elementor-element-c613334 elementor-widget elementor-widget-image\" data-id=\"c613334\" data-element_type=\"widget\" data-widget_type=\"image.default\">\n\t\t\t\t<div class=\"elementor-widget-container\">\n\t\t\t\t\t\t\t\t\t\t\t\t\t\t\t<img decoding=\"async\" width=\"500\" height=\"333\" src=\"https:\/\/www.comverga.com\/deu\/wp-content\/uploads\/sites\/4\/2023\/04\/communications.png\" class=\"attachment-medium_large size-medium_large wp-image-2944\" alt=\"\" srcset=\"https:\/\/www.comverga.com\/deu\/wp-content\/uploads\/sites\/4\/2023\/04\/communications.png 500w, https:\/\/www.comverga.com\/deu\/wp-content\/uploads\/sites\/4\/2023\/04\/communications-300x200.png 300w\" sizes=\"(max-width: 500px) 100vw, 500px\" \/>\t\t\t\t\t\t\t\t\t\t\t\t\t\t\t<\/div>\n\t\t\t\t<\/div>\n\t\t\t\t\t<\/div>\n\t\t<\/div>\n\t\t\t\t<div class=\"elementor-column elementor-col-50 elementor-top-column elementor-element elementor-element-3ecc4984\" data-id=\"3ecc4984\" data-element_type=\"column\">\n\t\t\t<div class=\"elementor-widget-wrap elementor-element-populated\">\n\t\t\t\t\t\t\t\t<div class=\"elementor-element elementor-element-66deaf66 elementor-widget elementor-widget-text-editor\" data-id=\"66deaf66\" data-element_type=\"widget\" data-widget_type=\"text-editor.default\">\n\t\t\t\t<div class=\"elementor-widget-container\">\n\t\t\t\t\t\t\t<h3 style=\"margin-top: 0px; text-align: left;\"><strong>Mo\u017cliwo\u015bci komunikacji<\/strong><\/h3><ul><li>Wysy\u0142anie kod\u00f3w, g\u0142osowanie<\/li><li>Media (filmy, obrazy, nagrania, mapy, pliki)<\/li><li>Oferta produkt\u00f3w<\/li><li>Czat grupowy, katalogi, grupy<\/li><li>Podaj lokalizacj\u0119, numer telefonu<\/li><li>Zap\u0142a\u0107 i wi\u0119cej<\/li><\/ul>\t\t\t\t\t\t<\/div>\n\t\t\t\t<\/div>\n\t\t\t\t\t<\/div>\n\t\t<\/div>\n\t\t\t\t\t\t\t<\/div>\n\t\t<\/section>\n\t\t\t\t<section class=\"elementor-section elementor-top-section elementor-element elementor-element-7ff91f82 elementor-section-boxed elementor-section-height-default elementor-section-height-default\" data-id=\"7ff91f82\" data-element_type=\"section\">\n\t\t\t\t\t\t<div class=\"elementor-container elementor-column-gap-default\">\n\t\t\t\t\t<div class=\"elementor-column elementor-col-50 elementor-top-column elementor-element elementor-element-499c2453\" data-id=\"499c2453\" data-element_type=\"column\">\n\t\t\t<div class=\"elementor-widget-wrap elementor-element-populated\">\n\t\t\t\t\t\t\t\t<div class=\"elementor-element elementor-element-32bc031f elementor-widget elementor-widget-text-editor\" data-id=\"32bc031f\" data-element_type=\"widget\" data-widget_type=\"text-editor.default\">\n\t\t\t\t<div class=\"elementor-widget-container\">\n\t\t\t\t\t\t\t<h3 style=\"margin-top: 0;\"><strong>Wiadomo\u015bci biznesowe RCS<\/strong><\/h3>\n<p>Rozwi\u0105zanie COMVERGA RBM oferuje firmom bezpieczniejszy i ta\u0144szy spos\u00f3b komunikacji. Pomaga w budowaniu silniejszej \u015bwiadomo\u015bci marki i lojalno\u015bci klient\u00f3w. Niekt\u00f3re zalety COMVERGA RBM obejmuj\u0105:<\/p>\n<ul>\n<li>Standardy komunikacji biznesowej<\/li>\n<li>Atrakcyjna komunikacja z klientami<\/li>\n<li>Link do system\u00f3w wewn\u0119trznych (CRM, ERP, itp.)<\/li>\n<li>Budowanie bazy klient\u00f3w i ukierunkowanych kampanii&nbsp;<\/li><li>Narz\u0119dzie do promowania lojalno\u015bci klient\u00f3w<\/li>\n<li>Szybka i skuteczna obs\u0142uga klienta<\/li>\n<\/ul>\t\t\t\t\t\t<\/div>\n\t\t\t\t<\/div>\n\t\t\t\t\t<\/div>\n\t\t<\/div>\n\t\t\t\t<div class=\"elementor-column elementor-col-50 elementor-top-column elementor-element elementor-element-4fd0fd17\" data-id=\"4fd0fd17\" data-element_type=\"column\">\n\t\t\t<div class=\"elementor-widget-wrap elementor-element-populated\">\n\t\t\t\t\t\t\t\t<div class=\"elementor-element elementor-element-4bbeb40c elementor-widget elementor-widget-image\" data-id=\"4bbeb40c\" data-element_type=\"widget\" data-widget_type=\"image.default\">\n\t\t\t\t<div class=\"elementor-widget-container\">\n\t\t\t\t\t\t\t\t\t\t\t\t\t\t\t<img decoding=\"async\" width=\"580\" height=\"377\" src=\"https:\/\/www.comverga.com\/deu\/wp-content\/uploads\/sites\/4\/2023\/04\/rcs-message-768x499.png\" class=\"attachment-medium_large size-medium_large wp-image-2945\" alt=\"\" srcset=\"https:\/\/www.comverga.com\/deu\/wp-content\/uploads\/sites\/4\/2023\/04\/rcs-message-768x499.png 768w, https:\/\/www.comverga.com\/deu\/wp-content\/uploads\/sites\/4\/2023\/04\/rcs-message-300x195.png 300w, https:\/\/www.comverga.com\/deu\/wp-content\/uploads\/sites\/4\/2023\/04\/rcs-message-1024x666.png 1024w, https:\/\/www.comverga.com\/deu\/wp-content\/uploads\/sites\/4\/2023\/04\/rcs-message-1200x780.png 1200w, https:\/\/www.comverga.com\/deu\/wp-content\/uploads\/sites\/4\/2023\/04\/rcs-message.png 1280w\" sizes=\"(max-width: 580px) 100vw, 580px\" \/>\t\t\t\t\t\t\t\t\t\t\t\t\t\t\t<\/div>\n\t\t\t\t<\/div>\n\t\t\t\t\t<\/div>\n\t\t<\/div>\n\t\t\t\t\t\t\t<\/div>\n\t\t<\/section>\n\t\t\t\t<section class=\"elementor-section elementor-top-section elementor-element elementor-element-5eda60e4 elementor-section-boxed elementor-section-height-default elementor-section-height-default\" data-id=\"5eda60e4\" data-element_type=\"section\">\n\t\t\t\t\t\t<div class=\"elementor-container elementor-column-gap-default\">\n\t\t\t\t\t<div class=\"elementor-column elementor-col-50 elementor-top-column elementor-element elementor-element-1bc33ded\" data-id=\"1bc33ded\" data-element_type=\"column\">\n\t\t\t<div class=\"elementor-widget-wrap elementor-element-populated\">\n\t\t\t\t\t\t\t\t<div class=\"elementor-element elementor-element-1e463b70 elementor-widget elementor-widget-image\" data-id=\"1e463b70\" data-element_type=\"widget\" data-widget_type=\"image.default\">\n\t\t\t\t<div class=\"elementor-widget-container\">\n\t\t\t\t\t\t\t\t\t\t\t\t\t\t\t<img loading=\"lazy\" decoding=\"async\" width=\"580\" height=\"326\" src=\"https:\/\/www.comverga.com\/deu\/wp-content\/uploads\/sites\/4\/2023\/04\/functionalities-768x432.jpg\" class=\"attachment-medium_large size-medium_large wp-image-2946\" alt=\"\" srcset=\"https:\/\/www.comverga.com\/deu\/wp-content\/uploads\/sites\/4\/2023\/04\/functionalities-768x432.jpg 768w, https:\/\/www.comverga.com\/deu\/wp-content\/uploads\/sites\/4\/2023\/04\/functionalities-300x169.jpg 300w, https:\/\/www.comverga.com\/deu\/wp-content\/uploads\/sites\/4\/2023\/04\/functionalities-1024x576.jpg 1024w, https:\/\/www.comverga.com\/deu\/wp-content\/uploads\/sites\/4\/2023\/04\/functionalities-1200x675.jpg 1200w, https:\/\/www.comverga.com\/deu\/wp-content\/uploads\/sites\/4\/2023\/04\/functionalities.jpg 1400w\" sizes=\"(max-width: 580px) 100vw, 580px\" \/>\t\t\t\t\t\t\t\t\t\t\t\t\t\t\t<\/div>\n\t\t\t\t<\/div>\n\t\t\t\t\t<\/div>\n\t\t<\/div>\n\t\t\t\t<div class=\"elementor-column elementor-col-50 elementor-top-column elementor-element elementor-element-2740d6c2\" data-id=\"2740d6c2\" data-element_type=\"column\">\n\t\t\t<div class=\"elementor-widget-wrap elementor-element-populated\">\n\t\t\t\t\t\t\t\t<div class=\"elementor-element elementor-element-5e45b3a5 elementor-widget elementor-widget-text-editor\" data-id=\"5e45b3a5\" data-element_type=\"widget\" data-widget_type=\"text-editor.default\">\n\t\t\t\t<div class=\"elementor-widget-container\">\n\t\t\t\t\t\t\t<h3 style=\"margin-top: 0;\"><strong>Podstawowe funkcjonalno\u015bci<\/strong><\/h3><p>COMVERGA RCS jest w pe\u0142ni zintegrowana z platform\u0105 SDP i oferuje zar\u00f3wno przyjazny dla u\u017cytkownika dost\u0119p, jak i zaawansowane zarz\u0105dzanie z mo\u017cliwo\u015bci\u0105 dialog\u00f3w i po\u0142\u0105czenia z DialogFlow. Podstawowe funkcje obejmuj\u0105:<\/p><ul><li>Uwierzytelniony nadawca \u2013 wi\u0119ksze bezpiecze\u0144stwo<\/li><li>Mo\u017cliwo\u015b\u0107 brandingu us\u0142ugi<\/li><li>Przewaga tre\u015bci multimedialnych<\/li><li>Kod QR do zamawiania, pompowania, \u015bledzenia i nie tylko<\/li><li>Informacje o dostawie i czytaniu<\/li><li>Przyciski odpowiedzi (kalendarz, mapa, adres URL i inne)<\/li><\/ul>\t\t\t\t\t\t<\/div>\n\t\t\t\t<\/div>\n\t\t\t\t\t<\/div>\n\t\t<\/div>\n\t\t\t\t\t\t\t<\/div>\n\t\t<\/section>\n\t\t\t\t<section class=\"elementor-section elementor-top-section elementor-element elementor-element-78fa17cb elementor-section-boxed elementor-section-height-default elementor-section-height-default\" data-id=\"78fa17cb\" data-element_type=\"section\">\n\t\t\t\t\t\t<div class=\"elementor-container elementor-column-gap-default\">\n\t\t\t\t\t<div class=\"elementor-column elementor-col-50 elementor-top-column elementor-element elementor-element-68db54c4\" data-id=\"68db54c4\" data-element_type=\"column\">\n\t\t\t<div class=\"elementor-widget-wrap elementor-element-populated\">\n\t\t\t\t\t\t\t\t<div class=\"elementor-element elementor-element-56624d6d elementor-widget elementor-widget-text-editor\" data-id=\"56624d6d\" data-element_type=\"widget\" data-widget_type=\"text-editor.default\">\n\t\t\t\t<div class=\"elementor-widget-container\">\n\t\t\t\t\t\t\t<h3 style=\"margin-top: 0;\"><strong>Mo\u017cliwo\u015bci wykorzystania<\/strong><\/h3><p>COMVERGA RCS jest wykorzystywana przez partner\u00f3w premium przy nast\u0119puj\u0105cych wydarzeniach:<\/p><ul><li>Kampanie marketingowe<\/li><li>Obroty<\/li><li>Zako\u0144cz proces sk\u0142adania zam\u00f3wienia<\/li><li>Nabytek<\/li><li>Upowa\u017cnienie<\/li><li>Wsparcie klienta<\/li><li>Komentarze i powiadomienia<\/li><li>Bilety<\/li><\/ul>\t\t\t\t\t\t<\/div>\n\t\t\t\t<\/div>\n\t\t\t\t\t<\/div>\n\t\t<\/div>\n\t\t\t\t<div class=\"elementor-column elementor-col-50 elementor-top-column elementor-element elementor-element-2b07fa62\" data-id=\"2b07fa62\" data-element_type=\"column\">\n\t\t\t<div class=\"elementor-widget-wrap elementor-element-populated\">\n\t\t\t\t\t\t\t\t<div class=\"elementor-element elementor-element-192978e8 elementor-widget elementor-widget-image\" data-id=\"192978e8\" data-element_type=\"widget\" data-widget_type=\"image.default\">\n\t\t\t\t<div class=\"elementor-widget-container\">\n\t\t\t\t\t\t\t\t\t\t\t\t\t\t\t<img loading=\"lazy\" decoding=\"async\" width=\"580\" height=\"422\" src=\"https:\/\/www.comverga.com\/deu\/wp-content\/uploads\/sites\/4\/2023\/04\/usage.png\" class=\"attachment-medium_large size-medium_large wp-image-2947\" alt=\"\" srcset=\"https:\/\/www.comverga.com\/deu\/wp-content\/uploads\/sites\/4\/2023\/04\/usage.png 681w, https:\/\/www.comverga.com\/deu\/wp-content\/uploads\/sites\/4\/2023\/04\/usage-300x218.png 300w\" sizes=\"(max-width: 580px) 100vw, 580px\" \/>\t\t\t\t\t\t\t\t\t\t\t\t\t\t\t<\/div>\n\t\t\t\t<\/div>\n\t\t\t\t\t<\/div>\n\t\t<\/div>\n\t\t\t\t\t\t\t<\/div>\n\t\t<\/section>\n\t\t\t\t\t\t\t<\/div>","protected":false},"excerpt":{"rendered":"<p>Szczeg\u00f3\u0142y rozwi\u0105zania RCS &amp; Business Messaging Podstawowe zasady RCS umo\u017cliwia dwukierunkow\u0105 komunikacj\u0119 multimedialn\u0105 pomi\u0119dzy urz\u0105dzeniami wyposa\u017conymi w funkcj\u0119 RCS. Nie trzeba instalowa\u0107 \u017cadnej specjalnej aplikacji, RCS jest natywn\u0105 cz\u0119\u015bci\u0105 systemu operacyjnego Android. Oznacza to, \u017ce klient widzi rozmow\u0119 bezpo\u015brednio w aplikacji do przesy\u0142ania wiadomo\u015bci wraz z wiadomo\u015bciami SMS. RCS obs\u0142uguje takie funkcje, jak rozmowy grupowe, przegl\u0105danie pisania, [\u2026]<\/p>","protected":false},"author":1,"featured_media":3056,"parent":2936,"menu_order":5,"comment_status":"closed","ping_status":"closed","template":"","meta":{"footnotes":""},"_links":{"self":[{"href":"https:\/\/www.comverga.com\/deu\/pl\/wp-json\/wp\/v2\/pages\/2942"}],"collection":[{"href":"https:\/\/www.comverga.com\/deu\/pl\/wp-json\/wp\/v2\/pages"}],"about":[{"href":"https:\/\/www.comverga.com\/deu\/pl\/wp-json\/wp\/v2\/types\/page"}],"author":[{"embeddable":true,"href":"https:\/\/www.comverga.com\/deu\/pl\/wp-json\/wp\/v2\/users\/1"}],"replies":[{"embeddable":true,"href":"https:\/\/www.comverga.com\/deu\/pl\/wp-json\/wp\/v2\/comments?post=2942"}],"version-history":[{"count":9,"href":"https:\/\/www.comverga.com\/deu\/pl\/wp-json\/wp\/v2\/pages\/2942\/revisions"}],"predecessor-version":[{"id":3131,"href":"https:\/\/www.comverga.com\/deu\/pl\/wp-json\/wp\/v2\/pages\/2942\/revisions\/3131"}],"up":[{"embeddable":true,"href":"https:\/\/www.comverga.com\/deu\/pl\/wp-json\/wp\/v2\/pages\/2936"}],"wp:featuredmedia":[{"embeddable":true,"href":"https:\/\/www.comverga.com\/deu\/pl\/wp-json\/wp\/v2\/media\/3056"}],"wp:attachment":[{"href":"https:\/\/www.comverga.com\/deu\/pl\/wp-json\/wp\/v2\/media?parent=2942"}],"curies":[{"name":"wp","href":"https:\/\/api.w.org\/{rel}","templated":true}]}}