{"id":2967,"date":"2023-04-21T13:44:17","date_gmt":"2023-04-21T11:44:17","guid":{"rendered":"https:\/\/www.comverga.com\/deu\/?page_id=2967"},"modified":"2023-12-13T13:06:48","modified_gmt":"2023-12-13T12:06:48","slug":"organisierung-von-physischen-und-virtuellen-events","status":"publish","type":"page","link":"https:\/\/www.comverga.com\/deu\/pl\/dienstleistungen\/aggregation-der-konnektivitaet\/rcs-business-messaging\/organisierung-von-physischen-und-virtuellen-events\/","title":{"rendered":"Organizacja wydarze\u0144 fizycznych i wirtualnych"},"content":{"rendered":"<div data-elementor-type=\"wp-page\" data-elementor-id=\"2967\" class=\"elementor elementor-2967\">\n\t\t\t\t\t\t\t\t\t<section class=\"elementor-section elementor-top-section elementor-element elementor-element-1d47c46a elementor-section-boxed elementor-section-height-default elementor-section-height-default\" data-id=\"1d47c46a\" data-element_type=\"section\">\n\t\t\t\t\t\t<div class=\"elementor-container elementor-column-gap-default\">\n\t\t\t\t\t<div class=\"elementor-column elementor-col-50 elementor-top-column elementor-element elementor-element-117bd76d\" data-id=\"117bd76d\" data-element_type=\"column\">\n\t\t\t<div class=\"elementor-widget-wrap elementor-element-populated\">\n\t\t\t\t\t\t\t\t<div class=\"elementor-element elementor-element-11e6a9f1 elementor-widget elementor-widget-text-editor\" data-id=\"11e6a9f1\" data-element_type=\"widget\" data-widget_type=\"text-editor.default\">\n\t\t\t\t<div class=\"elementor-widget-container\">\n\t\t\t\t\t\t\t<div class=\"usecase-text\"><h2 style=\"text-align: left; margin-top: 0;\">Organizacja wydarze\u0144 fizycznych i wirtualnych<\/h2><p>Nasz partner jest wieloletnim organizatorem du\u017cych konferencji realnych, wirtualnych i hybrydowych. Obejmuje pe\u0142n\u0105 realizacj\u0119 od komunikacji o zbli\u017caj\u0105cej si\u0119 konferencji do potencjalnych uczestnik\u00f3w, opracowania programu wydarzenia, komunikacji z artystami, a tak\u017ce procesu rejestracji i dystrybucji bilet\u00f3w.<\/p><\/div>\t\t\t\t\t\t<\/div>\n\t\t\t\t<\/div>\n\t\t\t\t\t<\/div>\n\t\t<\/div>\n\t\t\t\t<div class=\"elementor-column elementor-col-50 elementor-top-column elementor-element elementor-element-d7efee9\" data-id=\"d7efee9\" data-element_type=\"column\">\n\t\t\t<div class=\"elementor-widget-wrap elementor-element-populated\">\n\t\t\t\t\t\t\t\t<div class=\"elementor-element elementor-element-1984357 elementor-widget elementor-widget-image\" data-id=\"1984357\" data-element_type=\"widget\" data-widget_type=\"image.default\">\n\t\t\t\t<div class=\"elementor-widget-container\">\n\t\t\t\t\t\t\t\t\t\t\t\t\t\t\t<img fetchpriority=\"high\" decoding=\"async\" width=\"580\" height=\"393\" src=\"https:\/\/www.comverga.com\/deu\/wp-content\/uploads\/sites\/4\/2023\/04\/events.png\" class=\"attachment-medium_large size-medium_large wp-image-2968\" alt=\"\" srcset=\"https:\/\/www.comverga.com\/deu\/wp-content\/uploads\/sites\/4\/2023\/04\/events.png 697w, https:\/\/www.comverga.com\/deu\/wp-content\/uploads\/sites\/4\/2023\/04\/events-300x203.png 300w\" sizes=\"(max-width: 580px) 100vw, 580px\" \/>\t\t\t\t\t\t\t\t\t\t\t\t\t\t\t<\/div>\n\t\t\t\t<\/div>\n\t\t\t\t\t<\/div>\n\t\t<\/div>\n\t\t\t\t\t\t\t<\/div>\n\t\t<\/section>\n\t\t\t\t<section class=\"elementor-section elementor-top-section elementor-element elementor-element-6408817e elementor-section-boxed elementor-section-height-default elementor-section-height-default\" data-id=\"6408817e\" data-element_type=\"section\">\n\t\t\t\t\t\t<div class=\"elementor-container elementor-column-gap-default\">\n\t\t\t\t\t<div class=\"elementor-column elementor-col-50 elementor-top-column elementor-element elementor-element-644ab8c6\" data-id=\"644ab8c6\" data-element_type=\"column\">\n\t\t\t<div class=\"elementor-widget-wrap elementor-element-populated\">\n\t\t\t\t\t\t\t\t<div class=\"elementor-element elementor-element-7cc48fcf elementor-widget elementor-widget-sidebar\" data-id=\"7cc48fcf\" data-element_type=\"widget\" data-widget_type=\"sidebar.default\">\n\t\t\t\t<div class=\"elementor-widget-container\">\n\t\t\t<div id=\"widget-box\" class=\"smart-watch\">\n\t<img decoding=\"async\" src=\"https:\/\/www.coopmobil.cz\/wp-content\/uploads\/2021\/04\/coop-mobil-logo.svg\"><br>\n\t<span>Sektory przemys\u0142u<\/span>\n<p>\n\t\tOperator telekomunikacyjny - detaliczny\n\t<\/p>\n<span>produkt<\/span>\n<p>\n\t\tPakiet Smartwatch + \u0142\u0105czno\u015b\u0107 danych\n\t<\/p>\n<\/div>\n<div id=\"widget-box\" class=\"operator\">\n\t<img decoding=\"async\" src=\"https:\/\/www.coopmobil.cz\/wp-content\/uploads\/2021\/04\/coop-mobil-logo.svg\"><br>\n\t<span>Sektory przemys\u0142u<\/span>\n<p>\n\t\tOperator telekomunikacyjny - Detal\n\t<\/p>\n<span>produkt<\/span>\n<p>\n\t\tRealizacja mailing\u00f3w marketingowych\n\t<\/p>\n<\/div>\n<div id=\"widget-box\" class=\"caravan\">\n<img decoding=\"async\" src=\"\/deu\/wp-content\/uploads\/sites\/4\/2023\/04\/caravan-logo.jpg\"><br>\n<span>Sektory przemys\u0142u<\/span>\n<p>\n\t\tSystemy \u015bledzenia pojazd\u00f3w GPS, \u0142\u0105czno\u015b\u0107 danych\n\t<\/p>\n<span>produkt<\/span>\n<p>\n\t\tRozwi\u0105zania umo\u017cliwiaj\u0105ce dost\u0119p do Internetu w podr\u00f3\u017cy\n\t<\/p>\n<\/div>\n<div id=\"widget-box\" class=\"support\">\n\t<img decoding=\"async\" src=\"https:\/\/www.coopmobil.cz\/wp-content\/uploads\/2021\/04\/coop-mobil-logo.svg\"><br>\n\t<span>Sektory przemys\u0142u<\/span>\n<p>\n\t\tOperator telekomunikacyjny - Detal\n\t<\/p>\n<span>produkt<\/span>\n<p>\n\t\tPrzewodnik obs\u0142ugi klienta\n\t<\/p>\n<\/div>\n<div id=\"widget-box\" class=\"camera\">\n<img decoding=\"async\" src=\"\/deu\/wp-content\/uploads\/sites\/4\/2023\/04\/camera-logo.jpg\"><br>\n<span>Sektory przemys\u0142u<\/span>\n<p>\n\t\tSystemy bezpiecze\u0144stwa\n\t<\/p>\n<span>produkt<\/span>\n<p>\n\t\tKamery z transmisj\u0105 online\n\t<\/p>\n<\/div>\n<div id=\"widget-box\" class=\"event\">\n\t<img decoding=\"async\" src=\"\/cze\/wp-content\/uploads\/sites\/3\/2023\/04\/event-logo.png\" style=\"width: 50px\"><br>\n\t<span>Sektory przemys\u0142u<\/span>\n<p>\n\t\tAgencja eventowa\n\t<\/p>\n<span>produkt<\/span>\n<p>\n\t\tOrganizacja wydarzenia \u2013 komunikacja z uczestnikami\n\t<\/p>\n<\/div>\n<div id=\"widget-box\" class=\"competition\">\n\t<img decoding=\"async\" src=\"\/cze\/wp-content\/uploads\/sites\/3\/2023\/04\/competition-logo.png\" style=\"width: 50px\"><br>\n\t<span>Sektory przemys\u0142u<\/span>\n<p>\n\t\tDobra konsumpcyjne\n\t<\/p>\n<span>produkt<\/span>\n<p>\n\t\tKonkurencja konsumencka\n\t<\/p>\n<\/div>\n<div id=\"widget-box\" class=\"marketing\">\n\t<img decoding=\"async\" src=\"\/deu\/wp-content\/uploads\/sites\/3\/2023\/06\/marketing-logo.png\" style=\"width: 50px\"><br>\n\t<span>Sektory przemys\u0142u<\/span>\n<p>\n\t\tKomunikacja marketingowa\n\t<\/p>\n<span>produkt<\/span>\n<p>\n\t\tRealizacja kampanii marketingowych\n\t<\/p>\n<\/div>\n<div id=\"widget-box\" class=\"fmcg\">\n\t<img decoding=\"async\" src=\"\/deu\/wp-content\/uploads\/sites\/3\/2023\/06\/fmcg-logo.png\" style=\"width: 50px\"><br>\n\t<span>Sektory przemys\u0142u<\/span>\n<p>\n\t\tFMCG<br>Szybko zbywalne towary konsumpcyjne\n\t<\/p>\n<span>produkt<\/span>\n<p>\n\t\tJedzenie, napoje, drogeria\n\t<\/p>\n<\/div>\n\n<div id=\"widget-box\" class=\"iot\">\n\t<img decoding=\"async\" src=\"\/cze\/wp-content\/uploads\/sites\/3\/2025\/09\/iot_icon.png\" style=\"width: 50px\"><br>\n\t<span>Sektory przemys\u0142u<\/span>\n<p>\n\t\tIoT, SIM\/eSIM management\n\t<\/p>\n<span>produkt<\/span>\n<p>\n\t\tCzujniki IoT dla przemys\u0142u i gospodarstw domowych \n\t<\/p>\n<\/div>\n\n<div id=\"widget-box\" class=\"truck\">\n\t<img decoding=\"async\" src=\"\/cze\/wp-content\/uploads\/sites\/3\/2025\/09\/truck_monitoring.png\" style=\"width: 50px\"><br>\n\t<span>Sektory przemys\u0142u<\/span>\n<p>\n\t\tIoT, SIM\/eSIM management\n\t<\/p>\n<span>produkt<\/span>\n<p>\n\t\t eSIM do monitorowania pojazd\u00f3w \n\t<\/p>\n<\/div>\n\n<div id=\"widget-box\" class=\"drone\">\n\t<img decoding=\"async\" src=\"\/cze\/wp-content\/uploads\/sites\/3\/2025\/09\/drone_icon.png\" style=\"width: 80px\"><br>\n\t<span>Sektory przemys\u0142u<\/span>\n<p>\n\t\t IoT, SIM\/eSIM management \n\t<\/p>\n<span>produkt<\/span>\n<p>\n\t\t eSIM f\u00fcr Drohnenflotten \n\t<\/p>\n<\/div>\t\t<\/div>\n\t\t\t\t<\/div>\n\t\t\t\t\t<\/div>\n\t\t<\/div>\n\t\t\t\t<div class=\"elementor-column elementor-col-50 elementor-top-column elementor-element elementor-element-7ffe5077\" data-id=\"7ffe5077\" data-element_type=\"column\">\n\t\t\t<div class=\"elementor-widget-wrap elementor-element-populated\">\n\t\t\t\t\t\t\t\t<div class=\"elementor-element elementor-element-dc0f66 elementor-widget elementor-widget-text-editor\" data-id=\"dc0f66\" data-element_type=\"widget\" data-widget_type=\"text-editor.default\">\n\t\t\t\t<div class=\"elementor-widget-container\">\n\t\t\t\t\t\t\t<p>Partner poszukiwa\u0142 narz\u0119dzia komunikacyjnego, za pomoc\u0105 kt\u00f3rego m\u00f3g\u0142by obj\u0105\u0107 ca\u0142y proces konferencji od strony komunikacji z uczestnikami. Kana\u0142y, z kt\u00f3rych korzystali\u015bmy od d\u0142u\u017cszego czasu, takie jak e-mail, SMS itp., nie zawsze dzia\u0142aj\u0105 optymalnie; Uczestnicy cz\u0119sto nie czytaj\u0105 e-maili lub czytaj\u0105 je za p\u00f3\u017ano. Istnieje r\u00f3wnie\u017c problem polegaj\u0105cy na tym, \u017ce e-maile s\u0105 cz\u0119sto oceniane jako spam.<\/p><p>Dzi\u0119ki COMVERGA RBM agencja posiada nowy multimedialny kana\u0142 komunikacji, gdzie w ciekawy spos\u00f3b prowadzi uczestnika przez ca\u0142y proces w jednym \u015brodowisku oraz w rozmowie \u2013 film wprowadzaj\u0105cy z zaproszeniem na wydarzenie. Uczestnik mo\u017ce od razu wype\u0142ni\u0107 formularz rejestracyjny, dokona\u0107 op\u0142aty i otrzyma\u0107 kod QR umo\u017cliwiaj\u0105cy dotarcie na konferencj\u0119 \u2013 wszystko w jednym miejscu, dzi\u0119ki RBM. Jednocze\u015bnie wszystkie interesuj\u0105ce informacje, takie jak program wydarzenia i informacje o uczestnikach, mo\u017cna uzyska\u0107 bezpo\u015brednio z agenta RBM. G\u0142\u00f3wn\u0105 zalet\u0105 jest wydajno\u015b\u0107 i zwi\u0105zana z ni\u0105 oszcz\u0119dno\u015b\u0107 koszt\u00f3w i czasu. Jednocze\u015bnie jest to format interaktywny o du\u017cej liczbie uczestnik\u00f3w i czytelnik\u00f3w (odzew na poszczeg\u00f3lnych prelegent\u00f3w wzr\u00f3s\u0142 o 70% ze wzgl\u0119du na nisk\u0105 barier\u0119 wej\u015bcia).<\/p>\t\t\t\t\t\t<\/div>\n\t\t\t\t<\/div>\n\t\t\t\t\t<\/div>\n\t\t<\/div>\n\t\t\t\t\t\t\t<\/div>\n\t\t<\/section>\n\t\t\t\t<section class=\"elementor-section elementor-top-section elementor-element elementor-element-408550cc elementor-section-boxed elementor-section-height-default elementor-section-height-default\" data-id=\"408550cc\" data-element_type=\"section\">\n\t\t\t\t\t\t<div class=\"elementor-container elementor-column-gap-default\">\n\t\t\t\t\t<div class=\"elementor-column elementor-col-100 elementor-top-column elementor-element elementor-element-7c1e570c\" data-id=\"7c1e570c\" data-element_type=\"column\">\n\t\t\t<div class=\"elementor-widget-wrap elementor-element-populated\">\n\t\t\t\t\t\t\t\t<div class=\"elementor-element elementor-element-f81792f elementor-widget elementor-widget-html\" data-id=\"f81792f\" data-element_type=\"widget\" data-widget_type=\"html.default\">\n\t\t\t\t<div class=\"elementor-widget-container\">\n\t\t\t<div class=\"mobile-animation event\">\n    <div class=\"mobile left\">\n        <div class=\"message-bubble top\">\n            <p>Drogi Doktorze. Nov\u00e1kovej, zapraszamy na konferencj\u0119 \u201eW trosce o ma\u0142e ptaki\u201d.<\/p>\n        <\/div>\n        <div class=\"message-bubble bottom\">\n            <p>Pos\u0142uchaj kr\u00f3tkiego zaproszenia od Pani Watson, czo\u0142owej ekspertki w tej dziedzinie.<\/p>\n        <\/div>\n        <img decoding=\"async\" src=\"\/deu\/wp-content\/uploads\/sites\/4\/2023\/04\/event-1-de.gif\">\n    <\/div>\n    <div class=\"mobile right\">\n        <div class=\"message-bubble top\">\n            <p>Wystarczy zarejestrowa\u0107 si\u0119 za pomoc\u0105 naszego formularza online.<\/p>\n        <\/div>\n        <div class=\"message-bubble bottom\">\n            <p>Dzi\u0119kujemy za wp\u0142at\u0119 i czekamy na spotkanie z Pa\u0144stwem. Oto kod QR umo\u017cliwiaj\u0105cy do\u0142\u0105czenie do konferencji. Nic wi\u0119cej nie jest konieczne.<\/p>\n        <\/div>\n        <img decoding=\"async\" src=\"\/deu\/wp-content\/uploads\/sites\/4\/2023\/04\/event-2-de.gif\">\n    <\/div>\n<\/div>\t\t<\/div>\n\t\t\t\t<\/div>\n\t\t\t\t\t<\/div>\n\t\t<\/div>\n\t\t\t\t\t\t\t<\/div>\n\t\t<\/section>\n\t\t\t\t<section class=\"elementor-section elementor-top-section elementor-element elementor-element-410bbd1c elementor-section-boxed elementor-section-height-default elementor-section-height-default\" data-id=\"410bbd1c\" data-element_type=\"section\">\n\t\t\t\t\t\t<div class=\"elementor-container elementor-column-gap-default\">\n\t\t\t\t\t<div class=\"elementor-column elementor-col-50 elementor-top-column elementor-element elementor-element-2139f764\" data-id=\"2139f764\" data-element_type=\"column\" data-settings=\"{&quot;background_background&quot;:&quot;classic&quot;}\">\n\t\t\t<div class=\"elementor-widget-wrap elementor-element-populated\">\n\t\t\t\t\t\t\t\t<div class=\"elementor-element elementor-element-fec7949 elementor-widget elementor-widget-text-editor\" data-id=\"fec7949\" data-element_type=\"widget\" data-widget_type=\"text-editor.default\">\n\t\t\t\t<div class=\"elementor-widget-container\">\n\t\t\t\t\t\t\t<h3><strong>Co wygra\u0142 partner:<\/strong><\/h3>\n<div class=\"page\" title=\"Strona 4\">\n<div class=\"layoutArea\">\n<div class=\"column\">\n<ul>\n<li>Skuteczne narz\u0119dzie do kompleksowego procesu<\/li>\n<li>Spersonalizowana rozmowa z klientami<\/li>\n<li>Atrakcyjne narz\u0119dzie o wysokim wska\u017aniku czytelnictwa<\/li>\n<li>Wysoka interakcja mi\u0119dzy uczestnikiem a m\u00f3wc\u0105<\/li>\n<\/ul>\n<\/div>\n<\/div>\n<\/div>\t\t\t\t\t\t<\/div>\n\t\t\t\t<\/div>\n\t\t\t\t\t<\/div>\n\t\t<\/div>\n\t\t\t\t<div class=\"elementor-column elementor-col-50 elementor-top-column elementor-element elementor-element-4a0a790f\" data-id=\"4a0a790f\" data-element_type=\"column\" data-settings=\"{&quot;background_background&quot;:&quot;classic&quot;}\">\n\t\t\t<div class=\"elementor-widget-wrap elementor-element-populated\">\n\t\t\t\t\t\t\t\t<div class=\"elementor-element elementor-element-20b90122 elementor-widget elementor-widget-text-editor\" data-id=\"20b90122\" data-element_type=\"widget\" data-widget_type=\"text-editor.default\">\n\t\t\t\t<div class=\"elementor-widget-container\">\n\t\t\t\t\t\t\t<h3><strong>COMVERGA zapewnia partnerowi:<\/strong><\/h3><ul><li>Wsparcie w nawi\u0105zaniu dialogu<\/li><li>Konfiguracja, obs\u0142uga i ocena<\/li><li>\u015arodowisko definiowania tre\u015bci komunikacyjnych<\/li><li>Kana\u0142y alternatywne, je\u015bli RBM nie jest dost\u0119pny<\/li><\/ul>\t\t\t\t\t\t<\/div>\n\t\t\t\t<\/div>\n\t\t\t\t\t<\/div>\n\t\t<\/div>\n\t\t\t\t\t\t\t<\/div>\n\t\t<\/section>\n\t\t\t\t\t\t\t<\/div>","protected":false},"excerpt":{"rendered":"<p>Organizacja wydarze\u0144 fizycznych i wirtualnych Nasz partner jest wieloletnim organizatorem du\u017cych konferencji realnych, wirtualnych i hybrydowych. Obejmuje pe\u0142n\u0105 realizacj\u0119 od komunikacji o zbli\u017caj\u0105cej si\u0119 konferencji do potencjalnych uczestnik\u00f3w, opracowania programu wydarzenia, komunikacji z artystami, a tak\u017ce procesu rejestracji i dystrybucji bilet\u00f3w. Partner szuka\u0142 [\u2026]<\/p>","protected":false},"author":1,"featured_media":3056,"parent":2936,"menu_order":5,"comment_status":"closed","ping_status":"closed","template":"","meta":{"footnotes":""},"_links":{"self":[{"href":"https:\/\/www.comverga.com\/deu\/pl\/wp-json\/wp\/v2\/pages\/2967"}],"collection":[{"href":"https:\/\/www.comverga.com\/deu\/pl\/wp-json\/wp\/v2\/pages"}],"about":[{"href":"https:\/\/www.comverga.com\/deu\/pl\/wp-json\/wp\/v2\/types\/page"}],"author":[{"embeddable":true,"href":"https:\/\/www.comverga.com\/deu\/pl\/wp-json\/wp\/v2\/users\/1"}],"replies":[{"embeddable":true,"href":"https:\/\/www.comverga.com\/deu\/pl\/wp-json\/wp\/v2\/comments?post=2967"}],"version-history":[{"count":24,"href":"https:\/\/www.comverga.com\/deu\/pl\/wp-json\/wp\/v2\/pages\/2967\/revisions"}],"predecessor-version":[{"id":3629,"href":"https:\/\/www.comverga.com\/deu\/pl\/wp-json\/wp\/v2\/pages\/2967\/revisions\/3629"}],"up":[{"embeddable":true,"href":"https:\/\/www.comverga.com\/deu\/pl\/wp-json\/wp\/v2\/pages\/2936"}],"wp:featuredmedia":[{"embeddable":true,"href":"https:\/\/www.comverga.com\/deu\/pl\/wp-json\/wp\/v2\/media\/3056"}],"wp:attachment":[{"href":"https:\/\/www.comverga.com\/deu\/pl\/wp-json\/wp\/v2\/media?parent=2967"}],"curies":[{"name":"wp","href":"https:\/\/api.w.org\/{rel}","templated":true}]}}