{"id":2980,"date":"2023-04-21T13:54:29","date_gmt":"2023-04-21T11:54:29","guid":{"rendered":"https:\/\/www.comverga.com\/deu\/?page_id=2980"},"modified":"2023-12-13T13:07:04","modified_gmt":"2023-12-13T12:07:04","slug":"verbraucherwettbewerb","status":"publish","type":"page","link":"https:\/\/www.comverga.com\/deu\/pl\/dienstleistungen\/aggregation-der-konnektivitaet\/rcs-business-messaging\/verbraucherwettbewerb\/","title":{"rendered":"Konkurencja konsumencka"},"content":{"rendered":"<div data-elementor-type=\"wp-page\" data-elementor-id=\"2980\" class=\"elementor elementor-2980\">\n\t\t\t\t\t\t\t\t\t<section class=\"elementor-section elementor-top-section elementor-element elementor-element-7b62b783 elementor-section-boxed elementor-section-height-default elementor-section-height-default\" data-id=\"7b62b783\" data-element_type=\"section\">\n\t\t\t\t\t\t<div class=\"elementor-container elementor-column-gap-default\">\n\t\t\t\t\t<div class=\"elementor-column elementor-col-50 elementor-top-column elementor-element elementor-element-44d3c745\" data-id=\"44d3c745\" data-element_type=\"column\">\n\t\t\t<div class=\"elementor-widget-wrap elementor-element-populated\">\n\t\t\t\t\t\t\t\t<div class=\"elementor-element elementor-element-53394017 elementor-widget elementor-widget-text-editor\" data-id=\"53394017\" data-element_type=\"widget\" data-widget_type=\"text-editor.default\">\n\t\t\t\t<div class=\"elementor-widget-container\">\n\t\t\t\t\t\t\t<div class=\"usecase-text\">\n<h2 style=\"text-align: left; margin-top: 0;\">Konkurencja konsumencka<\/h2>\nFirma dzia\u0142aj\u0105ca w bran\u017cy handlu detalicznego i d\u00f3br konsumpcyjnych oferuje szerok\u0105 gam\u0119 produkt\u00f3w, kt\u00f3r\u0105 stale poszerza o nowe produkty w oparciu o badania i wyniki analiz zachowa\u0144 konsument\u00f3w.\n<\/div>\t\t\t\t\t\t<\/div>\n\t\t\t\t<\/div>\n\t\t\t\t\t<\/div>\n\t\t<\/div>\n\t\t\t\t<div class=\"elementor-column elementor-col-50 elementor-top-column elementor-element elementor-element-730fd00d\" data-id=\"730fd00d\" data-element_type=\"column\">\n\t\t\t<div class=\"elementor-widget-wrap elementor-element-populated\">\n\t\t\t\t\t\t\t\t<div class=\"elementor-element elementor-element-791663a7 elementor-widget elementor-widget-image\" data-id=\"791663a7\" data-element_type=\"widget\" data-widget_type=\"image.default\">\n\t\t\t\t<div class=\"elementor-widget-container\">\n\t\t\t\t\t\t\t\t\t\t\t\t\t\t\t<img fetchpriority=\"high\" decoding=\"async\" width=\"580\" height=\"387\" src=\"https:\/\/www.comverga.com\/deu\/wp-content\/uploads\/sites\/4\/2023\/04\/competition.jpg\" class=\"attachment-medium_large size-medium_large wp-image-2981\" alt=\"\" srcset=\"https:\/\/www.comverga.com\/deu\/wp-content\/uploads\/sites\/4\/2023\/04\/competition.jpg 750w, https:\/\/www.comverga.com\/deu\/wp-content\/uploads\/sites\/4\/2023\/04\/competition-300x200.jpg 300w\" sizes=\"(max-width: 580px) 100vw, 580px\" \/>\t\t\t\t\t\t\t\t\t\t\t\t\t\t\t<\/div>\n\t\t\t\t<\/div>\n\t\t\t\t\t<\/div>\n\t\t<\/div>\n\t\t\t\t\t\t\t<\/div>\n\t\t<\/section>\n\t\t\t\t<section class=\"elementor-section elementor-top-section elementor-element elementor-element-25ab86d9 elementor-section-boxed elementor-section-height-default elementor-section-height-default\" data-id=\"25ab86d9\" data-element_type=\"section\">\n\t\t\t\t\t\t<div class=\"elementor-container elementor-column-gap-default\">\n\t\t\t\t\t<div class=\"elementor-column elementor-col-50 elementor-top-column elementor-element elementor-element-324a0f07\" data-id=\"324a0f07\" data-element_type=\"column\">\n\t\t\t<div class=\"elementor-widget-wrap elementor-element-populated\">\n\t\t\t\t\t\t\t\t<div class=\"elementor-element elementor-element-2096097a elementor-widget elementor-widget-sidebar\" data-id=\"2096097a\" data-element_type=\"widget\" data-widget_type=\"sidebar.default\">\n\t\t\t\t<div class=\"elementor-widget-container\">\n\t\t\t<div id=\"widget-box\" class=\"smart-watch\">\n\t<img decoding=\"async\" src=\"https:\/\/www.coopmobil.cz\/wp-content\/uploads\/2021\/04\/coop-mobil-logo.svg\"><br>\n\t<span>Sektory przemys\u0142u<\/span>\n<p>\n\t\tOperator telekomunikacyjny - detaliczny\n\t<\/p>\n<span>produkt<\/span>\n<p>\n\t\tPakiet Smartwatch + \u0142\u0105czno\u015b\u0107 danych\n\t<\/p>\n<\/div>\n<div id=\"widget-box\" class=\"operator\">\n\t<img decoding=\"async\" src=\"https:\/\/www.coopmobil.cz\/wp-content\/uploads\/2021\/04\/coop-mobil-logo.svg\"><br>\n\t<span>Sektory przemys\u0142u<\/span>\n<p>\n\t\tOperator telekomunikacyjny - Detal\n\t<\/p>\n<span>produkt<\/span>\n<p>\n\t\tRealizacja mailing\u00f3w marketingowych\n\t<\/p>\n<\/div>\n<div id=\"widget-box\" class=\"caravan\">\n<img decoding=\"async\" src=\"\/deu\/wp-content\/uploads\/sites\/4\/2023\/04\/caravan-logo.jpg\"><br>\n<span>Sektory przemys\u0142u<\/span>\n<p>\n\t\tSystemy \u015bledzenia pojazd\u00f3w GPS, \u0142\u0105czno\u015b\u0107 danych\n\t<\/p>\n<span>produkt<\/span>\n<p>\n\t\tRozwi\u0105zania umo\u017cliwiaj\u0105ce dost\u0119p do Internetu w podr\u00f3\u017cy\n\t<\/p>\n<\/div>\n<div id=\"widget-box\" class=\"support\">\n\t<img decoding=\"async\" src=\"https:\/\/www.coopmobil.cz\/wp-content\/uploads\/2021\/04\/coop-mobil-logo.svg\"><br>\n\t<span>Sektory przemys\u0142u<\/span>\n<p>\n\t\tOperator telekomunikacyjny - Detal\n\t<\/p>\n<span>produkt<\/span>\n<p>\n\t\tPrzewodnik obs\u0142ugi klienta\n\t<\/p>\n<\/div>\n<div id=\"widget-box\" class=\"camera\">\n<img decoding=\"async\" src=\"\/deu\/wp-content\/uploads\/sites\/4\/2023\/04\/camera-logo.jpg\"><br>\n<span>Sektory przemys\u0142u<\/span>\n<p>\n\t\tSystemy bezpiecze\u0144stwa\n\t<\/p>\n<span>produkt<\/span>\n<p>\n\t\tKamery z transmisj\u0105 online\n\t<\/p>\n<\/div>\n<div id=\"widget-box\" class=\"event\">\n\t<img decoding=\"async\" src=\"\/cze\/wp-content\/uploads\/sites\/3\/2023\/04\/event-logo.png\" style=\"width: 50px\"><br>\n\t<span>Sektory przemys\u0142u<\/span>\n<p>\n\t\tAgencja eventowa\n\t<\/p>\n<span>produkt<\/span>\n<p>\n\t\tOrganizacja wydarzenia \u2013 komunikacja z uczestnikami\n\t<\/p>\n<\/div>\n<div id=\"widget-box\" class=\"competition\">\n\t<img decoding=\"async\" src=\"\/cze\/wp-content\/uploads\/sites\/3\/2023\/04\/competition-logo.png\" style=\"width: 50px\"><br>\n\t<span>Sektory przemys\u0142u<\/span>\n<p>\n\t\tDobra konsumpcyjne\n\t<\/p>\n<span>produkt<\/span>\n<p>\n\t\tKonkurencja konsumencka\n\t<\/p>\n<\/div>\n<div id=\"widget-box\" class=\"marketing\">\n\t<img decoding=\"async\" src=\"\/deu\/wp-content\/uploads\/sites\/3\/2023\/06\/marketing-logo.png\" style=\"width: 50px\"><br>\n\t<span>Sektory przemys\u0142u<\/span>\n<p>\n\t\tKomunikacja marketingowa\n\t<\/p>\n<span>produkt<\/span>\n<p>\n\t\tRealizacja kampanii marketingowych\n\t<\/p>\n<\/div>\n<div id=\"widget-box\" class=\"fmcg\">\n\t<img decoding=\"async\" src=\"\/deu\/wp-content\/uploads\/sites\/3\/2023\/06\/fmcg-logo.png\" style=\"width: 50px\"><br>\n\t<span>Sektory przemys\u0142u<\/span>\n<p>\n\t\tFMCG<br>Szybko zbywalne towary konsumpcyjne\n\t<\/p>\n<span>produkt<\/span>\n<p>\n\t\tJedzenie, napoje, drogeria\n\t<\/p>\n<\/div>\n\n<div id=\"widget-box\" class=\"iot\">\n\t<img decoding=\"async\" src=\"\/cze\/wp-content\/uploads\/sites\/3\/2025\/09\/iot_icon.png\" style=\"width: 50px\"><br>\n\t<span>Sektory przemys\u0142u<\/span>\n<p>\n\t\tIoT, SIM\/eSIM management\n\t<\/p>\n<span>produkt<\/span>\n<p>\n\t\tCzujniki IoT dla przemys\u0142u i gospodarstw domowych \n\t<\/p>\n<\/div>\n\n<div id=\"widget-box\" class=\"truck\">\n\t<img decoding=\"async\" src=\"\/cze\/wp-content\/uploads\/sites\/3\/2025\/09\/truck_monitoring.png\" style=\"width: 50px\"><br>\n\t<span>Sektory przemys\u0142u<\/span>\n<p>\n\t\tIoT, SIM\/eSIM management\n\t<\/p>\n<span>produkt<\/span>\n<p>\n\t\t eSIM do monitorowania pojazd\u00f3w \n\t<\/p>\n<\/div>\n\n<div id=\"widget-box\" class=\"drone\">\n\t<img decoding=\"async\" src=\"\/cze\/wp-content\/uploads\/sites\/3\/2025\/09\/drone_icon.png\" style=\"width: 80px\"><br>\n\t<span>Sektory przemys\u0142u<\/span>\n<p>\n\t\t IoT, SIM\/eSIM management \n\t<\/p>\n<span>produkt<\/span>\n<p>\n\t\t eSIM f\u00fcr Drohnenflotten \n\t<\/p>\n<\/div>\t\t<\/div>\n\t\t\t\t<\/div>\n\t\t\t\t\t<\/div>\n\t\t<\/div>\n\t\t\t\t<div class=\"elementor-column elementor-col-50 elementor-top-column elementor-element elementor-element-493f81bc\" data-id=\"493f81bc\" data-element_type=\"column\">\n\t\t\t<div class=\"elementor-widget-wrap elementor-element-populated\">\n\t\t\t\t\t\t\t\t<div class=\"elementor-element elementor-element-56fa6c8 elementor-widget elementor-widget-text-editor\" data-id=\"56fa6c8\" data-element_type=\"widget\" data-widget_type=\"text-editor.default\">\n\t\t\t\t<div class=\"elementor-widget-container\">\n\t\t\t\t\t\t\t<p>W ramach swoich dzia\u0142a\u0144 marketingowych firma chcia\u0142a zorganizowa\u0107 dla swoich klient\u00f3w ciekawy konkurs konsumencki, kt\u00f3rego celem by\u0142oby wypromowanie nowego produktu na rynku i zwi\u0119kszenie \u015bwiadomo\u015bci o swojej firmie. Jednocze\u015bnie chcia\u0142a oferowa\u0107 inne ciekawe produkty i us\u0142ugi w ramach cross-sellingu.<\/p><p>Dzi\u0119ki rozwi\u0105zaniu COMVERGA RBM firma otrzyma\u0142a strategiczne narz\u0119dzie do komunikacji i prowadzenia konkurs\u00f3w konsumenckich dla swoich klient\u00f3w we wszystkich kana\u0142ach komunikacji, a tak\u017ce dodatkowe przychody z tytu\u0142u zwi\u0119kszonej sprzeda\u017cy us\u0142ug w ramach cross-sellingu.<\/p>\t\t\t\t\t\t<\/div>\n\t\t\t\t<\/div>\n\t\t\t\t\t<\/div>\n\t\t<\/div>\n\t\t\t\t\t\t\t<\/div>\n\t\t<\/section>\n\t\t\t\t<section class=\"elementor-section elementor-top-section elementor-element elementor-element-d0d2c3 elementor-section-boxed elementor-section-height-default elementor-section-height-default\" data-id=\"d0d2c3\" data-element_type=\"section\">\n\t\t\t\t\t\t<div class=\"elementor-container elementor-column-gap-default\">\n\t\t\t\t\t<div class=\"elementor-column elementor-col-100 elementor-top-column elementor-element elementor-element-4f690683\" data-id=\"4f690683\" data-element_type=\"column\">\n\t\t\t<div class=\"elementor-widget-wrap elementor-element-populated\">\n\t\t\t\t\t\t\t\t<div class=\"elementor-element elementor-element-25b547a9 elementor-widget elementor-widget-html\" data-id=\"25b547a9\" data-element_type=\"widget\" data-widget_type=\"html.default\">\n\t\t\t\t<div class=\"elementor-widget-container\">\n\t\t\t<div class=\"mobile-animation competition\">\n    <div class=\"mobile left\">\n        <div class=\"message-bubble top\">\n            <p>KONKURS! Jakiego oleju nie znajdziesz w naszych produktach?<\/p>\n        <\/div>\n        <div class=\"message-bubble bottom\">\n            <p>PRAWID\u0141OWY! Jeszcze tylko jedna drobnostka. Jaka jest Twoja opinia na temat naszych produkt\u00f3w?<\/p>\n        <\/div>\n        <img decoding=\"async\" src=\"\/deu\/wp-content\/uploads\/sites\/4\/2023\/04\/competition-1-de.gif\">\n    <\/div>\n    <div class=\"mobile right\">\n        <div class=\"message-bubble top\">\n            <p>Dzi\u0119kuj\u0119 za udzia\u0142!<\/p>\n        <\/div>\n        <div class=\"message-bubble middle\">\n            <p>Je\u015bli wygrasz, skontaktujemy si\u0119 z Tob\u0105! Trzymamy za Was kciuki! Tymczasem przypominamy o naszych produktach w akcji!<\/p>\n        <\/div>\n        <div class=\"message-bubble bottom\">\n            <p>Jest tam! Wygra\u0142e\u015b pakiet prezentowy! GRATULACJE!<\/p>\n        <\/div>\n        <img decoding=\"async\" src=\"\/deu\/wp-content\/uploads\/sites\/4\/2023\/04\/competition-2-de.gif\">\n    <\/div>\n<\/div>\t\t<\/div>\n\t\t\t\t<\/div>\n\t\t\t\t\t<\/div>\n\t\t<\/div>\n\t\t\t\t\t\t\t<\/div>\n\t\t<\/section>\n\t\t\t\t<section class=\"elementor-section elementor-top-section elementor-element elementor-element-34af1941 elementor-section-boxed elementor-section-height-default elementor-section-height-default\" data-id=\"34af1941\" data-element_type=\"section\">\n\t\t\t\t\t\t<div class=\"elementor-container elementor-column-gap-default\">\n\t\t\t\t\t<div class=\"elementor-column elementor-col-50 elementor-top-column elementor-element elementor-element-3c6ec5c2\" data-id=\"3c6ec5c2\" data-element_type=\"column\" data-settings=\"{&quot;background_background&quot;:&quot;classic&quot;}\">\n\t\t\t<div class=\"elementor-widget-wrap elementor-element-populated\">\n\t\t\t\t\t\t\t\t<div class=\"elementor-element elementor-element-4ba74691 elementor-widget elementor-widget-text-editor\" data-id=\"4ba74691\" data-element_type=\"widget\" data-widget_type=\"text-editor.default\">\n\t\t\t\t<div class=\"elementor-widget-container\">\n\t\t\t\t\t\t\t<h3><strong>Co wygra\u0142 partner:<\/strong><\/h3><div class=\"page\" title=\"Strona 4\"><div class=\"layoutArea\"><div class=\"column\"><ul><li>Skuteczne narz\u0119dzie dla Twojej konkurencji<\/li><li>Spersonalizowana rozmowa z klientami<\/li><li>Skuteczne narz\u0119dzie do sprzeda\u017cy krzy\u017cowej<\/li><li>Nowe interaktywne do\u015bwiadczenie dla Twoich klient\u00f3w<\/li><li>Kilkukrotnie wy\u017cszy procent uczestnictwa<\/li><\/ul><\/div><\/div><\/div>\t\t\t\t\t\t<\/div>\n\t\t\t\t<\/div>\n\t\t\t\t\t<\/div>\n\t\t<\/div>\n\t\t\t\t<div class=\"elementor-column elementor-col-50 elementor-top-column elementor-element elementor-element-49f2edb6\" data-id=\"49f2edb6\" data-element_type=\"column\" data-settings=\"{&quot;background_background&quot;:&quot;classic&quot;}\">\n\t\t\t<div class=\"elementor-widget-wrap elementor-element-populated\">\n\t\t\t\t\t\t\t\t<div class=\"elementor-element elementor-element-7d4a807c elementor-widget elementor-widget-text-editor\" data-id=\"7d4a807c\" data-element_type=\"widget\" data-widget_type=\"text-editor.default\">\n\t\t\t\t<div class=\"elementor-widget-container\">\n\t\t\t\t\t\t\t<h3><strong>COMVERGA zapewnia partnerowi:<\/strong><\/h3>\n<ul>\n<li>Wsparcie w wyborze nap\u0119du<\/li>\n<li>Struktura, przebieg i ocena konkurs\u00f3w<\/li>\n<li>Ujednolicone \u015brodowisko do pracy z konkursami&nbsp;<\/li>\n<li>Stw\u00f3rz alternatywne kana\u0142y komunikacji<\/li>\n<li>Wsparcie klienta i techniczne<\/li>\n<\/ul>\t\t\t\t\t\t<\/div>\n\t\t\t\t<\/div>\n\t\t\t\t\t<\/div>\n\t\t<\/div>\n\t\t\t\t\t\t\t<\/div>\n\t\t<\/section>\n\t\t\t\t\t\t\t<\/div>","protected":false},"excerpt":{"rendered":"<p>Konkurencja konsumencka Firma dzia\u0142aj\u0105ca w bran\u017cy handlu detalicznego i d\u00f3br konsumpcyjnych oferuje szerok\u0105 gam\u0119 produkt\u00f3w, kt\u00f3r\u0105 stale poszerza o nowe produkty w oparciu o badania i wyniki analiz zachowa\u0144 konsument\u00f3w. Firma w ramach swoich dzia\u0142a\u0144 marketingowych chcia\u0142a zorganizowa\u0107 dla swoich klient\u00f3w ciekawy konkurs konsumencki, maj\u0105cy na celu wypromowanie na rynku nowego produktu [\u2026]<\/p>","protected":false},"author":1,"featured_media":3056,"parent":2936,"menu_order":5,"comment_status":"closed","ping_status":"closed","template":"","meta":{"footnotes":""},"_links":{"self":[{"href":"https:\/\/www.comverga.com\/deu\/pl\/wp-json\/wp\/v2\/pages\/2980"}],"collection":[{"href":"https:\/\/www.comverga.com\/deu\/pl\/wp-json\/wp\/v2\/pages"}],"about":[{"href":"https:\/\/www.comverga.com\/deu\/pl\/wp-json\/wp\/v2\/types\/page"}],"author":[{"embeddable":true,"href":"https:\/\/www.comverga.com\/deu\/pl\/wp-json\/wp\/v2\/users\/1"}],"replies":[{"embeddable":true,"href":"https:\/\/www.comverga.com\/deu\/pl\/wp-json\/wp\/v2\/comments?post=2980"}],"version-history":[{"count":18,"href":"https:\/\/www.comverga.com\/deu\/pl\/wp-json\/wp\/v2\/pages\/2980\/revisions"}],"predecessor-version":[{"id":3632,"href":"https:\/\/www.comverga.com\/deu\/pl\/wp-json\/wp\/v2\/pages\/2980\/revisions\/3632"}],"up":[{"embeddable":true,"href":"https:\/\/www.comverga.com\/deu\/pl\/wp-json\/wp\/v2\/pages\/2936"}],"wp:featuredmedia":[{"embeddable":true,"href":"https:\/\/www.comverga.com\/deu\/pl\/wp-json\/wp\/v2\/media\/3056"}],"wp:attachment":[{"href":"https:\/\/www.comverga.com\/deu\/pl\/wp-json\/wp\/v2\/media?parent=2980"}],"curies":[{"name":"wp","href":"https:\/\/api.w.org\/{rel}","templated":true}]}}