{"id":3015,"date":"2023-04-23T21:33:25","date_gmt":"2023-04-23T19:33:25","guid":{"rendered":"https:\/\/www.comverga.com\/deu\/?page_id=3015"},"modified":"2024-06-06T06:31:35","modified_gmt":"2024-06-06T04:31:35","slug":"was-machen-wir","status":"publish","type":"page","link":"https:\/\/www.comverga.com\/deu\/pl\/was-machen-wir\/","title":{"rendered":"Co robimy"},"content":{"rendered":"<div data-elementor-type=\"wp-page\" data-elementor-id=\"3015\" class=\"elementor elementor-3015\">\n\t\t\t\t\t\t\t\t\t<section class=\"elementor-section elementor-top-section elementor-element elementor-element-500c4b78 elementor-section-boxed elementor-section-height-default elementor-section-height-default\" data-id=\"500c4b78\" data-element_type=\"section\">\n\t\t\t\t\t\t<div class=\"elementor-container elementor-column-gap-default\">\n\t\t\t\t\t<div class=\"elementor-column elementor-col-100 elementor-top-column elementor-element elementor-element-3e0c2749\" data-id=\"3e0c2749\" data-element_type=\"column\">\n\t\t\t<div class=\"elementor-widget-wrap elementor-element-populated\">\n\t\t\t\t\t\t\t\t<div class=\"elementor-element elementor-element-7f488588 elementor-widget elementor-widget-text-editor\" data-id=\"7f488588\" data-element_type=\"widget\" data-widget_type=\"text-editor.default\">\n\t\t\t\t<div class=\"elementor-widget-container\">\n\t\t\t\t\t\t\t<p>Jeste\u015bmy stabiln\u0105 firm\u0105 rodzinn\u0105, kt\u00f3ra stale si\u0119 rozwija i pod\u0105\u017ca za nowymi trendami. Spogl\u0105damy wstecz na dwudziestoletni\u0105 pe\u0142n\u0105 sukces\u00f3w histori\u0119 w bran\u017cy telekomunikacyjnej. Poprzez jako\u015b\u0107 naszych us\u0142ug i poszukiwanie wsp\u00f3lnych rozwi\u0105za\u0144 budujemy pozycj\u0119 lidera w\u015br\u00f3d europejskich firm na rynku telekomunikacyjnym i IT.<\/p>\t\t\t\t\t\t<\/div>\n\t\t\t\t<\/div>\n\t\t\t\t\t<\/div>\n\t\t<\/div>\n\t\t\t\t\t\t\t<\/div>\n\t\t<\/section>\n\t\t\t\t<section class=\"elementor-section elementor-top-section elementor-element elementor-element-63fa7633 elementor-section-boxed elementor-section-height-default elementor-section-height-default\" data-id=\"63fa7633\" data-element_type=\"section\">\n\t\t\t\t\t\t<div class=\"elementor-container elementor-column-gap-default\">\n\t\t\t\t\t<div class=\"elementor-column elementor-col-100 elementor-top-column elementor-element elementor-element-32885f9d\" data-id=\"32885f9d\" data-element_type=\"column\">\n\t\t\t<div class=\"elementor-widget-wrap elementor-element-populated\">\n\t\t\t\t\t\t\t\t<div class=\"elementor-element elementor-element-7a61c55e elementor-widget elementor-widget-text-editor\" data-id=\"7a61c55e\" data-element_type=\"widget\" data-widget_type=\"text-editor.default\">\n\t\t\t\t<div class=\"elementor-widget-container\">\n\t\t\t\t\t\t\t<p>Rozwijamy i obs\u0142ugujemy w\u0142asn\u0105 infrastruktur\u0119, aby m\u00f3c oferowa\u0107 us\u0142ugi niezale\u017cne od technologii, dostawc\u00f3w i sieci. \u0141\u0105czymy r\u00f3\u017cne sieci i dostawc\u00f3w us\u0142ug hostingowych z nasz\u0105 infrastruktur\u0105, aby zaoferowa\u0107 naszym partnerom i klientom szereg us\u0142ug konwergentnych.<\/p>\t\t\t\t\t\t<\/div>\n\t\t\t\t<\/div>\n\t\t\t\t<div class=\"elementor-element elementor-element-2e900c6 elementor-widget elementor-widget-heading\" data-id=\"2e900c6\" data-element_type=\"widget\" data-widget_type=\"heading.default\">\n\t\t\t\t<div class=\"elementor-widget-container\">\n\t\t\t<h2 class=\"elementor-heading-title elementor-size-default\">Czym s\u0105 us\u0142ugi konwergentne?<\/h2>\t\t<\/div>\n\t\t\t\t<\/div>\n\t\t\t\t<div class=\"elementor-element elementor-element-3da58e6 elementor-widget elementor-widget-text-editor\" data-id=\"3da58e6\" data-element_type=\"widget\" data-widget_type=\"text-editor.default\">\n\t\t\t\t<div class=\"elementor-widget-container\">\n\t\t\t\t\t\t\t<p>Us\u0142ugi konwergentne to us\u0142ugi, kt\u00f3re \u0142\u0105cz\u0105 tradycyjnie oddzielne technologie lub obszary w celu zapewnienia zintegrowanego i ulepszonego do\u015bwiadczenia u\u017cytkownika. Mo\u017ce to obejmowa\u0107 na przyk\u0142ad po\u0142\u0105czenie us\u0142ug telekomunikacyjnych (takich jak telefonia, internet i telewizja) lub integracj\u0119 r\u00f3\u017cnych funkcji i us\u0142ug w jednym urz\u0105dzeniu lub platformie.<\/p><p>Typowym przyk\u0142adem us\u0142ug konwergentnych s\u0105 oferty, kt\u00f3re zapewniaj\u0105 zar\u00f3wno telefoni\u0119 stacjonarn\u0105, jak i kom\u00f3rkow\u0105, dost\u0119p do Internetu i transmisj\u0119 telewizyjn\u0105 za po\u015brednictwem jednej infrastruktury lub platformy. Dzi\u0119ki konwergencji tych us\u0142ug u\u017cytkownicy mog\u0105 czerpa\u0107 korzy\u015bci z p\u0142ynnej integracji i lepszego do\u015bwiadczenia u\u017cytkownika poprzez korzystanie z wielu us\u0142ug za po\u015brednictwem wsp\u00f3lnego interfejsu lub systemu rozliczeniowego.<\/p>\t\t\t\t\t\t<\/div>\n\t\t\t\t<\/div>\n\t\t\t\t\t<\/div>\n\t\t<\/div>\n\t\t\t\t\t\t\t<\/div>\n\t\t<\/section>\n\t\t\t\t\t\t\t<\/div>","protected":false},"excerpt":{"rendered":"<p>Wir sind ein stabiles Familienunternehmen, das sich st\u00e4ndig weiterentwickelt und neuen Trends folgt. Wir blicken auf eine zwanzigj\u00e4hrige erfolgreiche Geschichte in der Telekommunikationsbranche zur\u00fcck. Durch die Qualit\u00e4t unserer Dienstleistungen und die Suche nach gemeinsamen L\u00f6sungen bauen wir eine f\u00fchrende Position unter den europ\u00e4ischen Unternehmen auf dem Kommunikations- und IT-Markt auf. Wir entwickeln und betreiben unsere [&hellip;]<\/p>","protected":false},"author":1,"featured_media":147,"parent":0,"menu_order":0,"comment_status":"closed","ping_status":"closed","template":"","meta":{"footnotes":""},"_links":{"self":[{"href":"https:\/\/www.comverga.com\/deu\/pl\/wp-json\/wp\/v2\/pages\/3015"}],"collection":[{"href":"https:\/\/www.comverga.com\/deu\/pl\/wp-json\/wp\/v2\/pages"}],"about":[{"href":"https:\/\/www.comverga.com\/deu\/pl\/wp-json\/wp\/v2\/types\/page"}],"author":[{"embeddable":true,"href":"https:\/\/www.comverga.com\/deu\/pl\/wp-json\/wp\/v2\/users\/1"}],"replies":[{"embeddable":true,"href":"https:\/\/www.comverga.com\/deu\/pl\/wp-json\/wp\/v2\/comments?post=3015"}],"version-history":[{"count":36,"href":"https:\/\/www.comverga.com\/deu\/pl\/wp-json\/wp\/v2\/pages\/3015\/revisions"}],"predecessor-version":[{"id":3761,"href":"https:\/\/www.comverga.com\/deu\/pl\/wp-json\/wp\/v2\/pages\/3015\/revisions\/3761"}],"wp:featuredmedia":[{"embeddable":true,"href":"https:\/\/www.comverga.com\/deu\/pl\/wp-json\/wp\/v2\/media\/147"}],"wp:attachment":[{"href":"https:\/\/www.comverga.com\/deu\/pl\/wp-json\/wp\/v2\/media?parent=3015"}],"curies":[{"name":"wp","href":"https:\/\/api.w.org\/{rel}","templated":true}]}}