{"id":3151,"date":"2023-06-14T14:11:01","date_gmt":"2023-06-14T12:11:01","guid":{"rendered":"https:\/\/www.comverga.com\/deu\/?page_id=3151"},"modified":"2023-09-18T16:13:01","modified_gmt":"2023-09-18T14:13:01","slug":"details-der-omnichannel","status":"publish","type":"page","link":"https:\/\/www.comverga.com\/deu\/pl\/dienstleistungen\/aggregation-der-konnektivitaet\/omnichannel\/details-der-omnichannel\/","title":{"rendered":"Szczeg\u00f3\u0142y Omnichannel"},"content":{"rendered":"<div data-elementor-type=\"wp-page\" data-elementor-id=\"3151\" class=\"elementor elementor-3151\">\n\t\t\t\t\t\t\t\t\t<section class=\"elementor-section elementor-top-section elementor-element elementor-element-4c09abe0 elementor-section-boxed elementor-section-height-default elementor-section-height-default\" data-id=\"4c09abe0\" data-element_type=\"section\">\n\t\t\t\t\t\t<div class=\"elementor-container elementor-column-gap-default\">\n\t\t\t\t\t<div class=\"elementor-column elementor-col-100 elementor-top-column elementor-element elementor-element-1ed7154\" data-id=\"1ed7154\" data-element_type=\"column\">\n\t\t\t<div class=\"elementor-widget-wrap elementor-element-populated\">\n\t\t\t\t\t\t\t\t<div class=\"elementor-element elementor-element-5dfa896f detail-heading elementor-widget elementor-widget-heading\" data-id=\"5dfa896f\" data-element_type=\"widget\" data-widget_type=\"heading.default\">\n\t\t\t\t<div class=\"elementor-widget-container\">\n\t\t\t<h1 class=\"elementor-heading-title elementor-size-default\">Omnichannel<\/h1>\t\t<\/div>\n\t\t\t\t<\/div>\n\t\t\t\t<div class=\"elementor-element elementor-element-26eb174c detail-heading elementor-widget elementor-widget-heading\" data-id=\"26eb174c\" data-element_type=\"widget\" data-widget_type=\"heading.default\">\n\t\t\t\t<div class=\"elementor-widget-container\">\n\t\t\t<h3 class=\"elementor-heading-title elementor-size-default\">Szczeg\u00f3\u0142y rozwi\u0105zania<\/h3>\t\t<\/div>\n\t\t\t\t<\/div>\n\t\t\t\t\t<\/div>\n\t\t<\/div>\n\t\t\t\t\t\t\t<\/div>\n\t\t<\/section>\n\t\t\t\t<section class=\"elementor-section elementor-top-section elementor-element elementor-element-b946c35 elementor-section-boxed elementor-section-height-default elementor-section-height-default\" data-id=\"b946c35\" data-element_type=\"section\">\n\t\t\t\t\t\t<div class=\"elementor-container elementor-column-gap-default\">\n\t\t\t\t\t<div class=\"elementor-column elementor-col-50 elementor-top-column elementor-element elementor-element-3c980de\" data-id=\"3c980de\" data-element_type=\"column\">\n\t\t\t<div class=\"elementor-widget-wrap elementor-element-populated\">\n\t\t\t\t\t\t\t\t<div class=\"elementor-element elementor-element-27c21d0 elementor-widget elementor-widget-text-editor\" data-id=\"27c21d0\" data-element_type=\"widget\" data-widget_type=\"text-editor.default\">\n\t\t\t\t<div class=\"elementor-widget-container\">\n\t\t\t\t\t\t\t<h3 style=\"margin-top: 0;\"><strong>Integracja kana\u0142\u00f3w<\/strong><\/h3><p class=\"s19\">COMVERGA Omnichannel oferuje integracj\u0119 r\u00f3\u017cnych kana\u0142\u00f3w komunikacji w jednej platformie i ustalenie zasad ich wykorzystania. Preferencje mo\u017cna ustawi\u0107 w zale\u017cno\u015bci od u\u017cytkownika ko\u0144cowego, w zale\u017cno\u015bci od wymaga\u0144 partnera lub w zale\u017cno\u015bci od dost\u0119pno\u015bci kana\u0142u komunikacji.<br \/>Platforma oferuje mo\u017cliwo\u015b\u0107 stworzenia w\u0142asnej aplikacji do przesy\u0142ania wiadomo\u015bci marki w celu unikalnej komunikacji z klientami. Mo\u017cesz skorzysta\u0107 z predefiniowanych szablon\u00f3w budowania kampanii, kt\u00f3re maksymalnie u\u0142atwiaj\u0105 tworzenie konkretnego media planu.<\/p>\t\t\t\t\t\t<\/div>\n\t\t\t\t<\/div>\n\t\t\t\t\t<\/div>\n\t\t<\/div>\n\t\t\t\t<div class=\"elementor-column elementor-col-50 elementor-top-column elementor-element elementor-element-1bd02106\" data-id=\"1bd02106\" data-element_type=\"column\" data-settings=\"{&quot;background_background&quot;:&quot;classic&quot;}\">\n\t\t\t<div class=\"elementor-widget-wrap elementor-element-populated\">\n\t\t\t\t\t\t\t\t<div class=\"elementor-element elementor-element-1f911c4b elementor-widget elementor-widget-image\" data-id=\"1f911c4b\" data-element_type=\"widget\" data-widget_type=\"image.default\">\n\t\t\t\t<div class=\"elementor-widget-container\">\n\t\t\t\t\t\t\t\t\t\t\t\t\t\t\t<img fetchpriority=\"high\" decoding=\"async\" width=\"500\" height=\"343\" src=\"https:\/\/www.comverga.com\/deu\/wp-content\/uploads\/sites\/4\/2023\/06\/Detail_integrace.jpg\" class=\"attachment-medium_large size-medium_large wp-image-3153\" alt=\"\" srcset=\"https:\/\/www.comverga.com\/deu\/wp-content\/uploads\/sites\/4\/2023\/06\/Detail_integrace.jpg 500w, https:\/\/www.comverga.com\/deu\/wp-content\/uploads\/sites\/4\/2023\/06\/Detail_integrace-300x206.jpg 300w\" sizes=\"(max-width: 500px) 100vw, 500px\" \/>\t\t\t\t\t\t\t\t\t\t\t\t\t\t\t<\/div>\n\t\t\t\t<\/div>\n\t\t\t\t\t<\/div>\n\t\t<\/div>\n\t\t\t\t\t\t\t<\/div>\n\t\t<\/section>\n\t\t\t\t<section class=\"elementor-section elementor-top-section elementor-element elementor-element-1b6c58fd elementor-section-boxed elementor-section-height-default elementor-section-height-default\" data-id=\"1b6c58fd\" data-element_type=\"section\">\n\t\t\t\t\t\t<div class=\"elementor-container elementor-column-gap-default\">\n\t\t\t\t\t<div class=\"elementor-column elementor-col-100 elementor-top-column elementor-element elementor-element-78cd5902\" data-id=\"78cd5902\" data-element_type=\"column\">\n\t\t\t<div class=\"elementor-widget-wrap elementor-element-populated\">\n\t\t\t\t\t\t\t\t<div class=\"elementor-element elementor-element-3fce7b99 elementor-widget-divider--view-line elementor-widget elementor-widget-divider\" data-id=\"3fce7b99\" data-element_type=\"widget\" data-widget_type=\"divider.default\">\n\t\t\t\t<div class=\"elementor-widget-container\">\n\t\t\t\t\t<div class=\"elementor-divider\">\n\t\t\t<span class=\"elementor-divider-separator\">\n\t\t\t\t\t\t<\/span>\n\t\t<\/div>\n\t\t\t\t<\/div>\n\t\t\t\t<\/div>\n\t\t\t\t\t<\/div>\n\t\t<\/div>\n\t\t\t\t\t\t\t<\/div>\n\t\t<\/section>\n\t\t\t\t<section class=\"elementor-section elementor-top-section elementor-element elementor-element-374d318c elementor-section-boxed elementor-section-height-default elementor-section-height-default\" data-id=\"374d318c\" data-element_type=\"section\">\n\t\t\t\t\t\t<div class=\"elementor-container elementor-column-gap-default\">\n\t\t\t\t\t<div class=\"elementor-column elementor-col-50 elementor-top-column elementor-element elementor-element-315ddf7c\" data-id=\"315ddf7c\" data-element_type=\"column\">\n\t\t\t<div class=\"elementor-widget-wrap elementor-element-populated\">\n\t\t\t\t\t\t\t\t<div class=\"elementor-element elementor-element-c613334 elementor-widget elementor-widget-image\" data-id=\"c613334\" data-element_type=\"widget\" data-widget_type=\"image.default\">\n\t\t\t\t<div class=\"elementor-widget-container\">\n\t\t\t\t\t\t\t\t\t\t\t\t\t\t\t<img decoding=\"async\" width=\"580\" height=\"326\" src=\"https:\/\/www.comverga.com\/deu\/wp-content\/uploads\/sites\/4\/2023\/06\/Detail_funkcionality-768x432.jpg\" class=\"attachment-medium_large size-medium_large wp-image-3154\" alt=\"\" srcset=\"https:\/\/www.comverga.com\/deu\/wp-content\/uploads\/sites\/4\/2023\/06\/Detail_funkcionality-768x432.jpg 768w, https:\/\/www.comverga.com\/deu\/wp-content\/uploads\/sites\/4\/2023\/06\/Detail_funkcionality-300x169.jpg 300w, https:\/\/www.comverga.com\/deu\/wp-content\/uploads\/sites\/4\/2023\/06\/Detail_funkcionality.jpg 1000w\" sizes=\"(max-width: 580px) 100vw, 580px\" \/>\t\t\t\t\t\t\t\t\t\t\t\t\t\t\t<\/div>\n\t\t\t\t<\/div>\n\t\t\t\t\t<\/div>\n\t\t<\/div>\n\t\t\t\t<div class=\"elementor-column elementor-col-50 elementor-top-column elementor-element elementor-element-3ecc4984\" data-id=\"3ecc4984\" data-element_type=\"column\">\n\t\t\t<div class=\"elementor-widget-wrap elementor-element-populated\">\n\t\t\t\t\t\t\t\t<div class=\"elementor-element elementor-element-66deaf66 elementor-widget elementor-widget-text-editor\" data-id=\"66deaf66\" data-element_type=\"widget\" data-widget_type=\"text-editor.default\">\n\t\t\t\t<div class=\"elementor-widget-container\">\n\t\t\t\t\t\t\t<h3 style=\"margin-top: 0px; text-align: left;\"><strong>Podstawowe funkcjonalno\u015bci<\/strong><\/h3><ul><li>Ujednolicony otwarty interfejs API<\/li><li>Dwukierunkowa komunikacja<\/li><li>Zarz\u0105dzanie mark\u0105 w komunikacji<\/li><li>Integracja zasob\u00f3w dla poszczeg\u00f3lnych kampanii<\/li><li>Ujednolicony i powszechny dost\u0119p do zasob\u00f3w i kana\u0142\u00f3w<\/li><li>Ustalanie i zarz\u0105dzanie priorytetami kana\u0142\u00f3w<\/li><li>Sprawdzanie dost\u0119pno\u015bci kana\u0142u<\/li><li>Opcja zast\u0119pcza, je\u015bli kana\u0142 jest niedost\u0119pny<\/li><li>Definicja kampanii, administracja i kompleksowe zarz\u0105dzanie dialogiem<\/li><\/ul>\t\t\t\t\t\t<\/div>\n\t\t\t\t<\/div>\n\t\t\t\t\t<\/div>\n\t\t<\/div>\n\t\t\t\t\t\t\t<\/div>\n\t\t<\/section>\n\t\t\t\t<section class=\"elementor-section elementor-top-section elementor-element elementor-element-7ff91f82 elementor-section-boxed elementor-section-height-default elementor-section-height-default\" data-id=\"7ff91f82\" data-element_type=\"section\">\n\t\t\t\t\t\t<div class=\"elementor-container elementor-column-gap-default\">\n\t\t\t\t\t<div class=\"elementor-column elementor-col-50 elementor-top-column elementor-element elementor-element-499c2453\" data-id=\"499c2453\" data-element_type=\"column\">\n\t\t\t<div class=\"elementor-widget-wrap elementor-element-populated\">\n\t\t\t\t\t\t\t\t<div class=\"elementor-element elementor-element-32bc031f elementor-widget elementor-widget-text-editor\" data-id=\"32bc031f\" data-element_type=\"widget\" data-widget_type=\"text-editor.default\">\n\t\t\t\t<div class=\"elementor-widget-container\">\n\t\t\t\t\t\t\t<h3 style=\"margin-top: 0;\"><strong>Og\u00f3lna charakterystyka<\/strong><\/h3><p>W ramach COMVERGA Omnichannel mo\u017cna zdefiniowa\u0107 r\u00f3\u017cne kampanie o r\u00f3\u017cnych typach i przep\u0142ywach komunikacji (dla ka\u017cdej kampanii wybrany typ). <br \/>Ka\u017cda kampania sk\u0142ada si\u0119 w\u00f3wczas z odr\u0119bnych, niezale\u017cnych od siebie dialog\u00f3w. \u0179r\u00f3d\u0142a, odbiorcy, nadawcy i terminy s\u0105 zawsze definiowane dla ka\u017cdego okna dialogowego.<br \/>Obie strony mog\u0105 rozpocz\u0105\u0107 dialog i rozpocz\u0105\u0107 okre\u015blon\u0105 kampani\u0119.<\/p>\t\t\t\t\t\t<\/div>\n\t\t\t\t<\/div>\n\t\t\t\t\t<\/div>\n\t\t<\/div>\n\t\t\t\t<div class=\"elementor-column elementor-col-50 elementor-top-column elementor-element elementor-element-4fd0fd17\" data-id=\"4fd0fd17\" data-element_type=\"column\">\n\t\t\t<div class=\"elementor-widget-wrap elementor-element-populated\">\n\t\t\t\t\t\t\t\t<div class=\"elementor-element elementor-element-4bbeb40c elementor-widget elementor-widget-image\" data-id=\"4bbeb40c\" data-element_type=\"widget\" data-widget_type=\"image.default\">\n\t\t\t\t<div class=\"elementor-widget-container\">\n\t\t\t\t\t\t\t\t\t\t\t\t\t\t\t<img decoding=\"async\" width=\"580\" height=\"387\" src=\"https:\/\/www.comverga.com\/deu\/wp-content\/uploads\/sites\/4\/2023\/04\/principles-768x513.jpg\" class=\"attachment-medium_large size-medium_large wp-image-2943\" alt=\"\" srcset=\"https:\/\/www.comverga.com\/deu\/wp-content\/uploads\/sites\/4\/2023\/04\/principles-768x513.jpg 768w, https:\/\/www.comverga.com\/deu\/wp-content\/uploads\/sites\/4\/2023\/04\/principles-300x200.jpg 300w, https:\/\/www.comverga.com\/deu\/wp-content\/uploads\/sites\/4\/2023\/04\/principles.jpg 1000w\" sizes=\"(max-width: 580px) 100vw, 580px\" \/>\t\t\t\t\t\t\t\t\t\t\t\t\t\t\t<\/div>\n\t\t\t\t<\/div>\n\t\t\t\t\t<\/div>\n\t\t<\/div>\n\t\t\t\t\t\t\t<\/div>\n\t\t<\/section>\n\t\t\t\t<section class=\"elementor-section elementor-top-section elementor-element elementor-element-5eda60e4 elementor-section-boxed elementor-section-height-default elementor-section-height-default\" data-id=\"5eda60e4\" data-element_type=\"section\">\n\t\t\t\t\t\t<div class=\"elementor-container elementor-column-gap-default\">\n\t\t\t\t\t<div class=\"elementor-column elementor-col-50 elementor-top-column elementor-element elementor-element-1bc33ded\" data-id=\"1bc33ded\" data-element_type=\"column\">\n\t\t\t<div class=\"elementor-widget-wrap elementor-element-populated\">\n\t\t\t\t\t\t\t\t<div class=\"elementor-element elementor-element-1e463b70 elementor-widget elementor-widget-image\" data-id=\"1e463b70\" data-element_type=\"widget\" data-widget_type=\"image.default\">\n\t\t\t\t<div class=\"elementor-widget-container\">\n\t\t\t\t\t\t\t\t\t\t\t\t\t\t\t<img loading=\"lazy\" decoding=\"async\" width=\"580\" height=\"329\" src=\"https:\/\/www.comverga.com\/deu\/wp-content\/uploads\/sites\/4\/2023\/06\/Detail_mechaniky-768x435.webp\" class=\"attachment-medium_large size-medium_large wp-image-3155\" alt=\"\" srcset=\"https:\/\/www.comverga.com\/deu\/wp-content\/uploads\/sites\/4\/2023\/06\/Detail_mechaniky-768x435.webp 768w, https:\/\/www.comverga.com\/deu\/wp-content\/uploads\/sites\/4\/2023\/06\/Detail_mechaniky-300x170.webp 300w, https:\/\/www.comverga.com\/deu\/wp-content\/uploads\/sites\/4\/2023\/06\/Detail_mechaniky.webp 985w\" sizes=\"(max-width: 580px) 100vw, 580px\" \/>\t\t\t\t\t\t\t\t\t\t\t\t\t\t\t<\/div>\n\t\t\t\t<\/div>\n\t\t\t\t\t<\/div>\n\t\t<\/div>\n\t\t\t\t<div class=\"elementor-column elementor-col-50 elementor-top-column elementor-element elementor-element-2740d6c2\" data-id=\"2740d6c2\" data-element_type=\"column\">\n\t\t\t<div class=\"elementor-widget-wrap elementor-element-populated\">\n\t\t\t\t\t\t\t\t<div class=\"elementor-element elementor-element-5e45b3a5 elementor-widget elementor-widget-text-editor\" data-id=\"5e45b3a5\" data-element_type=\"widget\" data-widget_type=\"text-editor.default\">\n\t\t\t\t<div class=\"elementor-widget-container\">\n\t\t\t\t\t\t\t<h3 style=\"margin-top: 0;\"><strong>\u00a0Mechanika<\/strong><\/h3><p>COMVERGA Omnichannel zawiera predefiniowane typy indywidualnych kampanii, tzw. mechaniki, z mo\u017cliwo\u015bci\u0105 stworzenia nowej mechaniki pod konkretny projekt.<br \/>Istniej\u0105ce mechanizmy oferuj\u0105 zar\u00f3wno kampanie wychodz\u0105ce, jak i przychodz\u0105ce z mo\u017cliwo\u015bci\u0105 selekcji, bezpo\u015bredniego zam\u00f3wienia, p\u0142atno\u015bci itp.<\/p>\t\t\t\t\t\t<\/div>\n\t\t\t\t<\/div>\n\t\t\t\t\t<\/div>\n\t\t<\/div>\n\t\t\t\t\t\t\t<\/div>\n\t\t<\/section>\n\t\t\t\t<section class=\"elementor-section elementor-top-section elementor-element elementor-element-78fa17cb elementor-section-boxed elementor-section-height-default elementor-section-height-default\" data-id=\"78fa17cb\" data-element_type=\"section\">\n\t\t\t\t\t\t<div class=\"elementor-container elementor-column-gap-default\">\n\t\t\t\t\t<div class=\"elementor-column elementor-col-50 elementor-top-column elementor-element elementor-element-68db54c4\" data-id=\"68db54c4\" data-element_type=\"column\">\n\t\t\t<div class=\"elementor-widget-wrap elementor-element-populated\">\n\t\t\t\t\t\t\t\t<div class=\"elementor-element elementor-element-56624d6d elementor-widget elementor-widget-text-editor\" data-id=\"56624d6d\" data-element_type=\"widget\" data-widget_type=\"text-editor.default\">\n\t\t\t\t<div class=\"elementor-widget-container\">\n\t\t\t\t\t\t\t<h3 style=\"margin-top: 0;\"><strong>Definicja kana\u0142\u00f3w i ich priorytet\u00f3w<\/strong><\/h3><ul><li>Priorytety ustalane s\u0105 indywidualnie<\/li><li>Spr\u00f3buj wybra\u0107 najbardziej odpowiedni kana\u0142<\/li><li>Dopasowanie kana\u0142u do kampanii lub partnera<\/li><li>Wykorzystanie preferowanego i optymalnego kosztowo kana\u0142u<\/li><li>Wyb\u00f3r kana\u0142u na podstawie dost\u0119pnych danych klient\u00f3w<\/li><li>Wyb\u00f3r na podstawie obecno\u015bci u\u017cytkownika w innych komunikatorach<\/li><\/ul>\t\t\t\t\t\t<\/div>\n\t\t\t\t<\/div>\n\t\t\t\t\t<\/div>\n\t\t<\/div>\n\t\t\t\t<div class=\"elementor-column elementor-col-50 elementor-top-column elementor-element elementor-element-2b07fa62\" data-id=\"2b07fa62\" data-element_type=\"column\">\n\t\t\t<div class=\"elementor-widget-wrap elementor-element-populated\">\n\t\t\t\t\t\t\t\t<div class=\"elementor-element elementor-element-192978e8 elementor-widget elementor-widget-image\" data-id=\"192978e8\" data-element_type=\"widget\" data-widget_type=\"image.default\">\n\t\t\t\t<div class=\"elementor-widget-container\">\n\t\t\t\t\t\t\t\t\t\t\t\t\t\t\t<img loading=\"lazy\" decoding=\"async\" width=\"580\" height=\"379\" src=\"https:\/\/www.comverga.com\/deu\/wp-content\/uploads\/sites\/4\/2023\/06\/Detail_priority-768x502.jpg\" class=\"attachment-medium_large size-medium_large wp-image-3156\" alt=\"\" srcset=\"https:\/\/www.comverga.com\/deu\/wp-content\/uploads\/sites\/4\/2023\/06\/Detail_priority-768x502.jpg 768w, https:\/\/www.comverga.com\/deu\/wp-content\/uploads\/sites\/4\/2023\/06\/Detail_priority-300x196.jpg 300w, https:\/\/www.comverga.com\/deu\/wp-content\/uploads\/sites\/4\/2023\/06\/Detail_priority.jpg 1000w\" sizes=\"(max-width: 580px) 100vw, 580px\" \/>\t\t\t\t\t\t\t\t\t\t\t\t\t\t\t<\/div>\n\t\t\t\t<\/div>\n\t\t\t\t\t<\/div>\n\t\t<\/div>\n\t\t\t\t\t\t\t<\/div>\n\t\t<\/section>\n\t\t\t\t<section class=\"elementor-section elementor-top-section elementor-element elementor-element-449e01d elementor-section-boxed elementor-section-height-default elementor-section-height-default\" data-id=\"449e01d\" data-element_type=\"section\">\n\t\t\t\t\t\t<div class=\"elementor-container elementor-column-gap-default\">\n\t\t\t\t\t<div class=\"elementor-column elementor-col-50 elementor-top-column elementor-element elementor-element-47e9d7ec\" data-id=\"47e9d7ec\" data-element_type=\"column\">\n\t\t\t<div class=\"elementor-widget-wrap elementor-element-populated\">\n\t\t\t\t\t\t\t\t<div class=\"elementor-element elementor-element-79cf83fb elementor-widget elementor-widget-image\" data-id=\"79cf83fb\" data-element_type=\"widget\" data-widget_type=\"image.default\">\n\t\t\t\t<div class=\"elementor-widget-container\">\n\t\t\t\t\t\t\t\t\t\t\t\t\t\t\t<img loading=\"lazy\" decoding=\"async\" width=\"580\" height=\"435\" src=\"https:\/\/www.comverga.com\/deu\/wp-content\/uploads\/sites\/4\/2023\/06\/SDP_campaign.jpg\" class=\"attachment-large size-large wp-image-3157\" alt=\"\" srcset=\"https:\/\/www.comverga.com\/deu\/wp-content\/uploads\/sites\/4\/2023\/06\/SDP_campaign.jpg 813w, https:\/\/www.comverga.com\/deu\/wp-content\/uploads\/sites\/4\/2023\/06\/SDP_campaign-300x225.jpg 300w, https:\/\/www.comverga.com\/deu\/wp-content\/uploads\/sites\/4\/2023\/06\/SDP_campaign-768x576.jpg 768w\" sizes=\"(max-width: 580px) 100vw, 580px\" \/>\t\t\t\t\t\t\t\t\t\t\t\t\t\t\t<\/div>\n\t\t\t\t<\/div>\n\t\t\t\t\t<\/div>\n\t\t<\/div>\n\t\t\t\t<div class=\"elementor-column elementor-col-50 elementor-top-column elementor-element elementor-element-dec2fba\" data-id=\"dec2fba\" data-element_type=\"column\">\n\t\t\t<div class=\"elementor-widget-wrap elementor-element-populated\">\n\t\t\t\t\t\t\t\t<div class=\"elementor-element elementor-element-19e7f2e9 elementor-widget elementor-widget-text-editor\" data-id=\"19e7f2e9\" data-element_type=\"widget\" data-widget_type=\"text-editor.default\">\n\t\t\t\t<div class=\"elementor-widget-container\">\n\t\t\t\t\t\t\t<h4 style=\"margin-top: 0; margin-bottom: 5px;\"><strong>graficzny interfejs u\u017cytkownika<\/strong><\/h4><ul><li>Korzystanie z Platformy \u015awiadczenia Us\u0142ug COMVERGA<\/li><li>Zarz\u0105dzanie kontaktami, grupami, zasobami, u\u017cytkownikami, skrzynk\u0105 odbiorcz\u0105<\/li><li>Prosta definicja kampanii, mechanika, proces zatwierdzania<\/li><\/ul><h4 style=\"margin: 5px 0;\"><strong>API<\/strong><\/h4><ul><li>Maksymalna mo\u017cliwa funkcjonalno\u015b\u0107 jak w GUI<\/li><li>Ujednolicony interfejs API we wszystkich kana\u0142ach<\/li><li>Bezpieczna komunikacja<\/li><li>Uproszczona integracja<\/li><li>Mo\u017cliwo\u015b\u0107 automatycznego generowania kodu w ponad 50 j\u0119zykach programowania.<\/li><\/ul>\t\t\t\t\t\t<\/div>\n\t\t\t\t<\/div>\n\t\t\t\t\t<\/div>\n\t\t<\/div>\n\t\t\t\t\t\t\t<\/div>\n\t\t<\/section>\n\t\t\t\t<section class=\"elementor-section elementor-top-section elementor-element elementor-element-29db4ea elementor-section-boxed elementor-section-height-default elementor-section-height-default\" data-id=\"29db4ea\" data-element_type=\"section\">\n\t\t\t\t\t\t<div class=\"elementor-container elementor-column-gap-default\">\n\t\t\t\t\t<div class=\"elementor-column elementor-col-50 elementor-top-column elementor-element elementor-element-6b13c182\" data-id=\"6b13c182\" data-element_type=\"column\">\n\t\t\t<div class=\"elementor-widget-wrap elementor-element-populated\">\n\t\t\t\t\t\t\t\t<div class=\"elementor-element elementor-element-1963b208 elementor-widget elementor-widget-text-editor\" data-id=\"1963b208\" data-element_type=\"widget\" data-widget_type=\"text-editor.default\">\n\t\t\t\t<div class=\"elementor-widget-container\">\n\t\t\t\t\t\t\t<h3 style=\"margin-top: 0;\"><strong>Dost\u0119pne i obs\u0142ugiwane kana\u0142y<\/strong><\/h3><ul><li>SMS-em<\/li><li>E-mail<\/li><li>MMS-y<\/li><li>RCS<\/li><li>telegram<\/li><li>Wiadomo\u015bci g\u0142osowe<\/li><li>Mikrowitryny internetowe<\/li><li>Inne aplikacje komunikatorowe<\/li><\/ul>\t\t\t\t\t\t<\/div>\n\t\t\t\t<\/div>\n\t\t\t\t\t<\/div>\n\t\t<\/div>\n\t\t\t\t<div class=\"elementor-column elementor-col-50 elementor-top-column elementor-element elementor-element-3db9fad2\" data-id=\"3db9fad2\" data-element_type=\"column\">\n\t\t\t<div class=\"elementor-widget-wrap elementor-element-populated\">\n\t\t\t\t\t\t\t\t<div class=\"elementor-element elementor-element-7628ccc1 elementor-widget elementor-widget-image\" data-id=\"7628ccc1\" data-element_type=\"widget\" data-widget_type=\"image.default\">\n\t\t\t\t<div class=\"elementor-widget-container\">\n\t\t\t\t\t\t\t\t\t\t\t\t\t\t\t<img loading=\"lazy\" decoding=\"async\" width=\"500\" height=\"474\" src=\"https:\/\/www.comverga.com\/deu\/wp-content\/uploads\/sites\/4\/2023\/06\/Detail_kanaly.jpg\" class=\"attachment-large size-large wp-image-3158\" alt=\"\" srcset=\"https:\/\/www.comverga.com\/deu\/wp-content\/uploads\/sites\/4\/2023\/06\/Detail_kanaly.jpg 500w, https:\/\/www.comverga.com\/deu\/wp-content\/uploads\/sites\/4\/2023\/06\/Detail_kanaly-300x284.jpg 300w\" sizes=\"(max-width: 500px) 100vw, 500px\" \/>\t\t\t\t\t\t\t\t\t\t\t\t\t\t\t<\/div>\n\t\t\t\t<\/div>\n\t\t\t\t\t<\/div>\n\t\t<\/div>\n\t\t\t\t\t\t\t<\/div>\n\t\t<\/section>\n\t\t\t\t<section class=\"elementor-section elementor-top-section elementor-element elementor-element-3ee1782 elementor-section-boxed elementor-section-height-default elementor-section-height-default\" data-id=\"3ee1782\" data-element_type=\"section\">\n\t\t\t\t\t\t<div class=\"elementor-container elementor-column-gap-default\">\n\t\t\t\t\t<div class=\"elementor-column elementor-col-50 elementor-top-column elementor-element elementor-element-c0d9ecd\" data-id=\"c0d9ecd\" data-element_type=\"column\">\n\t\t\t<div class=\"elementor-widget-wrap elementor-element-populated\">\n\t\t\t\t\t\t\t\t<div class=\"elementor-element elementor-element-cb64603 elementor-widget elementor-widget-image\" data-id=\"cb64603\" data-element_type=\"widget\" data-widget_type=\"image.default\">\n\t\t\t\t<div class=\"elementor-widget-container\">\n\t\t\t\t\t\t\t\t\t\t\t\t\t\t\t<img decoding=\"async\" src=\"https:\/\/www.comverga.com\/cze\/wp-content\/uploads\/sites\/3\/2023\/06\/Detail_vyuziti.webp\" title=\"\" alt=\"\" loading=\"lazy\" \/>\t\t\t\t\t\t\t\t\t\t\t\t\t\t\t<\/div>\n\t\t\t\t<\/div>\n\t\t\t\t\t<\/div>\n\t\t<\/div>\n\t\t\t\t<div class=\"elementor-column elementor-col-50 elementor-top-column elementor-element elementor-element-91a0b74\" data-id=\"91a0b74\" data-element_type=\"column\">\n\t\t\t<div class=\"elementor-widget-wrap elementor-element-populated\">\n\t\t\t\t\t\t\t\t<div class=\"elementor-element elementor-element-6cb6bdb elementor-widget elementor-widget-text-editor\" data-id=\"6cb6bdb\" data-element_type=\"widget\" data-widget_type=\"text-editor.default\">\n\t\t\t\t<div class=\"elementor-widget-container\">\n\t\t\t\t\t\t\t<h3 style=\"margin-top: 0;\"><strong>Mo\u017cliwo\u015bci wykorzystania<\/strong><\/h3><ul><li>Kampanie marketingowe<\/li><li>sprzeda\u017c<\/li><li>Zako\u0144cz proces sk\u0142adania zam\u00f3wienia<\/li><li>Nabytek<\/li><li>Upowa\u017cnienie<\/li><li>Wsparcie klienta<\/li><li>Komentarze i powiadomienia<\/li><li>Kana\u0142 informacyjny<\/li><\/ul>\t\t\t\t\t\t<\/div>\n\t\t\t\t<\/div>\n\t\t\t\t\t<\/div>\n\t\t<\/div>\n\t\t\t\t\t\t\t<\/div>\n\t\t<\/section>\n\t\t\t\t\t\t\t<\/div>","protected":false},"excerpt":{"rendered":"<p>Omnichannel Szczeg\u00f3\u0142y rozwi\u0105zania Integracja kana\u0142\u00f3w COMVERGA Omnichannel oferuje integracj\u0119 r\u00f3\u017cnych kana\u0142\u00f3w komunikacji w jednej platformie oraz okre\u015blenie zasad ich wykorzystania. Preferencje mo\u017cna ustawi\u0107 w zale\u017cno\u015bci od u\u017cytkownika ko\u0144cowego, w zale\u017cno\u015bci od wymaga\u0144 partnera lub w zale\u017cno\u015bci od dost\u0119pno\u015bci kana\u0142u komunikacji.Platforma oferuje mo\u017cliwo\u015b\u0107 stworzenia w\u0142asnej, markowej aplikacji do przesy\u0142ania wiadomo\u015bci dla klienta.<\/p>","protected":false},"author":1,"featured_media":3147,"parent":3145,"menu_order":5,"comment_status":"closed","ping_status":"closed","template":"","meta":{"footnotes":""},"_links":{"self":[{"href":"https:\/\/www.comverga.com\/deu\/pl\/wp-json\/wp\/v2\/pages\/3151"}],"collection":[{"href":"https:\/\/www.comverga.com\/deu\/pl\/wp-json\/wp\/v2\/pages"}],"about":[{"href":"https:\/\/www.comverga.com\/deu\/pl\/wp-json\/wp\/v2\/types\/page"}],"author":[{"embeddable":true,"href":"https:\/\/www.comverga.com\/deu\/pl\/wp-json\/wp\/v2\/users\/1"}],"replies":[{"embeddable":true,"href":"https:\/\/www.comverga.com\/deu\/pl\/wp-json\/wp\/v2\/comments?post=3151"}],"version-history":[{"count":7,"href":"https:\/\/www.comverga.com\/deu\/pl\/wp-json\/wp\/v2\/pages\/3151\/revisions"}],"predecessor-version":[{"id":3380,"href":"https:\/\/www.comverga.com\/deu\/pl\/wp-json\/wp\/v2\/pages\/3151\/revisions\/3380"}],"up":[{"embeddable":true,"href":"https:\/\/www.comverga.com\/deu\/pl\/wp-json\/wp\/v2\/pages\/3145"}],"wp:featuredmedia":[{"embeddable":true,"href":"https:\/\/www.comverga.com\/deu\/pl\/wp-json\/wp\/v2\/media\/3147"}],"wp:attachment":[{"href":"https:\/\/www.comverga.com\/deu\/pl\/wp-json\/wp\/v2\/media?parent=3151"}],"curies":[{"name":"wp","href":"https:\/\/api.w.org\/{rel}","templated":true}]}}