{"id":3182,"date":"2023-06-14T14:56:01","date_gmt":"2023-06-14T12:56:01","guid":{"rendered":"https:\/\/www.comverga.com\/deu\/?page_id=3182"},"modified":"2023-12-13T13:08:05","modified_gmt":"2023-12-13T12:08:05","slug":"fuehrendes-fmcg-unternehmen","status":"publish","type":"page","link":"https:\/\/www.comverga.com\/deu\/pl\/dienstleistungen\/aggregation-der-konnektivitaet\/omnichannel\/fuehrendes-fmcg-unternehmen\/","title":{"rendered":"Wiod\u0105ca firma FMCG"},"content":{"rendered":"<div data-elementor-type=\"wp-page\" data-elementor-id=\"3182\" class=\"elementor elementor-3182\">\n\t\t\t\t\t\t\t\t\t<section class=\"elementor-section elementor-top-section elementor-element elementor-element-61aae5ea elementor-section-boxed elementor-section-height-default elementor-section-height-default\" data-id=\"61aae5ea\" data-element_type=\"section\">\n\t\t\t\t\t\t<div class=\"elementor-container elementor-column-gap-default\">\n\t\t\t\t\t<div class=\"elementor-column elementor-col-50 elementor-top-column elementor-element elementor-element-7af723c3\" data-id=\"7af723c3\" data-element_type=\"column\">\n\t\t\t<div class=\"elementor-widget-wrap elementor-element-populated\">\n\t\t\t\t\t\t\t\t<div class=\"elementor-element elementor-element-3d83f671 elementor-widget elementor-widget-text-editor\" data-id=\"3d83f671\" data-element_type=\"widget\" data-widget_type=\"text-editor.default\">\n\t\t\t\t<div class=\"elementor-widget-container\">\n\t\t\t\t\t\t\t<div class=\"usecase-text\"><h2 style=\"text-align: left; margin-top: 0;\">Wiod\u0105ca firma FMCG<\/h2><p>Partner to wiod\u0105ca \u015bwiatowa firma FMCG z histori\u0105 si\u0119gaj\u0105c\u0105 XIX wieku. wiek. W jej portfolio znajduj\u0105 si\u0119 artyku\u0142y spo\u017cywcze, napoje, artyku\u0142y drogeryjne i wiele innych. <br \/>W ramach dzia\u0142a\u0144 marketingowych sp\u00f3\u0142ka komunikuje si\u0119 z klientami za po\u015brednictwem r\u00f3\u017cnych kana\u0142\u00f3w komunikacji (e-mail, SMS, formularze internetowe itp.).<\/p><\/div>\t\t\t\t\t\t<\/div>\n\t\t\t\t<\/div>\n\t\t\t\t\t<\/div>\n\t\t<\/div>\n\t\t\t\t<div class=\"elementor-column elementor-col-50 elementor-top-column elementor-element elementor-element-79ec98d5\" data-id=\"79ec98d5\" data-element_type=\"column\">\n\t\t\t<div class=\"elementor-widget-wrap elementor-element-populated\">\n\t\t\t\t\t\t\t\t<div class=\"elementor-element elementor-element-4e111777 elementor-widget elementor-widget-image\" data-id=\"4e111777\" data-element_type=\"widget\" data-widget_type=\"image.default\">\n\t\t\t\t<div class=\"elementor-widget-container\">\n\t\t\t\t\t\t\t\t\t\t\t\t\t\t\t<img fetchpriority=\"high\" decoding=\"async\" width=\"580\" height=\"387\" src=\"https:\/\/www.comverga.com\/deu\/wp-content\/uploads\/sites\/4\/2023\/06\/fmcg-1024x683.jpg\" class=\"attachment-large size-large wp-image-3183\" alt=\"\" srcset=\"https:\/\/www.comverga.com\/deu\/wp-content\/uploads\/sites\/4\/2023\/06\/fmcg-1024x683.jpg 1024w, https:\/\/www.comverga.com\/deu\/wp-content\/uploads\/sites\/4\/2023\/06\/fmcg-300x200.jpg 300w, https:\/\/www.comverga.com\/deu\/wp-content\/uploads\/sites\/4\/2023\/06\/fmcg-768x512.jpg 768w, https:\/\/www.comverga.com\/deu\/wp-content\/uploads\/sites\/4\/2023\/06\/fmcg-1200x800.jpg 1200w, https:\/\/www.comverga.com\/deu\/wp-content\/uploads\/sites\/4\/2023\/06\/fmcg.jpg 1362w\" sizes=\"(max-width: 580px) 100vw, 580px\" \/>\t\t\t\t\t\t\t\t\t\t\t\t\t\t\t<\/div>\n\t\t\t\t<\/div>\n\t\t\t\t\t<\/div>\n\t\t<\/div>\n\t\t\t\t\t\t\t<\/div>\n\t\t<\/section>\n\t\t\t\t<section class=\"elementor-section elementor-top-section elementor-element elementor-element-7799992e elementor-section-boxed elementor-section-height-default elementor-section-height-default\" data-id=\"7799992e\" data-element_type=\"section\">\n\t\t\t\t\t\t<div class=\"elementor-container elementor-column-gap-default\">\n\t\t\t\t\t<div class=\"elementor-column elementor-col-50 elementor-top-column elementor-element elementor-element-7807423c\" data-id=\"7807423c\" data-element_type=\"column\">\n\t\t\t<div class=\"elementor-widget-wrap elementor-element-populated\">\n\t\t\t\t\t\t\t\t<div class=\"elementor-element elementor-element-108119ec elementor-widget elementor-widget-sidebar\" data-id=\"108119ec\" data-element_type=\"widget\" data-widget_type=\"sidebar.default\">\n\t\t\t\t<div class=\"elementor-widget-container\">\n\t\t\t<div id=\"widget-box\" class=\"smart-watch\">\n\t<img decoding=\"async\" src=\"https:\/\/www.coopmobil.cz\/wp-content\/uploads\/2021\/04\/coop-mobil-logo.svg\"><br>\n\t<span>Sektory przemys\u0142u<\/span>\n<p>\n\t\tOperator telekomunikacyjny - detaliczny\n\t<\/p>\n<span>produkt<\/span>\n<p>\n\t\tPakiet Smartwatch + \u0142\u0105czno\u015b\u0107 danych\n\t<\/p>\n<\/div>\n<div id=\"widget-box\" class=\"operator\">\n\t<img decoding=\"async\" src=\"https:\/\/www.coopmobil.cz\/wp-content\/uploads\/2021\/04\/coop-mobil-logo.svg\"><br>\n\t<span>Sektory przemys\u0142u<\/span>\n<p>\n\t\tOperator telekomunikacyjny - Detal\n\t<\/p>\n<span>produkt<\/span>\n<p>\n\t\tRealizacja mailing\u00f3w marketingowych\n\t<\/p>\n<\/div>\n<div id=\"widget-box\" class=\"caravan\">\n<img decoding=\"async\" src=\"\/deu\/wp-content\/uploads\/sites\/4\/2023\/04\/caravan-logo.jpg\"><br>\n<span>Sektory przemys\u0142u<\/span>\n<p>\n\t\tSystemy \u015bledzenia pojazd\u00f3w GPS, \u0142\u0105czno\u015b\u0107 danych\n\t<\/p>\n<span>produkt<\/span>\n<p>\n\t\tRozwi\u0105zania umo\u017cliwiaj\u0105ce dost\u0119p do Internetu w podr\u00f3\u017cy\n\t<\/p>\n<\/div>\n<div id=\"widget-box\" class=\"support\">\n\t<img decoding=\"async\" src=\"https:\/\/www.coopmobil.cz\/wp-content\/uploads\/2021\/04\/coop-mobil-logo.svg\"><br>\n\t<span>Sektory przemys\u0142u<\/span>\n<p>\n\t\tOperator telekomunikacyjny - Detal\n\t<\/p>\n<span>produkt<\/span>\n<p>\n\t\tPrzewodnik obs\u0142ugi klienta\n\t<\/p>\n<\/div>\n<div id=\"widget-box\" class=\"camera\">\n<img decoding=\"async\" src=\"\/deu\/wp-content\/uploads\/sites\/4\/2023\/04\/camera-logo.jpg\"><br>\n<span>Sektory przemys\u0142u<\/span>\n<p>\n\t\tSystemy bezpiecze\u0144stwa\n\t<\/p>\n<span>produkt<\/span>\n<p>\n\t\tKamery z transmisj\u0105 online\n\t<\/p>\n<\/div>\n<div id=\"widget-box\" class=\"event\">\n\t<img decoding=\"async\" src=\"\/cze\/wp-content\/uploads\/sites\/3\/2023\/04\/event-logo.png\" style=\"width: 50px\"><br>\n\t<span>Sektory przemys\u0142u<\/span>\n<p>\n\t\tAgencja eventowa\n\t<\/p>\n<span>produkt<\/span>\n<p>\n\t\tOrganizacja wydarzenia \u2013 komunikacja z uczestnikami\n\t<\/p>\n<\/div>\n<div id=\"widget-box\" class=\"competition\">\n\t<img decoding=\"async\" src=\"\/cze\/wp-content\/uploads\/sites\/3\/2023\/04\/competition-logo.png\" style=\"width: 50px\"><br>\n\t<span>Sektory przemys\u0142u<\/span>\n<p>\n\t\tDobra konsumpcyjne\n\t<\/p>\n<span>produkt<\/span>\n<p>\n\t\tKonkurencja konsumencka\n\t<\/p>\n<\/div>\n<div id=\"widget-box\" class=\"marketing\">\n\t<img decoding=\"async\" src=\"\/deu\/wp-content\/uploads\/sites\/3\/2023\/06\/marketing-logo.png\" style=\"width: 50px\"><br>\n\t<span>Sektory przemys\u0142u<\/span>\n<p>\n\t\tKomunikacja marketingowa\n\t<\/p>\n<span>produkt<\/span>\n<p>\n\t\tRealizacja kampanii marketingowych\n\t<\/p>\n<\/div>\n<div id=\"widget-box\" class=\"fmcg\">\n\t<img decoding=\"async\" src=\"\/deu\/wp-content\/uploads\/sites\/3\/2023\/06\/fmcg-logo.png\" style=\"width: 50px\"><br>\n\t<span>Sektory przemys\u0142u<\/span>\n<p>\n\t\tFMCG<br>Szybko zbywalne towary konsumpcyjne\n\t<\/p>\n<span>produkt<\/span>\n<p>\n\t\tJedzenie, napoje, drogeria\n\t<\/p>\n<\/div>\n\n<div id=\"widget-box\" class=\"iot\">\n\t<img decoding=\"async\" src=\"\/cze\/wp-content\/uploads\/sites\/3\/2025\/09\/iot_icon.png\" style=\"width: 50px\"><br>\n\t<span>Sektory przemys\u0142u<\/span>\n<p>\n\t\tIoT, SIM\/eSIM management\n\t<\/p>\n<span>produkt<\/span>\n<p>\n\t\tCzujniki IoT dla przemys\u0142u i gospodarstw domowych \n\t<\/p>\n<\/div>\n\n<div id=\"widget-box\" class=\"truck\">\n\t<img decoding=\"async\" src=\"\/cze\/wp-content\/uploads\/sites\/3\/2025\/09\/truck_monitoring.png\" style=\"width: 50px\"><br>\n\t<span>Sektory przemys\u0142u<\/span>\n<p>\n\t\tIoT, SIM\/eSIM management\n\t<\/p>\n<span>produkt<\/span>\n<p>\n\t\t eSIM do monitorowania pojazd\u00f3w \n\t<\/p>\n<\/div>\n\n<div id=\"widget-box\" class=\"drone\">\n\t<img decoding=\"async\" src=\"\/cze\/wp-content\/uploads\/sites\/3\/2025\/09\/drone_icon.png\" style=\"width: 80px\"><br>\n\t<span>Sektory przemys\u0142u<\/span>\n<p>\n\t\t IoT, SIM\/eSIM management \n\t<\/p>\n<span>produkt<\/span>\n<p>\n\t\t eSIM f\u00fcr Drohnenflotten \n\t<\/p>\n<\/div>\t\t<\/div>\n\t\t\t\t<\/div>\n\t\t\t\t\t<\/div>\n\t\t<\/div>\n\t\t\t\t<div class=\"elementor-column elementor-col-50 elementor-top-column elementor-element elementor-element-3bf1b955\" data-id=\"3bf1b955\" data-element_type=\"column\">\n\t\t\t<div class=\"elementor-widget-wrap elementor-element-populated\">\n\t\t\t\t\t\t\t\t<div class=\"elementor-element elementor-element-4688f5eb elementor-widget elementor-widget-text-editor\" data-id=\"4688f5eb\" data-element_type=\"widget\" data-widget_type=\"text-editor.default\">\n\t\t\t\t<div class=\"elementor-widget-container\">\n\t\t\t\t\t\t\t<p>Partner potrzebuje rozwi\u0105zania, kt\u00f3re skonsoliduje poszczeg\u00f3lne kana\u0142y komunikacji w jedno \u015brodowisko, aby osi\u0105gn\u0105\u0107 ujednolicone zarz\u0105dzanie i zoptymalizowa\u0107 koszty utrzymania ka\u017cdego rozwi\u0105zania. Dzi\u015b jej klienci korzystaj\u0105 z r\u00f3\u017cnych kana\u0142\u00f3w i trudno \u201etrafi\u0107\u201d w odpowiedni kana\u0142 dla konkretnego klienta. Jednocze\u015bnie partnerowi brakuje narz\u0119dzia umo\u017cliwiaj\u0105cego przegl\u0105d kana\u0142\u00f3w wykorzystywanych\/dost\u0119pnych dla ka\u017cdego klienta oraz okre\u015blenie priorytet\u00f3w kana\u0142\u00f3w komunikacji dla poszczeg\u00f3lnych kampanii.<\/p><p>Dzi\u0119ki rozwi\u0105zaniu Omnichannel firmy COMVERGA partner zyska\u0142 intuicyjne \u015brodowisko, w kt\u00f3rym mo\u017ce korzysta\u0107 z kana\u0142\u00f3w komunikacji, z kt\u00f3rych obecnie korzysta, a tak\u017ce z tych, z kt\u00f3rych chcia\u0142by korzysta\u0107 w przysz\u0142o\u015bci.<\/p>\t\t\t\t\t\t<\/div>\n\t\t\t\t<\/div>\n\t\t\t\t\t<\/div>\n\t\t<\/div>\n\t\t\t\t\t\t\t<\/div>\n\t\t<\/section>\n\t\t\t\t<section class=\"elementor-section elementor-top-section elementor-element elementor-element-214eeb27 elementor-section-boxed elementor-section-height-default elementor-section-height-default\" data-id=\"214eeb27\" data-element_type=\"section\">\n\t\t\t\t\t\t<div class=\"elementor-container elementor-column-gap-default\">\n\t\t\t\t\t<div class=\"elementor-column elementor-col-50 elementor-top-column elementor-element elementor-element-18023a89\" data-id=\"18023a89\" data-element_type=\"column\" data-settings=\"{&quot;background_background&quot;:&quot;classic&quot;}\">\n\t\t\t<div class=\"elementor-widget-wrap elementor-element-populated\">\n\t\t\t\t\t\t\t\t<div class=\"elementor-element elementor-element-160c5b96 elementor-widget elementor-widget-text-editor\" data-id=\"160c5b96\" data-element_type=\"widget\" data-widget_type=\"text-editor.default\">\n\t\t\t\t<div class=\"elementor-widget-container\">\n\t\t\t\t\t\t\t<h3><strong>Co wygra\u0142 partner:<\/strong><\/h3><ul><li>Mo\u017cliwo\u015b\u0107 wykorzystania wszystkich dost\u0119pnych kana\u0142\u00f3w<\/li><li>Zaawansowane narz\u0119dzie do zarz\u0105dzania kampaniami<\/li><li>Personalizacja komunikacji z klientem<\/li><li>\u0141atwe definiowanie priorytet\u00f3w kana\u0142\u00f3w<\/li><li>Identyfikacja odpowiedniego kana\u0142u klienta i jego dost\u0119pno\u015bci<\/li><\/ul>\t\t\t\t\t\t<\/div>\n\t\t\t\t<\/div>\n\t\t\t\t\t<\/div>\n\t\t<\/div>\n\t\t\t\t<div class=\"elementor-column elementor-col-50 elementor-top-column elementor-element elementor-element-78c0385a\" data-id=\"78c0385a\" data-element_type=\"column\" data-settings=\"{&quot;background_background&quot;:&quot;classic&quot;}\">\n\t\t\t<div class=\"elementor-widget-wrap elementor-element-populated\">\n\t\t\t\t\t\t\t\t<div class=\"elementor-element elementor-element-1c25d2dc elementor-widget elementor-widget-text-editor\" data-id=\"1c25d2dc\" data-element_type=\"widget\" data-widget_type=\"text-editor.default\">\n\t\t\t\t<div class=\"elementor-widget-container\">\n\t\t\t\t\t\t\t<h3><strong>COMVERGA oferuje:<\/strong><\/h3><ul><li>Intuicyjne \u015brodowisko integracji kana\u0142\u00f3w<\/li><li>\u015arodowisko do definiowania kampanii<\/li><li>Definiowanie kampanii i sprawdzanie obecno\u015bci na kanale<\/li><li>Zarz\u0105dzanie grup\u0105 docelow\u0105<\/li><li>Mechanika kampanii i zatwierdzenia<\/li><\/ul>\t\t\t\t\t\t<\/div>\n\t\t\t\t<\/div>\n\t\t\t\t\t<\/div>\n\t\t<\/div>\n\t\t\t\t\t\t\t<\/div>\n\t\t<\/section>\n\t\t\t\t\t\t\t<\/div>","protected":false},"excerpt":{"rendered":"<p>Leading FMCG Company Partner jest wiod\u0105c\u0105 \u015bwiatow\u0105 firm\u0105 FMCG z histori\u0105 si\u0119gaj\u0105c\u0105 XIX wieku. wiek. W jej portfolio znajduj\u0105 si\u0119 artyku\u0142y spo\u017cywcze, napoje, artyku\u0142y drogeryjne i wiele innych. W ramach swoich dzia\u0142a\u0144 marketingowych firma komunikuje si\u0119 z klientami za po\u015brednictwem r\u00f3\u017cnych kana\u0142\u00f3w komunikacji (e-mail, SMS, formularze internetowe itp.) Partner potrzebuje rozwi\u0105zania umo\u017cliwiaj\u0105cego konsolidacj\u0119 poszczeg\u00f3lnych kana\u0142\u00f3w komunikacji w [\u2026]<\/p>","protected":false},"author":1,"featured_media":3147,"parent":3145,"menu_order":5,"comment_status":"closed","ping_status":"closed","template":"","meta":{"footnotes":""},"_links":{"self":[{"href":"https:\/\/www.comverga.com\/deu\/pl\/wp-json\/wp\/v2\/pages\/3182"}],"collection":[{"href":"https:\/\/www.comverga.com\/deu\/pl\/wp-json\/wp\/v2\/pages"}],"about":[{"href":"https:\/\/www.comverga.com\/deu\/pl\/wp-json\/wp\/v2\/types\/page"}],"author":[{"embeddable":true,"href":"https:\/\/www.comverga.com\/deu\/pl\/wp-json\/wp\/v2\/users\/1"}],"replies":[{"embeddable":true,"href":"https:\/\/www.comverga.com\/deu\/pl\/wp-json\/wp\/v2\/comments?post=3182"}],"version-history":[{"count":18,"href":"https:\/\/www.comverga.com\/deu\/pl\/wp-json\/wp\/v2\/pages\/3182\/revisions"}],"predecessor-version":[{"id":3641,"href":"https:\/\/www.comverga.com\/deu\/pl\/wp-json\/wp\/v2\/pages\/3182\/revisions\/3641"}],"up":[{"embeddable":true,"href":"https:\/\/www.comverga.com\/deu\/pl\/wp-json\/wp\/v2\/pages\/3145"}],"wp:featuredmedia":[{"embeddable":true,"href":"https:\/\/www.comverga.com\/deu\/pl\/wp-json\/wp\/v2\/media\/3147"}],"wp:attachment":[{"href":"https:\/\/www.comverga.com\/deu\/pl\/wp-json\/wp\/v2\/media?parent=3182"}],"curies":[{"name":"wp","href":"https:\/\/api.w.org\/{rel}","templated":true}]}}