{"id":346,"date":"2020-11-25T15:07:42","date_gmt":"2020-11-25T14:07:42","guid":{"rendered":"https:\/\/www.comverga.com\/?page_id=346"},"modified":"2024-06-06T06:39:36","modified_gmt":"2024-06-06T04:39:36","slug":"branchen","status":"publish","type":"page","link":"https:\/\/www.comverga.com\/deu\/pl\/branchen\/","title":{"rendered":"Sektory przemys\u0142u"},"content":{"rendered":"<div data-elementor-type=\"wp-page\" data-elementor-id=\"346\" class=\"elementor elementor-346\">\n\t\t\t\t\t\t\t\t\t<section class=\"elementor-section elementor-top-section elementor-element elementor-element-5654f4df elementor-section-boxed elementor-section-height-default elementor-section-height-default\" data-id=\"5654f4df\" data-element_type=\"section\">\n\t\t\t\t\t\t<div class=\"elementor-container elementor-column-gap-default\">\n\t\t\t\t\t<div class=\"elementor-column elementor-col-100 elementor-top-column elementor-element elementor-element-2930c8da\" data-id=\"2930c8da\" data-element_type=\"column\">\n\t\t\t<div class=\"elementor-widget-wrap elementor-element-populated\">\n\t\t\t\t\t\t\t\t<div class=\"elementor-element elementor-element-256a4d99 elementor-widget elementor-widget-text-editor\" data-id=\"256a4d99\" data-element_type=\"widget\" data-widget_type=\"text-editor.default\">\n\t\t\t\t<div class=\"elementor-widget-container\">\n\t\t\t\t\t\t\t<p>Nasze us\u0142ugi i wsparcie skierowane s\u0105 do przedstawicieli r\u00f3\u017cnych rynk\u00f3w i bran\u017c takich jak finanse, administracja, telekomunikacja, edukacja itp. Aby uzyska\u0107 wi\u0119cej informacji na temat danego segmentu, wybierz ofert\u0119.<\/p>\t\t\t\t\t\t<\/div>\n\t\t\t\t<\/div>\n\t\t\t\t\t<\/div>\n\t\t<\/div>\n\t\t\t\t\t\t\t<\/div>\n\t\t<\/section>\n\t\t\t\t\t\t\t<\/div>","protected":false},"excerpt":{"rendered":"<p>Nasze us\u0142ugi i wsparcie skierowane s\u0105 do przedstawicieli r\u00f3\u017cnych rynk\u00f3w i bran\u017c takich jak finanse, administracja, telekomunikacja, edukacja itp. Aby uzyska\u0107 wi\u0119cej informacji na temat danego segmentu, wybierz ofert\u0119.<\/p>","protected":false},"author":1,"featured_media":3264,"parent":0,"menu_order":0,"comment_status":"closed","ping_status":"closed","template":"","meta":{"footnotes":""},"_links":{"self":[{"href":"https:\/\/www.comverga.com\/deu\/pl\/wp-json\/wp\/v2\/pages\/346"}],"collection":[{"href":"https:\/\/www.comverga.com\/deu\/pl\/wp-json\/wp\/v2\/pages"}],"about":[{"href":"https:\/\/www.comverga.com\/deu\/pl\/wp-json\/wp\/v2\/types\/page"}],"author":[{"embeddable":true,"href":"https:\/\/www.comverga.com\/deu\/pl\/wp-json\/wp\/v2\/users\/1"}],"replies":[{"embeddable":true,"href":"https:\/\/www.comverga.com\/deu\/pl\/wp-json\/wp\/v2\/comments?post=346"}],"version-history":[{"count":10,"href":"https:\/\/www.comverga.com\/deu\/pl\/wp-json\/wp\/v2\/pages\/346\/revisions"}],"predecessor-version":[{"id":3767,"href":"https:\/\/www.comverga.com\/deu\/pl\/wp-json\/wp\/v2\/pages\/346\/revisions\/3767"}],"wp:featuredmedia":[{"embeddable":true,"href":"https:\/\/www.comverga.com\/deu\/pl\/wp-json\/wp\/v2\/media\/3264"}],"wp:attachment":[{"href":"https:\/\/www.comverga.com\/deu\/pl\/wp-json\/wp\/v2\/media?parent=346"}],"curies":[{"name":"wp","href":"https:\/\/api.w.org\/{rel}","templated":true}]}}