{"id":366,"date":"2020-11-25T15:21:43","date_gmt":"2020-11-25T14:21:43","guid":{"rendered":"https:\/\/www.comverga.com\/?page_id=366"},"modified":"2025-03-19T09:55:37","modified_gmt":"2025-03-19T08:55:37","slug":"kontakt-2","status":"publish","type":"page","link":"https:\/\/www.comverga.com\/deu\/pl\/kontakt-2\/","title":{"rendered":"Kontakt"},"content":{"rendered":"<div data-elementor-type=\"wp-page\" data-elementor-id=\"366\" class=\"elementor elementor-366\">\n\t\t\t\t\t\t\t\t\t<section class=\"elementor-section elementor-top-section elementor-element elementor-element-5b559603 elementor-section-boxed elementor-section-height-default elementor-section-height-default\" data-id=\"5b559603\" data-element_type=\"section\">\n\t\t\t\t\t\t<div class=\"elementor-container elementor-column-gap-default\">\n\t\t\t\t\t<div class=\"elementor-column elementor-col-100 elementor-top-column elementor-element elementor-element-7c8a6860\" data-id=\"7c8a6860\" data-element_type=\"column\">\n\t\t\t<div class=\"elementor-widget-wrap elementor-element-populated\">\n\t\t\t\t\t\t\t\t<div class=\"elementor-element elementor-element-5997220a elementor-widget elementor-widget-text-editor\" data-id=\"5997220a\" data-element_type=\"widget\" data-widget_type=\"text-editor.default\">\n\t\t\t\t<div class=\"elementor-widget-container\">\n\t\t\t\t\t\t\t<!-- wp:columns -->\n<div class=\"wp-block-columns\"><!-- wp:column -->\n<div class=\"wp-block-column\" style=\"margin-right: 6px;\"><!-- wp:image {\"id\":520,\"sizeSlug\":\"full\"} -->\n<figure class=\"wp-block-image size-full\"><img fetchpriority=\"high\" decoding=\"async\" width=\"640\" height=\"380\" class=\"wp-image-520\" style=\"width: 305px;\" src=\"https:\/\/www.comverga.com\/deu\/wp-content\/uploads\/sites\/4\/2020\/11\/prag.jpg\" alt=\"\" srcset=\"https:\/\/www.comverga.com\/deu\/wp-content\/uploads\/sites\/4\/2020\/11\/prag.jpg 640w, https:\/\/www.comverga.com\/deu\/wp-content\/uploads\/sites\/4\/2020\/11\/prag-300x178.jpg 300w\" sizes=\"(max-width: 640px) 100vw, 640px\" \/><\/figure>\n<!-- \/wp:image --><!-- wp:paragraph -->\n<p><strong>REPUBLIKA CZESKA<br \/><\/strong><\/p>\n<div class=\"country-seperate-line\">\u00a0<\/div>\n<p><strong><br \/>COMVERGA a.s.<\/strong><br \/>+420 234 493 141<br \/>info@comverga.com<\/p>\n<!-- \/wp:paragraph --><!-- wp:paragraph -->\n<p><strong>PRAGA<\/strong><br \/>Starokoli\u0144skiej 306<br \/>190 16 Prag 9 \u2013 \u00dajezd nad Lesy<\/p>\n<!-- \/wp:paragraph --><!-- wp:paragraph --><!-- \/wp:paragraph --><!-- wp:paragraph -->\n<p><strong>HRADEC KR\u00c1LOV\u00c9<\/strong><br \/>Trz. Karol IV 468<br \/>500 02 Hradec Kr\u00e1lov\u00e9<\/p>\n<!-- \/wp:paragraph --><!-- wp:paragraph -->\n<p><strong>TRUTNOW<\/strong><br \/>Hradebni 12<br \/>541 01 Trutnow<\/p>\n<!-- \/wp:paragraph --><!-- wp:paragraph -->\n<p>I\u010c: 25949098<br \/>Pole danych: jpgevyr<br \/>DUNS: 495006301<\/p>\n<!-- \/wp:paragraph --><\/div>\n<!-- \/wp:column --><!-- wp:column -->\n<div class=\"wp-block-column\" style=\"margin-right: 6px;\"><!-- wp:image {\"id\":522,\"sizeSlug\":\"full\"} -->\n<figure class=\"wp-block-image size-full\"><img decoding=\"async\" width=\"305\" height=\"181\" class=\"wp-image-522\" src=\"https:\/\/www.comverga.com\/deu\/wp-content\/uploads\/sites\/4\/2020\/11\/warszawa-e1606722911282.jpg\" alt=\"\" srcset=\"https:\/\/www.comverga.com\/deu\/wp-content\/uploads\/sites\/4\/2020\/11\/warszawa-e1606722911282.jpg 305w, https:\/\/www.comverga.com\/deu\/wp-content\/uploads\/sites\/4\/2020\/11\/warszawa-e1606722911282-300x178.jpg 300w\" sizes=\"(max-width: 305px) 100vw, 305px\" \/><\/figure>\n<!-- \/wp:image --><!-- wp:paragraph -->\n<p><strong>POLSKA<br \/><\/strong><\/p>\n<div class=\"country-seperate-line\">\u00a0<\/div>\n<p><strong><br \/>COMVERGA Sp. z o. o.<\/strong><br \/>+48 22 843 49 19<br \/>biuro@comverga.com<\/p>\n<!-- \/wp:paragraph --><!-- wp:paragraph -->\n<p><strong>WARSZAWA<\/strong><br \/>ul Wita Stwosza 28 A<br \/>02-661 Warszawa<\/p>\n<!-- \/wp:paragraph --><\/div>\n<!-- \/wp:column --><!-- wp:column -->\n<div class=\"wp-block-column\"><!-- wp:image {\"id\":1013,\"sizeSlug\":\"large\",\"linkDestination\":\"none\"} -->\n<figure class=\"wp-block-image size-large\"><img decoding=\"async\" width=\"305\" height=\"181\" class=\"wp-image-1013\" src=\"https:\/\/www.comverga.com\/deu\/wp-content\/uploads\/sites\/4\/2021\/01\/berlin-1.jpg\" alt=\"\" srcset=\"https:\/\/www.comverga.com\/deu\/wp-content\/uploads\/sites\/4\/2021\/01\/berlin-1.jpg 305w, https:\/\/www.comverga.com\/deu\/wp-content\/uploads\/sites\/4\/2021\/01\/berlin-1-300x178.jpg 300w\" sizes=\"(max-width: 305px) 100vw, 305px\" \/><\/figure>\n<!-- \/wp:image --><!-- wp:paragraph -->\n<p><strong>NIEMCY<br \/><\/strong><\/p>\n<div class=\"country-seperate-line\">\u00a0<\/div>\n<p><strong><br \/>COMVERGA GmbH<\/strong><br \/>+49 30 568373713<br \/>info@comverga.com<\/p>\n<!-- \/wp:paragraph --><!-- wp:paragraph -->\n<p><strong>BERLIN<\/strong><br \/>Plac Poczdamski 10<br \/>10785 Berlina<\/p>\n<!-- \/wp:paragraph --><\/div>\n<!-- \/wp:column --><\/div>\n<!-- \/wp:columns --><!-- wp:paragraph -->\n<p>\u00a0<\/p>\n<!-- \/wp:paragraph -->\t\t\t\t\t\t<\/div>\n\t\t\t\t<\/div>\n\t\t\t\t\t<\/div>\n\t\t<\/div>\n\t\t\t\t\t\t\t<\/div>\n\t\t<\/section>\n\t\t\t\t\t\t\t<\/div>","protected":false},"excerpt":{"rendered":"<p>TSCHECHISCHE REPUBLIC \u00a0 COMVERGA a.s.+420 234 493 141info@comverga.com PRAGStarokol\u00ednsk\u00e1 306190 16 Prag 9 \u2013 \u00dajezd nad Lesy HRADEC KR\u00c1LOV\u00c9T\u0159. Karla IV. 468500 02 Hradec Kr\u00e1lov\u00e9 TRUTNOVHradebn\u00ed 12541 01 Trutnov I\u010c: 25949098Datenfeld: jpgevyrD-U-N-S: 495006301 POLEN \u00a0 COMVERGA Sp. z\u00a0o. o.+48 22 843 49 19biuro@comverga.com WARSCHAUul. Wita Stwosza 28 A02-661 Warschau DEUTSCHLAND \u00a0 COMVERGA GmbH+49 30 568373713info@comverga.com [&hellip;]<\/p>","protected":false},"author":1,"featured_media":139,"parent":0,"menu_order":0,"comment_status":"closed","ping_status":"closed","template":"","meta":{"footnotes":""},"_links":{"self":[{"href":"https:\/\/www.comverga.com\/deu\/pl\/wp-json\/wp\/v2\/pages\/366"}],"collection":[{"href":"https:\/\/www.comverga.com\/deu\/pl\/wp-json\/wp\/v2\/pages"}],"about":[{"href":"https:\/\/www.comverga.com\/deu\/pl\/wp-json\/wp\/v2\/types\/page"}],"author":[{"embeddable":true,"href":"https:\/\/www.comverga.com\/deu\/pl\/wp-json\/wp\/v2\/users\/1"}],"replies":[{"embeddable":true,"href":"https:\/\/www.comverga.com\/deu\/pl\/wp-json\/wp\/v2\/comments?post=366"}],"version-history":[{"count":28,"href":"https:\/\/www.comverga.com\/deu\/pl\/wp-json\/wp\/v2\/pages\/366\/revisions"}],"predecessor-version":[{"id":4058,"href":"https:\/\/www.comverga.com\/deu\/pl\/wp-json\/wp\/v2\/pages\/366\/revisions\/4058"}],"wp:featuredmedia":[{"embeddable":true,"href":"https:\/\/www.comverga.com\/deu\/pl\/wp-json\/wp\/v2\/media\/139"}],"wp:attachment":[{"href":"https:\/\/www.comverga.com\/deu\/pl\/wp-json\/wp\/v2\/media?parent=366"}],"curies":[{"name":"wp","href":"https:\/\/api.w.org\/{rel}","templated":true}]}}