{"id":394,"date":"2020-11-25T15:29:30","date_gmt":"2020-11-25T14:29:30","guid":{"rendered":"https:\/\/www.comverga.com\/?page_id=394"},"modified":"2023-03-09T16:26:37","modified_gmt":"2023-03-09T15:26:37","slug":"mission-2","status":"publish","type":"page","link":"https:\/\/www.comverga.com\/deu\/pl\/mission-2\/","title":{"rendered":"misja"},"content":{"rendered":"<div data-elementor-type=\"wp-page\" data-elementor-id=\"394\" class=\"elementor elementor-394\">\n\t\t\t\t\t\t\t\t\t<section class=\"elementor-section elementor-top-section elementor-element elementor-element-ec8913f elementor-section-boxed elementor-section-height-default elementor-section-height-default\" data-id=\"ec8913f\" data-element_type=\"section\">\n\t\t\t\t\t\t<div class=\"elementor-container elementor-column-gap-default\">\n\t\t\t\t\t<div class=\"elementor-column elementor-col-100 elementor-top-column elementor-element elementor-element-79ca4e3d\" data-id=\"79ca4e3d\" data-element_type=\"column\">\n\t\t\t<div class=\"elementor-widget-wrap elementor-element-populated\">\n\t\t\t\t\t\t\t\t<div class=\"elementor-element elementor-element-39237b6f elementor-widget elementor-widget-text-editor\" data-id=\"39237b6f\" data-element_type=\"widget\" data-widget_type=\"text-editor.default\">\n\t\t\t\t<div class=\"elementor-widget-container\">\n\t\t\t\t\t\t\t<!-- wp:paragraph -->\n<p>Jeste\u015bmy stabiln\u0105 firm\u0105 rodzinn\u0105, stale rozwijaj\u0105c\u0105 si\u0119 i pod\u0105\u017caj\u0105c\u0105 za nowymi trendami, aby sta\u0107 si\u0119 wiod\u0105cym dostawc\u0105 nowoczesnych us\u0142ug telekomunikacyjnych. Naszym celem jest bycie preferowanym partnerem komunikacyjnym klienta. Poprzez jako\u015b\u0107 us\u0142ug i poszukiwanie wsp\u00f3lnych rozwi\u0105za\u0144 d\u0105\u017cymy do zbudowania wiod\u0105cej pozycji w\u015br\u00f3d europejskich firm na rynku teleinformatycznym o globalnym zasi\u0119gu.<\/p>\n<!-- \/wp:paragraph -->\n\n<!-- wp:paragraph -->\n<p>Elastycznie reagujemy na potrzeby naszych klient\u00f3w i oferujemy im ekonomiczne i optymalne funkcjonalnie rozwi\u0105zania. Chcemy by\u0107 partnerem, kt\u00f3ry u\u0142atwia prac\u0119, usprawnia dzia\u0142anie firmy i umo\u017cliwia rozw\u00f3j nowych modeli biznesowych dzi\u0119ki nowoczesnym i zaawansowanym technologiom komunikacyjnym. Przywi\u0105zujemy du\u017c\u0105 wag\u0119 do etycznego aspektu biznesu, ze szczeg\u00f3lnym uwzgl\u0119dnieniem szacunku do drugiej osoby \u2013 klienta, partnera i dostawcy.<\/p>\n<!-- \/wp:paragraph -->\t\t\t\t\t\t<\/div>\n\t\t\t\t<\/div>\n\t\t\t\t\t<\/div>\n\t\t<\/div>\n\t\t\t\t\t\t\t<\/div>\n\t\t<\/section>\n\t\t\t\t\t\t\t<\/div>","protected":false},"excerpt":{"rendered":"<p>Wir sind ein stabiles Familienunternehmen, entwickeln uns st\u00e4ndig weiter und folgen neuen Trends, um ein f\u00fchrender Anbieter moderner Telekommunikationsdienste zu werden. Unser Ziel ist es, der bevorzugte Kommunikationspartner des Kunden zu sein. Durch die Qualit\u00e4t der Dienstleistungen und die Suche nach gemeinsamen L\u00f6sungen wollen wir eine f\u00fchrende Position unter europ\u00e4ischen Unternehmen im Kommunikations- und IT-Markt [&hellip;]<\/p>","protected":false},"author":1,"featured_media":145,"parent":0,"menu_order":0,"comment_status":"closed","ping_status":"closed","template":"","meta":{"footnotes":""},"_links":{"self":[{"href":"https:\/\/www.comverga.com\/deu\/pl\/wp-json\/wp\/v2\/pages\/394"}],"collection":[{"href":"https:\/\/www.comverga.com\/deu\/pl\/wp-json\/wp\/v2\/pages"}],"about":[{"href":"https:\/\/www.comverga.com\/deu\/pl\/wp-json\/wp\/v2\/types\/page"}],"author":[{"embeddable":true,"href":"https:\/\/www.comverga.com\/deu\/pl\/wp-json\/wp\/v2\/users\/1"}],"replies":[{"embeddable":true,"href":"https:\/\/www.comverga.com\/deu\/pl\/wp-json\/wp\/v2\/comments?post=394"}],"version-history":[{"count":3,"href":"https:\/\/www.comverga.com\/deu\/pl\/wp-json\/wp\/v2\/pages\/394\/revisions"}],"predecessor-version":[{"id":2517,"href":"https:\/\/www.comverga.com\/deu\/pl\/wp-json\/wp\/v2\/pages\/394\/revisions\/2517"}],"wp:featuredmedia":[{"embeddable":true,"href":"https:\/\/www.comverga.com\/deu\/pl\/wp-json\/wp\/v2\/media\/145"}],"wp:attachment":[{"href":"https:\/\/www.comverga.com\/deu\/pl\/wp-json\/wp\/v2\/media?parent=394"}],"curies":[{"name":"wp","href":"https:\/\/api.w.org\/{rel}","templated":true}]}}