{"id":4096,"date":"2025-09-25T16:21:22","date_gmt":"2025-09-25T14:21:22","guid":{"rendered":"https:\/\/www.comverga.com\/deu\/?page_id=4096"},"modified":"2025-09-30T17:38:06","modified_gmt":"2025-09-30T15:38:06","slug":"internationales-transportunternehmen-mit-grossem-fuhrpark","status":"publish","type":"page","link":"https:\/\/www.comverga.com\/deu\/pl\/dienstleistungen\/software-as-a-service-platform-as-a-service\/sdp-fuer-esim-management\/internationales-transportunternehmen-mit-grossem-fuhrpark\/","title":{"rendered":"Mi\u0119dzynarodowa firma transportowa z du\u017cym parkiem samochodowym"},"content":{"rendered":"<div data-elementor-type=\"wp-page\" data-elementor-id=\"4096\" class=\"elementor elementor-4096\">\n\t\t\t\t\t\t\t\t\t<section class=\"elementor-section elementor-top-section elementor-element elementor-element-11b712e6 elementor-section-boxed elementor-section-height-default elementor-section-height-default\" data-id=\"11b712e6\" data-element_type=\"section\">\n\t\t\t\t\t\t<div class=\"elementor-container elementor-column-gap-default\">\n\t\t\t\t\t<div class=\"elementor-column elementor-col-50 elementor-top-column elementor-element elementor-element-109bc88\" data-id=\"109bc88\" data-element_type=\"column\">\n\t\t\t<div class=\"elementor-widget-wrap elementor-element-populated\">\n\t\t\t\t\t\t\t\t<div class=\"elementor-element elementor-element-10b87691 elementor-widget elementor-widget-text-editor\" data-id=\"10b87691\" data-element_type=\"widget\" data-widget_type=\"text-editor.default\">\n\t\t\t\t<div class=\"elementor-widget-container\">\n\t\t\t\t\t\t\t<div class=\"usecase-text\"><h2 style=\"text-align: left; margin-top: 0;\">Mi\u0119dzynarodowa firma transportowa z du\u017cym parkiem samochodowym<\/h2><p>Firma dysponuje rozbudowan\u0105 flot\u0105 samochod\u00f3w ci\u0119\u017carowych, dostawczych i specjalistycznych pojazd\u00f3w transportowych. Jej podstawow\u0105 dzia\u0142alno\u015bci\u0105 jest mi\u0119dzynarodowy transport towar\u00f3w, cz\u0119sto na terenie ca\u0142ej Europy. K\u0142adzie nacisk na dok\u0142adno\u015b\u0107, terminowo\u015b\u0107 i bezpiecze\u0144stwo transportu.<\/p><\/div>\t\t\t\t\t\t<\/div>\n\t\t\t\t<\/div>\n\t\t\t\t\t<\/div>\n\t\t<\/div>\n\t\t\t\t<div class=\"elementor-column elementor-col-50 elementor-top-column elementor-element elementor-element-32a0a9dd\" data-id=\"32a0a9dd\" data-element_type=\"column\">\n\t\t\t<div class=\"elementor-widget-wrap elementor-element-populated\">\n\t\t\t\t\t\t\t\t<div class=\"elementor-element elementor-element-7b45ff9 elementor-widget elementor-widget-image\" data-id=\"7b45ff9\" data-element_type=\"widget\" data-widget_type=\"image.default\">\n\t\t\t\t<div class=\"elementor-widget-container\">\n\t\t\t\t\t\t\t\t\t\t\t\t\t\t\t<img fetchpriority=\"high\" decoding=\"async\" width=\"580\" height=\"387\" src=\"https:\/\/www.comverga.com\/deu\/wp-content\/uploads\/sites\/4\/2025\/09\/Case2.png\" class=\"attachment-large size-large wp-image-4099\" alt=\"\" srcset=\"https:\/\/www.comverga.com\/deu\/wp-content\/uploads\/sites\/4\/2025\/09\/Case2.png 1000w, https:\/\/www.comverga.com\/deu\/wp-content\/uploads\/sites\/4\/2025\/09\/Case2-300x200.png 300w, https:\/\/www.comverga.com\/deu\/wp-content\/uploads\/sites\/4\/2025\/09\/Case2-768x512.png 768w, https:\/\/www.comverga.com\/deu\/wp-content\/uploads\/sites\/4\/2025\/09\/Case2-18x12.png 18w\" sizes=\"(max-width: 580px) 100vw, 580px\" \/>\t\t\t\t\t\t\t\t\t\t\t\t\t\t\t<\/div>\n\t\t\t\t<\/div>\n\t\t\t\t\t<\/div>\n\t\t<\/div>\n\t\t\t\t\t\t\t<\/div>\n\t\t<\/section>\n\t\t\t\t<section class=\"elementor-section elementor-top-section elementor-element elementor-element-774d1597 elementor-section-boxed elementor-section-height-default elementor-section-height-default\" data-id=\"774d1597\" data-element_type=\"section\">\n\t\t\t\t\t\t<div class=\"elementor-container elementor-column-gap-default\">\n\t\t\t\t\t<div class=\"elementor-column elementor-col-50 elementor-top-column elementor-element elementor-element-5a0629b5\" data-id=\"5a0629b5\" data-element_type=\"column\">\n\t\t\t<div class=\"elementor-widget-wrap elementor-element-populated\">\n\t\t\t\t\t\t\t\t<div class=\"elementor-element elementor-element-6ecf9683 elementor-widget elementor-widget-sidebar\" data-id=\"6ecf9683\" data-element_type=\"widget\" data-widget_type=\"sidebar.default\">\n\t\t\t\t<div class=\"elementor-widget-container\">\n\t\t\t<div id=\"widget-box\" class=\"smart-watch\">\n\t<img decoding=\"async\" src=\"https:\/\/www.coopmobil.cz\/wp-content\/uploads\/2021\/04\/coop-mobil-logo.svg\"><br>\n\t<span>Sektory przemys\u0142u<\/span>\n<p>\n\t\tOperator telekomunikacyjny - detaliczny\n\t<\/p>\n<span>produkt<\/span>\n<p>\n\t\tPakiet Smartwatch + \u0142\u0105czno\u015b\u0107 danych\n\t<\/p>\n<\/div>\n<div id=\"widget-box\" class=\"operator\">\n\t<img decoding=\"async\" src=\"https:\/\/www.coopmobil.cz\/wp-content\/uploads\/2021\/04\/coop-mobil-logo.svg\"><br>\n\t<span>Sektory przemys\u0142u<\/span>\n<p>\n\t\tOperator telekomunikacyjny - Detal\n\t<\/p>\n<span>produkt<\/span>\n<p>\n\t\tRealizacja mailing\u00f3w marketingowych\n\t<\/p>\n<\/div>\n<div id=\"widget-box\" class=\"caravan\">\n<img decoding=\"async\" src=\"\/deu\/wp-content\/uploads\/sites\/4\/2023\/04\/caravan-logo.jpg\"><br>\n<span>Sektory przemys\u0142u<\/span>\n<p>\n\t\tSystemy \u015bledzenia pojazd\u00f3w GPS, \u0142\u0105czno\u015b\u0107 danych\n\t<\/p>\n<span>produkt<\/span>\n<p>\n\t\tRozwi\u0105zania umo\u017cliwiaj\u0105ce dost\u0119p do Internetu w podr\u00f3\u017cy\n\t<\/p>\n<\/div>\n<div id=\"widget-box\" class=\"support\">\n\t<img decoding=\"async\" src=\"https:\/\/www.coopmobil.cz\/wp-content\/uploads\/2021\/04\/coop-mobil-logo.svg\"><br>\n\t<span>Sektory przemys\u0142u<\/span>\n<p>\n\t\tOperator telekomunikacyjny - Detal\n\t<\/p>\n<span>produkt<\/span>\n<p>\n\t\tPrzewodnik obs\u0142ugi klienta\n\t<\/p>\n<\/div>\n<div id=\"widget-box\" class=\"camera\">\n<img decoding=\"async\" src=\"\/deu\/wp-content\/uploads\/sites\/4\/2023\/04\/camera-logo.jpg\"><br>\n<span>Sektory przemys\u0142u<\/span>\n<p>\n\t\tSystemy bezpiecze\u0144stwa\n\t<\/p>\n<span>produkt<\/span>\n<p>\n\t\tKamery z transmisj\u0105 online\n\t<\/p>\n<\/div>\n<div id=\"widget-box\" class=\"event\">\n\t<img decoding=\"async\" src=\"\/cze\/wp-content\/uploads\/sites\/3\/2023\/04\/event-logo.png\" style=\"width: 50px\"><br>\n\t<span>Sektory przemys\u0142u<\/span>\n<p>\n\t\tAgencja eventowa\n\t<\/p>\n<span>produkt<\/span>\n<p>\n\t\tOrganizacja wydarzenia \u2013 komunikacja z uczestnikami\n\t<\/p>\n<\/div>\n<div id=\"widget-box\" class=\"competition\">\n\t<img decoding=\"async\" src=\"\/cze\/wp-content\/uploads\/sites\/3\/2023\/04\/competition-logo.png\" style=\"width: 50px\"><br>\n\t<span>Sektory przemys\u0142u<\/span>\n<p>\n\t\tDobra konsumpcyjne\n\t<\/p>\n<span>produkt<\/span>\n<p>\n\t\tKonkurencja konsumencka\n\t<\/p>\n<\/div>\n<div id=\"widget-box\" class=\"marketing\">\n\t<img decoding=\"async\" src=\"\/deu\/wp-content\/uploads\/sites\/3\/2023\/06\/marketing-logo.png\" style=\"width: 50px\"><br>\n\t<span>Sektory przemys\u0142u<\/span>\n<p>\n\t\tKomunikacja marketingowa\n\t<\/p>\n<span>produkt<\/span>\n<p>\n\t\tRealizacja kampanii marketingowych\n\t<\/p>\n<\/div>\n<div id=\"widget-box\" class=\"fmcg\">\n\t<img decoding=\"async\" src=\"\/deu\/wp-content\/uploads\/sites\/3\/2023\/06\/fmcg-logo.png\" style=\"width: 50px\"><br>\n\t<span>Sektory przemys\u0142u<\/span>\n<p>\n\t\tFMCG<br>Szybko zbywalne towary konsumpcyjne\n\t<\/p>\n<span>produkt<\/span>\n<p>\n\t\tJedzenie, napoje, drogeria\n\t<\/p>\n<\/div>\n\n<div id=\"widget-box\" class=\"iot\">\n\t<img decoding=\"async\" src=\"\/cze\/wp-content\/uploads\/sites\/3\/2025\/09\/iot_icon.png\" style=\"width: 50px\"><br>\n\t<span>Sektory przemys\u0142u<\/span>\n<p>\n\t\tIoT, SIM\/eSIM management\n\t<\/p>\n<span>produkt<\/span>\n<p>\n\t\tCzujniki IoT dla przemys\u0142u i gospodarstw domowych \n\t<\/p>\n<\/div>\n\n<div id=\"widget-box\" class=\"truck\">\n\t<img decoding=\"async\" src=\"\/cze\/wp-content\/uploads\/sites\/3\/2025\/09\/truck_monitoring.png\" style=\"width: 50px\"><br>\n\t<span>Sektory przemys\u0142u<\/span>\n<p>\n\t\tIoT, SIM\/eSIM management\n\t<\/p>\n<span>produkt<\/span>\n<p>\n\t\t eSIM do monitorowania pojazd\u00f3w \n\t<\/p>\n<\/div>\n\n<div id=\"widget-box\" class=\"drone\">\n\t<img decoding=\"async\" src=\"\/cze\/wp-content\/uploads\/sites\/3\/2025\/09\/drone_icon.png\" style=\"width: 80px\"><br>\n\t<span>Sektory przemys\u0142u<\/span>\n<p>\n\t\t IoT, SIM\/eSIM management \n\t<\/p>\n<span>produkt<\/span>\n<p>\n\t\t eSIM f\u00fcr Drohnenflotten \n\t<\/p>\n<\/div>\t\t<\/div>\n\t\t\t\t<\/div>\n\t\t\t\t\t<\/div>\n\t\t<\/div>\n\t\t\t\t<div class=\"elementor-column elementor-col-50 elementor-top-column elementor-element elementor-element-362a6137\" data-id=\"362a6137\" data-element_type=\"column\">\n\t\t\t<div class=\"elementor-widget-wrap elementor-element-populated\">\n\t\t\t\t\t\t\t\t<div class=\"elementor-element elementor-element-45835068 elementor-widget elementor-widget-text-editor\" data-id=\"45835068\" data-element_type=\"widget\" data-widget_type=\"text-editor.default\">\n\t\t\t\t<div class=\"elementor-widget-container\">\n\t\t\t\t\t\t\t<p>G\u0142\u00f3wnym problemem s\u0105 wysokie rachunki za roaming podczas przekraczania granic oraz brak narz\u0119dzia do optymalizacji cen po\u0142\u0105cze\u0144. Ponadto firma boryka si\u0119 z cz\u0119stymi przerwami w po\u0142\u0105czeniu podczas zmiany sieci w roamingu, co utrudnia monitorowanie pojazd\u00f3w w czasie rzeczywistym. Firma potrzebuje sta\u0142ego nadzoru nad flot\u0105 \u2013 od \u015bledzenia lokalizacji, poprzez monitorowanie zachowania kierowc\u00f3w, a\u017c po bezpiecze\u0144stwo przewo\u017conych towar\u00f3w.<\/p><p>Dzi\u0119ki rozwi\u0105zaniu COMVERGA eSIM partner zyskuje intuicyjne \u015brodowisko, w kt\u00f3rym mo\u017ce zdalnie zarz\u0105dza\u0107 ca\u0142ym swoim parkiem samochodowym, mie\u0107 go stale pod kontrol\u0105 i zminimalizowa\u0107 koszty operacyjne do minimum.<\/p>\t\t\t\t\t\t<\/div>\n\t\t\t\t<\/div>\n\t\t\t\t\t<\/div>\n\t\t<\/div>\n\t\t\t\t\t\t\t<\/div>\n\t\t<\/section>\n\t\t\t\t<section class=\"elementor-section elementor-top-section elementor-element elementor-element-4537f318 elementor-section-boxed elementor-section-height-default elementor-section-height-default\" data-id=\"4537f318\" data-element_type=\"section\">\n\t\t\t\t\t\t<div class=\"elementor-container elementor-column-gap-default\">\n\t\t\t\t\t<div class=\"elementor-column elementor-col-50 elementor-top-column elementor-element elementor-element-6734cf32\" data-id=\"6734cf32\" data-element_type=\"column\" data-settings=\"{&quot;background_background&quot;:&quot;classic&quot;}\">\n\t\t\t<div class=\"elementor-widget-wrap elementor-element-populated\">\n\t\t\t\t\t\t\t\t<div class=\"elementor-element elementor-element-798b5ef7 elementor-widget elementor-widget-text-editor\" data-id=\"798b5ef7\" data-element_type=\"widget\" data-widget_type=\"text-editor.default\">\n\t\t\t\t<div class=\"elementor-widget-container\">\n\t\t\t\t\t\t\t<h3>Co zyska\u0142 Partner:<\/h3><div class=\"page\" title=\"Strona 4\"><div class=\"layoutArea\"><div class=\"column\"><ul><li>Obni\u017cenie koszt\u00f3w roamingu i \u0142\u0105czno\u015bci danych<\/li><li>Ci\u0105g\u0142y nadz\u00f3r nad ca\u0142ym parkiem samochodowym<\/li><li>Automatyczne prze\u0142\u0105czanie mi\u0119dzy operatorami w zale\u017cno\u015bci od dost\u0119pno\u015bci<\/li><li>Wi\u0119ksze bezpiecze\u0144stwo transportu dzi\u0119ki stabilnemu po\u0142\u0105czeniu<\/li><li>Jednolite zarz\u0105dzanie i raportowanie w ramach ca\u0142ej floty<\/li><\/ul><\/div><\/div><\/div>\t\t\t\t\t\t<\/div>\n\t\t\t\t<\/div>\n\t\t\t\t\t<\/div>\n\t\t<\/div>\n\t\t\t\t<div class=\"elementor-column elementor-col-50 elementor-top-column elementor-element elementor-element-ca5ac3a\" data-id=\"ca5ac3a\" data-element_type=\"column\" data-settings=\"{&quot;background_background&quot;:&quot;classic&quot;}\">\n\t\t\t<div class=\"elementor-widget-wrap elementor-element-populated\">\n\t\t\t\t\t\t\t\t<div class=\"elementor-element elementor-element-5360a060 elementor-widget elementor-widget-text-editor\" data-id=\"5360a060\" data-element_type=\"widget\" data-widget_type=\"text-editor.default\">\n\t\t\t\t<div class=\"elementor-widget-container\">\n\t\t\t\t\t\t\t<h3>COMVERGA oferuje:<\/h3><ul><li>\u00a0Dynamiczne prze\u0142\u0105czanie profili podczas przekraczania granic<\/li><li>Monitorowanie pojazd\u00f3w w czasie rzeczywistym (lokalizacja, wydajno\u015b\u0107 itp.)<\/li><li>Dane do analizy prognozowanego zu\u017cycia paliwa i koszt\u00f3w eksploatacji<\/li><li>Integracj\u0119 z systemami zarz\u0105dzania flot\u0105 przewo\u017anika<\/li><li>Centraln\u0105 platform\u0119 z mo\u017cliwo\u015bci\u0105 natychmiastowej interwencji<\/li><\/ul>\t\t\t\t\t\t<\/div>\n\t\t\t\t<\/div>\n\t\t\t\t\t<\/div>\n\t\t<\/div>\n\t\t\t\t\t\t\t<\/div>\n\t\t<\/section>\n\t\t\t\t\t\t\t<\/div>","protected":false},"excerpt":{"rendered":"<p>Internationales Transportunternehmen mit gro\u00dfem Fuhrpark Das Unternehmen betreibt einen umfangreichen Fuhrpark mit Lkw, Lieferwagen und Spezialtransportfahrzeugen. Sein Kerngesch\u00e4ft ist der internationale G\u00fctertransport, oft quer durch ganz Europa. Der Schwerpunkt liegt auf Pr\u00e4zision, P\u00fcnktlichkeit und Transportsicherheit. Das Hauptproblem sind hohe Roaming-Kosten beim Grenz\u00fcbertritt und das Fehlen eines Tools zur Optimierung der Verbindungskosten. Dar\u00fcber hinaus hat das [&hellip;]<\/p>","protected":false},"author":1,"featured_media":4099,"parent":4072,"menu_order":0,"comment_status":"closed","ping_status":"closed","template":"","meta":{"footnotes":""},"_links":{"self":[{"href":"https:\/\/www.comverga.com\/deu\/pl\/wp-json\/wp\/v2\/pages\/4096"}],"collection":[{"href":"https:\/\/www.comverga.com\/deu\/pl\/wp-json\/wp\/v2\/pages"}],"about":[{"href":"https:\/\/www.comverga.com\/deu\/pl\/wp-json\/wp\/v2\/types\/page"}],"author":[{"embeddable":true,"href":"https:\/\/www.comverga.com\/deu\/pl\/wp-json\/wp\/v2\/users\/1"}],"replies":[{"embeddable":true,"href":"https:\/\/www.comverga.com\/deu\/pl\/wp-json\/wp\/v2\/comments?post=4096"}],"version-history":[{"count":7,"href":"https:\/\/www.comverga.com\/deu\/pl\/wp-json\/wp\/v2\/pages\/4096\/revisions"}],"predecessor-version":[{"id":4159,"href":"https:\/\/www.comverga.com\/deu\/pl\/wp-json\/wp\/v2\/pages\/4096\/revisions\/4159"}],"up":[{"embeddable":true,"href":"https:\/\/www.comverga.com\/deu\/pl\/wp-json\/wp\/v2\/pages\/4072"}],"wp:featuredmedia":[{"embeddable":true,"href":"https:\/\/www.comverga.com\/deu\/pl\/wp-json\/wp\/v2\/media\/4099"}],"wp:attachment":[{"href":"https:\/\/www.comverga.com\/deu\/pl\/wp-json\/wp\/v2\/media?parent=4096"}],"curies":[{"name":"wp","href":"https:\/\/api.w.org\/{rel}","templated":true}]}}