{"id":418,"date":"2020-11-25T15:34:07","date_gmt":"2020-11-25T14:34:07","guid":{"rendered":"https:\/\/www.comverga.com\/?page_id=418"},"modified":"2024-06-06T09:28:05","modified_gmt":"2024-06-06T07:28:05","slug":"mannschaft","status":"publish","type":"page","link":"https:\/\/www.comverga.com\/deu\/pl\/mannschaft\/","title":{"rendered":"kierownictwo"},"content":{"rendered":"<div data-elementor-type=\"wp-page\" data-elementor-id=\"418\" class=\"elementor elementor-418\">\n\t\t\t\t\t\t\t\t\t<section class=\"elementor-section elementor-top-section elementor-element elementor-element-422da841 elementor-section-boxed elementor-section-height-default elementor-section-height-default\" data-id=\"422da841\" data-element_type=\"section\">\n\t\t\t\t\t\t<div class=\"elementor-container elementor-column-gap-default\">\n\t\t\t\t\t<div class=\"elementor-column elementor-col-100 elementor-top-column elementor-element elementor-element-75685dd8\" data-id=\"75685dd8\" data-element_type=\"column\">\n\t\t\t<div class=\"elementor-widget-wrap elementor-element-populated\">\n\t\t\t\t\t\t\t\t<div class=\"elementor-element elementor-element-7f9d1405 elementor-widget elementor-widget-text-editor\" data-id=\"7f9d1405\" data-element_type=\"widget\" data-widget_type=\"text-editor.default\">\n\t\t\t\t<div class=\"elementor-widget-container\">\n\t\t\t\t\t\t\t<!-- wp:heading -->\n<h2><strong>Tablica<\/strong><\/h2>\n<!-- \/wp:heading --><!-- wp:heading {\"level\":3,\"className\":\"margin-bottom-1rem\"} -->\n<h3 class=\"margin-bottom-1rem\">Martin Ko\u0161ut \u2013 Za\u0142o\u017cyciel, Prezes i Dyrektor Generalny<\/h3>\n<!-- \/wp:heading --><!-- wp:columns {\"verticalAlignment\":\"center\",\"className\":\"nomargin\"} -->\n<div class=\"wp-block-columns are-vertically-aligned-center nomargin\"><!-- wp:column {\"verticalAlignment\":\"center\",\"width\":\"33.34%\"} -->\n<div class=\"wp-block-column is-vertically-aligned-center\" style=\"flex-basis: 33.34%;\"><!-- wp:image {\"align\":\"left\",\"id\":880,\"width\":200,\"height\":200,\"sizeSlug\":\"medium\",\"linkDestination\":\"none\",\"className\":\"nomargin\"} -->\n<div class=\"wp-block-image nomargin\">\n<figure class=\"alignleft size-medium is-resized\"><img decoding=\"async\" class=\"wp-image-880\" src=\"https:\/\/www.comverga.com\/wp-content\/uploads\/2020\/12\/Martin-298x300.png\" alt=\"\" width=\"200\" height=\"200\" \/><\/figure>\n<\/div>\n<!-- \/wp:image --><\/div>\n<!-- \/wp:column --><!-- wp:column {\"verticalAlignment\":\"center\",\"width\":\"66.66%\",\"className\":\"has-padding-right-20\"} -->\n<div class=\"wp-block-column is-vertically-aligned-center has-padding-right-20\" style=\"flex-basis: 66.66%;\"><!-- wp:paragraph -->\n<p>Martin Ko\u0161ut jest wsp\u00f3\u0142za\u0142o\u017cycielem firmy i od 2000 roku pe\u0142ni funkcj\u0119 jej prezesa i dyrektora generalnego. Wcze\u015bniej by\u0142 odpowiedzialny za eCommerce w Compaq Computer w Europie, na Bliskim Wschodzie i w Afryce oraz rozw\u00f3j biznesu Tulip Computer w Europie \u015arodkowo-Wschodniej. Studiowa\u0142 informatyk\u0119 na Wydziale Matematyki i Fizyki oraz teologi\u0119 na Katolickim Wydziale Teologicznym Uniwersytetu Karola w Pradze.<\/p>\n<!-- \/wp:paragraph --><\/div>\n<!-- \/wp:column --><\/div>\n<!-- \/wp:columns --><!-- wp:heading {\"level\":3,\"className\":\"margin-bottom-1rem\"} -->\n<h3 class=\"margin-bottom-1rem\">Piotr Herman \u2013 Za\u0142o\u017cyciel, Cz\u0142onek Zarz\u0105du i Dyrektor Zarz\u0105dzaj\u0105cy Polska<\/h3>\n<!-- \/wp:heading --><!-- wp:columns {\"verticalAlignment\":\"center\",\"className\":\"nomargin\"} -->\n<div class=\"wp-block-columns are-vertically-aligned-center nomargin\"><!-- wp:column {\"verticalAlignment\":\"center\",\"width\":\"33.33%\"} -->\n<div class=\"wp-block-column is-vertically-aligned-center\" style=\"flex-basis: 33.33%;\"><!-- wp:image {\"align\":\"left\",\"id\":882,\"width\":200,\"height\":200,\"sizeSlug\":\"full\",\"linkDestination\":\"none\",\"className\":\"nomargin\"} -->\n<div class=\"wp-block-image nomargin\">\n<figure class=\"alignleft size-full is-resized\"><img decoding=\"async\" class=\"wp-image-882\" src=\"https:\/\/www.comverga.com\/wp-content\/uploads\/2020\/12\/Piotr.png\" alt=\"\" width=\"200\" height=\"200\" \/><\/figure>\n<\/div>\n<!-- \/wp:image --><\/div>\n<!-- \/wp:column --><!-- wp:column {\"verticalAlignment\":\"center\",\"width\":\"66.66%\",\"className\":\"has-padding-right-20\"} -->\n<div class=\"wp-block-column is-vertically-aligned-center has-padding-right-20\" style=\"flex-basis: 66.66%;\"><!-- wp:paragraph -->\n<p>Piotr Herman do\u0142\u0105czy\u0142 do naszego zespo\u0142u w 2001 roku i by\u0142 wsp\u00f3\u0142za\u0142o\u017cycielem naszej polskiej sp\u00f3\u0142ki zale\u017cnej. Z firm\u0105 zwi\u0105zany jako cz\u0142onek zarz\u0105du od 2004 roku. Przed t\u0105 misj\u0105 pracowa\u0142 w T-Mobile, Airtel i CT Creative Team. Piotr uzyska\u0142 tytu\u0142 in\u017cyniera telekomunikacji na Politechnice Warszawskiej oraz tytu\u0142 MBA w Wy\u017cszej Szkole Mened\u017cerskiej.<\/p>\n<!-- \/wp:paragraph --><\/div>\n<!-- \/wp:column --><\/div>\n<!-- \/wp:columns --><!-- wp:heading {\"level\":3,\"className\":\"margin-bottom-1rem\"} -->\n<h3 class=\"margin-bottom-1rem\">Petr Mike\u0161 \u2013 Cz\u0142onek Zarz\u0105du i Dyrektor ds. Technologii<\/h3>\n<!-- \/wp:heading --><!-- wp:columns {\"verticalAlignment\":\"center\",\"className\":\"nomargin\"} -->\n<div class=\"wp-block-columns are-vertically-aligned-center nomargin\"><!-- wp:column {\"verticalAlignment\":\"center\",\"width\":\"33.33%\"} -->\n<div class=\"wp-block-column is-vertically-aligned-center\" style=\"flex-basis: 33.33%;\"><!-- wp:image {\"align\":\"left\",\"id\":881,\"width\":200,\"height\":200,\"sizeSlug\":\"medium\",\"linkDestination\":\"none\",\"className\":\"nomargin\"} -->\n<div class=\"wp-block-image nomargin\">\n<figure class=\"alignleft size-medium is-resized\"><img decoding=\"async\" class=\"wp-image-881\" src=\"https:\/\/www.comverga.com\/wp-content\/uploads\/2020\/12\/Petr-300x300.png\" alt=\"\" width=\"200\" height=\"200\" \/><\/figure>\n<\/div>\n<!-- \/wp:image --><\/div>\n<!-- \/wp:column --><!-- wp:column {\"verticalAlignment\":\"center\",\"width\":\"66.66%\",\"className\":\"has-padding-right-20\"} -->\n<div class=\"wp-block-column is-vertically-aligned-center has-padding-right-20\" style=\"flex-basis: 66.66%;\"><!-- wp:paragraph -->\n<p>Petr Mike\u0161 piastowa\u0142 kilka stanowisk kierowniczych w naszym zespole technicznym od 2012 roku. W 2017 roku przej\u0105\u0142 og\u00f3ln\u0105 odpowiedzialno\u015b\u0107 za nasze dostawy i dzia\u0142alno\u015b\u0107, a w 2019 roku do\u0142\u0105czy\u0142 do zarz\u0105du. Petr studiowa\u0142 elektrotechnik\u0119 na Politechnice w Brnie.<\/p>\n<!-- \/wp:paragraph --><\/div>\n<!-- \/wp:column --><\/div>\n<!-- \/wp:columns --><!-- wp:heading {\"level\":3,\"className\":\"margin-bottom-1rem\"} -->\n<h3 class=\"margin-bottom-1rem\">David Ko\u0161ut \u2013 cz\u0142onek zarz\u0105du<\/h3>\n<!-- \/wp:heading --><!-- wp:columns {\"verticalAlignment\":\"center\",\"className\":\"nomargin\"} -->\n<div class=\"wp-block-columns are-vertically-aligned-center nomargin\"><!-- wp:column {\"verticalAlignment\":\"center\",\"width\":\"33.33%\"} -->\n<div class=\"wp-block-column is-vertically-aligned-center\" style=\"flex-basis: 33.33%;\"><!-- wp:image {\"align\":\"left\",\"id\":878,\"width\":200,\"height\":200,\"sizeSlug\":\"medium\",\"linkDestination\":\"none\",\"className\":\"nomargin\"} -->\n<div class=\"wp-block-image nomargin\">\n<figure class=\"alignleft size-medium is-resized\"><img loading=\"lazy\" decoding=\"async\" class=\"wp-image-878\" src=\"https:\/\/www.comverga.com\/wp-content\/uploads\/2020\/12\/David-300x300.png\" alt=\"\" width=\"200\" height=\"200\" \/><\/figure>\n<\/div>\n<!-- \/wp:image --><\/div>\n<!-- \/wp:column --><!-- wp:column {\"verticalAlignment\":\"center\",\"width\":\"66.66%\",\"className\":\"has-padding-right-20\"} -->\n<div class=\"wp-block-column is-vertically-aligned-center has-padding-right-20\" style=\"flex-basis: 66.66%;\"><!-- wp:paragraph -->\n<p>David Ko\u0161ut do\u0142\u0105czy\u0142 do naszego zespo\u0142u ds. rozwoju produkt\u00f3w w 2017 r., a do zarz\u0105du do\u0142\u0105czy\u0142 w 2019 r. Studiowa\u0142 energi\u0119 i zarz\u0105dzanie na Politechnice Czeskiej w Pradze.<\/p>\n<!-- \/wp:paragraph --><\/div>\n<!-- \/wp:column --><\/div>\n<!-- \/wp:columns --><!-- wp:heading -->\n<h2><strong>Rada nadzorcza<\/strong><\/h2>\n<!-- \/wp:heading --><!-- wp:heading {\"level\":3,\"className\":\"margin-bottom-1rem\"} -->\n<h3 class=\"margin-bottom-1rem\">Martin Ko\u0161ut Jr. - Cz\u0142onek Rady Nadzorczej<\/h3>\n<!-- \/wp:heading --><!-- wp:columns {\"verticalAlignment\":\"center\",\"className\":\"nomargin\"} -->\n<div class=\"wp-block-columns are-vertically-aligned-center nomargin\"><!-- wp:column {\"verticalAlignment\":\"center\",\"width\":\"33.33%\"} -->\n<div class=\"wp-block-column is-vertically-aligned-center\" style=\"flex-basis: 33.33%;\"><!-- wp:image {\"align\":\"left\",\"id\":818,\"width\":200,\"height\":200,\"sizeSlug\":\"medium\",\"linkDestination\":\"none\",\"className\":\"nomargin\"} -->\n<div class=\"wp-block-image nomargin\">\n<figure class=\"alignleft size-medium is-resized\"><img loading=\"lazy\" decoding=\"async\" class=\"wp-image-818\" src=\"https:\/\/www.comverga.com\/wp-content\/uploads\/2020\/12\/Marta-300x300.png\" alt=\"\" width=\"200\" height=\"200\" srcset=\"https:\/\/www.comverga.com\/deu\/wp-content\/uploads\/sites\/4\/2020\/12\/Marta-300x300.png 300w, https:\/\/www.comverga.com\/deu\/wp-content\/uploads\/sites\/4\/2020\/12\/Marta-150x150.png 150w, https:\/\/www.comverga.com\/deu\/wp-content\/uploads\/sites\/4\/2020\/12\/Marta-768x770.png 768w, https:\/\/www.comverga.com\/deu\/wp-content\/uploads\/sites\/4\/2020\/12\/Marta.png 787w\" sizes=\"(max-width: 200px) 100vw, 200px\" \/><\/figure>\n<\/div>\n<!-- \/wp:image --><\/div>\n<!-- \/wp:column --><!-- wp:column {\"verticalAlignment\":\"center\",\"width\":\"66.66%\",\"className\":\"has-padding-right-20\"} -->\n<div class=\"wp-block-column is-vertically-aligned-center has-padding-right-20\" style=\"flex-basis: 66.66%;\"><!-- wp:paragraph -->\n<p>Martin Ko\u0161ut Jr. od 2011 roku zasiada w radzie nadzorczej rodzinnego holdingu. Jest absolwentem ekonomii na Uniwersytecie Ekonomicznym w Pradze oraz Czeskim Uniwersytecie Przyrodniczym.<\/p>\n<!-- \/wp:paragraph --><\/div>\n<!-- \/wp:column --><\/div>\n<!-- \/wp:columns -->\t\t\t\t\t\t<\/div>\n\t\t\t\t<\/div>\n\t\t\t\t\t<\/div>\n\t\t<\/div>\n\t\t\t\t\t\t\t<\/div>\n\t\t<\/section>\n\t\t\t\t\t\t\t<\/div>","protected":false},"excerpt":{"rendered":"<p>Der Vorstand Martin Ko\u0161ut &#8211; Gr\u00fcnder, Vorstandsvorsitzender &amp; CEO Er hat einen Master-Abschluss in Informatik von der Fakult\u00e4t f\u00fcr Mathematik und Physik sowie Theologie von der Katholischen Theologischen Fakult\u00e4t der Karlsuniversit\u00e4t in Prag. Piotr Herman &#8211; Gr\u00fcnder, Vorstandsmitglied und Gesch\u00e4ftsf\u00fchrer Polen Piotr Herman trat im Jahr 2001 unserem Team bei und war Mitbegr\u00fcnder unserer polnischen [&hellip;]<\/p>","protected":false},"author":1,"featured_media":226,"parent":0,"menu_order":0,"comment_status":"closed","ping_status":"closed","template":"","meta":{"footnotes":""},"_links":{"self":[{"href":"https:\/\/www.comverga.com\/deu\/pl\/wp-json\/wp\/v2\/pages\/418"}],"collection":[{"href":"https:\/\/www.comverga.com\/deu\/pl\/wp-json\/wp\/v2\/pages"}],"about":[{"href":"https:\/\/www.comverga.com\/deu\/pl\/wp-json\/wp\/v2\/types\/page"}],"author":[{"embeddable":true,"href":"https:\/\/www.comverga.com\/deu\/pl\/wp-json\/wp\/v2\/users\/1"}],"replies":[{"embeddable":true,"href":"https:\/\/www.comverga.com\/deu\/pl\/wp-json\/wp\/v2\/comments?post=418"}],"version-history":[{"count":8,"href":"https:\/\/www.comverga.com\/deu\/pl\/wp-json\/wp\/v2\/pages\/418\/revisions"}],"predecessor-version":[{"id":3800,"href":"https:\/\/www.comverga.com\/deu\/pl\/wp-json\/wp\/v2\/pages\/418\/revisions\/3800"}],"wp:featuredmedia":[{"embeddable":true,"href":"https:\/\/www.comverga.com\/deu\/pl\/wp-json\/wp\/v2\/media\/226"}],"wp:attachment":[{"href":"https:\/\/www.comverga.com\/deu\/pl\/wp-json\/wp\/v2\/media?parent=418"}],"curies":[{"name":"wp","href":"https:\/\/api.w.org\/{rel}","templated":true}]}}