{"id":500,"date":"2020-11-26T12:26:43","date_gmt":"2020-11-26T11:26:43","guid":{"rendered":"https:\/\/www.comverga.com\/?page_id=500"},"modified":"2026-02-26T13:15:10","modified_gmt":"2026-02-26T12:15:10","slug":"sms-apps","status":"publish","type":"page","link":"https:\/\/www.comverga.com\/deu\/pl\/dienstleistungen\/aggregation-der-konnektivitaet\/sms-apps\/","title":{"rendered":"Us\u0142ugi SMS"},"content":{"rendered":"<div data-elementor-type=\"wp-page\" data-elementor-id=\"500\" class=\"elementor elementor-500\">\n\t\t\t\t\t\t\t\t\t<section class=\"elementor-section elementor-top-section elementor-element elementor-element-700d5587 elementor-section-boxed elementor-section-height-default elementor-section-height-default\" data-id=\"700d5587\" data-element_type=\"section\">\n\t\t\t\t\t\t<div class=\"elementor-container elementor-column-gap-default\">\n\t\t\t\t\t<div class=\"elementor-column elementor-col-100 elementor-top-column elementor-element elementor-element-5484b85b\" data-id=\"5484b85b\" data-element_type=\"column\">\n\t\t\t<div class=\"elementor-widget-wrap elementor-element-populated\">\n\t\t\t\t\t\t\t\t<div class=\"elementor-element elementor-element-12854fd elementor-widget elementor-widget-text-editor\" data-id=\"12854fd\" data-element_type=\"widget\" data-widget_type=\"text-editor.default\">\n\t\t\t\t<div class=\"elementor-widget-container\">\n\t\t\t\t\t\t\t<!-- wp:paragraph -->\n<p>Eine Reihe spezifischer Applikationen basiert auf SMS und verwendet eine schnelle, unauff\u00e4llige und wechselseitige Kommunikation, z. B. das Empfangen und Verarbeiten von Bestellungen, Umfragen zur Kundenzufriedenheit, Benachrichtigungsdienste, Fahrkarten, Parkkarten, elektronische Rezepte, Passw\u00f6rter und vieles mehr.<\/p>\n<p>Die Datenquelle f\u00fcr die Kommunikation mit Kunden, Partnern oder Klienten sind haupts\u00e4chlich Unternehmenssysteme, egal ob betriebswirtschaftlich, Marketing-seitig oder operativ. Aus diesen Systemen werden Daten f\u00fcr die Kundenkommunikation synchron oder asynchron generiert, die dann verarbeitet und \u00fcber verschiedene Anwendungsschnittstellen und Protokolle gesendet werden. In einigen F\u00e4llen ist es vorteilhaft, eine grafische Benutzeroberfl\u00e4che zu verwenden, die ein leichteres Arbeiten mit Daten, einzelnen Kampagnen und Kundenreaktionen erm\u00f6glicht. Gleichzeitig ist es wichtig, alle notwendigen Prozesse zum Schutz personenbezogener Daten und zum Schutz vor Missbrauch (Spam, Betrug usw.) sicherzustellen. Zus\u00e4tzlich zu den oben genannten Funktionen bietet das SMS-Gateway auch die Verwaltung einzelner Gateway-Benutzer, Verkehrsstatistiken und viele andere Funktionen.<\/p>\n<!-- \/wp:paragraph -->\t\t\t\t\t\t<\/div>\n\t\t\t\t<\/div>\n\t\t\t\t\t<\/div>\n\t\t<\/div>\n\t\t\t\t\t\t\t<\/div>\n\t\t<\/section>\n\t\t\t\t\t\t\t<\/div>","protected":false},"excerpt":{"rendered":"<p>Eine Reihe spezifischer Applikationen basiert auf SMS und verwendet eine schnelle, unauff\u00e4llige und wechselseitige Kommunikation, z. B. das Empfangen und Verarbeiten von Bestellungen, Umfragen zur Kundenzufriedenheit, Benachrichtigungsdienste, Fahrkarten, Parkkarten, elektronische Rezepte, Passw\u00f6rter und vieles mehr. Die Datenquelle f\u00fcr die Kommunikation mit Kunden, Partnern oder Klienten sind haupts\u00e4chlich Unternehmenssysteme, egal ob betriebswirtschaftlich, Marketing-seitig oder operativ. Aus [&hellip;]<\/p>","protected":false},"author":1,"featured_media":136,"parent":202,"menu_order":5,"comment_status":"closed","ping_status":"closed","template":"","meta":{"footnotes":""},"_links":{"self":[{"href":"https:\/\/www.comverga.com\/deu\/pl\/wp-json\/wp\/v2\/pages\/500"}],"collection":[{"href":"https:\/\/www.comverga.com\/deu\/pl\/wp-json\/wp\/v2\/pages"}],"about":[{"href":"https:\/\/www.comverga.com\/deu\/pl\/wp-json\/wp\/v2\/types\/page"}],"author":[{"embeddable":true,"href":"https:\/\/www.comverga.com\/deu\/pl\/wp-json\/wp\/v2\/users\/1"}],"replies":[{"embeddable":true,"href":"https:\/\/www.comverga.com\/deu\/pl\/wp-json\/wp\/v2\/comments?post=500"}],"version-history":[{"count":10,"href":"https:\/\/www.comverga.com\/deu\/pl\/wp-json\/wp\/v2\/pages\/500\/revisions"}],"predecessor-version":[{"id":4205,"href":"https:\/\/www.comverga.com\/deu\/pl\/wp-json\/wp\/v2\/pages\/500\/revisions\/4205"}],"up":[{"embeddable":true,"href":"https:\/\/www.comverga.com\/deu\/pl\/wp-json\/wp\/v2\/pages\/202"}],"wp:featuredmedia":[{"embeddable":true,"href":"https:\/\/www.comverga.com\/deu\/pl\/wp-json\/wp\/v2\/media\/136"}],"wp:attachment":[{"href":"https:\/\/www.comverga.com\/deu\/pl\/wp-json\/wp\/v2\/media?parent=500"}],"curies":[{"name":"wp","href":"https:\/\/api.w.org\/{rel}","templated":true}]}}