{"id":563,"date":"2020-12-02T09:14:21","date_gmt":"2020-12-02T08:14:21","guid":{"rendered":"https:\/\/www.comverga.com\/?page_id=563"},"modified":"2023-03-09T16:13:25","modified_gmt":"2023-03-09T15:13:25","slug":"sdp-fur-cloud","status":"publish","type":"page","link":"https:\/\/www.comverga.com\/deu\/pl\/dienstleistungen\/software-as-a-service-platform-as-a-service\/sdp-fur-cloud\/","title":{"rendered":"SDP dla chmury"},"content":{"rendered":"<div data-elementor-type=\"wp-page\" data-elementor-id=\"563\" class=\"elementor elementor-563\">\n\t\t\t\t\t\t\t\t\t<section class=\"elementor-section elementor-top-section elementor-element elementor-element-46414303 elementor-section-boxed elementor-section-height-default elementor-section-height-default\" data-id=\"46414303\" data-element_type=\"section\">\n\t\t\t\t\t\t<div class=\"elementor-container elementor-column-gap-default\">\n\t\t\t\t\t<div class=\"elementor-column elementor-col-100 elementor-top-column elementor-element elementor-element-731d2aa1\" data-id=\"731d2aa1\" data-element_type=\"column\">\n\t\t\t<div class=\"elementor-widget-wrap elementor-element-populated\">\n\t\t\t\t\t\t\t\t<div class=\"elementor-element elementor-element-da68ae elementor-widget elementor-widget-text-editor\" data-id=\"da68ae\" data-element_type=\"widget\" data-widget_type=\"text-editor.default\">\n\t\t\t\t<div class=\"elementor-widget-container\">\n\t\t\t\t\t\t\t<!-- wp:paragraph -->\n<p>Die heutige schnell \u00e4ndernde Umgebung sorgt f\u00fcr die zunehmende Nutzung von Cloud-Diensten. Dies gilt f\u00fcr das Datenvolumen, verschiedene Arten von Services und verschiedene Nutzer. Die Kosten f\u00fcr Unternehmen, die Cloud-Services nutzen, steigen schnell und erfordern zwingend eine &nbsp;Kostenkontrolle, die Aufteilung der Kosten auf die richtigen Kostenstellen und die Zuordnung der Kosten auf die verursachenden Nutzer.<\/p>\n<!-- \/wp:paragraph -->\n\n<!-- wp:paragraph -->\n<p>Die SDP erm\u00f6glicht eine vollst\u00e4ndige und differenzierte Verwaltung der Nutzung von Cloud-Services. Sie k\u00f6nnen kontrollieren, wann ein Service beauftragt und aktiviert wurde und wann er wieder deaktiviert wurde. Sie k\u00f6nnen sehen wie viel Datenvolumen verursacht wurde und zu welchem Zeitpunkt. Die Abrechnung verschiedenen Cloud-Service-Anbietern kann den Nutzern und Kostenstellen zugeordnet werden. Es werden sowohl \u00f6ffentliche Cloud-Anbieter (IBM, Amazon, Microsoft, Alcatel, Unify) als auch interne Anbieter innerhalb des Unternehmens unterst\u00fctzt.<\/p>\n<!-- \/wp:paragraph -->\t\t\t\t\t\t<\/div>\n\t\t\t\t<\/div>\n\t\t\t\t\t<\/div>\n\t\t<\/div>\n\t\t\t\t\t\t\t<\/div>\n\t\t<\/section>\n\t\t\t\t\t\t\t<\/div>","protected":false},"excerpt":{"rendered":"<p>Die heutige schnell \u00e4ndernde Umgebung sorgt f\u00fcr die zunehmende Nutzung von Cloud-Diensten. Dies gilt f\u00fcr das Datenvolumen, verschiedene Arten von Services und verschiedene Nutzer. Die Kosten f\u00fcr Unternehmen, die Cloud-Services nutzen, steigen schnell und erfordern zwingend eine &nbsp;Kostenkontrolle, die Aufteilung der Kosten auf die richtigen Kostenstellen und die Zuordnung der Kosten auf die verursachenden Nutzer. [&hellip;]<\/p>","protected":false},"author":1,"featured_media":145,"parent":206,"menu_order":4,"comment_status":"closed","ping_status":"closed","template":"","meta":{"footnotes":""},"_links":{"self":[{"href":"https:\/\/www.comverga.com\/deu\/pl\/wp-json\/wp\/v2\/pages\/563"}],"collection":[{"href":"https:\/\/www.comverga.com\/deu\/pl\/wp-json\/wp\/v2\/pages"}],"about":[{"href":"https:\/\/www.comverga.com\/deu\/pl\/wp-json\/wp\/v2\/types\/page"}],"author":[{"embeddable":true,"href":"https:\/\/www.comverga.com\/deu\/pl\/wp-json\/wp\/v2\/users\/1"}],"replies":[{"embeddable":true,"href":"https:\/\/www.comverga.com\/deu\/pl\/wp-json\/wp\/v2\/comments?post=563"}],"version-history":[{"count":4,"href":"https:\/\/www.comverga.com\/deu\/pl\/wp-json\/wp\/v2\/pages\/563\/revisions"}],"predecessor-version":[{"id":2456,"href":"https:\/\/www.comverga.com\/deu\/pl\/wp-json\/wp\/v2\/pages\/563\/revisions\/2456"}],"up":[{"embeddable":true,"href":"https:\/\/www.comverga.com\/deu\/pl\/wp-json\/wp\/v2\/pages\/206"}],"wp:featuredmedia":[{"embeddable":true,"href":"https:\/\/www.comverga.com\/deu\/pl\/wp-json\/wp\/v2\/media\/145"}],"wp:attachment":[{"href":"https:\/\/www.comverga.com\/deu\/pl\/wp-json\/wp\/v2\/media?parent=563"}],"curies":[{"name":"wp","href":"https:\/\/api.w.org\/{rel}","templated":true}]}}