{"id":652,"date":"2020-12-21T12:05:09","date_gmt":"2020-12-21T11:05:09","guid":{"rendered":"https:\/\/www.comverga.com\/?page_id=652"},"modified":"2024-06-06T06:49:16","modified_gmt":"2024-06-06T04:49:16","slug":"netzbetreiber","status":"publish","type":"page","link":"https:\/\/www.comverga.com\/deu\/pl\/branchen\/netzbetreiber\/","title":{"rendered":"operator sieci"},"content":{"rendered":"<div data-elementor-type=\"wp-page\" data-elementor-id=\"652\" class=\"elementor elementor-652\">\n\t\t\t\t\t\t\t\t\t<section class=\"elementor-section elementor-top-section elementor-element elementor-element-6e2574dc elementor-section-boxed elementor-section-height-default elementor-section-height-default\" data-id=\"6e2574dc\" data-element_type=\"section\">\n\t\t\t\t\t\t<div class=\"elementor-container elementor-column-gap-default\">\n\t\t\t\t\t<div class=\"elementor-column elementor-col-100 elementor-top-column elementor-element elementor-element-6f89b739\" data-id=\"6f89b739\" data-element_type=\"column\">\n\t\t\t<div class=\"elementor-widget-wrap elementor-element-populated\">\n\t\t\t\t\t\t\t\t<div class=\"elementor-element elementor-element-208785cb elementor-widget elementor-widget-text-editor\" data-id=\"208785cb\" data-element_type=\"widget\" data-widget_type=\"text-editor.default\">\n\t\t\t\t<div class=\"elementor-widget-container\">\n\t\t\t\t\t\t\t<!-- wp:paragraph -->\n<p>Netzbetreiber sind unsere wichtigsten Gesch\u00e4ftspartner. Wir entwickeln ma\u00dfgeschneiderte L\u00f6sungen f\u00fcr ihre wichtigsten Unternehmenskunden sowie Einzelhandelsdienstleistungen f\u00fcr ihre Endverbraucher. Unsere Lieferung umfasst den gesamten Lebenszyklus von der Beratung \u00fcber die Implementierung bis hin zum Servicebetrieb.<\/p>\n<!-- \/wp:paragraph --><!-- wp:paragraph -->\n<p>Koncentrujemy si\u0119 na nast\u0119puj\u0105cych obszarach:<\/p>\n<!-- \/wp:paragraph --><!-- wp:list -->\n<ul>\n<li>Messaging-Infrastruktur (SMS, RCS)<\/li>\n<li>Platforma \u015bwiadczenia us\u0142ug (SDP)<\/li>\n<li>Kundenspezifische L\u00f6sungen f\u00fcr Firmenkunden<\/li>\n<li>Platforma zarz\u0105dzania kartami SIM<\/li>\n<li>MVNO \/ MVNE-Plattform und -Dienste<\/li>\n<li>Gro\u00dfhandelsaggregation f\u00fcr FTTx \/ Kabel \/ 5G<\/li>\n<li>Beratung<\/li>\n<\/ul>\n<!-- \/wp:list --><!-- wp:paragraph -->\n<p><strong>AUSGEW\u00c4HLTE PARTNER<\/strong> &#8211; O2, Vodafone, T-Mobile, Nordic Telecom<\/p>\n<!-- \/wp:paragraph --><!-- wp:spacer {\"height\":29} -->\n<div class=\"wp-block-spacer\" style=\"height: 29px;\" aria-hidden=\"true\">\u00a0<\/div>\n<!-- \/wp:spacer --><!-- wp:paragraph -->\n<p>Wir bieten unsere L\u00f6sungen auch f\u00fcr private Netzbetreiber an, wie GSM-R-Betreiber f\u00fcr Eisenbahnen und Betreiber von Technologienetzen. Hier konzentrieren wir uns auf folgende L\u00f6sungen:<\/p>\n<!-- \/wp:paragraph --><!-- wp:list -->\n<ul>\n<li>Messaging-Infrastruktur (SMSC, USSD, SS7)<\/li>\n<li>Platforma zarz\u0105dzania kartami SIM<\/li>\n<li>Platforma \u015bwiadczenia us\u0142ug (SDP)<\/li>\n<\/ul>\n<!-- \/wp:list --><!-- wp:paragraph -->\n<p><strong>AUSGEW\u00c4HLTE PARTNER<\/strong> &#8211; Tschechische Eisenbahnen<\/p>\n<!-- \/wp:paragraph --><!-- wp:paragraph -->\n<p>\u00a0<\/p>\n<!-- \/wp:paragraph -->\t\t\t\t\t\t<\/div>\n\t\t\t\t<\/div>\n\t\t\t\t\t<\/div>\n\t\t<\/div>\n\t\t\t\t\t\t\t<\/div>\n\t\t<\/section>\n\t\t\t\t\t\t\t<\/div>","protected":false},"excerpt":{"rendered":"<p>Operatorzy sieci s\u0105 naszymi najwa\u017cniejszymi partnerami biznesowymi. Tworzymy rozwi\u0105zania szyte na miar\u0119 dla Twoich najwa\u017cniejszych klient\u00f3w korporacyjnych, a tak\u017ce...<\/p>","protected":false},"author":1,"featured_media":3256,"parent":346,"menu_order":0,"comment_status":"closed","ping_status":"closed","template":"","meta":{"footnotes":""},"_links":{"self":[{"href":"https:\/\/www.comverga.com\/deu\/pl\/wp-json\/wp\/v2\/pages\/652"}],"collection":[{"href":"https:\/\/www.comverga.com\/deu\/pl\/wp-json\/wp\/v2\/pages"}],"about":[{"href":"https:\/\/www.comverga.com\/deu\/pl\/wp-json\/wp\/v2\/types\/page"}],"author":[{"embeddable":true,"href":"https:\/\/www.comverga.com\/deu\/pl\/wp-json\/wp\/v2\/users\/1"}],"replies":[{"embeddable":true,"href":"https:\/\/www.comverga.com\/deu\/pl\/wp-json\/wp\/v2\/comments?post=652"}],"version-history":[{"count":22,"href":"https:\/\/www.comverga.com\/deu\/pl\/wp-json\/wp\/v2\/pages\/652\/revisions"}],"predecessor-version":[{"id":3791,"href":"https:\/\/www.comverga.com\/deu\/pl\/wp-json\/wp\/v2\/pages\/652\/revisions\/3791"}],"up":[{"embeddable":true,"href":"https:\/\/www.comverga.com\/deu\/pl\/wp-json\/wp\/v2\/pages\/346"}],"wp:featuredmedia":[{"embeddable":true,"href":"https:\/\/www.comverga.com\/deu\/pl\/wp-json\/wp\/v2\/media\/3256"}],"wp:attachment":[{"href":"https:\/\/www.comverga.com\/deu\/pl\/wp-json\/wp\/v2\/media?parent=652"}],"curies":[{"name":"wp","href":"https:\/\/api.w.org\/{rel}","templated":true}]}}