{"id":668,"date":"2020-12-15T12:54:58","date_gmt":"2020-12-15T11:54:58","guid":{"rendered":"https:\/\/www.comverga.com\/?page_id=668"},"modified":"2024-06-07T10:42:02","modified_gmt":"2024-06-07T08:42:02","slug":"banken-und-finanzen","status":"publish","type":"page","link":"https:\/\/www.comverga.com\/deu\/pl\/branchen\/banken-und-finanzen\/","title":{"rendered":"Bankowo\u015b\u0107 \/ Finanse \/ Ubezpieczenia"},"content":{"rendered":"<div data-elementor-type=\"wp-page\" data-elementor-id=\"668\" class=\"elementor elementor-668\">\n\t\t\t\t\t\t\t\t\t<section class=\"elementor-section elementor-top-section elementor-element elementor-element-43641a70 elementor-section-boxed elementor-section-height-default elementor-section-height-default\" data-id=\"43641a70\" data-element_type=\"section\">\n\t\t\t\t\t\t<div class=\"elementor-container elementor-column-gap-default\">\n\t\t\t\t\t<div class=\"elementor-column elementor-col-100 elementor-top-column elementor-element elementor-element-3a6fb0a7\" data-id=\"3a6fb0a7\" data-element_type=\"column\">\n\t\t\t<div class=\"elementor-widget-wrap elementor-element-populated\">\n\t\t\t\t\t\t\t\t<div class=\"elementor-element elementor-element-53292244 elementor-widget elementor-widget-text-editor\" data-id=\"53292244\" data-element_type=\"widget\" data-widget_type=\"text-editor.default\">\n\t\t\t\t<div class=\"elementor-widget-container\">\n\t\t\t\t\t\t\t<!-- wp:paragraph -->\n<p>Um erfolgreich mit seinen Kunden im Kontakt zu bleiben, ist digitale Kommunikation heute unverzichtbar. Digitale Kommunikation ist schnell, zielgerichtet und st\u00f6rungsfrei. Digitale Kommunikation kann z. B. \u00fcber E-Mails, SMS, Sprachnachrichten, RCS, Instant Messenger erfolgen. Diese Nachrichten-Kan\u00e4le k\u00f6nnen je nach Kundenpr\u00e4ferenz kombiniert werden.<\/p>\n<!-- \/wp:paragraph --><!-- wp:paragraph -->\n<p>In diesem Bereich bieten wir folgende Dienstleistungen an:<\/p>\n<!-- \/wp:paragraph --><!-- wp:list -->\n<ul>\n<li>Kunden-Kommunikations-Services f\u00fcr CRM<\/li>\n<li>Mobilny marketing<\/li>\n<li>Benachrichtigungsdienste<\/li>\n<li>Kundenzufriedenheits-Umfragen<\/li>\n<li>Mobile Applikationen<\/li>\n<li>Einmal-Passw\u00f6rter<\/li>\n<li>Profesjonalne us\u0142ugi<\/li>\n<li>Rozw\u00f3j aplikacji<\/li>\n<\/ul>\n<!-- \/wp:list --><!-- wp:paragraph -->\n<p>Technologie wird immer mehr mit Finanz- und Versicherungsdienstleistungen verbunden. Nicht nur bei Bezahldiensten (kontaktloses und mobiles Bezahlen, Pay-per-Use-Systeme), sondern auch als zentraler Mehrwert f\u00fcr Hausrat-Versicherungen, Leasingvertr\u00e4ge usw. Hausrat-Versicherungen sind f\u00fcr Verbraucher m\u00f6glicherweise kosteng\u00fcnstiger, wenn sie Smart-Home-Ger\u00e4te und -Dienste installieren, die im Falle eines Schadens rechtzeitig ausl\u00f6sen, so dass der Schaden begrenzt wird.<\/p>\n<!-- \/wp:paragraph --><!-- wp:paragraph -->\n<p>Die erforderliche Infrastruktur sowie die damit verbundenen Gesch\u00e4ftsprozesse werden von uns vollumf\u00e4nglich betrieben:<\/p>\n<!-- \/wp:paragraph --><!-- wp:list -->\n<ul>\n<li>Outsourcing proces\u00f3w biznesowych (BPO \u2013 Business Process Outsourcing)<\/li>\n<li>Service Delivery Platform as a Service<\/li>\n<li>Eksploatacja infrastruktury telekomunikacyjnej<\/li>\n<li>Profesjonalne us\u0142ugi<\/li>\n<li>Rozw\u00f3j aplikacji<\/li>\n<li>Smart Home-Infrastruktur und -Applikationen<\/li>\n<\/ul>\n<!-- \/wp:list -->\t\t\t\t\t\t<\/div>\n\t\t\t\t<\/div>\n\t\t\t\t\t<\/div>\n\t\t<\/div>\n\t\t\t\t\t\t\t<\/div>\n\t\t<\/section>\n\t\t\t\t\t\t\t<\/div>","protected":false},"excerpt":{"rendered":"<p>Aby skutecznie utrzymywa\u0107 kontakt z klientami, komunikacja cyfrowa jest dzi\u015b niezb\u0119dna. Komunikacja cyfrowa jest szybka, ukierunkowana i...<\/p>","protected":false},"author":1,"featured_media":3255,"parent":346,"menu_order":3,"comment_status":"closed","ping_status":"closed","template":"","meta":{"footnotes":""},"_links":{"self":[{"href":"https:\/\/www.comverga.com\/deu\/pl\/wp-json\/wp\/v2\/pages\/668"}],"collection":[{"href":"https:\/\/www.comverga.com\/deu\/pl\/wp-json\/wp\/v2\/pages"}],"about":[{"href":"https:\/\/www.comverga.com\/deu\/pl\/wp-json\/wp\/v2\/types\/page"}],"author":[{"embeddable":true,"href":"https:\/\/www.comverga.com\/deu\/pl\/wp-json\/wp\/v2\/users\/1"}],"replies":[{"embeddable":true,"href":"https:\/\/www.comverga.com\/deu\/pl\/wp-json\/wp\/v2\/comments?post=668"}],"version-history":[{"count":19,"href":"https:\/\/www.comverga.com\/deu\/pl\/wp-json\/wp\/v2\/pages\/668\/revisions"}],"predecessor-version":[{"id":3806,"href":"https:\/\/www.comverga.com\/deu\/pl\/wp-json\/wp\/v2\/pages\/668\/revisions\/3806"}],"up":[{"embeddable":true,"href":"https:\/\/www.comverga.com\/deu\/pl\/wp-json\/wp\/v2\/pages\/346"}],"wp:featuredmedia":[{"embeddable":true,"href":"https:\/\/www.comverga.com\/deu\/pl\/wp-json\/wp\/v2\/media\/3255"}],"wp:attachment":[{"href":"https:\/\/www.comverga.com\/deu\/pl\/wp-json\/wp\/v2\/media?parent=668"}],"curies":[{"name":"wp","href":"https:\/\/api.w.org\/{rel}","templated":true}]}}