{"id":676,"date":"2020-12-15T12:57:17","date_gmt":"2020-12-15T11:57:17","guid":{"rendered":"https:\/\/www.comverga.com\/?page_id=676"},"modified":"2024-06-06T06:44:16","modified_gmt":"2024-06-06T04:44:16","slug":"dienstprogramme","status":"publish","type":"page","link":"https:\/\/www.comverga.com\/deu\/pl\/branchen\/dienstprogramme\/","title":{"rendered":"Sektor u\u017cyteczno\u015bci publicznej"},"content":{"rendered":"<div data-elementor-type=\"wp-page\" data-elementor-id=\"676\" class=\"elementor elementor-676\">\n\t\t\t\t\t\t\t\t\t<section class=\"elementor-section elementor-top-section elementor-element elementor-element-5f2e621e elementor-section-boxed elementor-section-height-default elementor-section-height-default\" data-id=\"5f2e621e\" data-element_type=\"section\">\n\t\t\t\t\t\t<div class=\"elementor-container elementor-column-gap-default\">\n\t\t\t\t\t<div class=\"elementor-column elementor-col-100 elementor-top-column elementor-element elementor-element-691336e4\" data-id=\"691336e4\" data-element_type=\"column\">\n\t\t\t<div class=\"elementor-widget-wrap elementor-element-populated\">\n\t\t\t\t\t\t\t\t<div class=\"elementor-element elementor-element-2c441f09 elementor-widget elementor-widget-text-editor\" data-id=\"2c441f09\" data-element_type=\"widget\" data-widget_type=\"text-editor.default\">\n\t\t\t\t<div class=\"elementor-widget-container\">\n\t\t\t\t\t\t\t<!-- wp:paragraph -->\n<p>Um erfolgreich mit seinen Kunden im Kontakt zu bleiben, ist digitale Kommunikation heute unverzichtbar. Digitale Kommunikation ist schnell, zielgerichtet und st\u00f6rungsfrei. Digitale Kommunikation kann z. B. \u00fcber E-Mails, SMS, Sprachnachrichten, RCS, Instant Messenger erfolgen. Diese Nachrichten-Kan\u00e4le k\u00f6nnen je nach Kundenpr\u00e4ferenz kombiniert werden.<\/p>\n<!-- \/wp:paragraph --><!-- wp:paragraph -->\n<p>In diesem Bereich bieten wir folgende Dienstleistungen an:<\/p>\n<!-- \/wp:paragraph --><!-- wp:list -->\n<ul>\n<li>Kunden-Kommunikations-Services f\u00fcr CRM<\/li>\n<li>Mobilny marketing<\/li>\n<li>Benachrichtigungsdienste<\/li>\n<li>Kundenzufriedenheits-Umfragen<\/li>\n<li>Mobile Applikationen<\/li>\n<li>Einmal-Passw\u00f6rter<\/li>\n<li>Profesjonalne us\u0142ugi<\/li>\n<li>Rozw\u00f3j aplikacji<\/li>\n<\/ul>\n<!-- \/wp:list --><!-- wp:paragraph -->\n<p>Die Telekommunikation konvergiert mit den klassischen Versorgungsunternehmen. Sie bieten nicht nur bidirektionalen Zugriff auf intelligente Ger\u00e4te innerhalb der Infrastruktur von Versorgungsunternehmen, sondern spielen auch eine wichtige Rolle bei konvergierenden Angeboten f\u00fcr Verbraucher. Telekommunikationstarife werden z. B. mit Strom-, Gas- und Wasser-Tarifen geb\u00fcndelt und werden so zu einem wichtigen Treiber f\u00fcr Kundenbindung und -Akquisition.<\/p>\n<!-- \/wp:paragraph --><!-- wp:paragraph -->\n<p>Wir stellen die erforderliche Infrastruktur sowie die damit verbundenen Gesch\u00e4ftsprozesse vollumf\u00e4nglich bereit:<\/p>\n<!-- \/wp:paragraph --><!-- wp:list -->\n<ul>\n<li>Outsourcing proces\u00f3w biznesowych (BPO \u2013 Business Process Outsourcing)<\/li>\n<li>Service Delivery Platform as a Service<\/li>\n<li>Eksploatacja infrastruktury telekomunikacyjnej<\/li>\n<li>Profesjonalne us\u0142ugi<\/li>\n<li>Rozw\u00f3j aplikacji<\/li>\n<li>Smart Home-Infrastruktur und -Applikationen<\/li>\n<li>Lojalno\u015b\u0107 i konwergentne us\u0142ugi telekomunikacyjne<\/li>\n<\/ul>\n<!-- \/wp:list -->\t\t\t\t\t\t<\/div>\n\t\t\t\t<\/div>\n\t\t\t\t\t<\/div>\n\t\t<\/div>\n\t\t\t\t\t\t\t<\/div>\n\t\t<\/section>\n\t\t\t\t\t\t\t<\/div>","protected":false},"excerpt":{"rendered":"<p>Aby skutecznie utrzymywa\u0107 kontakt z klientami, komunikacja cyfrowa jest dzi\u015b niezb\u0119dna. Komunikacja cyfrowa jest szybka, ukierunkowana i...<\/p>","protected":false},"author":1,"featured_media":3254,"parent":346,"menu_order":4,"comment_status":"closed","ping_status":"closed","template":"","meta":{"footnotes":""},"_links":{"self":[{"href":"https:\/\/www.comverga.com\/deu\/pl\/wp-json\/wp\/v2\/pages\/676"}],"collection":[{"href":"https:\/\/www.comverga.com\/deu\/pl\/wp-json\/wp\/v2\/pages"}],"about":[{"href":"https:\/\/www.comverga.com\/deu\/pl\/wp-json\/wp\/v2\/types\/page"}],"author":[{"embeddable":true,"href":"https:\/\/www.comverga.com\/deu\/pl\/wp-json\/wp\/v2\/users\/1"}],"replies":[{"embeddable":true,"href":"https:\/\/www.comverga.com\/deu\/pl\/wp-json\/wp\/v2\/comments?post=676"}],"version-history":[{"count":13,"href":"https:\/\/www.comverga.com\/deu\/pl\/wp-json\/wp\/v2\/pages\/676\/revisions"}],"predecessor-version":[{"id":3776,"href":"https:\/\/www.comverga.com\/deu\/pl\/wp-json\/wp\/v2\/pages\/676\/revisions\/3776"}],"up":[{"embeddable":true,"href":"https:\/\/www.comverga.com\/deu\/pl\/wp-json\/wp\/v2\/pages\/346"}],"wp:featuredmedia":[{"embeddable":true,"href":"https:\/\/www.comverga.com\/deu\/pl\/wp-json\/wp\/v2\/media\/3254"}],"wp:attachment":[{"href":"https:\/\/www.comverga.com\/deu\/pl\/wp-json\/wp\/v2\/media?parent=676"}],"curies":[{"name":"wp","href":"https:\/\/api.w.org\/{rel}","templated":true}]}}