{"id":684,"date":"2020-12-15T12:59:11","date_gmt":"2020-12-15T11:59:11","guid":{"rendered":"https:\/\/www.comverga.com\/?page_id=684"},"modified":"2024-06-06T06:45:55","modified_gmt":"2024-06-06T04:45:55","slug":"verkauf","status":"publish","type":"page","link":"https:\/\/www.comverga.com\/deu\/pl\/branchen\/verkauf\/","title":{"rendered":"handel detaliczny"},"content":{"rendered":"<div data-elementor-type=\"wp-page\" data-elementor-id=\"684\" class=\"elementor elementor-684\">\n\t\t\t\t\t\t\t\t\t<section class=\"elementor-section elementor-top-section elementor-element elementor-element-1e4b6971 elementor-section-boxed elementor-section-height-default elementor-section-height-default\" data-id=\"1e4b6971\" data-element_type=\"section\">\n\t\t\t\t\t\t<div class=\"elementor-container elementor-column-gap-default\">\n\t\t\t\t\t<div class=\"elementor-column elementor-col-100 elementor-top-column elementor-element elementor-element-7a231a2\" data-id=\"7a231a2\" data-element_type=\"column\">\n\t\t\t<div class=\"elementor-widget-wrap elementor-element-populated\">\n\t\t\t\t\t\t\t\t<div class=\"elementor-element elementor-element-3a3aa17c elementor-widget elementor-widget-text-editor\" data-id=\"3a3aa17c\" data-element_type=\"widget\" data-widget_type=\"text-editor.default\">\n\t\t\t\t<div class=\"elementor-widget-container\">\n\t\t\t\t\t\t\t<!-- wp:paragraph -->\n<p>\u0141\u0105czenie i identyfikacja konsument\u00f3w w sprzeda\u017cy detalicznej, zwi\u0119kszanie ich lojalno\u015bci i po\u015bredniczenie w transakcjach online to dzi\u015b kluczowe czynniki sukcesu w handlu detalicznym. Wdro\u017cenie technologii telekomunikacyjnych umo\u017cliwia wdra\u017canie nowych modeli biznesowych oraz dostarcza narz\u0119dzi do indywidualnego i bezpo\u015bredniego traktowania ka\u017cdego konsumenta.<\/p>\n<!-- \/wp:paragraph --><!-- wp:paragraph -->\n<p>Wa\u017cn\u0105 cz\u0119\u015bci\u0105 strategii s\u0105 dialogi i rozmowy z konsumentami. S\u0105 szybkie, ukierunkowane i dyskretne. Wiele kana\u0142\u00f3w komunikacji (e-maile, SMS, wiadomo\u015bci g\u0142osowe, RCS, komunikator internetowy) \u0142\u0105czonych jest w oparciu o preferencje klienta.<\/p>\n<!-- \/wp:paragraph --><!-- wp:paragraph -->\n<p>Programy lojalno\u015bciowe dla klient\u00f3w i marketing mobilny s\u0105 cz\u0119sto kojarzone z planami markowych telefon\u00f3w kom\u00f3rkowych, kt\u00f3re zapewniaj\u0105 r\u00f3wnie\u017c regularne po\u0142\u0105czenie rozliczeniowe z konsumentem.<\/p>\n<!-- \/wp:paragraph --><!-- wp:paragraph -->\n<p>Naszym partnerom handlowym oferujemy nast\u0119puj\u0105ce us\u0142ugi:<\/p>\n<!-- \/wp:paragraph --><!-- wp:list -->\n<ul>\n<li>Us\u0142ugi komunikacji z klientami<\/li>\n<li>Mobilny marketing<\/li>\n<li>Ankieta zadowolenia klienta<\/li>\n<li>Zarz\u0105dzanie leadami\/zam\u00f3wieniami<\/li>\n<li>Zam\u00f3wienia SMS<\/li>\n<li>Aplikacje mobilne<\/li>\n<li>Outsourcing proces\u00f3w biznesowych (BPO \u2013 Business Process Outsourcing)<\/li>\n<li>Profesjonalne us\u0142ugi<\/li>\n<li>Rozw\u00f3j aplikacji<\/li>\n<li>Lojalno\u015b\u0107 i konwergentne us\u0142ugi telekomunikacyjne<\/li>\n<\/ul>\n<!-- \/wp:list --><!-- wp:heading -->\n<h2>Wybrani partnerzy<\/h2>\n<!-- \/wp:heading --><!-- wp:list -->\n<ul>\n<li>COOP, Nestle<\/li>\n<\/ul>\n<!-- \/wp:list -->\t\t\t\t\t\t<\/div>\n\t\t\t\t<\/div>\n\t\t\t\t\t<\/div>\n\t\t<\/div>\n\t\t\t\t\t\t\t<\/div>\n\t\t<\/section>\n\t\t\t\t\t\t\t<\/div>","protected":false},"excerpt":{"rendered":"<p>Lojalno\u015b\u0107 klient\u00f3w i identyfikacja konsumenta, zdobywanie lojalno\u015bci klient\u00f3w i oferowanie im transakcji online to najwa\u017cniejsze...<\/p>","protected":false},"author":1,"featured_media":3253,"parent":346,"menu_order":5,"comment_status":"closed","ping_status":"closed","template":"","meta":{"footnotes":""},"_links":{"self":[{"href":"https:\/\/www.comverga.com\/deu\/pl\/wp-json\/wp\/v2\/pages\/684"}],"collection":[{"href":"https:\/\/www.comverga.com\/deu\/pl\/wp-json\/wp\/v2\/pages"}],"about":[{"href":"https:\/\/www.comverga.com\/deu\/pl\/wp-json\/wp\/v2\/types\/page"}],"author":[{"embeddable":true,"href":"https:\/\/www.comverga.com\/deu\/pl\/wp-json\/wp\/v2\/users\/1"}],"replies":[{"embeddable":true,"href":"https:\/\/www.comverga.com\/deu\/pl\/wp-json\/wp\/v2\/comments?post=684"}],"version-history":[{"count":19,"href":"https:\/\/www.comverga.com\/deu\/pl\/wp-json\/wp\/v2\/pages\/684\/revisions"}],"predecessor-version":[{"id":3782,"href":"https:\/\/www.comverga.com\/deu\/pl\/wp-json\/wp\/v2\/pages\/684\/revisions\/3782"}],"up":[{"embeddable":true,"href":"https:\/\/www.comverga.com\/deu\/pl\/wp-json\/wp\/v2\/pages\/346"}],"wp:featuredmedia":[{"embeddable":true,"href":"https:\/\/www.comverga.com\/deu\/pl\/wp-json\/wp\/v2\/media\/3253"}],"wp:attachment":[{"href":"https:\/\/www.comverga.com\/deu\/pl\/wp-json\/wp\/v2\/media?parent=684"}],"curies":[{"name":"wp","href":"https:\/\/api.w.org\/{rel}","templated":true}]}}