{"id":692,"date":"2020-12-15T13:00:58","date_gmt":"2020-12-15T12:00:58","guid":{"rendered":"https:\/\/www.comverga.com\/?page_id=692"},"modified":"2024-06-06T06:46:42","modified_gmt":"2024-06-06T04:46:42","slug":"transport","status":"publish","type":"page","link":"https:\/\/www.comverga.com\/deu\/pl\/branchen\/transport\/","title":{"rendered":"transport"},"content":{"rendered":"<div data-elementor-type=\"wp-page\" data-elementor-id=\"692\" class=\"elementor elementor-692\">\n\t\t\t\t\t\t\t\t\t<section class=\"elementor-section elementor-top-section elementor-element elementor-element-57ea1981 elementor-section-boxed elementor-section-height-default elementor-section-height-default\" data-id=\"57ea1981\" data-element_type=\"section\">\n\t\t\t\t\t\t<div class=\"elementor-container elementor-column-gap-default\">\n\t\t\t\t\t<div class=\"elementor-column elementor-col-100 elementor-top-column elementor-element elementor-element-66db8b07\" data-id=\"66db8b07\" data-element_type=\"column\">\n\t\t\t<div class=\"elementor-widget-wrap elementor-element-populated\">\n\t\t\t\t\t\t\t\t<div class=\"elementor-element elementor-element-7bb52f46 elementor-widget elementor-widget-text-editor\" data-id=\"7bb52f46\" data-element_type=\"widget\" data-widget_type=\"text-editor.default\">\n\t\t\t\t<div class=\"elementor-widget-container\">\n\t\t\t\t\t\t\t<!-- wp:paragraph -->\n<p>Unser Schwerpunkt in der Transportbranche liegt auf Ticket- und Passagierbenachrichtigungsdiensten. Messaging, mobile Applikationen und mobile Bezahlungen sind bereits seit mehr als einem Jahrzehnt von entscheidender Bedeutung. In j\u00fcngster Zeit gewinnen intelligente Ger\u00e4te, Sensoren und IoT-Infrastrukturen zunehmend an Bedeutung und werden zu einem integralen Bestandteil von Dienstleistungen und Kundenerfahrungen.<\/p>\n<p>Unser Serviceangebot umfasst:<\/p>\n<!-- \/wp:paragraph --><!-- wp:list -->\n<ul>\n<li>SMS \/ Mobile Ticketing &#8211; Parken und \u00f6ffentliche Verkehrsmittel<\/li>\n<li>Aplikacje mobilne<\/li>\n<li>Benachrichtigungs-Services<\/li>\n<li>Mobile Bezahlungen und Bezahldienste<\/li>\n<li>Outsourcing proces\u00f3w biznesowych (BPO \u2013 Business Process Outsourcing)<\/li>\n<li>Eksploatacja infrastruktury telekomunikacyjnej<\/li>\n<li>Profesjonalne us\u0142ugi<\/li>\n<li>Rozw\u00f3j aplikacji<\/li>\n<li>Smart Parking<\/li>\n<\/ul>\n<!-- \/wp:list --><!-- wp:heading -->\n<h2>Ausgew\u00e4hlte Kunden<\/h2>\n<!-- \/wp:heading --><!-- wp:list -->\n<ul>\n<li>\u00d6ffentliche Verkehrsunternehmen in Ostrava, Hradec Kr\u00e1lov\u00e9, Karlsbad<\/li>\n<\/ul>\n<!-- \/wp:list -->\t\t\t\t\t\t<\/div>\n\t\t\t\t<\/div>\n\t\t\t\t\t<\/div>\n\t\t<\/div>\n\t\t\t\t\t\t\t<\/div>\n\t\t<\/section>\n\t\t\t\t\t\t\t<\/div>","protected":false},"excerpt":{"rendered":"<p>W bran\u017cy transportowej koncentrujemy si\u0119 na us\u0142ugach sprzeda\u017cy bilet\u00f3w i powiadamiania pasa\u017cer\u00f3w. Wiadomo\u015bci, aplikacje mobilne i p\u0142atno\u015bci mobilne...<\/p>","protected":false},"author":1,"featured_media":3252,"parent":346,"menu_order":6,"comment_status":"closed","ping_status":"closed","template":"","meta":{"footnotes":""},"_links":{"self":[{"href":"https:\/\/www.comverga.com\/deu\/pl\/wp-json\/wp\/v2\/pages\/692"}],"collection":[{"href":"https:\/\/www.comverga.com\/deu\/pl\/wp-json\/wp\/v2\/pages"}],"about":[{"href":"https:\/\/www.comverga.com\/deu\/pl\/wp-json\/wp\/v2\/types\/page"}],"author":[{"embeddable":true,"href":"https:\/\/www.comverga.com\/deu\/pl\/wp-json\/wp\/v2\/users\/1"}],"replies":[{"embeddable":true,"href":"https:\/\/www.comverga.com\/deu\/pl\/wp-json\/wp\/v2\/comments?post=692"}],"version-history":[{"count":13,"href":"https:\/\/www.comverga.com\/deu\/pl\/wp-json\/wp\/v2\/pages\/692\/revisions"}],"predecessor-version":[{"id":3785,"href":"https:\/\/www.comverga.com\/deu\/pl\/wp-json\/wp\/v2\/pages\/692\/revisions\/3785"}],"up":[{"embeddable":true,"href":"https:\/\/www.comverga.com\/deu\/pl\/wp-json\/wp\/v2\/pages\/346"}],"wp:featuredmedia":[{"embeddable":true,"href":"https:\/\/www.comverga.com\/deu\/pl\/wp-json\/wp\/v2\/media\/3252"}],"wp:attachment":[{"href":"https:\/\/www.comverga.com\/deu\/pl\/wp-json\/wp\/v2\/media?parent=692"}],"curies":[{"name":"wp","href":"https:\/\/api.w.org\/{rel}","templated":true}]}}