{"id":700,"date":"2020-12-15T13:02:50","date_gmt":"2020-12-15T12:02:50","guid":{"rendered":"https:\/\/www.comverga.com\/?page_id=700"},"modified":"2024-06-06T06:48:15","modified_gmt":"2024-06-06T04:48:15","slug":"regierung-offentlicher-sektor","status":"publish","type":"page","link":"https:\/\/www.comverga.com\/deu\/pl\/branchen\/regierung-offentlicher-sektor\/","title":{"rendered":"Rz\u0105d i sektor publiczny"},"content":{"rendered":"<div data-elementor-type=\"wp-page\" data-elementor-id=\"700\" class=\"elementor elementor-700\">\n\t\t\t\t\t\t\t\t\t<section class=\"elementor-section elementor-top-section elementor-element elementor-element-4775ace0 elementor-section-boxed elementor-section-height-default elementor-section-height-default\" data-id=\"4775ace0\" data-element_type=\"section\">\n\t\t\t\t\t\t<div class=\"elementor-container elementor-column-gap-default\">\n\t\t\t\t\t<div class=\"elementor-column elementor-col-100 elementor-top-column elementor-element elementor-element-60acf0be\" data-id=\"60acf0be\" data-element_type=\"column\">\n\t\t\t<div class=\"elementor-widget-wrap elementor-element-populated\">\n\t\t\t\t\t\t\t\t<div class=\"elementor-element elementor-element-24951aa6 elementor-widget elementor-widget-text-editor\" data-id=\"24951aa6\" data-element_type=\"widget\" data-widget_type=\"text-editor.default\">\n\t\t\t\t<div class=\"elementor-widget-container\">\n\t\t\t\t\t\t\t<!-- wp:paragraph -->\n<p>Eine effektive Kommunikation mit den B\u00fcrgern und Kunden verschiedener Beh\u00f6rden und Institutionen ist von entscheidender Bedeutung f\u00fcr den Aufbau einer gesunden und funktionierenden Gesellschaft. Wir stellen eine vielf\u00e4ltige Palette von Diensten und Anwendungen bereit, die Messaging f\u00fcr die bidirektionale und zielgerichtete Kommunikation in diesem Bereich nutzen:<\/p>\n<!-- \/wp:paragraph --><!-- wp:list -->\n<ul>\n<li>Gespr\u00e4chsmessagingdienste f\u00fcr B\u00fcrger<\/li>\n<li>Mobile Anwendungen<\/li>\n<li>Benachrichtigungsdienste<\/li>\n<li>Smart Parking<\/li>\n<\/ul>\n<!-- \/wp:list --><!-- wp:heading -->\n<h2>Ausgew\u00e4hlte Kunden<\/h2>\n<!-- \/wp:heading --><!-- wp:paragraph -->\n<p>St\u00e4dte &#8211; Karlovy Vary, Hradec Kr\u00e1lov\u00e9, Dv\u016fr Kr\u00e1lov\u00e9 nad Labem, Brunt\u00e1l, Hodon\u00edn, Chomutov, Jarom\u011b\u0159, Ji\u010d\u00edn, Krnov, Kutn\u00e1 Hora, Odry, Opava, Prachatice, \u0160ternberk, \u017datec<\/p>\n<!-- \/wp:paragraph -->\t\t\t\t\t\t<\/div>\n\t\t\t\t<\/div>\n\t\t\t\t\t<\/div>\n\t\t<\/div>\n\t\t\t\t\t\t\t<\/div>\n\t\t<\/section>\n\t\t\t\t\t\t\t<\/div>","protected":false},"excerpt":{"rendered":"<p>Komunikacja z obywatelami i klientami r\u00f3\u017cnych w\u0142adz i instytucji jest wa\u017cna w budowaniu zdrowego i funkcjonuj\u0105cego spo\u0142ecze\u0144stwa...<\/p>","protected":false},"author":1,"featured_media":3251,"parent":346,"menu_order":7,"comment_status":"closed","ping_status":"closed","template":"","meta":{"footnotes":""},"_links":{"self":[{"href":"https:\/\/www.comverga.com\/deu\/pl\/wp-json\/wp\/v2\/pages\/700"}],"collection":[{"href":"https:\/\/www.comverga.com\/deu\/pl\/wp-json\/wp\/v2\/pages"}],"about":[{"href":"https:\/\/www.comverga.com\/deu\/pl\/wp-json\/wp\/v2\/types\/page"}],"author":[{"embeddable":true,"href":"https:\/\/www.comverga.com\/deu\/pl\/wp-json\/wp\/v2\/users\/1"}],"replies":[{"embeddable":true,"href":"https:\/\/www.comverga.com\/deu\/pl\/wp-json\/wp\/v2\/comments?post=700"}],"version-history":[{"count":12,"href":"https:\/\/www.comverga.com\/deu\/pl\/wp-json\/wp\/v2\/pages\/700\/revisions"}],"predecessor-version":[{"id":3788,"href":"https:\/\/www.comverga.com\/deu\/pl\/wp-json\/wp\/v2\/pages\/700\/revisions\/3788"}],"up":[{"embeddable":true,"href":"https:\/\/www.comverga.com\/deu\/pl\/wp-json\/wp\/v2\/pages\/346"}],"wp:featuredmedia":[{"embeddable":true,"href":"https:\/\/www.comverga.com\/deu\/pl\/wp-json\/wp\/v2\/media\/3251"}],"wp:attachment":[{"href":"https:\/\/www.comverga.com\/deu\/pl\/wp-json\/wp\/v2\/media?parent=700"}],"curies":[{"name":"wp","href":"https:\/\/api.w.org\/{rel}","templated":true}]}}