{"id":2967,"date":"2023-04-21T13:44:17","date_gmt":"2023-04-21T11:44:17","guid":{"rendered":"https:\/\/www.comverga.com\/deu\/?page_id=2967"},"modified":"2023-12-13T13:06:48","modified_gmt":"2023-12-13T12:06:48","slug":"organisierung-von-physischen-und-virtuellen-events","status":"publish","type":"page","link":"https:\/\/www.comverga.com\/deu\/dienstleistungen\/aggregation-der-konnektivitaet\/rcs-business-messaging\/organisierung-von-physischen-und-virtuellen-events\/","title":{"rendered":"Organisierung von physischen und virtuellen Events"},"content":{"rendered":"\t\t<div data-elementor-type=\"wp-page\" data-elementor-id=\"2967\" class=\"elementor elementor-2967\">\n\t\t\t\t\t\t\t\t\t<section class=\"elementor-section elementor-top-section elementor-element elementor-element-1d47c46a elementor-section-boxed elementor-section-height-default elementor-section-height-default\" data-id=\"1d47c46a\" data-element_type=\"section\">\n\t\t\t\t\t\t<div class=\"elementor-container elementor-column-gap-default\">\n\t\t\t\t\t<div class=\"elementor-column elementor-col-50 elementor-top-column elementor-element elementor-element-117bd76d\" data-id=\"117bd76d\" data-element_type=\"column\">\n\t\t\t<div class=\"elementor-widget-wrap elementor-element-populated\">\n\t\t\t\t\t\t\t\t<div class=\"elementor-element elementor-element-11e6a9f1 elementor-widget elementor-widget-text-editor\" data-id=\"11e6a9f1\" data-element_type=\"widget\" data-widget_type=\"text-editor.default\">\n\t\t\t\t<div class=\"elementor-widget-container\">\n\t\t\t\t\t\t\t<div class=\"usecase-text\"><h2 style=\"text-align: left; margin-top: 0;\">Organisierung von physischen und virtuellen Events<\/h2><p>Unser Partner ist ein langj\u00e4hriger Organisator von gro\u00dfen realen, virtuellen und hybriden Konferenz. Er deckt die komplette Realisierung von der Kommunikation \u00fcber die bevorstehende Konferenz an potenzielle Teilnehmer, die Zusammenstellung des Veranstaltungsprogramms, die Kommunikation mit den K\u00fcnstlern sowie den Registrierungsprozess und die Ticketverteilung ab.<\/p><\/div>\t\t\t\t\t\t<\/div>\n\t\t\t\t<\/div>\n\t\t\t\t\t<\/div>\n\t\t<\/div>\n\t\t\t\t<div class=\"elementor-column elementor-col-50 elementor-top-column elementor-element elementor-element-d7efee9\" data-id=\"d7efee9\" data-element_type=\"column\">\n\t\t\t<div class=\"elementor-widget-wrap elementor-element-populated\">\n\t\t\t\t\t\t\t\t<div class=\"elementor-element elementor-element-1984357 elementor-widget elementor-widget-image\" data-id=\"1984357\" data-element_type=\"widget\" data-widget_type=\"image.default\">\n\t\t\t\t<div class=\"elementor-widget-container\">\n\t\t\t\t\t\t\t\t\t\t\t\t\t\t\t<img fetchpriority=\"high\" decoding=\"async\" width=\"580\" height=\"393\" src=\"https:\/\/www.comverga.com\/deu\/wp-content\/uploads\/sites\/4\/2023\/04\/events.png\" class=\"attachment-medium_large size-medium_large wp-image-2968\" alt=\"\" srcset=\"https:\/\/www.comverga.com\/deu\/wp-content\/uploads\/sites\/4\/2023\/04\/events.png 697w, https:\/\/www.comverga.com\/deu\/wp-content\/uploads\/sites\/4\/2023\/04\/events-300x203.png 300w\" sizes=\"(max-width: 580px) 100vw, 580px\" \/>\t\t\t\t\t\t\t\t\t\t\t\t\t\t\t<\/div>\n\t\t\t\t<\/div>\n\t\t\t\t\t<\/div>\n\t\t<\/div>\n\t\t\t\t\t\t\t<\/div>\n\t\t<\/section>\n\t\t\t\t<section class=\"elementor-section elementor-top-section elementor-element elementor-element-6408817e elementor-section-boxed elementor-section-height-default elementor-section-height-default\" data-id=\"6408817e\" data-element_type=\"section\">\n\t\t\t\t\t\t<div class=\"elementor-container elementor-column-gap-default\">\n\t\t\t\t\t<div class=\"elementor-column elementor-col-50 elementor-top-column elementor-element elementor-element-644ab8c6\" data-id=\"644ab8c6\" data-element_type=\"column\">\n\t\t\t<div class=\"elementor-widget-wrap elementor-element-populated\">\n\t\t\t\t\t\t\t\t<div class=\"elementor-element elementor-element-7cc48fcf elementor-widget elementor-widget-sidebar\" data-id=\"7cc48fcf\" data-element_type=\"widget\" data-widget_type=\"sidebar.default\">\n\t\t\t\t<div class=\"elementor-widget-container\">\n\t\t\t<div id=\"widget-box\" class=\"smart-watch\">\n\t<img decoding=\"async\" src=\"https:\/\/www.coopmobil.cz\/wp-content\/uploads\/2021\/04\/coop-mobil-logo.svg\"><br>\n\t<span>Branchen<\/span>\n<p>\n\t\tTelekommunikationsbetreiber - Einzelhandel\n\t<\/p>\n<span>Produkt<\/span>\n<p>\n\t\tBundle Smartwatch + Datenkonnektivit\u00e4t\n\t<\/p>\n<\/div>\n<div id=\"widget-box\" class=\"operator\">\n\t<img decoding=\"async\" src=\"https:\/\/www.coopmobil.cz\/wp-content\/uploads\/2021\/04\/coop-mobil-logo.svg\"><br>\n\t<span>Branchen<\/span>\n<p>\n\t\tTelekommunikationsbetreiber - Retail\n\t<\/p>\n<span>Produkt<\/span>\n<p>\n\t\tDurchf\u00fchrung von Marketingmailings\n\t<\/p>\n<\/div>\n<div id=\"widget-box\" class=\"caravan\">\n<img decoding=\"async\" src=\"\/deu\/wp-content\/uploads\/sites\/4\/2023\/04\/caravan-logo.jpg\"><br>\n<span>Branchen<\/span>\n<p>\n\t\tGPS-Ortungssysteme f\u00fcr Fahrzeuge, Datenkonnektivit\u00e4t\n\t<\/p>\n<span>Produkt<\/span>\n<p>\n\t\tL\u00f6sungen f\u00fcr den Internetzugang von unterwegs\n\t<\/p>\n<\/div>\n<div id=\"widget-box\" class=\"support\">\n\t<img decoding=\"async\" src=\"https:\/\/www.coopmobil.cz\/wp-content\/uploads\/2021\/04\/coop-mobil-logo.svg\"><br>\n\t<span>Branchen<\/span>\n<p>\n\t\tTelekommunikationsbetreiber - Retail\n\t<\/p>\n<span>Produkt<\/span>\n<p>\n\t\tLeitfaden f\u00fcr die Kundenbetreuung\n\t<\/p>\n<\/div>\n<div id=\"widget-box\" class=\"camera\">\n<img decoding=\"async\" src=\"\/deu\/wp-content\/uploads\/sites\/4\/2023\/04\/camera-logo.jpg\"><br>\n<span>Branchen<\/span>\n<p>\n\t\tSicherheitssysteme\n\t<\/p>\n<span>Produkt<\/span>\n<p>\n\t\tKameras mit Online-Streaming\n\t<\/p>\n<\/div>\n<div id=\"widget-box\" class=\"event\">\n\t<img decoding=\"async\" src=\"\/cze\/wp-content\/uploads\/sites\/3\/2023\/04\/event-logo.png\" style=\"width: 50px\"><br>\n\t<span>Branchen<\/span>\n<p>\n\t\tEventagentur\n\t<\/p>\n<span>Produkt<\/span>\n<p>\n\t\tEventorganisation - Kommunikation mit Teilnehmern\n\t<\/p>\n<\/div>\n<div id=\"widget-box\" class=\"competition\">\n\t<img decoding=\"async\" src=\"\/cze\/wp-content\/uploads\/sites\/3\/2023\/04\/competition-logo.png\" style=\"width: 50px\"><br>\n\t<span>Branchen<\/span>\n<p>\n\t\tVerbrauchsg\u00fcter\n\t<\/p>\n<span>Produkt<\/span>\n<p>\n\t\tVerbraucherwettbewerb\n\t<\/p>\n<\/div>\n<div id=\"widget-box\" class=\"marketing\">\n\t<img decoding=\"async\" src=\"\/deu\/wp-content\/uploads\/sites\/3\/2023\/06\/marketing-logo.png\" style=\"width: 50px\"><br>\n\t<span>Branchen<\/span>\n<p>\n\t\tMarketingkommunikation\n\t<\/p>\n<span>Produkt<\/span>\n<p>\n\t\tRealisierung von Marketingkampagnen\n\t<\/p>\n<\/div>\n<div id=\"widget-box\" class=\"fmcg\">\n\t<img decoding=\"async\" src=\"\/deu\/wp-content\/uploads\/sites\/3\/2023\/06\/fmcg-logo.png\" style=\"width: 50px\"><br>\n\t<span>Branchen<\/span>\n<p>\n\t\tFMCG<br>Schnelllebige Konsumg\u00fcter\n\t<\/p>\n<span>Produkt<\/span>\n<p>\n\t\tLebensmittel, Getr\u00e4nke, Drogerie\n\t<\/p>\n<\/div>\n\n<div id=\"widget-box\" class=\"iot\">\n\t<img decoding=\"async\" src=\"\/cze\/wp-content\/uploads\/sites\/3\/2025\/09\/iot_icon.png\" style=\"width: 50px\"><br>\n\t<span>Branchen<\/span>\n<p>\n\t\tIoT, SIM\/eSIM management\n\t<\/p>\n<span>Produkt<\/span>\n<p>\n\t\tIoT-Sensoren f\u00fcr Industrie und Haushalt \n\t<\/p>\n<\/div>\n\n<div id=\"widget-box\" class=\"truck\">\n\t<img decoding=\"async\" src=\"\/cze\/wp-content\/uploads\/sites\/3\/2025\/09\/truck_monitoring.png\" style=\"width: 50px\"><br>\n\t<span>Branchen<\/span>\n<p>\n\t\tIoT, SIM\/eSIM management\n\t<\/p>\n<span>Produkt<\/span>\n<p>\n\t\t eSIM f\u00fcr die Fahrzeug\u00fcberwachung \n\t<\/p>\n<\/div>\n\n<div id=\"widget-box\" class=\"drone\">\n\t<img decoding=\"async\" src=\"\/cze\/wp-content\/uploads\/sites\/3\/2025\/09\/drone_icon.png\" style=\"width: 80px\"><br>\n\t<span>Branchen<\/span>\n<p>\n\t\t IoT, SIM\/eSIM management \n\t<\/p>\n<span>Produkt<\/span>\n<p>\n\t\t eSIM f\u00fcr Drohnenflotten \n\t<\/p>\n<\/div>\t\t<\/div>\n\t\t\t\t<\/div>\n\t\t\t\t\t<\/div>\n\t\t<\/div>\n\t\t\t\t<div class=\"elementor-column elementor-col-50 elementor-top-column elementor-element elementor-element-7ffe5077\" data-id=\"7ffe5077\" data-element_type=\"column\">\n\t\t\t<div class=\"elementor-widget-wrap elementor-element-populated\">\n\t\t\t\t\t\t\t\t<div class=\"elementor-element elementor-element-dc0f66 elementor-widget elementor-widget-text-editor\" data-id=\"dc0f66\" data-element_type=\"widget\" data-widget_type=\"text-editor.default\">\n\t\t\t\t<div class=\"elementor-widget-container\">\n\t\t\t\t\t\t\t<p>Der Partner suchte nach einem Kommunikationstool, mit dem er den gesamten Ablauf der Konferenz aus der Sicht der Kommunikation mit den Teilnehmern abdecken konnte. Die seit langem genutzten Kan\u00e4le wie E-Mail, SMS usw. funktionieren nicht immer optimal; die Teilnehmer lesen E-Mails oft nicht oder zu sp\u00e4t. Hinzu kommt das Problem, dass E-Mails oft als Spam bewertet werden.<\/p><p>Dank COMVERGA RBM verf\u00fcgt die Agentur \u00fcber einen neuen multimedialen Kommunikationskanal, bei dem sie den Teilnehmer in einer Umgebung und in einem Gespr\u00e4ch auf interessante Weise durch den gesamten Prozess f\u00fchrt &#8211; ein Einf\u00fchrungsvideo mit einer Einladung zur Veranstaltung. Der Teilnehmer kann sofort das Anmeldeformular ausf\u00fcllen, die Geb\u00fchr bezahlen und einen QR-Code erhalten, um zur Konferenz zu gelangen &#8211; alles an einem Ort, dank RBM. Gleichzeitig k\u00f6nnen alle interessanten Informationen wie das Veranstaltungsprogramm, Teilnehmerinformationen direkt vom RBM-Agenten abgerufen werden. Der Hauptvorteil ist die Effizienz und die damit verbundene Kosten- und Zeitersparnis. Gleichzeitig handelt es sich um ein interaktives Format mit hoher Teilnehmer- und Leserschaft (die Reaktion auf einzelne Referenten stieg aufgrund der niedrigen Eintrittsbarriere um 70%).<\/p>\t\t\t\t\t\t<\/div>\n\t\t\t\t<\/div>\n\t\t\t\t\t<\/div>\n\t\t<\/div>\n\t\t\t\t\t\t\t<\/div>\n\t\t<\/section>\n\t\t\t\t<section class=\"elementor-section elementor-top-section elementor-element elementor-element-408550cc elementor-section-boxed elementor-section-height-default elementor-section-height-default\" data-id=\"408550cc\" data-element_type=\"section\">\n\t\t\t\t\t\t<div class=\"elementor-container elementor-column-gap-default\">\n\t\t\t\t\t<div class=\"elementor-column elementor-col-100 elementor-top-column elementor-element elementor-element-7c1e570c\" data-id=\"7c1e570c\" data-element_type=\"column\">\n\t\t\t<div class=\"elementor-widget-wrap elementor-element-populated\">\n\t\t\t\t\t\t\t\t<div class=\"elementor-element elementor-element-f81792f elementor-widget elementor-widget-html\" data-id=\"f81792f\" data-element_type=\"widget\" data-widget_type=\"html.default\">\n\t\t\t\t<div class=\"elementor-widget-container\">\n\t\t\t<div class=\"mobile-animation event\">\n    <div class=\"mobile left\">\n        <div class=\"message-bubble top\">\n            <p>Sehr geehrte Frau Dr. Nov\u00e1kov\u00e1, wir m\u00f6chten Sie zu der Fachtagung \"Pflege von Kleinv\u00f6geln\" einladen.<\/p>\n        <\/div>\n        <div class=\"message-bubble bottom\">\n            <p>H\u00f6ren Sie sich eine kurze Einladung von Frau Watson, einer f\u00fchrenden Expertin auf diesem Gebiet, an.<\/p>\n        <\/div>\n        <img decoding=\"async\" src=\"\/deu\/wp-content\/uploads\/sites\/4\/2023\/04\/event-1-de.gif\">\n    <\/div>\n    <div class=\"mobile right\">\n        <div class=\"message-bubble top\">\n            <p>Registrieren Sie sich einfach \u00fcber unser Online-Formular.<\/p>\n        <\/div>\n        <div class=\"message-bubble bottom\">\n            <p>Wir danken Ihnen f\u00fcr Ihre Zahlung und freuen uns auf Sie. Hier ist der QR-Code f\u00fcr die Teilnahme an der Konferenz. Mehr ist nicht n\u00f6tig.<\/p>\n        <\/div>\n        <img decoding=\"async\" src=\"\/deu\/wp-content\/uploads\/sites\/4\/2023\/04\/event-2-de.gif\">\n    <\/div>\n<\/div>\t\t<\/div>\n\t\t\t\t<\/div>\n\t\t\t\t\t<\/div>\n\t\t<\/div>\n\t\t\t\t\t\t\t<\/div>\n\t\t<\/section>\n\t\t\t\t<section class=\"elementor-section elementor-top-section elementor-element elementor-element-410bbd1c elementor-section-boxed elementor-section-height-default elementor-section-height-default\" data-id=\"410bbd1c\" data-element_type=\"section\">\n\t\t\t\t\t\t<div class=\"elementor-container elementor-column-gap-default\">\n\t\t\t\t\t<div class=\"elementor-column elementor-col-50 elementor-top-column elementor-element elementor-element-2139f764\" data-id=\"2139f764\" data-element_type=\"column\" data-settings=\"{&quot;background_background&quot;:&quot;classic&quot;}\">\n\t\t\t<div class=\"elementor-widget-wrap elementor-element-populated\">\n\t\t\t\t\t\t\t\t<div class=\"elementor-element elementor-element-fec7949 elementor-widget elementor-widget-text-editor\" data-id=\"fec7949\" data-element_type=\"widget\" data-widget_type=\"text-editor.default\">\n\t\t\t\t<div class=\"elementor-widget-container\">\n\t\t\t\t\t\t\t<h3><strong>Was der Partner gewonnen hat:<\/strong><\/h3>\n<div class=\"page\" title=\"Page 4\">\n<div class=\"layoutArea\">\n<div class=\"column\">\n<ul>\n<li>Effektives Werkzeug f\u00fcr einen vollst\u00e4ndigen Prozess<\/li>\n<li>Personalisierte Konversation mit Kunden<\/li>\n<li>Ein ansprechendes Tool mit einer hohen Leserquote<\/li>\n<li>Hohe Interaktion zwischen Teilnehmer und Redner<\/li>\n<\/ul>\n<\/div>\n<\/div>\n<\/div>\t\t\t\t\t\t<\/div>\n\t\t\t\t<\/div>\n\t\t\t\t\t<\/div>\n\t\t<\/div>\n\t\t\t\t<div class=\"elementor-column elementor-col-50 elementor-top-column elementor-element elementor-element-4a0a790f\" data-id=\"4a0a790f\" data-element_type=\"column\" data-settings=\"{&quot;background_background&quot;:&quot;classic&quot;}\">\n\t\t\t<div class=\"elementor-widget-wrap elementor-element-populated\">\n\t\t\t\t\t\t\t\t<div class=\"elementor-element elementor-element-20b90122 elementor-widget elementor-widget-text-editor\" data-id=\"20b90122\" data-element_type=\"widget\" data-widget_type=\"text-editor.default\">\n\t\t\t\t<div class=\"elementor-widget-container\">\n\t\t\t\t\t\t\t<h3><strong>COMVERGA leistet f\u00fcr den Partner:<\/strong><\/h3><ul><li>Unterst\u00fctzung beim Aufbau des Dialogs<\/li><li>Einrichtung, Betrieb und Auswertung<\/li><li>Umgebung f\u00fcr die Definition von Kommunikationsinhalt<\/li><li>Alternative Kan\u00e4le, wenn RBM nicht verf\u00fcgbar ist<\/li><\/ul>\t\t\t\t\t\t<\/div>\n\t\t\t\t<\/div>\n\t\t\t\t\t<\/div>\n\t\t<\/div>\n\t\t\t\t\t\t\t<\/div>\n\t\t<\/section>\n\t\t\t\t\t\t\t<\/div>\n\t\t","protected":false},"excerpt":{"rendered":"<p>Organisierung von physischen und virtuellen Events Unser Partner ist ein langj\u00e4hriger Organisator von gro\u00dfen realen, virtuellen und hybriden Konferenz. Er deckt die komplette Realisierung von der Kommunikation \u00fcber die bevorstehende Konferenz an potenzielle Teilnehmer, die Zusammenstellung des Veranstaltungsprogramms, die Kommunikation mit den K\u00fcnstlern sowie den Registrierungsprozess und die Ticketverteilung ab. Der Partner suchte nach einem [&hellip;]<\/p>\n","protected":false},"author":1,"featured_media":3056,"parent":2936,"menu_order":5,"comment_status":"closed","ping_status":"closed","template":"","meta":{"footnotes":""},"_links":{"self":[{"href":"https:\/\/www.comverga.com\/deu\/wp-json\/wp\/v2\/pages\/2967"}],"collection":[{"href":"https:\/\/www.comverga.com\/deu\/wp-json\/wp\/v2\/pages"}],"about":[{"href":"https:\/\/www.comverga.com\/deu\/wp-json\/wp\/v2\/types\/page"}],"author":[{"embeddable":true,"href":"https:\/\/www.comverga.com\/deu\/wp-json\/wp\/v2\/users\/1"}],"replies":[{"embeddable":true,"href":"https:\/\/www.comverga.com\/deu\/wp-json\/wp\/v2\/comments?post=2967"}],"version-history":[{"count":24,"href":"https:\/\/www.comverga.com\/deu\/wp-json\/wp\/v2\/pages\/2967\/revisions"}],"predecessor-version":[{"id":3629,"href":"https:\/\/www.comverga.com\/deu\/wp-json\/wp\/v2\/pages\/2967\/revisions\/3629"}],"up":[{"embeddable":true,"href":"https:\/\/www.comverga.com\/deu\/wp-json\/wp\/v2\/pages\/2936"}],"wp:featuredmedia":[{"embeddable":true,"href":"https:\/\/www.comverga.com\/deu\/wp-json\/wp\/v2\/media\/3056"}],"wp:attachment":[{"href":"https:\/\/www.comverga.com\/deu\/wp-json\/wp\/v2\/media?parent=2967"}],"curies":[{"name":"wp","href":"https:\/\/api.w.org\/{rel}","templated":true}]}}