{"id":3151,"date":"2023-06-14T14:11:01","date_gmt":"2023-06-14T12:11:01","guid":{"rendered":"https:\/\/www.comverga.com\/deu\/?page_id=3151"},"modified":"2023-09-18T16:13:01","modified_gmt":"2023-09-18T14:13:01","slug":"details-der-omnichannel","status":"publish","type":"page","link":"https:\/\/www.comverga.com\/deu\/dienstleistungen\/aggregation-der-konnektivitaet\/omnichannel\/details-der-omnichannel\/","title":{"rendered":"Details der Omnichannel"},"content":{"rendered":"\t\t<div data-elementor-type=\"wp-page\" data-elementor-id=\"3151\" class=\"elementor elementor-3151\">\n\t\t\t\t\t\t\t\t\t<section class=\"elementor-section elementor-top-section elementor-element elementor-element-4c09abe0 elementor-section-boxed elementor-section-height-default elementor-section-height-default\" data-id=\"4c09abe0\" data-element_type=\"section\">\n\t\t\t\t\t\t<div class=\"elementor-container elementor-column-gap-default\">\n\t\t\t\t\t<div class=\"elementor-column elementor-col-100 elementor-top-column elementor-element elementor-element-1ed7154\" data-id=\"1ed7154\" data-element_type=\"column\">\n\t\t\t<div class=\"elementor-widget-wrap elementor-element-populated\">\n\t\t\t\t\t\t\t\t<div class=\"elementor-element elementor-element-5dfa896f detail-heading elementor-widget elementor-widget-heading\" data-id=\"5dfa896f\" data-element_type=\"widget\" data-widget_type=\"heading.default\">\n\t\t\t\t<div class=\"elementor-widget-container\">\n\t\t\t<h1 class=\"elementor-heading-title elementor-size-default\">Omnichannel<\/h1>\t\t<\/div>\n\t\t\t\t<\/div>\n\t\t\t\t<div class=\"elementor-element elementor-element-26eb174c detail-heading elementor-widget elementor-widget-heading\" data-id=\"26eb174c\" data-element_type=\"widget\" data-widget_type=\"heading.default\">\n\t\t\t\t<div class=\"elementor-widget-container\">\n\t\t\t<h3 class=\"elementor-heading-title elementor-size-default\">Details der L\u00f6sung<\/h3>\t\t<\/div>\n\t\t\t\t<\/div>\n\t\t\t\t\t<\/div>\n\t\t<\/div>\n\t\t\t\t\t\t\t<\/div>\n\t\t<\/section>\n\t\t\t\t<section class=\"elementor-section elementor-top-section elementor-element elementor-element-b946c35 elementor-section-boxed elementor-section-height-default elementor-section-height-default\" data-id=\"b946c35\" data-element_type=\"section\">\n\t\t\t\t\t\t<div class=\"elementor-container elementor-column-gap-default\">\n\t\t\t\t\t<div class=\"elementor-column elementor-col-50 elementor-top-column elementor-element elementor-element-3c980de\" data-id=\"3c980de\" data-element_type=\"column\">\n\t\t\t<div class=\"elementor-widget-wrap elementor-element-populated\">\n\t\t\t\t\t\t\t\t<div class=\"elementor-element elementor-element-27c21d0 elementor-widget elementor-widget-text-editor\" data-id=\"27c21d0\" data-element_type=\"widget\" data-widget_type=\"text-editor.default\">\n\t\t\t\t<div class=\"elementor-widget-container\">\n\t\t\t\t\t\t\t<h3 style=\"margin-top: 0;\"><strong>Integration der Kan\u00e4le<\/strong><\/h3><p class=\"s19\">COMVERGA Omnichannel bietet die Integration verschiedener Kommunikationskan\u00e4le in einer Plattform und die Festlegung von Regeln f\u00fcr deren Nutzung. Die Pr\u00e4ferenzen k\u00f6nnen je nach Endbenutzer, je nach Anforderungen des Partners oder je nach Verf\u00fcgbarkeit des Kommunikationskanals eingestellt werden.<br \/>Die Plattform bietet Ihnen die M\u00f6glichkeit, Ihre eigene Marken-Messaging Aplikation f\u00fcr die einzigartige Kommunikation mit Ihren Kunden zu erstellen. Sie k\u00f6nnen vordefinierte Vorlagen f\u00fcr die Kampagnenbildung verwenden, die die Erstellung eines bestimmten Medienplans so einfach wie m\u00f6glich machen.<\/p>\t\t\t\t\t\t<\/div>\n\t\t\t\t<\/div>\n\t\t\t\t\t<\/div>\n\t\t<\/div>\n\t\t\t\t<div class=\"elementor-column elementor-col-50 elementor-top-column elementor-element elementor-element-1bd02106\" data-id=\"1bd02106\" data-element_type=\"column\" data-settings=\"{&quot;background_background&quot;:&quot;classic&quot;}\">\n\t\t\t<div class=\"elementor-widget-wrap elementor-element-populated\">\n\t\t\t\t\t\t\t\t<div class=\"elementor-element elementor-element-1f911c4b elementor-widget elementor-widget-image\" data-id=\"1f911c4b\" data-element_type=\"widget\" data-widget_type=\"image.default\">\n\t\t\t\t<div class=\"elementor-widget-container\">\n\t\t\t\t\t\t\t\t\t\t\t\t\t\t\t<img fetchpriority=\"high\" decoding=\"async\" width=\"500\" height=\"343\" src=\"https:\/\/www.comverga.com\/deu\/wp-content\/uploads\/sites\/4\/2023\/06\/Detail_integrace.jpg\" class=\"attachment-medium_large size-medium_large wp-image-3153\" alt=\"\" srcset=\"https:\/\/www.comverga.com\/deu\/wp-content\/uploads\/sites\/4\/2023\/06\/Detail_integrace.jpg 500w, https:\/\/www.comverga.com\/deu\/wp-content\/uploads\/sites\/4\/2023\/06\/Detail_integrace-300x206.jpg 300w\" sizes=\"(max-width: 500px) 100vw, 500px\" \/>\t\t\t\t\t\t\t\t\t\t\t\t\t\t\t<\/div>\n\t\t\t\t<\/div>\n\t\t\t\t\t<\/div>\n\t\t<\/div>\n\t\t\t\t\t\t\t<\/div>\n\t\t<\/section>\n\t\t\t\t<section class=\"elementor-section elementor-top-section elementor-element elementor-element-1b6c58fd elementor-section-boxed elementor-section-height-default elementor-section-height-default\" data-id=\"1b6c58fd\" data-element_type=\"section\">\n\t\t\t\t\t\t<div class=\"elementor-container elementor-column-gap-default\">\n\t\t\t\t\t<div class=\"elementor-column elementor-col-100 elementor-top-column elementor-element elementor-element-78cd5902\" data-id=\"78cd5902\" data-element_type=\"column\">\n\t\t\t<div class=\"elementor-widget-wrap elementor-element-populated\">\n\t\t\t\t\t\t\t\t<div class=\"elementor-element elementor-element-3fce7b99 elementor-widget-divider--view-line elementor-widget elementor-widget-divider\" data-id=\"3fce7b99\" data-element_type=\"widget\" data-widget_type=\"divider.default\">\n\t\t\t\t<div class=\"elementor-widget-container\">\n\t\t\t\t\t<div class=\"elementor-divider\">\n\t\t\t<span class=\"elementor-divider-separator\">\n\t\t\t\t\t\t<\/span>\n\t\t<\/div>\n\t\t\t\t<\/div>\n\t\t\t\t<\/div>\n\t\t\t\t\t<\/div>\n\t\t<\/div>\n\t\t\t\t\t\t\t<\/div>\n\t\t<\/section>\n\t\t\t\t<section class=\"elementor-section elementor-top-section elementor-element elementor-element-374d318c elementor-section-boxed elementor-section-height-default elementor-section-height-default\" data-id=\"374d318c\" data-element_type=\"section\">\n\t\t\t\t\t\t<div class=\"elementor-container elementor-column-gap-default\">\n\t\t\t\t\t<div class=\"elementor-column elementor-col-50 elementor-top-column elementor-element elementor-element-315ddf7c\" data-id=\"315ddf7c\" data-element_type=\"column\">\n\t\t\t<div class=\"elementor-widget-wrap elementor-element-populated\">\n\t\t\t\t\t\t\t\t<div class=\"elementor-element elementor-element-c613334 elementor-widget elementor-widget-image\" data-id=\"c613334\" data-element_type=\"widget\" data-widget_type=\"image.default\">\n\t\t\t\t<div class=\"elementor-widget-container\">\n\t\t\t\t\t\t\t\t\t\t\t\t\t\t\t<img decoding=\"async\" width=\"580\" height=\"326\" src=\"https:\/\/www.comverga.com\/deu\/wp-content\/uploads\/sites\/4\/2023\/06\/Detail_funkcionality-768x432.jpg\" class=\"attachment-medium_large size-medium_large wp-image-3154\" alt=\"\" srcset=\"https:\/\/www.comverga.com\/deu\/wp-content\/uploads\/sites\/4\/2023\/06\/Detail_funkcionality-768x432.jpg 768w, https:\/\/www.comverga.com\/deu\/wp-content\/uploads\/sites\/4\/2023\/06\/Detail_funkcionality-300x169.jpg 300w, https:\/\/www.comverga.com\/deu\/wp-content\/uploads\/sites\/4\/2023\/06\/Detail_funkcionality.jpg 1000w\" sizes=\"(max-width: 580px) 100vw, 580px\" \/>\t\t\t\t\t\t\t\t\t\t\t\t\t\t\t<\/div>\n\t\t\t\t<\/div>\n\t\t\t\t\t<\/div>\n\t\t<\/div>\n\t\t\t\t<div class=\"elementor-column elementor-col-50 elementor-top-column elementor-element elementor-element-3ecc4984\" data-id=\"3ecc4984\" data-element_type=\"column\">\n\t\t\t<div class=\"elementor-widget-wrap elementor-element-populated\">\n\t\t\t\t\t\t\t\t<div class=\"elementor-element elementor-element-66deaf66 elementor-widget elementor-widget-text-editor\" data-id=\"66deaf66\" data-element_type=\"widget\" data-widget_type=\"text-editor.default\">\n\t\t\t\t<div class=\"elementor-widget-container\">\n\t\t\t\t\t\t\t<h3 style=\"margin-top: 0px; text-align: left;\"><strong>Grundlegende Funktionalit\u00e4ten<\/strong><\/h3><ul><li>Einheitliche offene API<\/li><li>Zwei-Wege-Kommunikation<\/li><li>Markenmanagement f\u00fcr die Kommunikation<\/li><li>Integration von Ressourcen f\u00fcr individuelle Kampagnen<\/li><li>Einheitlicher und universeller Zugriff auf Ressourcen und Kan\u00e4le<\/li><li>Setzen und Verwalten von Kanalpriorit\u00e4ten<\/li><li>\u00dcberpr\u00fcfung der Kanalverf\u00fcgbarkeit<\/li><li>Fallback, wenn ein Kanal nicht verf\u00fcgbar ist<\/li><li>Definition von Kampagnen, Verwaltung und umfassendes Dialogmanagement<\/li><\/ul>\t\t\t\t\t\t<\/div>\n\t\t\t\t<\/div>\n\t\t\t\t\t<\/div>\n\t\t<\/div>\n\t\t\t\t\t\t\t<\/div>\n\t\t<\/section>\n\t\t\t\t<section class=\"elementor-section elementor-top-section elementor-element elementor-element-7ff91f82 elementor-section-boxed elementor-section-height-default elementor-section-height-default\" data-id=\"7ff91f82\" data-element_type=\"section\">\n\t\t\t\t\t\t<div class=\"elementor-container elementor-column-gap-default\">\n\t\t\t\t\t<div class=\"elementor-column elementor-col-50 elementor-top-column elementor-element elementor-element-499c2453\" data-id=\"499c2453\" data-element_type=\"column\">\n\t\t\t<div class=\"elementor-widget-wrap elementor-element-populated\">\n\t\t\t\t\t\t\t\t<div class=\"elementor-element elementor-element-32bc031f elementor-widget elementor-widget-text-editor\" data-id=\"32bc031f\" data-element_type=\"widget\" data-widget_type=\"text-editor.default\">\n\t\t\t\t<div class=\"elementor-widget-container\">\n\t\t\t\t\t\t\t<h3 style=\"margin-top: 0;\"><strong>Grundprinzipien<\/strong><\/h3><p>Innerhalb von COMVERGA Omnichannel k\u00f6nnen verschiedene Kampagnen mit unterschiedlichen Typen und Kommunikationsfl\u00fcssen definiert werden (f\u00fcr jede Kampagne ein ausgew\u00e4hlter Typ). <br \/>Jede Kampagne besteht dann aus einzelnen Dialogen, die voneinander unabh\u00e4ngig sind. F\u00fcr jeden Dialog werden immer Quellen, Empf\u00e4nger, Absender und zeitliche Begrenzung definiert.<br \/>Ein Dialog kann von beiden Seiten initiiert und damit eine definierte Kampagne gestartet werden.<\/p>\t\t\t\t\t\t<\/div>\n\t\t\t\t<\/div>\n\t\t\t\t\t<\/div>\n\t\t<\/div>\n\t\t\t\t<div class=\"elementor-column elementor-col-50 elementor-top-column elementor-element elementor-element-4fd0fd17\" data-id=\"4fd0fd17\" data-element_type=\"column\">\n\t\t\t<div class=\"elementor-widget-wrap elementor-element-populated\">\n\t\t\t\t\t\t\t\t<div class=\"elementor-element elementor-element-4bbeb40c elementor-widget elementor-widget-image\" data-id=\"4bbeb40c\" data-element_type=\"widget\" data-widget_type=\"image.default\">\n\t\t\t\t<div class=\"elementor-widget-container\">\n\t\t\t\t\t\t\t\t\t\t\t\t\t\t\t<img decoding=\"async\" width=\"580\" height=\"387\" src=\"https:\/\/www.comverga.com\/deu\/wp-content\/uploads\/sites\/4\/2023\/04\/principles-768x513.jpg\" class=\"attachment-medium_large size-medium_large wp-image-2943\" alt=\"\" srcset=\"https:\/\/www.comverga.com\/deu\/wp-content\/uploads\/sites\/4\/2023\/04\/principles-768x513.jpg 768w, https:\/\/www.comverga.com\/deu\/wp-content\/uploads\/sites\/4\/2023\/04\/principles-300x200.jpg 300w, https:\/\/www.comverga.com\/deu\/wp-content\/uploads\/sites\/4\/2023\/04\/principles.jpg 1000w\" sizes=\"(max-width: 580px) 100vw, 580px\" \/>\t\t\t\t\t\t\t\t\t\t\t\t\t\t\t<\/div>\n\t\t\t\t<\/div>\n\t\t\t\t\t<\/div>\n\t\t<\/div>\n\t\t\t\t\t\t\t<\/div>\n\t\t<\/section>\n\t\t\t\t<section class=\"elementor-section elementor-top-section elementor-element elementor-element-5eda60e4 elementor-section-boxed elementor-section-height-default elementor-section-height-default\" data-id=\"5eda60e4\" data-element_type=\"section\">\n\t\t\t\t\t\t<div class=\"elementor-container elementor-column-gap-default\">\n\t\t\t\t\t<div class=\"elementor-column elementor-col-50 elementor-top-column elementor-element elementor-element-1bc33ded\" data-id=\"1bc33ded\" data-element_type=\"column\">\n\t\t\t<div class=\"elementor-widget-wrap elementor-element-populated\">\n\t\t\t\t\t\t\t\t<div class=\"elementor-element elementor-element-1e463b70 elementor-widget elementor-widget-image\" data-id=\"1e463b70\" data-element_type=\"widget\" data-widget_type=\"image.default\">\n\t\t\t\t<div class=\"elementor-widget-container\">\n\t\t\t\t\t\t\t\t\t\t\t\t\t\t\t<img loading=\"lazy\" decoding=\"async\" width=\"580\" height=\"329\" src=\"https:\/\/www.comverga.com\/deu\/wp-content\/uploads\/sites\/4\/2023\/06\/Detail_mechaniky-768x435.webp\" class=\"attachment-medium_large size-medium_large wp-image-3155\" alt=\"\" srcset=\"https:\/\/www.comverga.com\/deu\/wp-content\/uploads\/sites\/4\/2023\/06\/Detail_mechaniky-768x435.webp 768w, https:\/\/www.comverga.com\/deu\/wp-content\/uploads\/sites\/4\/2023\/06\/Detail_mechaniky-300x170.webp 300w, https:\/\/www.comverga.com\/deu\/wp-content\/uploads\/sites\/4\/2023\/06\/Detail_mechaniky.webp 985w\" sizes=\"(max-width: 580px) 100vw, 580px\" \/>\t\t\t\t\t\t\t\t\t\t\t\t\t\t\t<\/div>\n\t\t\t\t<\/div>\n\t\t\t\t\t<\/div>\n\t\t<\/div>\n\t\t\t\t<div class=\"elementor-column elementor-col-50 elementor-top-column elementor-element elementor-element-2740d6c2\" data-id=\"2740d6c2\" data-element_type=\"column\">\n\t\t\t<div class=\"elementor-widget-wrap elementor-element-populated\">\n\t\t\t\t\t\t\t\t<div class=\"elementor-element elementor-element-5e45b3a5 elementor-widget elementor-widget-text-editor\" data-id=\"5e45b3a5\" data-element_type=\"widget\" data-widget_type=\"text-editor.default\">\n\t\t\t\t<div class=\"elementor-widget-container\">\n\t\t\t\t\t\t\t<h3 style=\"margin-top: 0;\"><strong>\u00a0Mechaniken<\/strong><\/h3><p>COMVERGA Omnichannel enth\u00e4lt vordefinierte Typen individueller Kampagnen, sogenannte Mechaniken, mit der M\u00f6glichkeit eine neue Mechanik f\u00fcr ein bestimmtes Projekt zu erstellen.<br \/>Bestehende Mechaniken bieten sowohl Outbound- als auch Inbound-Kampagnen mit der M\u00f6glichkeit der Auswahl, Direktbestellung, Bezahlung, etc.<\/p>\t\t\t\t\t\t<\/div>\n\t\t\t\t<\/div>\n\t\t\t\t\t<\/div>\n\t\t<\/div>\n\t\t\t\t\t\t\t<\/div>\n\t\t<\/section>\n\t\t\t\t<section class=\"elementor-section elementor-top-section elementor-element elementor-element-78fa17cb elementor-section-boxed elementor-section-height-default elementor-section-height-default\" data-id=\"78fa17cb\" data-element_type=\"section\">\n\t\t\t\t\t\t<div class=\"elementor-container elementor-column-gap-default\">\n\t\t\t\t\t<div class=\"elementor-column elementor-col-50 elementor-top-column elementor-element elementor-element-68db54c4\" data-id=\"68db54c4\" data-element_type=\"column\">\n\t\t\t<div class=\"elementor-widget-wrap elementor-element-populated\">\n\t\t\t\t\t\t\t\t<div class=\"elementor-element elementor-element-56624d6d elementor-widget elementor-widget-text-editor\" data-id=\"56624d6d\" data-element_type=\"widget\" data-widget_type=\"text-editor.default\">\n\t\t\t\t<div class=\"elementor-widget-container\">\n\t\t\t\t\t\t\t<h3 style=\"margin-top: 0;\"><strong>Definition der Kan\u00e4le und ihrer Priorit\u00e4ten<\/strong><\/h3><ul><li>Priorit\u00e4ten werden individuell gesetzt<\/li><li>Versuch, den am besten geeigneten Kanal zu w\u00e4hlen<\/li><li>Eignung des Kanals pro Kampagne oder pro Partner<\/li><li>Nutzung des bevorzugten und kostenoptimalen Kanals<\/li><li>Wahl des Kanals nach verf\u00fcgbaren Kundendaten<\/li><li>Auswahl nach der Pr\u00e4senz des Nutzers in anderen Messengern<\/li><\/ul>\t\t\t\t\t\t<\/div>\n\t\t\t\t<\/div>\n\t\t\t\t\t<\/div>\n\t\t<\/div>\n\t\t\t\t<div class=\"elementor-column elementor-col-50 elementor-top-column elementor-element elementor-element-2b07fa62\" data-id=\"2b07fa62\" data-element_type=\"column\">\n\t\t\t<div class=\"elementor-widget-wrap elementor-element-populated\">\n\t\t\t\t\t\t\t\t<div class=\"elementor-element elementor-element-192978e8 elementor-widget elementor-widget-image\" data-id=\"192978e8\" data-element_type=\"widget\" data-widget_type=\"image.default\">\n\t\t\t\t<div class=\"elementor-widget-container\">\n\t\t\t\t\t\t\t\t\t\t\t\t\t\t\t<img loading=\"lazy\" decoding=\"async\" width=\"580\" height=\"379\" src=\"https:\/\/www.comverga.com\/deu\/wp-content\/uploads\/sites\/4\/2023\/06\/Detail_priority-768x502.jpg\" class=\"attachment-medium_large size-medium_large wp-image-3156\" alt=\"\" srcset=\"https:\/\/www.comverga.com\/deu\/wp-content\/uploads\/sites\/4\/2023\/06\/Detail_priority-768x502.jpg 768w, https:\/\/www.comverga.com\/deu\/wp-content\/uploads\/sites\/4\/2023\/06\/Detail_priority-300x196.jpg 300w, https:\/\/www.comverga.com\/deu\/wp-content\/uploads\/sites\/4\/2023\/06\/Detail_priority.jpg 1000w\" sizes=\"(max-width: 580px) 100vw, 580px\" \/>\t\t\t\t\t\t\t\t\t\t\t\t\t\t\t<\/div>\n\t\t\t\t<\/div>\n\t\t\t\t\t<\/div>\n\t\t<\/div>\n\t\t\t\t\t\t\t<\/div>\n\t\t<\/section>\n\t\t\t\t<section class=\"elementor-section elementor-top-section elementor-element elementor-element-449e01d elementor-section-boxed elementor-section-height-default elementor-section-height-default\" data-id=\"449e01d\" data-element_type=\"section\">\n\t\t\t\t\t\t<div class=\"elementor-container elementor-column-gap-default\">\n\t\t\t\t\t<div class=\"elementor-column elementor-col-50 elementor-top-column elementor-element elementor-element-47e9d7ec\" data-id=\"47e9d7ec\" data-element_type=\"column\">\n\t\t\t<div class=\"elementor-widget-wrap elementor-element-populated\">\n\t\t\t\t\t\t\t\t<div class=\"elementor-element elementor-element-79cf83fb elementor-widget elementor-widget-image\" data-id=\"79cf83fb\" data-element_type=\"widget\" data-widget_type=\"image.default\">\n\t\t\t\t<div class=\"elementor-widget-container\">\n\t\t\t\t\t\t\t\t\t\t\t\t\t\t\t<img loading=\"lazy\" decoding=\"async\" width=\"580\" height=\"435\" src=\"https:\/\/www.comverga.com\/deu\/wp-content\/uploads\/sites\/4\/2023\/06\/SDP_campaign.jpg\" class=\"attachment-large size-large wp-image-3157\" alt=\"\" srcset=\"https:\/\/www.comverga.com\/deu\/wp-content\/uploads\/sites\/4\/2023\/06\/SDP_campaign.jpg 813w, https:\/\/www.comverga.com\/deu\/wp-content\/uploads\/sites\/4\/2023\/06\/SDP_campaign-300x225.jpg 300w, https:\/\/www.comverga.com\/deu\/wp-content\/uploads\/sites\/4\/2023\/06\/SDP_campaign-768x576.jpg 768w\" sizes=\"(max-width: 580px) 100vw, 580px\" \/>\t\t\t\t\t\t\t\t\t\t\t\t\t\t\t<\/div>\n\t\t\t\t<\/div>\n\t\t\t\t\t<\/div>\n\t\t<\/div>\n\t\t\t\t<div class=\"elementor-column elementor-col-50 elementor-top-column elementor-element elementor-element-dec2fba\" data-id=\"dec2fba\" data-element_type=\"column\">\n\t\t\t<div class=\"elementor-widget-wrap elementor-element-populated\">\n\t\t\t\t\t\t\t\t<div class=\"elementor-element elementor-element-19e7f2e9 elementor-widget elementor-widget-text-editor\" data-id=\"19e7f2e9\" data-element_type=\"widget\" data-widget_type=\"text-editor.default\">\n\t\t\t\t<div class=\"elementor-widget-container\">\n\t\t\t\t\t\t\t<h4 style=\"margin-top: 0; margin-bottom: 5px;\"><strong>GUI<\/strong><\/h4><ul><li>Nutzung der COMVERGA Service Delivery Platform<\/li><li>Verwaltung von Kontakten, Gruppen, Ressourcen, Benutzern, Posteingang<\/li><li>Einfache Kampagnendefinition, Mechanik, Genehmigungsprozess<\/li><\/ul><h4 style=\"margin: 5px 0;\"><strong>API<\/strong><\/h4><ul><li>Maximal m\u00f6gliche Funktionalit\u00e4t wie in der GUI<\/li><li>Einheitliche API \u00fcber alle Kan\u00e4le<\/li><li>Sichere Kommunikation<\/li><li>Vereinfachte Integration<\/li><li>F\u00e4higkeit zur automatischen Codegenerierung in mehr als 50 Programmiersprachen.<\/li><\/ul>\t\t\t\t\t\t<\/div>\n\t\t\t\t<\/div>\n\t\t\t\t\t<\/div>\n\t\t<\/div>\n\t\t\t\t\t\t\t<\/div>\n\t\t<\/section>\n\t\t\t\t<section class=\"elementor-section elementor-top-section elementor-element elementor-element-29db4ea elementor-section-boxed elementor-section-height-default elementor-section-height-default\" data-id=\"29db4ea\" data-element_type=\"section\">\n\t\t\t\t\t\t<div class=\"elementor-container elementor-column-gap-default\">\n\t\t\t\t\t<div class=\"elementor-column elementor-col-50 elementor-top-column elementor-element elementor-element-6b13c182\" data-id=\"6b13c182\" data-element_type=\"column\">\n\t\t\t<div class=\"elementor-widget-wrap elementor-element-populated\">\n\t\t\t\t\t\t\t\t<div class=\"elementor-element elementor-element-1963b208 elementor-widget elementor-widget-text-editor\" data-id=\"1963b208\" data-element_type=\"widget\" data-widget_type=\"text-editor.default\">\n\t\t\t\t<div class=\"elementor-widget-container\">\n\t\t\t\t\t\t\t<h3 style=\"margin-top: 0;\"><strong>Verf\u00fcgbare und unterst\u00fctzte Kan\u00e4le<\/strong><\/h3><ul><li>SMS<\/li><li>Email<\/li><li>MMS<\/li><li>RCS<\/li><li>Telegramm<\/li><li>Sprachnachrichten<\/li><li>Web-Microsites<\/li><li>Andere Messenger-Anwendungen<\/li><\/ul>\t\t\t\t\t\t<\/div>\n\t\t\t\t<\/div>\n\t\t\t\t\t<\/div>\n\t\t<\/div>\n\t\t\t\t<div class=\"elementor-column elementor-col-50 elementor-top-column elementor-element elementor-element-3db9fad2\" data-id=\"3db9fad2\" data-element_type=\"column\">\n\t\t\t<div class=\"elementor-widget-wrap elementor-element-populated\">\n\t\t\t\t\t\t\t\t<div class=\"elementor-element elementor-element-7628ccc1 elementor-widget elementor-widget-image\" data-id=\"7628ccc1\" data-element_type=\"widget\" data-widget_type=\"image.default\">\n\t\t\t\t<div class=\"elementor-widget-container\">\n\t\t\t\t\t\t\t\t\t\t\t\t\t\t\t<img loading=\"lazy\" decoding=\"async\" width=\"500\" height=\"474\" src=\"https:\/\/www.comverga.com\/deu\/wp-content\/uploads\/sites\/4\/2023\/06\/Detail_kanaly.jpg\" class=\"attachment-large size-large wp-image-3158\" alt=\"\" srcset=\"https:\/\/www.comverga.com\/deu\/wp-content\/uploads\/sites\/4\/2023\/06\/Detail_kanaly.jpg 500w, https:\/\/www.comverga.com\/deu\/wp-content\/uploads\/sites\/4\/2023\/06\/Detail_kanaly-300x284.jpg 300w\" sizes=\"(max-width: 500px) 100vw, 500px\" \/>\t\t\t\t\t\t\t\t\t\t\t\t\t\t\t<\/div>\n\t\t\t\t<\/div>\n\t\t\t\t\t<\/div>\n\t\t<\/div>\n\t\t\t\t\t\t\t<\/div>\n\t\t<\/section>\n\t\t\t\t<section class=\"elementor-section elementor-top-section elementor-element elementor-element-3ee1782 elementor-section-boxed elementor-section-height-default elementor-section-height-default\" data-id=\"3ee1782\" data-element_type=\"section\">\n\t\t\t\t\t\t<div class=\"elementor-container elementor-column-gap-default\">\n\t\t\t\t\t<div class=\"elementor-column elementor-col-50 elementor-top-column elementor-element elementor-element-c0d9ecd\" data-id=\"c0d9ecd\" data-element_type=\"column\">\n\t\t\t<div class=\"elementor-widget-wrap elementor-element-populated\">\n\t\t\t\t\t\t\t\t<div class=\"elementor-element elementor-element-cb64603 elementor-widget elementor-widget-image\" data-id=\"cb64603\" data-element_type=\"widget\" data-widget_type=\"image.default\">\n\t\t\t\t<div class=\"elementor-widget-container\">\n\t\t\t\t\t\t\t\t\t\t\t\t\t\t\t<img decoding=\"async\" src=\"https:\/\/www.comverga.com\/cze\/wp-content\/uploads\/sites\/3\/2023\/06\/Detail_vyuziti.webp\" title=\"\" alt=\"\" loading=\"lazy\" \/>\t\t\t\t\t\t\t\t\t\t\t\t\t\t\t<\/div>\n\t\t\t\t<\/div>\n\t\t\t\t\t<\/div>\n\t\t<\/div>\n\t\t\t\t<div class=\"elementor-column elementor-col-50 elementor-top-column elementor-element elementor-element-91a0b74\" data-id=\"91a0b74\" data-element_type=\"column\">\n\t\t\t<div class=\"elementor-widget-wrap elementor-element-populated\">\n\t\t\t\t\t\t\t\t<div class=\"elementor-element elementor-element-6cb6bdb elementor-widget elementor-widget-text-editor\" data-id=\"6cb6bdb\" data-element_type=\"widget\" data-widget_type=\"text-editor.default\">\n\t\t\t\t<div class=\"elementor-widget-container\">\n\t\t\t\t\t\t\t<h3 style=\"margin-top: 0;\"><strong>M\u00f6glichkeiten der Nutzung<\/strong><\/h3><ul><li>Marketing-Kampagnen<\/li><li>Verkauf<\/li><li>Kompletter Bestellprozess<\/li><li>Akquisition<\/li><li>Autorisierung<\/li><li>Kundenbetreuung<\/li><li>Kommentare und Benachrichtigungen<\/li><li>Infokanal<\/li><\/ul>\t\t\t\t\t\t<\/div>\n\t\t\t\t<\/div>\n\t\t\t\t\t<\/div>\n\t\t<\/div>\n\t\t\t\t\t\t\t<\/div>\n\t\t<\/section>\n\t\t\t\t\t\t\t<\/div>\n\t\t","protected":false},"excerpt":{"rendered":"<p>Omnichannel Details der L\u00f6sung Integration der Kan\u00e4le COMVERGA Omnichannel bietet die Integration verschiedener Kommunikationskan\u00e4le in einer Plattform und die Festlegung von Regeln f\u00fcr deren Nutzung. Die Pr\u00e4ferenzen k\u00f6nnen je nach Endbenutzer, je nach Anforderungen des Partners oder je nach Verf\u00fcgbarkeit des Kommunikationskanals eingestellt werden.Die Plattform bietet Ihnen die M\u00f6glichkeit, Ihre eigene Marken-Messaging Aplikation f\u00fcr die [&hellip;]<\/p>\n","protected":false},"author":1,"featured_media":3147,"parent":3145,"menu_order":5,"comment_status":"closed","ping_status":"closed","template":"","meta":{"footnotes":""},"_links":{"self":[{"href":"https:\/\/www.comverga.com\/deu\/wp-json\/wp\/v2\/pages\/3151"}],"collection":[{"href":"https:\/\/www.comverga.com\/deu\/wp-json\/wp\/v2\/pages"}],"about":[{"href":"https:\/\/www.comverga.com\/deu\/wp-json\/wp\/v2\/types\/page"}],"author":[{"embeddable":true,"href":"https:\/\/www.comverga.com\/deu\/wp-json\/wp\/v2\/users\/1"}],"replies":[{"embeddable":true,"href":"https:\/\/www.comverga.com\/deu\/wp-json\/wp\/v2\/comments?post=3151"}],"version-history":[{"count":7,"href":"https:\/\/www.comverga.com\/deu\/wp-json\/wp\/v2\/pages\/3151\/revisions"}],"predecessor-version":[{"id":3380,"href":"https:\/\/www.comverga.com\/deu\/wp-json\/wp\/v2\/pages\/3151\/revisions\/3380"}],"up":[{"embeddable":true,"href":"https:\/\/www.comverga.com\/deu\/wp-json\/wp\/v2\/pages\/3145"}],"wp:featuredmedia":[{"embeddable":true,"href":"https:\/\/www.comverga.com\/deu\/wp-json\/wp\/v2\/media\/3147"}],"wp:attachment":[{"href":"https:\/\/www.comverga.com\/deu\/wp-json\/wp\/v2\/media?parent=3151"}],"curies":[{"name":"wp","href":"https:\/\/api.w.org\/{rel}","templated":true}]}}