{"id":3165,"date":"2023-06-14T14:37:35","date_gmt":"2023-06-14T12:37:35","guid":{"rendered":"https:\/\/www.comverga.com\/deu\/?page_id=3165"},"modified":"2023-12-13T13:07:40","modified_gmt":"2023-12-13T12:07:40","slug":"coop-mobil-virtueller-mobilfunkbetreiber","status":"publish","type":"page","link":"https:\/\/www.comverga.com\/deu\/dienstleistungen\/aggregation-der-konnektivitaet\/omnichannel\/coop-mobil-virtueller-mobilfunkbetreiber\/","title":{"rendered":"COOP Mobil virtueller Mobilfunkbetreiber"},"content":{"rendered":"\t\t<div data-elementor-type=\"wp-page\" data-elementor-id=\"3165\" class=\"elementor elementor-3165\">\n\t\t\t\t\t\t\t\t\t<section class=\"elementor-section elementor-top-section elementor-element elementor-element-61aae5ea elementor-section-boxed elementor-section-height-default elementor-section-height-default\" data-id=\"61aae5ea\" data-element_type=\"section\">\n\t\t\t\t\t\t<div class=\"elementor-container elementor-column-gap-default\">\n\t\t\t\t\t<div class=\"elementor-column elementor-col-50 elementor-top-column elementor-element elementor-element-7af723c3\" data-id=\"7af723c3\" data-element_type=\"column\">\n\t\t\t<div class=\"elementor-widget-wrap elementor-element-populated\">\n\t\t\t\t\t\t\t\t<div class=\"elementor-element elementor-element-3d83f671 elementor-widget elementor-widget-text-editor\" data-id=\"3d83f671\" data-element_type=\"widget\" data-widget_type=\"text-editor.default\">\n\t\t\t\t<div class=\"elementor-widget-container\">\n\t\t\t\t\t\t\t<div class=\"usecase-text\"><h2 style=\"text-align: left; margin-top: 0;\">COOP Mobil<\/h2><p>Der Mobilfunkbetreiber COOP Mobil belohnt seine Kunden f\u00fcr Eink\u00e4ufe in COOP-Gesch\u00e4ften. Wenn der Kunde seine Kundenkarte an der Kasse aufl\u00e4dt und die Bedingungen des Programms erf\u00fcllt, erh\u00e4lt er kostenlose Einheiten f\u00fcr Anrufe oder einen Rabatt auf COOP Mobil-Dienste..<\/p><\/div>\t\t\t\t\t\t<\/div>\n\t\t\t\t<\/div>\n\t\t\t\t\t<\/div>\n\t\t<\/div>\n\t\t\t\t<div class=\"elementor-column elementor-col-50 elementor-top-column elementor-element elementor-element-79ec98d5\" data-id=\"79ec98d5\" data-element_type=\"column\">\n\t\t\t<div class=\"elementor-widget-wrap elementor-element-populated\">\n\t\t\t\t\t\t\t\t<div class=\"elementor-element elementor-element-4e111777 elementor-widget elementor-widget-image\" data-id=\"4e111777\" data-element_type=\"widget\" data-widget_type=\"image.default\">\n\t\t\t\t<div class=\"elementor-widget-container\">\n\t\t\t\t\t\t\t\t\t\t\t\t\t\t\t<img fetchpriority=\"high\" decoding=\"async\" width=\"580\" height=\"352\" src=\"https:\/\/www.comverga.com\/deu\/wp-content\/uploads\/sites\/4\/2023\/04\/coopmobil-1024x622.jpg\" class=\"attachment-large size-large wp-image-2958\" alt=\"\" srcset=\"https:\/\/www.comverga.com\/deu\/wp-content\/uploads\/sites\/4\/2023\/04\/coopmobil-1024x622.jpg 1024w, https:\/\/www.comverga.com\/deu\/wp-content\/uploads\/sites\/4\/2023\/04\/coopmobil-300x182.jpg 300w, https:\/\/www.comverga.com\/deu\/wp-content\/uploads\/sites\/4\/2023\/04\/coopmobil-768x467.jpg 768w, https:\/\/www.comverga.com\/deu\/wp-content\/uploads\/sites\/4\/2023\/04\/coopmobil-1200x729.jpg 1200w, https:\/\/www.comverga.com\/deu\/wp-content\/uploads\/sites\/4\/2023\/04\/coopmobil.jpg 1318w\" sizes=\"(max-width: 580px) 100vw, 580px\" \/>\t\t\t\t\t\t\t\t\t\t\t\t\t\t\t<\/div>\n\t\t\t\t<\/div>\n\t\t\t\t\t<\/div>\n\t\t<\/div>\n\t\t\t\t\t\t\t<\/div>\n\t\t<\/section>\n\t\t\t\t<section class=\"elementor-section elementor-top-section elementor-element elementor-element-7799992e elementor-section-boxed elementor-section-height-default elementor-section-height-default\" data-id=\"7799992e\" data-element_type=\"section\">\n\t\t\t\t\t\t<div class=\"elementor-container elementor-column-gap-default\">\n\t\t\t\t\t<div class=\"elementor-column elementor-col-50 elementor-top-column elementor-element elementor-element-7807423c\" data-id=\"7807423c\" data-element_type=\"column\">\n\t\t\t<div class=\"elementor-widget-wrap elementor-element-populated\">\n\t\t\t\t\t\t\t\t<div class=\"elementor-element elementor-element-108119ec elementor-widget elementor-widget-sidebar\" data-id=\"108119ec\" data-element_type=\"widget\" data-widget_type=\"sidebar.default\">\n\t\t\t\t<div class=\"elementor-widget-container\">\n\t\t\t<div id=\"widget-box\" class=\"smart-watch\">\n\t<img decoding=\"async\" src=\"https:\/\/www.coopmobil.cz\/wp-content\/uploads\/2021\/04\/coop-mobil-logo.svg\"><br>\n\t<span>Branchen<\/span>\n<p>\n\t\tTelekommunikationsbetreiber - Einzelhandel\n\t<\/p>\n<span>Produkt<\/span>\n<p>\n\t\tBundle Smartwatch + Datenkonnektivit\u00e4t\n\t<\/p>\n<\/div>\n<div id=\"widget-box\" class=\"operator\">\n\t<img decoding=\"async\" src=\"https:\/\/www.coopmobil.cz\/wp-content\/uploads\/2021\/04\/coop-mobil-logo.svg\"><br>\n\t<span>Branchen<\/span>\n<p>\n\t\tTelekommunikationsbetreiber - Retail\n\t<\/p>\n<span>Produkt<\/span>\n<p>\n\t\tDurchf\u00fchrung von Marketingmailings\n\t<\/p>\n<\/div>\n<div id=\"widget-box\" class=\"caravan\">\n<img decoding=\"async\" src=\"\/deu\/wp-content\/uploads\/sites\/4\/2023\/04\/caravan-logo.jpg\"><br>\n<span>Branchen<\/span>\n<p>\n\t\tGPS-Ortungssysteme f\u00fcr Fahrzeuge, Datenkonnektivit\u00e4t\n\t<\/p>\n<span>Produkt<\/span>\n<p>\n\t\tL\u00f6sungen f\u00fcr den Internetzugang von unterwegs\n\t<\/p>\n<\/div>\n<div id=\"widget-box\" class=\"support\">\n\t<img decoding=\"async\" src=\"https:\/\/www.coopmobil.cz\/wp-content\/uploads\/2021\/04\/coop-mobil-logo.svg\"><br>\n\t<span>Branchen<\/span>\n<p>\n\t\tTelekommunikationsbetreiber - Retail\n\t<\/p>\n<span>Produkt<\/span>\n<p>\n\t\tLeitfaden f\u00fcr die Kundenbetreuung\n\t<\/p>\n<\/div>\n<div id=\"widget-box\" class=\"camera\">\n<img decoding=\"async\" src=\"\/deu\/wp-content\/uploads\/sites\/4\/2023\/04\/camera-logo.jpg\"><br>\n<span>Branchen<\/span>\n<p>\n\t\tSicherheitssysteme\n\t<\/p>\n<span>Produkt<\/span>\n<p>\n\t\tKameras mit Online-Streaming\n\t<\/p>\n<\/div>\n<div id=\"widget-box\" class=\"event\">\n\t<img decoding=\"async\" src=\"\/cze\/wp-content\/uploads\/sites\/3\/2023\/04\/event-logo.png\" style=\"width: 50px\"><br>\n\t<span>Branchen<\/span>\n<p>\n\t\tEventagentur\n\t<\/p>\n<span>Produkt<\/span>\n<p>\n\t\tEventorganisation - Kommunikation mit Teilnehmern\n\t<\/p>\n<\/div>\n<div id=\"widget-box\" class=\"competition\">\n\t<img decoding=\"async\" src=\"\/cze\/wp-content\/uploads\/sites\/3\/2023\/04\/competition-logo.png\" style=\"width: 50px\"><br>\n\t<span>Branchen<\/span>\n<p>\n\t\tVerbrauchsg\u00fcter\n\t<\/p>\n<span>Produkt<\/span>\n<p>\n\t\tVerbraucherwettbewerb\n\t<\/p>\n<\/div>\n<div id=\"widget-box\" class=\"marketing\">\n\t<img decoding=\"async\" src=\"\/deu\/wp-content\/uploads\/sites\/3\/2023\/06\/marketing-logo.png\" style=\"width: 50px\"><br>\n\t<span>Branchen<\/span>\n<p>\n\t\tMarketingkommunikation\n\t<\/p>\n<span>Produkt<\/span>\n<p>\n\t\tRealisierung von Marketingkampagnen\n\t<\/p>\n<\/div>\n<div id=\"widget-box\" class=\"fmcg\">\n\t<img decoding=\"async\" src=\"\/deu\/wp-content\/uploads\/sites\/3\/2023\/06\/fmcg-logo.png\" style=\"width: 50px\"><br>\n\t<span>Branchen<\/span>\n<p>\n\t\tFMCG<br>Schnelllebige Konsumg\u00fcter\n\t<\/p>\n<span>Produkt<\/span>\n<p>\n\t\tLebensmittel, Getr\u00e4nke, Drogerie\n\t<\/p>\n<\/div>\n\n<div id=\"widget-box\" class=\"iot\">\n\t<img decoding=\"async\" src=\"\/cze\/wp-content\/uploads\/sites\/3\/2025\/09\/iot_icon.png\" style=\"width: 50px\"><br>\n\t<span>Branchen<\/span>\n<p>\n\t\tIoT, SIM\/eSIM management\n\t<\/p>\n<span>Produkt<\/span>\n<p>\n\t\tIoT-Sensoren f\u00fcr Industrie und Haushalt \n\t<\/p>\n<\/div>\n\n<div id=\"widget-box\" class=\"truck\">\n\t<img decoding=\"async\" src=\"\/cze\/wp-content\/uploads\/sites\/3\/2025\/09\/truck_monitoring.png\" style=\"width: 50px\"><br>\n\t<span>Branchen<\/span>\n<p>\n\t\tIoT, SIM\/eSIM management\n\t<\/p>\n<span>Produkt<\/span>\n<p>\n\t\t eSIM f\u00fcr die Fahrzeug\u00fcberwachung \n\t<\/p>\n<\/div>\n\n<div id=\"widget-box\" class=\"drone\">\n\t<img decoding=\"async\" src=\"\/cze\/wp-content\/uploads\/sites\/3\/2025\/09\/drone_icon.png\" style=\"width: 80px\"><br>\n\t<span>Branchen<\/span>\n<p>\n\t\t IoT, SIM\/eSIM management \n\t<\/p>\n<span>Produkt<\/span>\n<p>\n\t\t eSIM f\u00fcr Drohnenflotten \n\t<\/p>\n<\/div>\t\t<\/div>\n\t\t\t\t<\/div>\n\t\t\t\t\t<\/div>\n\t\t<\/div>\n\t\t\t\t<div class=\"elementor-column elementor-col-50 elementor-top-column elementor-element elementor-element-3bf1b955\" data-id=\"3bf1b955\" data-element_type=\"column\">\n\t\t\t<div class=\"elementor-widget-wrap elementor-element-populated\">\n\t\t\t\t\t\t\t\t<div class=\"elementor-element elementor-element-4688f5eb elementor-widget elementor-widget-text-editor\" data-id=\"4688f5eb\" data-element_type=\"widget\" data-widget_type=\"text-editor.default\">\n\t\t\t\t<div class=\"elementor-widget-container\">\n\t\t\t\t\t\t\t<p>COOP Mobil l\u00f6ste die Verbindung der Kassensysteme von COOP mit den Systemen von COOP Mobil f\u00fcr die automatische Bewertung von Bonusanspr\u00fcchen f\u00fcr Eink\u00e4ufe, deren Aktivierung und die Kommunikation der Bonusse an die Kunden.<\/p><p>Dank der COMVERGA Omnichannel-L\u00f6sung erhielt COOP Mobil einen vollst\u00e4ndig automatisierten Prozess f\u00fcr die Verwaltung, Bewertung und Kommunikation seines Treueprogramms &#8211; Bonusprogramm, der die vollautomatische Zuweisung von individuellen Pr\u00e4mien und Bonussen an Endverbraucher erm\u00f6glichte.<\/p>\t\t\t\t\t\t<\/div>\n\t\t\t\t<\/div>\n\t\t\t\t\t<\/div>\n\t\t<\/div>\n\t\t\t\t\t\t\t<\/div>\n\t\t<\/section>\n\t\t\t\t<section class=\"elementor-section elementor-top-section elementor-element elementor-element-214eeb27 elementor-section-boxed elementor-section-height-default elementor-section-height-default\" data-id=\"214eeb27\" data-element_type=\"section\">\n\t\t\t\t\t\t<div class=\"elementor-container elementor-column-gap-default\">\n\t\t\t\t\t<div class=\"elementor-column elementor-col-50 elementor-top-column elementor-element elementor-element-18023a89\" data-id=\"18023a89\" data-element_type=\"column\" data-settings=\"{&quot;background_background&quot;:&quot;classic&quot;}\">\n\t\t\t<div class=\"elementor-widget-wrap elementor-element-populated\">\n\t\t\t\t\t\t\t\t<div class=\"elementor-element elementor-element-160c5b96 elementor-widget elementor-widget-text-editor\" data-id=\"160c5b96\" data-element_type=\"widget\" data-widget_type=\"text-editor.default\">\n\t\t\t\t<div class=\"elementor-widget-container\">\n\t\t\t\t\t\t\t<h3><strong>Was der Partner gewonnen hat:<\/strong><\/h3><ul><li>Vollst\u00e4ndig automatisiertes BONUS-Programm<\/li><li>Effektive Kommunikation mit den Kunden<\/li><li>Eine Umgebung zur Unterst\u00fctzung der Kundenbasis<\/li><li>Zwei-Wege-Kommunikation mit Kunden<\/li><\/ul>\t\t\t\t\t\t<\/div>\n\t\t\t\t<\/div>\n\t\t\t\t\t<\/div>\n\t\t<\/div>\n\t\t\t\t<div class=\"elementor-column elementor-col-50 elementor-top-column elementor-element elementor-element-78c0385a\" data-id=\"78c0385a\" data-element_type=\"column\" data-settings=\"{&quot;background_background&quot;:&quot;classic&quot;}\">\n\t\t\t<div class=\"elementor-widget-wrap elementor-element-populated\">\n\t\t\t\t\t\t\t\t<div class=\"elementor-element elementor-element-1c25d2dc elementor-widget elementor-widget-text-editor\" data-id=\"1c25d2dc\" data-element_type=\"widget\" data-widget_type=\"text-editor.default\">\n\t\t\t\t<div class=\"elementor-widget-container\">\n\t\t\t\t\t\t\t<h3><strong>COMVERGA leistet f\u00fcr COOP Mobil:<\/strong><\/h3><ul><li>Integration mit COOP-Kassensystemen<\/li><li>Vollst\u00e4ndige Logik und Mechaniken der \u00dcberpr\u00fcfung der Pr\u00e4mienberechtigung<\/li><li>Automatisierte Pr\u00e4mienzuteilung<\/li><li>Kommunikation mit dem Kunden \u00fcber den ausgew\u00e4hlten Kanal<\/li><\/ul>\t\t\t\t\t\t<\/div>\n\t\t\t\t<\/div>\n\t\t\t\t\t<\/div>\n\t\t<\/div>\n\t\t\t\t\t\t\t<\/div>\n\t\t<\/section>\n\t\t\t\t\t\t\t<\/div>\n\t\t","protected":false},"excerpt":{"rendered":"<p>COOP Mobil Der Mobilfunkbetreiber COOP Mobil belohnt seine Kunden f\u00fcr Eink\u00e4ufe in COOP-Gesch\u00e4ften. Wenn der Kunde seine Kundenkarte an der Kasse aufl\u00e4dt und die Bedingungen des Programms erf\u00fcllt, erh\u00e4lt er kostenlose Einheiten f\u00fcr Anrufe oder einen Rabatt auf COOP Mobil-Dienste.. COOP Mobil l\u00f6ste die Verbindung der Kassensysteme von COOP mit den Systemen von COOP Mobil [&hellip;]<\/p>\n","protected":false},"author":1,"featured_media":3147,"parent":3145,"menu_order":5,"comment_status":"closed","ping_status":"closed","template":"","meta":{"footnotes":""},"_links":{"self":[{"href":"https:\/\/www.comverga.com\/deu\/wp-json\/wp\/v2\/pages\/3165"}],"collection":[{"href":"https:\/\/www.comverga.com\/deu\/wp-json\/wp\/v2\/pages"}],"about":[{"href":"https:\/\/www.comverga.com\/deu\/wp-json\/wp\/v2\/types\/page"}],"author":[{"embeddable":true,"href":"https:\/\/www.comverga.com\/deu\/wp-json\/wp\/v2\/users\/1"}],"replies":[{"embeddable":true,"href":"https:\/\/www.comverga.com\/deu\/wp-json\/wp\/v2\/comments?post=3165"}],"version-history":[{"count":15,"href":"https:\/\/www.comverga.com\/deu\/wp-json\/wp\/v2\/pages\/3165\/revisions"}],"predecessor-version":[{"id":3635,"href":"https:\/\/www.comverga.com\/deu\/wp-json\/wp\/v2\/pages\/3165\/revisions\/3635"}],"up":[{"embeddable":true,"href":"https:\/\/www.comverga.com\/deu\/wp-json\/wp\/v2\/pages\/3145"}],"wp:featuredmedia":[{"embeddable":true,"href":"https:\/\/www.comverga.com\/deu\/wp-json\/wp\/v2\/media\/3147"}],"wp:attachment":[{"href":"https:\/\/www.comverga.com\/deu\/wp-json\/wp\/v2\/media?parent=3165"}],"curies":[{"name":"wp","href":"https:\/\/api.w.org\/{rel}","templated":true}]}}