{"id":4090,"date":"2025-09-25T16:18:33","date_gmt":"2025-09-25T14:18:33","guid":{"rendered":"https:\/\/www.comverga.com\/deu\/?page_id=4090"},"modified":"2025-09-30T17:37:29","modified_gmt":"2025-09-30T15:37:29","slug":"hersteller-von-iot-geraeten-fuer-den-globalen-markt","status":"publish","type":"page","link":"https:\/\/www.comverga.com\/deu\/dienstleistungen\/software-as-a-service-platform-as-a-service\/sdp-fuer-esim-management\/hersteller-von-iot-geraeten-fuer-den-globalen-markt\/","title":{"rendered":"Hersteller von IoT-Ger\u00e4ten f\u00fcr den globalen Markt"},"content":{"rendered":"\t\t<div data-elementor-type=\"wp-page\" data-elementor-id=\"4090\" class=\"elementor elementor-4090\">\n\t\t\t\t\t\t\t\t\t<section class=\"elementor-section elementor-top-section elementor-element elementor-element-11b712e6 elementor-section-boxed elementor-section-height-default elementor-section-height-default\" data-id=\"11b712e6\" data-element_type=\"section\">\n\t\t\t\t\t\t<div class=\"elementor-container elementor-column-gap-default\">\n\t\t\t\t\t<div class=\"elementor-column elementor-col-50 elementor-top-column elementor-element elementor-element-109bc88\" data-id=\"109bc88\" data-element_type=\"column\">\n\t\t\t<div class=\"elementor-widget-wrap elementor-element-populated\">\n\t\t\t\t\t\t\t\t<div class=\"elementor-element elementor-element-10b87691 elementor-widget elementor-widget-text-editor\" data-id=\"10b87691\" data-element_type=\"widget\" data-widget_type=\"text-editor.default\">\n\t\t\t\t<div class=\"elementor-widget-container\">\n\t\t\t\t\t\t\t<div class=\"usecase-text\"><h2 style=\"text-align: left; margin-top: 0;\">Hersteller von IoT-Ger\u00e4ten f\u00fcr den globalen Markt<\/h2><p>Das Unternehmen ist ein f\u00fchrender Hersteller von IoT-Sensoren und -Ger\u00e4ten f\u00fcr die Industrie, Smart Homes und st\u00e4dtische Infrastruktur. Seine Produkte werden weltweit \u00fcber Partner und Distributoren vertrieben. Das Kerngesch\u00e4ft des Unternehmens besteht in der Entwicklung von Hardware und Software, die den Kunden intelligente und zuverl\u00e4ssige L\u00f6sungen ohne komplexe lokale Konfiguration bieten.<\/p><\/div>\t\t\t\t\t\t<\/div>\n\t\t\t\t<\/div>\n\t\t\t\t\t<\/div>\n\t\t<\/div>\n\t\t\t\t<div class=\"elementor-column elementor-col-50 elementor-top-column elementor-element elementor-element-32a0a9dd\" data-id=\"32a0a9dd\" data-element_type=\"column\">\n\t\t\t<div class=\"elementor-widget-wrap elementor-element-populated\">\n\t\t\t\t\t\t\t\t<div class=\"elementor-element elementor-element-7b45ff9 elementor-widget elementor-widget-image\" data-id=\"7b45ff9\" data-element_type=\"widget\" data-widget_type=\"image.default\">\n\t\t\t\t<div class=\"elementor-widget-container\">\n\t\t\t\t\t\t\t\t\t\t\t\t\t\t\t<img fetchpriority=\"high\" decoding=\"async\" width=\"580\" height=\"387\" src=\"https:\/\/www.comverga.com\/deu\/wp-content\/uploads\/sites\/4\/2025\/09\/Case1.png\" class=\"attachment-large size-large wp-image-4092\" alt=\"\" srcset=\"https:\/\/www.comverga.com\/deu\/wp-content\/uploads\/sites\/4\/2025\/09\/Case1.png 1000w, https:\/\/www.comverga.com\/deu\/wp-content\/uploads\/sites\/4\/2025\/09\/Case1-300x200.png 300w, https:\/\/www.comverga.com\/deu\/wp-content\/uploads\/sites\/4\/2025\/09\/Case1-768x512.png 768w, https:\/\/www.comverga.com\/deu\/wp-content\/uploads\/sites\/4\/2025\/09\/Case1-18x12.png 18w\" sizes=\"(max-width: 580px) 100vw, 580px\" \/>\t\t\t\t\t\t\t\t\t\t\t\t\t\t\t<\/div>\n\t\t\t\t<\/div>\n\t\t\t\t\t<\/div>\n\t\t<\/div>\n\t\t\t\t\t\t\t<\/div>\n\t\t<\/section>\n\t\t\t\t<section class=\"elementor-section elementor-top-section elementor-element elementor-element-774d1597 elementor-section-boxed elementor-section-height-default elementor-section-height-default\" data-id=\"774d1597\" data-element_type=\"section\">\n\t\t\t\t\t\t<div class=\"elementor-container elementor-column-gap-default\">\n\t\t\t\t\t<div class=\"elementor-column elementor-col-50 elementor-top-column elementor-element elementor-element-5a0629b5\" data-id=\"5a0629b5\" data-element_type=\"column\">\n\t\t\t<div class=\"elementor-widget-wrap elementor-element-populated\">\n\t\t\t\t\t\t\t\t<div class=\"elementor-element elementor-element-6ecf9683 elementor-widget elementor-widget-sidebar\" data-id=\"6ecf9683\" data-element_type=\"widget\" data-widget_type=\"sidebar.default\">\n\t\t\t\t<div class=\"elementor-widget-container\">\n\t\t\t<div id=\"widget-box\" class=\"smart-watch\">\n\t<img decoding=\"async\" src=\"https:\/\/www.coopmobil.cz\/wp-content\/uploads\/2021\/04\/coop-mobil-logo.svg\"><br>\n\t<span>Branchen<\/span>\n<p>\n\t\tTelekommunikationsbetreiber - Einzelhandel\n\t<\/p>\n<span>Produkt<\/span>\n<p>\n\t\tBundle Smartwatch + Datenkonnektivit\u00e4t\n\t<\/p>\n<\/div>\n<div id=\"widget-box\" class=\"operator\">\n\t<img decoding=\"async\" src=\"https:\/\/www.coopmobil.cz\/wp-content\/uploads\/2021\/04\/coop-mobil-logo.svg\"><br>\n\t<span>Branchen<\/span>\n<p>\n\t\tTelekommunikationsbetreiber - Retail\n\t<\/p>\n<span>Produkt<\/span>\n<p>\n\t\tDurchf\u00fchrung von Marketingmailings\n\t<\/p>\n<\/div>\n<div id=\"widget-box\" class=\"caravan\">\n<img decoding=\"async\" src=\"\/deu\/wp-content\/uploads\/sites\/4\/2023\/04\/caravan-logo.jpg\"><br>\n<span>Branchen<\/span>\n<p>\n\t\tGPS-Ortungssysteme f\u00fcr Fahrzeuge, Datenkonnektivit\u00e4t\n\t<\/p>\n<span>Produkt<\/span>\n<p>\n\t\tL\u00f6sungen f\u00fcr den Internetzugang von unterwegs\n\t<\/p>\n<\/div>\n<div id=\"widget-box\" class=\"support\">\n\t<img decoding=\"async\" src=\"https:\/\/www.coopmobil.cz\/wp-content\/uploads\/2021\/04\/coop-mobil-logo.svg\"><br>\n\t<span>Branchen<\/span>\n<p>\n\t\tTelekommunikationsbetreiber - Retail\n\t<\/p>\n<span>Produkt<\/span>\n<p>\n\t\tLeitfaden f\u00fcr die Kundenbetreuung\n\t<\/p>\n<\/div>\n<div id=\"widget-box\" class=\"camera\">\n<img decoding=\"async\" src=\"\/deu\/wp-content\/uploads\/sites\/4\/2023\/04\/camera-logo.jpg\"><br>\n<span>Branchen<\/span>\n<p>\n\t\tSicherheitssysteme\n\t<\/p>\n<span>Produkt<\/span>\n<p>\n\t\tKameras mit Online-Streaming\n\t<\/p>\n<\/div>\n<div id=\"widget-box\" class=\"event\">\n\t<img decoding=\"async\" src=\"\/cze\/wp-content\/uploads\/sites\/3\/2023\/04\/event-logo.png\" style=\"width: 50px\"><br>\n\t<span>Branchen<\/span>\n<p>\n\t\tEventagentur\n\t<\/p>\n<span>Produkt<\/span>\n<p>\n\t\tEventorganisation - Kommunikation mit Teilnehmern\n\t<\/p>\n<\/div>\n<div id=\"widget-box\" class=\"competition\">\n\t<img decoding=\"async\" src=\"\/cze\/wp-content\/uploads\/sites\/3\/2023\/04\/competition-logo.png\" style=\"width: 50px\"><br>\n\t<span>Branchen<\/span>\n<p>\n\t\tVerbrauchsg\u00fcter\n\t<\/p>\n<span>Produkt<\/span>\n<p>\n\t\tVerbraucherwettbewerb\n\t<\/p>\n<\/div>\n<div id=\"widget-box\" class=\"marketing\">\n\t<img decoding=\"async\" src=\"\/deu\/wp-content\/uploads\/sites\/3\/2023\/06\/marketing-logo.png\" style=\"width: 50px\"><br>\n\t<span>Branchen<\/span>\n<p>\n\t\tMarketingkommunikation\n\t<\/p>\n<span>Produkt<\/span>\n<p>\n\t\tRealisierung von Marketingkampagnen\n\t<\/p>\n<\/div>\n<div id=\"widget-box\" class=\"fmcg\">\n\t<img decoding=\"async\" src=\"\/deu\/wp-content\/uploads\/sites\/3\/2023\/06\/fmcg-logo.png\" style=\"width: 50px\"><br>\n\t<span>Branchen<\/span>\n<p>\n\t\tFMCG<br>Schnelllebige Konsumg\u00fcter\n\t<\/p>\n<span>Produkt<\/span>\n<p>\n\t\tLebensmittel, Getr\u00e4nke, Drogerie\n\t<\/p>\n<\/div>\n\n<div id=\"widget-box\" class=\"iot\">\n\t<img decoding=\"async\" src=\"\/cze\/wp-content\/uploads\/sites\/3\/2025\/09\/iot_icon.png\" style=\"width: 50px\"><br>\n\t<span>Branchen<\/span>\n<p>\n\t\tIoT, SIM\/eSIM management\n\t<\/p>\n<span>Produkt<\/span>\n<p>\n\t\tIoT-Sensoren f\u00fcr Industrie und Haushalt \n\t<\/p>\n<\/div>\n\n<div id=\"widget-box\" class=\"truck\">\n\t<img decoding=\"async\" src=\"\/cze\/wp-content\/uploads\/sites\/3\/2025\/09\/truck_monitoring.png\" style=\"width: 50px\"><br>\n\t<span>Branchen<\/span>\n<p>\n\t\tIoT, SIM\/eSIM management\n\t<\/p>\n<span>Produkt<\/span>\n<p>\n\t\t eSIM f\u00fcr die Fahrzeug\u00fcberwachung \n\t<\/p>\n<\/div>\n\n<div id=\"widget-box\" class=\"drone\">\n\t<img decoding=\"async\" src=\"\/cze\/wp-content\/uploads\/sites\/3\/2025\/09\/drone_icon.png\" style=\"width: 80px\"><br>\n\t<span>Branchen<\/span>\n<p>\n\t\t IoT, SIM\/eSIM management \n\t<\/p>\n<span>Produkt<\/span>\n<p>\n\t\t eSIM f\u00fcr Drohnenflotten \n\t<\/p>\n<\/div>\t\t<\/div>\n\t\t\t\t<\/div>\n\t\t\t\t\t<\/div>\n\t\t<\/div>\n\t\t\t\t<div class=\"elementor-column elementor-col-50 elementor-top-column elementor-element elementor-element-362a6137\" data-id=\"362a6137\" data-element_type=\"column\">\n\t\t\t<div class=\"elementor-widget-wrap elementor-element-populated\">\n\t\t\t\t\t\t\t\t<div class=\"elementor-element elementor-element-45835068 elementor-widget elementor-widget-text-editor\" data-id=\"45835068\" data-element_type=\"widget\" data-widget_type=\"text-editor.default\">\n\t\t\t\t<div class=\"elementor-widget-container\">\n\t\t\t\t\t\t\t<p>Das Unternehmen steht vor einer schwierigen logistischen Herausforderung: Es wei\u00df nicht, wo genau die Ger\u00e4te aktiviert werden und welche Profile auf die Chips geladen werden m\u00fcssen. Die Lagerung von Tausenden verschiedener SIM-Profile f\u00fcr einzelne L\u00e4nder ist sowohl finanziell als auch prozessual nicht tragbar. Dar\u00fcber hinaus sind die Ger\u00e4te oft versiegelt (nicht zu \u00f6ffnen) und es ist nicht m\u00f6glich, die SIM-Karte physisch zu wechseln. Das Unternehmen ben\u00f6tigt daher ein Tool, das die Fernverwaltung von Profilen und deren dynamische Aktivierung in Abh\u00e4ngigkeit vom Standort und den Meldungen des Ger\u00e4ts erm\u00f6glicht.<\/p><p>Dank der COMVERGA eSIM-L\u00f6sung erh\u00e4lt der Partner eine intuitive Umgebung, in der er mehrere Profile aus der Ferne verwalten und je nach aktuellem Standort und Aktivit\u00e4t des Ger\u00e4ts \u00e4ndern kann.<\/p>\t\t\t\t\t\t<\/div>\n\t\t\t\t<\/div>\n\t\t\t\t\t<\/div>\n\t\t<\/div>\n\t\t\t\t\t\t\t<\/div>\n\t\t<\/section>\n\t\t\t\t<section class=\"elementor-section elementor-top-section elementor-element elementor-element-4537f318 elementor-section-boxed elementor-section-height-default elementor-section-height-default\" data-id=\"4537f318\" data-element_type=\"section\">\n\t\t\t\t\t\t<div class=\"elementor-container elementor-column-gap-default\">\n\t\t\t\t\t<div class=\"elementor-column elementor-col-50 elementor-top-column elementor-element elementor-element-6734cf32\" data-id=\"6734cf32\" data-element_type=\"column\" data-settings=\"{&quot;background_background&quot;:&quot;classic&quot;}\">\n\t\t\t<div class=\"elementor-widget-wrap elementor-element-populated\">\n\t\t\t\t\t\t\t\t<div class=\"elementor-element elementor-element-798b5ef7 elementor-widget elementor-widget-text-editor\" data-id=\"798b5ef7\" data-element_type=\"widget\" data-widget_type=\"text-editor.default\">\n\t\t\t\t<div class=\"elementor-widget-container\">\n\t\t\t\t\t\t\t<h3>Was der Partner bekam:<\/h3><div class=\"page\" title=\"Page 4\"><div class=\"layoutArea\"><div class=\"column\"><ul><li>Reduzierung der Kosten f\u00fcr Logistik und Lagerung von SIM-Karten<\/li><li>Einsatz eines neutralen Profils bei der Herstellung von Ger\u00e4ten<\/li><li>Flexibles Umschalten zwischen Betreibern je nach aktuellem Standort<\/li><li>Zuverl\u00e4ssigkeit der Ger\u00e4te dank Redundanz der verf\u00fcgbaren Netzwerke<\/li><li>Schnellere Einf\u00fchrung von Produkten in neue M\u00e4rkte ohne Barrieren<\/li><\/ul><\/div><\/div><\/div>\t\t\t\t\t\t<\/div>\n\t\t\t\t<\/div>\n\t\t\t\t\t<\/div>\n\t\t<\/div>\n\t\t\t\t<div class=\"elementor-column elementor-col-50 elementor-top-column elementor-element elementor-element-ca5ac3a\" data-id=\"ca5ac3a\" data-element_type=\"column\" data-settings=\"{&quot;background_background&quot;:&quot;classic&quot;}\">\n\t\t\t<div class=\"elementor-widget-wrap elementor-element-populated\">\n\t\t\t\t\t\t\t\t<div class=\"elementor-element elementor-element-5360a060 elementor-widget elementor-widget-text-editor\" data-id=\"5360a060\" data-element_type=\"widget\" data-widget_type=\"text-editor.default\">\n\t\t\t\t<div class=\"elementor-widget-container\">\n\t\t\t\t\t\t\t<h3>COMVERGA bietet:<\/h3><ul><li>Zentrale Fernverwaltung aller eSIM-Profile<\/li><li>Automatische Erkennung und \u00c4nderung des Profils je nach Land und Netz<\/li><li>Sicheres OTA-Upload (Over-The-Air) neuer Profile<\/li><li>Detaillierte \u00dcberwachung des Betriebs und der Leistung jedes Ger\u00e4ts<\/li><li>Integrierte Tools zur Optimierung und Berichterstellung<\/li><\/ul>\t\t\t\t\t\t<\/div>\n\t\t\t\t<\/div>\n\t\t\t\t\t<\/div>\n\t\t<\/div>\n\t\t\t\t\t\t\t<\/div>\n\t\t<\/section>\n\t\t\t\t\t\t\t<\/div>\n\t\t","protected":false},"excerpt":{"rendered":"<p>Hersteller von IoT-Ger\u00e4ten f\u00fcr den globalen Markt Das Unternehmen ist ein f\u00fchrender Hersteller von IoT-Sensoren und -Ger\u00e4ten f\u00fcr die Industrie, Smart Homes und st\u00e4dtische Infrastruktur. Seine Produkte werden weltweit \u00fcber Partner und Distributoren vertrieben. Das Kerngesch\u00e4ft des Unternehmens besteht in der Entwicklung von Hardware und Software, die den Kunden intelligente und zuverl\u00e4ssige L\u00f6sungen ohne komplexe [&hellip;]<\/p>\n","protected":false},"author":1,"featured_media":4092,"parent":4072,"menu_order":0,"comment_status":"closed","ping_status":"closed","template":"","meta":{"footnotes":""},"_links":{"self":[{"href":"https:\/\/www.comverga.com\/deu\/wp-json\/wp\/v2\/pages\/4090"}],"collection":[{"href":"https:\/\/www.comverga.com\/deu\/wp-json\/wp\/v2\/pages"}],"about":[{"href":"https:\/\/www.comverga.com\/deu\/wp-json\/wp\/v2\/types\/page"}],"author":[{"embeddable":true,"href":"https:\/\/www.comverga.com\/deu\/wp-json\/wp\/v2\/users\/1"}],"replies":[{"embeddable":true,"href":"https:\/\/www.comverga.com\/deu\/wp-json\/wp\/v2\/comments?post=4090"}],"version-history":[{"count":13,"href":"https:\/\/www.comverga.com\/deu\/wp-json\/wp\/v2\/pages\/4090\/revisions"}],"predecessor-version":[{"id":4156,"href":"https:\/\/www.comverga.com\/deu\/wp-json\/wp\/v2\/pages\/4090\/revisions\/4156"}],"up":[{"embeddable":true,"href":"https:\/\/www.comverga.com\/deu\/wp-json\/wp\/v2\/pages\/4072"}],"wp:featuredmedia":[{"embeddable":true,"href":"https:\/\/www.comverga.com\/deu\/wp-json\/wp\/v2\/media\/4092"}],"wp:attachment":[{"href":"https:\/\/www.comverga.com\/deu\/wp-json\/wp\/v2\/media?parent=4090"}],"curies":[{"name":"wp","href":"https:\/\/api.w.org\/{rel}","templated":true}]}}