{"id":684,"date":"2020-12-15T12:59:11","date_gmt":"2020-12-15T11:59:11","guid":{"rendered":"https:\/\/www.comverga.com\/?page_id=684"},"modified":"2024-06-06T06:45:55","modified_gmt":"2024-06-06T04:45:55","slug":"verkauf","status":"publish","type":"page","link":"https:\/\/www.comverga.com\/deu\/branchen\/verkauf\/","title":{"rendered":"Einzelhandel"},"content":{"rendered":"\t\t<div data-elementor-type=\"wp-page\" data-elementor-id=\"684\" class=\"elementor elementor-684\">\n\t\t\t\t\t\t\t\t\t<section class=\"elementor-section elementor-top-section elementor-element elementor-element-1e4b6971 elementor-section-boxed elementor-section-height-default elementor-section-height-default\" data-id=\"1e4b6971\" data-element_type=\"section\">\n\t\t\t\t\t\t<div class=\"elementor-container elementor-column-gap-default\">\n\t\t\t\t\t<div class=\"elementor-column elementor-col-100 elementor-top-column elementor-element elementor-element-7a231a2\" data-id=\"7a231a2\" data-element_type=\"column\">\n\t\t\t<div class=\"elementor-widget-wrap elementor-element-populated\">\n\t\t\t\t\t\t\t\t<div class=\"elementor-element elementor-element-3a3aa17c elementor-widget elementor-widget-text-editor\" data-id=\"3a3aa17c\" data-element_type=\"widget\" data-widget_type=\"text-editor.default\">\n\t\t\t\t<div class=\"elementor-widget-container\">\n\t\t\t\t\t\t\t<!-- wp:paragraph -->\n<p>Die Kundenbindung und Identifizierung des Verbrauchers sowie die Gewinnung von Kundenloyalit\u00e4t durch Online-Transaktionen sind heute entscheidende Erfolgsfaktoren im Einzelhandelsgesch\u00e4ft. Die Telekommunikationstechnologie erm\u00f6glicht neue Gesch\u00e4ftsmodelle und bietet Instrumente, um jeden Verbraucher individuell und sofort zu bedienen.<\/p>\n<!-- \/wp:paragraph --><!-- wp:paragraph -->\n<p>Digitale Kommunikation und der Kontakt mit den Verbrauchern sind wichtige Bestandteile der Strategie. Sie sind schnell, zielgerichtet und st\u00f6rungsfrei. Nachrichtenkan\u00e4le wie E-Mails, SMS, Sprachnachrichten, RCS und Instant Messenger werden je nach den Vorlieben des Verbrauchers kombiniert.<\/p>\n<!-- \/wp:paragraph --><!-- wp:paragraph -->\n<p>Kundenbindungs-Programme und Mobile Marketing sind h\u00e4ufig mit Marken-Mobilfunktarifen verbunden, die auch eine regelm\u00e4\u00dfige Abrechnungsverbindung mit dem Verbraucher herstellen.<\/p>\n<!-- \/wp:paragraph --><!-- wp:paragraph -->\n<p>F\u00fcr unsere Handelspartner bieten wir folgende Dienstleistungen an:<\/p>\n<!-- \/wp:paragraph --><!-- wp:list -->\n<ul>\n<li>Kunden-Kommunikations-Services<\/li>\n<li>Mobile Marketing<\/li>\n<li>Kundenzufriedenheits-Umfrage<\/li>\n<li>Leads \/ Auftragsmanagement<\/li>\n<li>SMS-Bestellungen<\/li>\n<li>Mobile Apps<\/li>\n<li>Gesch\u00e4ftsprozess-Outsourcing (BPO \u2013 Business Process Outsourcing)<\/li>\n<li>Professional Services<\/li>\n<li>App-Entwicklungen<\/li>\n<li>Loyalit\u00e4t und konvergierte Telekommunikationsdienste<\/li>\n<\/ul>\n<!-- \/wp:list --><!-- wp:heading -->\n<h2>Ausgew\u00e4hlte Partner<\/h2>\n<!-- \/wp:heading --><!-- wp:list -->\n<ul>\n<li>COOP, Nestle<\/li>\n<\/ul>\n<!-- \/wp:list -->\t\t\t\t\t\t<\/div>\n\t\t\t\t<\/div>\n\t\t\t\t\t<\/div>\n\t\t<\/div>\n\t\t\t\t\t\t\t<\/div>\n\t\t<\/section>\n\t\t\t\t\t\t\t<\/div>\n\t\t","protected":false},"excerpt":{"rendered":"<p>Kundenbindung und Identifizierung des Verbrauchers, Kunden Loyalit\u00e4t gewinnen und ihnen Online-Transaktionen anbieten, sind heute die wichtigsten&#8230;<\/p>\n","protected":false},"author":1,"featured_media":3253,"parent":346,"menu_order":5,"comment_status":"closed","ping_status":"closed","template":"","meta":{"footnotes":""},"_links":{"self":[{"href":"https:\/\/www.comverga.com\/deu\/wp-json\/wp\/v2\/pages\/684"}],"collection":[{"href":"https:\/\/www.comverga.com\/deu\/wp-json\/wp\/v2\/pages"}],"about":[{"href":"https:\/\/www.comverga.com\/deu\/wp-json\/wp\/v2\/types\/page"}],"author":[{"embeddable":true,"href":"https:\/\/www.comverga.com\/deu\/wp-json\/wp\/v2\/users\/1"}],"replies":[{"embeddable":true,"href":"https:\/\/www.comverga.com\/deu\/wp-json\/wp\/v2\/comments?post=684"}],"version-history":[{"count":19,"href":"https:\/\/www.comverga.com\/deu\/wp-json\/wp\/v2\/pages\/684\/revisions"}],"predecessor-version":[{"id":3782,"href":"https:\/\/www.comverga.com\/deu\/wp-json\/wp\/v2\/pages\/684\/revisions\/3782"}],"up":[{"embeddable":true,"href":"https:\/\/www.comverga.com\/deu\/wp-json\/wp\/v2\/pages\/346"}],"wp:featuredmedia":[{"embeddable":true,"href":"https:\/\/www.comverga.com\/deu\/wp-json\/wp\/v2\/media\/3253"}],"wp:attachment":[{"href":"https:\/\/www.comverga.com\/deu\/wp-json\/wp\/v2\/media?parent=684"}],"curies":[{"name":"wp","href":"https:\/\/api.w.org\/{rel}","templated":true}]}}