{"id":3184,"date":"2023-04-21T11:07:01","date_gmt":"2023-04-21T09:07:01","guid":{"rendered":"https:\/\/www.comverga.com\/?page_id=3184"},"modified":"2023-12-13T10:58:47","modified_gmt":"2023-12-13T10:58:47","slug":"coop-mobil-customer-support","status":"publish","type":"page","link":"https:\/\/www.comverga.com\/int\/cs\/services\/connectivity-aggregation\/rcs-business-messaging\/coop-mobil-customer-support\/","title":{"rendered":"Z\u00e1kaznick\u00e1 podpora v r\u00e1mci oper\u00e1tora COOP Mobil"},"content":{"rendered":"<div data-elementor-type=\"wp-page\" data-elementor-id=\"3184\" class=\"elementor elementor-3184\">\n\t\t\t\t\t\t\t\t\t<section class=\"elementor-section elementor-top-section elementor-element elementor-element-268fad2d elementor-section-boxed elementor-section-height-default elementor-section-height-default\" data-id=\"268fad2d\" data-element_type=\"section\">\n\t\t\t\t\t\t<div class=\"elementor-container elementor-column-gap-default\">\n\t\t\t\t\t<div class=\"elementor-column elementor-col-50 elementor-top-column elementor-element elementor-element-6e4bf808\" data-id=\"6e4bf808\" data-element_type=\"column\">\n\t\t\t<div class=\"elementor-widget-wrap elementor-element-populated\">\n\t\t\t\t\t\t\t\t<div class=\"elementor-element elementor-element-ba8af7a elementor-widget elementor-widget-text-editor\" data-id=\"ba8af7a\" data-element_type=\"widget\" data-widget_type=\"text-editor.default\">\n\t\t\t\t<div class=\"elementor-widget-container\">\n\t\t\t<style>\/*! elementor - v3.18.0 - 08-12-2023 *\/\n.elementor-widget-text-editor.elementor-drop-cap-view-stacked .elementor-drop-cap{background-color:#69727d;color:#fff}.elementor-widget-text-editor.elementor-drop-cap-view-framed .elementor-drop-cap{color:#69727d;border:3px solid;background-color:transparent}.elementor-widget-text-editor:not(.elementor-drop-cap-view-default) .elementor-drop-cap{margin-top:8px}.elementor-widget-text-editor:not(.elementor-drop-cap-view-default) .elementor-drop-cap-letter{width:1em;height:1em}.elementor-widget-text-editor .elementor-drop-cap{float:left;text-align:center;line-height:1;font-size:50px}.elementor-widget-text-editor .elementor-drop-cap-letter{display:inline-block}<\/style>\t\t\t\t<div class=\"usecase-text\">\n<h2 style=\"text-align: left; margin-top: 0;\">Z\u00e1kaznick\u00e1 podpora v r\u00e1mci oper\u00e1tora COOP Mobil<\/h2>\nMobiln\u00ed oper\u00e1tor COOP Mobil poskytuje standardn\u00ed telekomunika\u010dn\u00ed slu\u017eby v\u010detn\u011b ka\u017edodenn\u00ed z\u00e1kaznick\u00e9 podpory. \u010cast\u00fdm p\u0159edm\u011btem z\u00e1kaznick\u00fdch po\u017eadavk\u016f jsou v\u011bt\u0161inou objedn\u00e1n\u00ed nov\u00e9 slu\u017eby, dotazy na vy\u00fa\u010dtov\u00e1n\u00ed, \u010derp\u00e1n\u00ed mobiln\u00edch dat, zm\u011bnu tarifu a dal\u0161\u00ed.\n\n<\/div>\t\t\t\t\t\t<\/div>\n\t\t\t\t<\/div>\n\t\t\t\t\t<\/div>\n\t\t<\/div>\n\t\t\t\t<div class=\"elementor-column elementor-col-50 elementor-top-column elementor-element elementor-element-9248771\" data-id=\"9248771\" data-element_type=\"column\">\n\t\t\t<div class=\"elementor-widget-wrap elementor-element-populated\">\n\t\t\t\t\t\t\t\t<div class=\"elementor-element elementor-element-6c269e19 elementor-widget elementor-widget-image\" data-id=\"6c269e19\" data-element_type=\"widget\" data-widget_type=\"image.default\">\n\t\t\t\t<div class=\"elementor-widget-container\">\n\t\t\t<style>\/*! elementor - v3.18.0 - 08-12-2023 *\/\n.elementor-widget-image{text-align:center}.elementor-widget-image a{display:inline-block}.elementor-widget-image a img[src$=\".svg\"]{width:48px}.elementor-widget-image img{vertical-align:middle;display:inline-block}<\/style>\t\t\t\t\t\t\t\t\t\t\t\t<img fetchpriority=\"high\" decoding=\"async\" width=\"580\" height=\"353\" src=\"https:\/\/www.comverga.com\/int\/wp-content\/uploads\/sites\/5\/2023\/04\/coopmobil-768x467.jpg\" class=\"attachment-medium_large size-medium_large wp-image-3185\" alt=\"\" srcset=\"https:\/\/www.comverga.com\/int\/wp-content\/uploads\/sites\/5\/2023\/04\/coopmobil-768x467.jpg 768w, https:\/\/www.comverga.com\/int\/wp-content\/uploads\/sites\/5\/2023\/04\/coopmobil-300x182.jpg 300w, https:\/\/www.comverga.com\/int\/wp-content\/uploads\/sites\/5\/2023\/04\/coopmobil-1024x622.jpg 1024w, https:\/\/www.comverga.com\/int\/wp-content\/uploads\/sites\/5\/2023\/04\/coopmobil-18x12.jpg 18w, https:\/\/www.comverga.com\/int\/wp-content\/uploads\/sites\/5\/2023\/04\/coopmobil-1200x729.jpg 1200w, https:\/\/www.comverga.com\/int\/wp-content\/uploads\/sites\/5\/2023\/04\/coopmobil.jpg 1318w\" sizes=\"(max-width: 580px) 100vw, 580px\" \/>\t\t\t\t\t\t\t\t\t\t\t\t\t\t\t<\/div>\n\t\t\t\t<\/div>\n\t\t\t\t\t<\/div>\n\t\t<\/div>\n\t\t\t\t\t\t\t<\/div>\n\t\t<\/section>\n\t\t\t\t<section class=\"elementor-section elementor-top-section elementor-element elementor-element-7493f792 elementor-section-boxed elementor-section-height-default elementor-section-height-default\" data-id=\"7493f792\" data-element_type=\"section\">\n\t\t\t\t\t\t<div class=\"elementor-container elementor-column-gap-default\">\n\t\t\t\t\t<div class=\"elementor-column elementor-col-50 elementor-top-column elementor-element elementor-element-1d1b1dd0\" data-id=\"1d1b1dd0\" data-element_type=\"column\">\n\t\t\t<div class=\"elementor-widget-wrap elementor-element-populated\">\n\t\t\t\t\t\t\t\t<div class=\"elementor-element elementor-element-7dcda530 elementor-widget elementor-widget-sidebar\" data-id=\"7dcda530\" data-element_type=\"widget\" data-widget_type=\"sidebar.default\">\n\t\t\t\t<div class=\"elementor-widget-container\">\n\t\t\t\n<div class=\"wp-block-columns is-layout-flex wp-container-core-columns-layout-1 wp-block-columns-is-layout-flex\">\n<div class=\"wp-block-column is-layout-flow wp-block-column-is-layout-flow\">\n<div id=\"widget-box\" class=\"caravan\">\n<img decoding=\"async\" src=\"\/wp-content\/uploads\/2023\/04\/caravan-logo.jpg\"><br>\n<span>Odv\u011btv\u00ed<\/span>\n<p class=\"translation-block\">GPS sledovac\u00ed syst\u00e9my pro vozidla, datov\u00e1 konektivita <\/p>\n<span>Produkt<\/span>\n<p class=\"translation-block\">\u0158e\u0161en\u00ed pro p\u0159\u00edstup k internetu na cest\u00e1ch <\/p>\n<\/div>\n<div id=\"widget-box\" class=\"support\">\n\t<img decoding=\"async\" src=\"https:\/\/www.coopmobil.cz\/wp-content\/uploads\/2021\/04\/coop-mobil-logo.svg\"><br>\n\t<span>Odv\u011btv\u00ed<\/span>\n<p>\n\t\tTelekomunika\u010dn\u00ed oper\u00e1tor \u2013 retail\n\t<\/p>\n<span>Produkt<\/span>\n<p>\n\t\tPr\u016fvodce z\u00e1kaznickou podporou\n\t<\/p>\n<\/div>\n<div id=\"widget-box\" class=\"smart-watch\">\n\t<img decoding=\"async\" src=\"https:\/\/www.coopmobil.cz\/wp-content\/uploads\/2021\/04\/coop-mobil-logo.svg\"><br>\n\t<span>Odv\u011btv\u00ed<\/span>\n<p>\n\t\tTelekomunika\u010dn\u00ed oper\u00e1tor \u2013 retail\n\t<\/p>\n<span>Produkt<\/span>\n<p>\n\t\tBundle chytr\u00e9 hodinky + datov\u00e1 konektivita\n\t<\/p>\n<\/div>\n<div id=\"widget-box\" class=\"camera\">\n<img decoding=\"async\" src=\"\/wp-content\/uploads\/2023\/04\/camera-logo.jpg\"><br>\n<span>Odv\u011btv\u00ed<\/span>\n<p>\n\t\tZabezpe\u010dovac\u00ed syst\u00e9my\n\t<\/p>\n<span>Produkt<\/span>\n<p>\n\t\tKamery s\u00a0on-line streamov\u00e1n\u00edm\n\t<\/p>\n<\/div>\n<div id=\"widget-box\" class=\"event\">\n\t<img decoding=\"async\" src=\"\/cze\/wp-content\/uploads\/sites\/3\/2023\/04\/event-logo.png\" style=\"width: 50px\"><br>\n\t<span>Odv\u011btv\u00ed<\/span>\n<p>\n\t\tEvent agentura\n\t<\/p>\n<span>Produkt<\/span>\n<p>\n\t\tOrganizace eventu - komunikace s \u00fa\u010dastn\u00edky\n\t<\/p>\n<\/div>\n<div id=\"widget-box\" class=\"competition\">\n\t<img decoding=\"async\" src=\"\/cze\/wp-content\/uploads\/sites\/3\/2023\/04\/competition-logo.png\" style=\"width: 50px\"><br>\n\t<span>Odv\u011btv\u00ed<\/span>\n<p>\n\t\tMaloobchod a spot\u0159ebn\u00ed zbo\u017e\u00ed\n\t<\/p>\n<span>Produkt<\/span>\n<p>\n\t\tOrganizace eventu - komunikace s \u00fa\u010dastn\u00edky\n\t<\/p>\n<\/div>\n<div id=\"widget-box\" class=\"fmcg\">\n\t<img decoding=\"async\" src=\"\/wp-content\/uploads\/2023\/06\/fmcg-logo.png\" style=\"width: 50px\"><br>\n\t<span>Odv\u011btv\u00ed<\/span>\n<p>\n\t\tFMCG<br>Fast Moving Consumer Goods\n\t<\/p>\n<span>Produkt<\/span>\n<p>\n\t\tPotraviny, n\u00e1poje, drogerie\n\t<\/p>\n<\/div>\n\n<div id=\"widget-box\" class=\"marketing\">\n\t<img decoding=\"async\" src=\"\/wp-content\/uploads\/2023\/06\/marketing-logo.png\" style=\"width: 50px\"><br>\n\t<span>Odv\u011btv\u00ed<\/span>\n<p>\n\t\tMarketingov\u00e1 komunikace\n\t<\/p>\n<span>Produkt<\/span>\n<p>\n\t\tRealizace marketingov\u00fdch rozes\u00edlek\n\t<\/p>\n<\/div>\n<div id=\"widget-box\" class=\"operator\">\n\t<img decoding=\"async\" src=\"https:\/\/www.coopmobil.cz\/wp-content\/uploads\/2021\/04\/coop-mobil-logo.svg\"><br>\n\t<span>Odv\u011btv\u00ed<\/span>\n<p>\n\t\tTelekomunika\u010dn\u00ed oper\u00e1tor - Retail\n\t<\/p>\n<span>Produkt<\/span>\n<p>\n\t\tRealizace v\u011brnostn\u00edho programu\n\t<\/p>\n<\/div>\n\n<div id=\"widget-box\" class=\"iot\">\n\t<img decoding=\"async\" src=\"\/cze\/wp-content\/uploads\/sites\/3\/2025\/09\/iot_icon.png\" style=\"width: 50px\"><br>\n\t<span>Odv\u011btv\u00ed<\/span>\n<p>\n\t\tIoT, SIM\/eSIM management\n\t<\/p>\n<span>Produkt<\/span>\n<p>\n\t\tIoT senzory pro pr\u016fmysl, dom\u00e1cnosti\n\t<\/p>\n<\/div>\n\n<div id=\"widget-box\" class=\"truck\">\n\t<img decoding=\"async\" src=\"\/cze\/wp-content\/uploads\/sites\/3\/2025\/09\/truck_monitoring.png\" style=\"width: 50px\"><br>\n\t<span>Odv\u011btv\u00ed<\/span>\n<p>\n\t\tIoT, SIM\/eSIM management\n\t<\/p>\n<span>Produkt<\/span>\n<p>\n\t\teSIM pro monitoring vozidel \n\t<\/p>\n<\/div>\n\n<div id=\"widget-box\" class=\"drone\">\n\t<img decoding=\"async\" src=\"\/cze\/wp-content\/uploads\/sites\/3\/2025\/09\/drone_icon.png\" style=\"width: 80px\"><br>\n\t<span>Odv\u011btv\u00ed<\/span>\n<p>\n\t\t IoT, SIM\/eSIM management\n\t<\/p>\n<span>Produkt<\/span>\n<p>\n\t\t eSIM pro flotilu dron\u016f \n\t<\/p>\n<\/div>\n<\/div>\n<\/div>\n\t\t<\/div>\n\t\t\t\t<\/div>\n\t\t\t\t\t<\/div>\n\t\t<\/div>\n\t\t\t\t<div class=\"elementor-column elementor-col-50 elementor-top-column elementor-element elementor-element-2ae28c13\" data-id=\"2ae28c13\" data-element_type=\"column\">\n\t\t\t<div class=\"elementor-widget-wrap elementor-element-populated\">\n\t\t\t\t\t\t\t\t<div class=\"elementor-element elementor-element-6b2a0530 elementor-widget elementor-widget-text-editor\" data-id=\"6b2a0530\" data-element_type=\"widget\" data-widget_type=\"text-editor.default\">\n\t\t\t\t<div class=\"elementor-widget-container\">\n\t\t\t\t\t\t\t<p class=\"translation-block\">COOP Mobil cht\u011bl zp\u0159\u00edstupnit z\u00e1kazn\u00edk\u016fm novou u\u017eivatelskou zku\u0161enost. Sou\u010dasn\u011b pot\u0159eboval efektivn\u011bji odbavit opakuj\u00edc\u00ed se po\u017eadavky na z\u00e1kaznick\u00e9m centru jako jsou dotazy na \u010derp\u00e1n\u00ed mobiln\u00edch dat a mo\u017en\u00e9 dokupy datov\u00fdch bal\u00ed\u010dk\u016f, dotazy na vy\u00fa\u010dtov\u00e1n\u00ed mobiln\u00edch slu\u017eeb a dal\u0161\u00ed. Z\u00e1rove\u0148 by r\u00e1d roz\u0161\u00ed\u0159il mo\u017enosti cross-sellingu v r\u00e1mci nab\u00edzen\u00fdch slu\u017eeb.<\/p><p class=\"translation-block\">COOP Mobil d\u00edky COMVERGA RBM \u0159e\u0161en\u00ed tak z\u00edsk\u00e1v\u00e1 \u00faspory n\u00e1klad\u016f na provoz z\u00e1kaznick\u00e9ho centra, rychlej\u0161\u00ed a efektivn\u011bj\u0161\u00ed odbaven\u00ed po\u017eadavk\u016f z\u00e1kazn\u00edk\u016f a dodate\u010dn\u00e9 revenue z nav\u00fd\u0161en\u00ed prodeje slu\u017eeb v r\u00e1mci cross-sellingu.<\/p>\t\t\t\t\t\t<\/div>\n\t\t\t\t<\/div>\n\t\t\t\t\t<\/div>\n\t\t<\/div>\n\t\t\t\t\t\t\t<\/div>\n\t\t<\/section>\n\t\t\t\t<section class=\"elementor-section elementor-top-section elementor-element elementor-element-74b27a44 elementor-section-boxed elementor-section-height-default elementor-section-height-default\" data-id=\"74b27a44\" data-element_type=\"section\">\n\t\t\t\t\t\t<div class=\"elementor-container elementor-column-gap-default\">\n\t\t\t\t\t<div class=\"elementor-column elementor-col-100 elementor-top-column elementor-element elementor-element-59fbe7a2\" data-id=\"59fbe7a2\" data-element_type=\"column\">\n\t\t\t<div class=\"elementor-widget-wrap elementor-element-populated\">\n\t\t\t\t\t\t\t\t<div class=\"elementor-element elementor-element-71b99eb6 elementor-widget elementor-widget-html\" data-id=\"71b99eb6\" data-element_type=\"widget\" data-widget_type=\"html.default\">\n\t\t\t\t<div class=\"elementor-widget-container\">\n\t\t\t<div class=\"mobile-animation\">\n    <div class=\"mobile left\">\n        <div class=\"message-bubble top\">\n            <p class=\"translation-block\">Mil\u00e1 Jano, tv\u00e1 mobiln\u00ed data v r\u00e1mci tarifu jsou t\u00e9m\u011b\u0159 vy\u010derp\u00e1na.<\/p>\n        <\/div>\n        <div class=\"message-bubble bottom\">\n            <p class=\"translation-block\">Dokup si data pro tento m\u011bs\u00edc a vyu\u017e\u00edvej slu\u017eby naplno i nad\u00e1le!<\/p>\n        <\/div>\n        <img decoding=\"async\" src=\"\/wp-content\/uploads\/2023\/04\/mobile-1-en.gif\">\n    <\/div>\n    <div class=\"mobile right\">\n        <div class=\"message-bubble top\">\n            <p class=\"translation-block\">D\u011bkujeme! Datov\u00fd bal\u00ed\u010dek 1,5 GB byl pr\u00e1v\u011b aktivov\u00e1n.<\/p>\n        <\/div>\n        <div class=\"message-bubble bottom\">\n            <p class=\"translation-block\">Pokud Ti data nesta\u010d\u00ed, vyzkou\u0161ej n\u011bkter\u00fd z na\u0161ich v\u011bt\u0161\u00edch tarif\u016f.<\/p>\n        <\/div>\n        <img decoding=\"async\" src=\"\/wp-content\/uploads\/2023\/04\/mobile-2-en.gif\">\n    <\/div>\n<\/div>\t\t<\/div>\n\t\t\t\t<\/div>\n\t\t\t\t\t<\/div>\n\t\t<\/div>\n\t\t\t\t\t\t\t<\/div>\n\t\t<\/section>\n\t\t\t\t<section class=\"elementor-section elementor-top-section elementor-element elementor-element-11d31669 elementor-section-boxed elementor-section-height-default elementor-section-height-default\" data-id=\"11d31669\" data-element_type=\"section\">\n\t\t\t\t\t\t<div class=\"elementor-container elementor-column-gap-default\">\n\t\t\t\t\t<div class=\"elementor-column elementor-col-50 elementor-top-column elementor-element elementor-element-30bbb7e0\" data-id=\"30bbb7e0\" data-element_type=\"column\" data-settings=\"{&quot;background_background&quot;:&quot;classic&quot;}\">\n\t\t\t<div class=\"elementor-widget-wrap elementor-element-populated\">\n\t\t\t\t\t\t\t\t<div class=\"elementor-element elementor-element-4a89aa5b elementor-widget elementor-widget-text-editor\" data-id=\"4a89aa5b\" data-element_type=\"widget\" data-widget_type=\"text-editor.default\">\n\t\t\t\t<div class=\"elementor-widget-container\">\n\t\t\t\t\t\t\t<h3><strong>Co Partner z\u00edskal:<\/strong><\/h3>\n\n<ul>\n \t<li>Efektivn\u00ed odbaven\u00ed po\u017eadavk\u016f z\u00e1kazn\u00edk\u016f<\/li>\n \t<li>\u00daspora n\u00e1klad\u016f na z\u00e1kaznickou podporu<\/li>\n \t<li>Vy\u0161\u0161\u00ed spokojenost z\u00e1kazn\u00edk\u016f<\/li>\n \t<li>Novou interaktivn\u00ed samoobsluhu p\u0159es RCS<\/li>\n<\/ul>\n\t\t\t\t\t\t<\/div>\n\t\t\t\t<\/div>\n\t\t\t\t\t<\/div>\n\t\t<\/div>\n\t\t\t\t<div class=\"elementor-column elementor-col-50 elementor-top-column elementor-element elementor-element-40a9d233\" data-id=\"40a9d233\" data-element_type=\"column\" data-settings=\"{&quot;background_background&quot;:&quot;classic&quot;}\">\n\t\t\t<div class=\"elementor-widget-wrap elementor-element-populated\">\n\t\t\t\t\t\t\t\t<div class=\"elementor-element elementor-element-7286e7c1 elementor-widget elementor-widget-text-editor\" data-id=\"7286e7c1\" data-element_type=\"widget\" data-widget_type=\"text-editor.default\">\n\t\t\t\t<div class=\"elementor-widget-container\">\n\t\t\t\t\t\t\t<h3><strong>COMVERGA zaji\u0161\u0165uje:<\/strong><\/h3><ul><li>Efektivn\u00ed n\u00e1stroj cross-sellingu<\/li><li>Nastaven\u00ed, provoz a vyhodnocen\u00ed jednotliv\u00fdch kampan\u00ed<\/li><li>Z\u00e1kaznick\u00e1 i technick\u00e1 podpora<\/li><li>Kompletn\u00ed Business Process Outsourcing (BPO)<\/li><\/ul>\t\t\t\t\t\t<\/div>\n\t\t\t\t<\/div>\n\t\t\t\t\t<\/div>\n\t\t<\/div>\n\t\t\t\t\t\t\t<\/div>\n\t\t<\/section>\n\t\t\t\t\t\t\t<\/div>","protected":false},"excerpt":{"rendered":"<p>Z\u00e1kaznick\u00e1 podpora COOP Mobil Mobiln\u00ed oper\u00e1tor COOP Mobil poskytuje standardn\u00ed telekomunika\u010dn\u00ed slu\u017eby v\u010detn\u011b ka\u017edodenn\u00ed z\u00e1kaznick\u00e9 podpory. \u010cast\u00fdm p\u0159edm\u011btem po\u017eadavk\u016f z\u00e1kazn\u00edk\u016f b\u00fdv\u00e1 objedn\u00e1vka nov\u00e9 slu\u017eby, dotazy na vy\u00fa\u010dtov\u00e1n\u00ed, vyu\u017eit\u00ed mobiln\u00edch dat, zm\u011bny tarif\u016f apod. COOP Mobil cht\u011bl z\u00e1kazn\u00edk\u016fm poskytnout nov\u00fd u\u017eivatelsk\u00fd z\u00e1\u017eitek. Z\u00e1rove\u0148 bylo pot\u0159eba [\u2026]<\/p>","protected":false},"author":1,"featured_media":3342,"parent":3177,"menu_order":4,"comment_status":"closed","ping_status":"closed","template":"","meta":{"footnotes":""},"_links":{"self":[{"href":"https:\/\/www.comverga.com\/int\/cs\/wp-json\/wp\/v2\/pages\/3184"}],"collection":[{"href":"https:\/\/www.comverga.com\/int\/cs\/wp-json\/wp\/v2\/pages"}],"about":[{"href":"https:\/\/www.comverga.com\/int\/cs\/wp-json\/wp\/v2\/types\/page"}],"author":[{"embeddable":true,"href":"https:\/\/www.comverga.com\/int\/cs\/wp-json\/wp\/v2\/users\/1"}],"replies":[{"embeddable":true,"href":"https:\/\/www.comverga.com\/int\/cs\/wp-json\/wp\/v2\/comments?post=3184"}],"version-history":[{"count":15,"href":"https:\/\/www.comverga.com\/int\/cs\/wp-json\/wp\/v2\/pages\/3184\/revisions"}],"predecessor-version":[{"id":5793,"href":"https:\/\/www.comverga.com\/int\/cs\/wp-json\/wp\/v2\/pages\/3184\/revisions\/5793"}],"up":[{"embeddable":true,"href":"https:\/\/www.comverga.com\/int\/cs\/wp-json\/wp\/v2\/pages\/3177"}],"wp:featuredmedia":[{"embeddable":true,"href":"https:\/\/www.comverga.com\/int\/cs\/wp-json\/wp\/v2\/media\/3342"}],"wp:attachment":[{"href":"https:\/\/www.comverga.com\/int\/cs\/wp-json\/wp\/v2\/media?parent=3184"}],"curies":[{"name":"wp","href":"https:\/\/api.w.org\/{rel}","templated":true}]}}