{"id":3465,"date":"2023-06-14T08:21:11","date_gmt":"2023-06-14T06:21:11","guid":{"rendered":"https:\/\/www.comverga.com\/?page_id=3465"},"modified":"2023-12-13T11:03:00","modified_gmt":"2023-12-13T11:03:00","slug":"virtual-operator-coop-mobil","status":"publish","type":"page","link":"https:\/\/www.comverga.com\/int\/cs\/services\/connectivity-aggregation\/omnichannel\/virtual-operator-coop-mobil\/","title":{"rendered":"Virtu\u00e1ln\u00ed oper\u00e1tor COOP Mobil"},"content":{"rendered":"<div data-elementor-type=\"wp-page\" data-elementor-id=\"3465\" class=\"elementor elementor-3465\">\n\t\t\t\t\t\t\t\t\t<section class=\"elementor-section elementor-top-section elementor-element elementor-element-268fad2d elementor-section-boxed elementor-section-height-default elementor-section-height-default\" data-id=\"268fad2d\" data-element_type=\"section\">\n\t\t\t\t\t\t<div class=\"elementor-container elementor-column-gap-default\">\n\t\t\t\t\t<div class=\"elementor-column elementor-col-50 elementor-top-column elementor-element elementor-element-6e4bf808\" data-id=\"6e4bf808\" data-element_type=\"column\">\n\t\t\t<div class=\"elementor-widget-wrap elementor-element-populated\">\n\t\t\t\t\t\t\t\t<div class=\"elementor-element elementor-element-ba8af7a elementor-widget elementor-widget-text-editor\" data-id=\"ba8af7a\" data-element_type=\"widget\" data-widget_type=\"text-editor.default\">\n\t\t\t\t<div class=\"elementor-widget-container\">\n\t\t\t<style>\/*! elementor - v3.18.0 - 08-12-2023 *\/\n.elementor-widget-text-editor.elementor-drop-cap-view-stacked .elementor-drop-cap{background-color:#69727d;color:#fff}.elementor-widget-text-editor.elementor-drop-cap-view-framed .elementor-drop-cap{color:#69727d;border:3px solid;background-color:transparent}.elementor-widget-text-editor:not(.elementor-drop-cap-view-default) .elementor-drop-cap{margin-top:8px}.elementor-widget-text-editor:not(.elementor-drop-cap-view-default) .elementor-drop-cap-letter{width:1em;height:1em}.elementor-widget-text-editor .elementor-drop-cap{float:left;text-align:center;line-height:1;font-size:50px}.elementor-widget-text-editor .elementor-drop-cap-letter{display:inline-block}<\/style>\t\t\t\t<div class=\"usecase-text\"><h2 style=\"text-align: left; margin-top: 0;\">COOP Mobil<\/h2>Mobiln\u00ed oper\u00e1tor COOP Mobil odm\u011b\u0148uje z\u00e1kazn\u00edky za n\u00e1kupy v\u00a0prodejn\u00e1ch COOP. Pokud si z\u00e1kazn\u00edk p\u0159i n\u00e1kupu na pokladn\u011b na\u010dte z\u00e1kaznickou kartu a spln\u00ed podm\u00ednky programu, z\u00edsk\u00e1v\u00e1 voln\u00e9 jednotky na vol\u00e1n\u00ed nebo slevu na COOP Mobil slu\u017eby.<\/div>\t\t\t\t\t\t<\/div>\n\t\t\t\t<\/div>\n\t\t\t\t\t<\/div>\n\t\t<\/div>\n\t\t\t\t<div class=\"elementor-column elementor-col-50 elementor-top-column elementor-element elementor-element-9248771\" data-id=\"9248771\" data-element_type=\"column\">\n\t\t\t<div class=\"elementor-widget-wrap elementor-element-populated\">\n\t\t\t\t\t\t\t\t<div class=\"elementor-element elementor-element-6c269e19 elementor-widget elementor-widget-image\" data-id=\"6c269e19\" data-element_type=\"widget\" data-widget_type=\"image.default\">\n\t\t\t\t<div class=\"elementor-widget-container\">\n\t\t\t<style>\/*! elementor - v3.18.0 - 08-12-2023 *\/\n.elementor-widget-image{text-align:center}.elementor-widget-image a{display:inline-block}.elementor-widget-image a img[src$=\".svg\"]{width:48px}.elementor-widget-image img{vertical-align:middle;display:inline-block}<\/style>\t\t\t\t\t\t\t\t\t\t\t\t<img fetchpriority=\"high\" decoding=\"async\" width=\"580\" height=\"353\" src=\"https:\/\/www.comverga.com\/int\/wp-content\/uploads\/sites\/5\/2023\/04\/coopmobil-768x467.jpg\" class=\"attachment-medium_large size-medium_large wp-image-3185\" alt=\"\" srcset=\"https:\/\/www.comverga.com\/int\/wp-content\/uploads\/sites\/5\/2023\/04\/coopmobil-768x467.jpg 768w, https:\/\/www.comverga.com\/int\/wp-content\/uploads\/sites\/5\/2023\/04\/coopmobil-300x182.jpg 300w, https:\/\/www.comverga.com\/int\/wp-content\/uploads\/sites\/5\/2023\/04\/coopmobil-1024x622.jpg 1024w, https:\/\/www.comverga.com\/int\/wp-content\/uploads\/sites\/5\/2023\/04\/coopmobil-18x12.jpg 18w, https:\/\/www.comverga.com\/int\/wp-content\/uploads\/sites\/5\/2023\/04\/coopmobil-1200x729.jpg 1200w, https:\/\/www.comverga.com\/int\/wp-content\/uploads\/sites\/5\/2023\/04\/coopmobil.jpg 1318w\" sizes=\"(max-width: 580px) 100vw, 580px\" \/>\t\t\t\t\t\t\t\t\t\t\t\t\t\t\t<\/div>\n\t\t\t\t<\/div>\n\t\t\t\t\t<\/div>\n\t\t<\/div>\n\t\t\t\t\t\t\t<\/div>\n\t\t<\/section>\n\t\t\t\t<section class=\"elementor-section elementor-top-section elementor-element elementor-element-7493f792 elementor-section-boxed elementor-section-height-default elementor-section-height-default\" data-id=\"7493f792\" data-element_type=\"section\">\n\t\t\t\t\t\t<div class=\"elementor-container elementor-column-gap-default\">\n\t\t\t\t\t<div class=\"elementor-column elementor-col-50 elementor-top-column elementor-element elementor-element-1d1b1dd0\" data-id=\"1d1b1dd0\" data-element_type=\"column\">\n\t\t\t<div class=\"elementor-widget-wrap elementor-element-populated\">\n\t\t\t\t\t\t\t\t<div class=\"elementor-element elementor-element-7dcda530 elementor-widget elementor-widget-sidebar\" data-id=\"7dcda530\" data-element_type=\"widget\" data-widget_type=\"sidebar.default\">\n\t\t\t\t<div class=\"elementor-widget-container\">\n\t\t\t\n<div class=\"wp-block-columns is-layout-flex wp-container-core-columns-layout-1 wp-block-columns-is-layout-flex\">\n<div class=\"wp-block-column is-layout-flow wp-block-column-is-layout-flow\">\n<div id=\"widget-box\" class=\"caravan\">\n<img decoding=\"async\" src=\"\/wp-content\/uploads\/2023\/04\/caravan-logo.jpg\"><br>\n<span>Odv\u011btv\u00ed<\/span>\n<p class=\"translation-block\">GPS sledovac\u00ed syst\u00e9my pro vozidla, datov\u00e1 konektivita <\/p>\n<span>Produkt<\/span>\n<p class=\"translation-block\">\u0158e\u0161en\u00ed pro p\u0159\u00edstup k internetu na cest\u00e1ch <\/p>\n<\/div>\n<div id=\"widget-box\" class=\"support\">\n\t<img decoding=\"async\" src=\"https:\/\/www.coopmobil.cz\/wp-content\/uploads\/2021\/04\/coop-mobil-logo.svg\"><br>\n\t<span>Odv\u011btv\u00ed<\/span>\n<p>\n\t\tTelekomunika\u010dn\u00ed oper\u00e1tor \u2013 retail\n\t<\/p>\n<span>Produkt<\/span>\n<p>\n\t\tPr\u016fvodce z\u00e1kaznickou podporou\n\t<\/p>\n<\/div>\n<div id=\"widget-box\" class=\"smart-watch\">\n\t<img decoding=\"async\" src=\"https:\/\/www.coopmobil.cz\/wp-content\/uploads\/2021\/04\/coop-mobil-logo.svg\"><br>\n\t<span>Odv\u011btv\u00ed<\/span>\n<p>\n\t\tTelekomunika\u010dn\u00ed oper\u00e1tor \u2013 retail\n\t<\/p>\n<span>Produkt<\/span>\n<p>\n\t\tBundle chytr\u00e9 hodinky + datov\u00e1 konektivita\n\t<\/p>\n<\/div>\n<div id=\"widget-box\" class=\"camera\">\n<img decoding=\"async\" src=\"\/wp-content\/uploads\/2023\/04\/camera-logo.jpg\"><br>\n<span>Odv\u011btv\u00ed<\/span>\n<p>\n\t\tZabezpe\u010dovac\u00ed syst\u00e9my\n\t<\/p>\n<span>Produkt<\/span>\n<p>\n\t\tKamery s\u00a0on-line streamov\u00e1n\u00edm\n\t<\/p>\n<\/div>\n<div id=\"widget-box\" class=\"event\">\n\t<img decoding=\"async\" src=\"\/cze\/wp-content\/uploads\/sites\/3\/2023\/04\/event-logo.png\" style=\"width: 50px\"><br>\n\t<span>Odv\u011btv\u00ed<\/span>\n<p>\n\t\tEvent agentura\n\t<\/p>\n<span>Produkt<\/span>\n<p>\n\t\tOrganizace eventu - komunikace s \u00fa\u010dastn\u00edky\n\t<\/p>\n<\/div>\n<div id=\"widget-box\" class=\"competition\">\n\t<img decoding=\"async\" src=\"\/cze\/wp-content\/uploads\/sites\/3\/2023\/04\/competition-logo.png\" style=\"width: 50px\"><br>\n\t<span>Odv\u011btv\u00ed<\/span>\n<p>\n\t\tMaloobchod a spot\u0159ebn\u00ed zbo\u017e\u00ed\n\t<\/p>\n<span>Produkt<\/span>\n<p>\n\t\tOrganizace eventu - komunikace s \u00fa\u010dastn\u00edky\n\t<\/p>\n<\/div>\n<div id=\"widget-box\" class=\"fmcg\">\n\t<img decoding=\"async\" src=\"\/wp-content\/uploads\/2023\/06\/fmcg-logo.png\" style=\"width: 50px\"><br>\n\t<span>Odv\u011btv\u00ed<\/span>\n<p>\n\t\tFMCG<br>Fast Moving Consumer Goods\n\t<\/p>\n<span>Produkt<\/span>\n<p>\n\t\tPotraviny, n\u00e1poje, drogerie\n\t<\/p>\n<\/div>\n\n<div id=\"widget-box\" class=\"marketing\">\n\t<img decoding=\"async\" src=\"\/wp-content\/uploads\/2023\/06\/marketing-logo.png\" style=\"width: 50px\"><br>\n\t<span>Odv\u011btv\u00ed<\/span>\n<p>\n\t\tMarketingov\u00e1 komunikace\n\t<\/p>\n<span>Produkt<\/span>\n<p>\n\t\tRealizace marketingov\u00fdch rozes\u00edlek\n\t<\/p>\n<\/div>\n<div id=\"widget-box\" class=\"operator\">\n\t<img decoding=\"async\" src=\"https:\/\/www.coopmobil.cz\/wp-content\/uploads\/2021\/04\/coop-mobil-logo.svg\"><br>\n\t<span>Odv\u011btv\u00ed<\/span>\n<p>\n\t\tTelekomunika\u010dn\u00ed oper\u00e1tor - Retail\n\t<\/p>\n<span>Produkt<\/span>\n<p>\n\t\tRealizace v\u011brnostn\u00edho programu\n\t<\/p>\n<\/div>\n\n<div id=\"widget-box\" class=\"iot\">\n\t<img decoding=\"async\" src=\"\/cze\/wp-content\/uploads\/sites\/3\/2025\/09\/iot_icon.png\" style=\"width: 50px\"><br>\n\t<span>Odv\u011btv\u00ed<\/span>\n<p>\n\t\tIoT, SIM\/eSIM management\n\t<\/p>\n<span>Produkt<\/span>\n<p>\n\t\tIoT senzory pro pr\u016fmysl, dom\u00e1cnosti\n\t<\/p>\n<\/div>\n\n<div id=\"widget-box\" class=\"truck\">\n\t<img decoding=\"async\" src=\"\/cze\/wp-content\/uploads\/sites\/3\/2025\/09\/truck_monitoring.png\" style=\"width: 50px\"><br>\n\t<span>Odv\u011btv\u00ed<\/span>\n<p>\n\t\tIoT, SIM\/eSIM management\n\t<\/p>\n<span>Produkt<\/span>\n<p>\n\t\teSIM pro monitoring vozidel \n\t<\/p>\n<\/div>\n\n<div id=\"widget-box\" class=\"drone\">\n\t<img decoding=\"async\" src=\"\/cze\/wp-content\/uploads\/sites\/3\/2025\/09\/drone_icon.png\" style=\"width: 80px\"><br>\n\t<span>Odv\u011btv\u00ed<\/span>\n<p>\n\t\t IoT, SIM\/eSIM management\n\t<\/p>\n<span>Produkt<\/span>\n<p>\n\t\t eSIM pro flotilu dron\u016f \n\t<\/p>\n<\/div>\n<\/div>\n<\/div>\n\t\t<\/div>\n\t\t\t\t<\/div>\n\t\t\t\t\t<\/div>\n\t\t<\/div>\n\t\t\t\t<div class=\"elementor-column elementor-col-50 elementor-top-column elementor-element elementor-element-2ae28c13\" data-id=\"2ae28c13\" data-element_type=\"column\">\n\t\t\t<div class=\"elementor-widget-wrap elementor-element-populated\">\n\t\t\t\t\t\t\t\t<div class=\"elementor-element elementor-element-6b2a0530 elementor-widget elementor-widget-text-editor\" data-id=\"6b2a0530\" data-element_type=\"widget\" data-widget_type=\"text-editor.default\">\n\t\t\t\t<div class=\"elementor-widget-container\">\n\t\t\t\t\t\t\t<p class=\"translation-block\">COOP Mobil \u0159e\u0161il propojen\u00ed pokladn\u00edch syst\u00e9m\u016f COOP se syst\u00e9my COOP Mobil pro automatick\u00e9 vyhodnocov\u00e1n\u00ed n\u00e1rok\u016f na odm\u011bny za n\u00e1kupy, jejich aktivaci a komunikace odm\u011bny na z\u00e1kazn\u00edky.<\/p><p class=\"translation-block\">D\u00edky \u0159e\u0161en\u00ed COMVERGA Omnichannel COOP Mobil z\u00edskal pln\u011b automatizovan\u00fd proces pro spr\u00e1vu, vyhodnocov\u00e1n\u00ed a komunikaci sv\u00e9ho v\u011brnostn\u00edho programu \u2013 Bonus program, kter\u00fd umo\u017enil pln\u011b automatick\u00e9 p\u0159id\u011blovan\u00ed jednotliv\u00fdch odm\u011bn a bonus\u016f koncov\u00fdm u\u017eivatel\u016fm.<\/p>\t\t\t\t\t\t<\/div>\n\t\t\t\t<\/div>\n\t\t\t\t\t<\/div>\n\t\t<\/div>\n\t\t\t\t\t\t\t<\/div>\n\t\t<\/section>\n\t\t\t\t<section class=\"elementor-section elementor-top-section elementor-element elementor-element-11d31669 elementor-section-boxed elementor-section-height-default elementor-section-height-default\" data-id=\"11d31669\" data-element_type=\"section\">\n\t\t\t\t\t\t<div class=\"elementor-container elementor-column-gap-default\">\n\t\t\t\t\t<div class=\"elementor-column elementor-col-50 elementor-top-column elementor-element elementor-element-30bbb7e0\" data-id=\"30bbb7e0\" data-element_type=\"column\" data-settings=\"{&quot;background_background&quot;:&quot;classic&quot;}\">\n\t\t\t<div class=\"elementor-widget-wrap elementor-element-populated\">\n\t\t\t\t\t\t\t\t<div class=\"elementor-element elementor-element-4a89aa5b elementor-widget elementor-widget-text-editor\" data-id=\"4a89aa5b\" data-element_type=\"widget\" data-widget_type=\"text-editor.default\">\n\t\t\t\t<div class=\"elementor-widget-container\">\n\t\t\t\t\t\t\t<h3><strong>Co Partner z\u00edskal:<\/strong><\/h3><ul><li>Pln\u011b automatizovan\u00fd BONUS program<\/li><li>Efektivn\u00ed komunikace se z\u00e1kazn\u00edky<\/li><li>Prost\u0159ed\u00ed na podporu z\u00e1kaznick\u00e9 b\u00e1ze<\/li><li>Obousm\u011brn\u00e1 komunikace se z\u00e1kazn\u00edky<\/li><\/ul>\t\t\t\t\t\t<\/div>\n\t\t\t\t<\/div>\n\t\t\t\t\t<\/div>\n\t\t<\/div>\n\t\t\t\t<div class=\"elementor-column elementor-col-50 elementor-top-column elementor-element elementor-element-40a9d233\" data-id=\"40a9d233\" data-element_type=\"column\" data-settings=\"{&quot;background_background&quot;:&quot;classic&quot;}\">\n\t\t\t<div class=\"elementor-widget-wrap elementor-element-populated\">\n\t\t\t\t\t\t\t\t<div class=\"elementor-element elementor-element-7286e7c1 elementor-widget elementor-widget-text-editor\" data-id=\"7286e7c1\" data-element_type=\"widget\" data-widget_type=\"text-editor.default\">\n\t\t\t\t<div class=\"elementor-widget-container\">\n\t\t\t\t\t\t\t<h3><strong>COMVERGA zaji\u0161\u0165uje:<\/strong><\/h3><ul><li>Integrace s pokladn\u00edmi syst\u00e9my COOP<\/li><li>Kompletn\u00ed logika ov\u011b\u0159ov\u00e1n\u00ed n\u00e1roku na odm\u011bnu<\/li><li>Automatizovan\u00e9 p\u0159id\u011blov\u00e1n\u00ed odm\u011bn<\/li><li>Komunikace se z\u00e1kazn\u00edkem zvolen\u00fdm kan\u00e1lem<\/li><\/ul>\t\t\t\t\t\t<\/div>\n\t\t\t\t<\/div>\n\t\t\t\t\t<\/div>\n\t\t<\/div>\n\t\t\t\t\t\t\t<\/div>\n\t\t<\/section>\n\t\t\t\t\t\t\t<\/div>","protected":false},"excerpt":{"rendered":"<p>COOP Mobil Mobiln\u00ed oper\u00e1tor COOP Mobil odm\u011b\u0148uje z\u00e1kazn\u00edky za n\u00e1kupy v prodejn\u00e1ch COOP. Pokud si z\u00e1kazn\u00edk nahraje svou z\u00e1kaznickou kartu na pokladn\u011b a spln\u00ed podm\u00ednky programu, z\u00edsk\u00e1 voln\u00e9 jednotky na vol\u00e1n\u00ed nebo slevu na slu\u017eby COOP Mobil. COOP Mobil vy\u0159e\u0161il propojen\u00ed COOP POS syst\u00e9m\u016f s COOP [\u2026]<\/p>","protected":false},"author":1,"featured_media":3442,"parent":3441,"menu_order":4,"comment_status":"closed","ping_status":"closed","template":"","meta":{"footnotes":""},"_links":{"self":[{"href":"https:\/\/www.comverga.com\/int\/cs\/wp-json\/wp\/v2\/pages\/3465"}],"collection":[{"href":"https:\/\/www.comverga.com\/int\/cs\/wp-json\/wp\/v2\/pages"}],"about":[{"href":"https:\/\/www.comverga.com\/int\/cs\/wp-json\/wp\/v2\/types\/page"}],"author":[{"embeddable":true,"href":"https:\/\/www.comverga.com\/int\/cs\/wp-json\/wp\/v2\/users\/1"}],"replies":[{"embeddable":true,"href":"https:\/\/www.comverga.com\/int\/cs\/wp-json\/wp\/v2\/comments?post=3465"}],"version-history":[{"count":12,"href":"https:\/\/www.comverga.com\/int\/cs\/wp-json\/wp\/v2\/pages\/3465\/revisions"}],"predecessor-version":[{"id":5805,"href":"https:\/\/www.comverga.com\/int\/cs\/wp-json\/wp\/v2\/pages\/3465\/revisions\/5805"}],"up":[{"embeddable":true,"href":"https:\/\/www.comverga.com\/int\/cs\/wp-json\/wp\/v2\/pages\/3441"}],"wp:featuredmedia":[{"embeddable":true,"href":"https:\/\/www.comverga.com\/int\/cs\/wp-json\/wp\/v2\/media\/3442"}],"wp:attachment":[{"href":"https:\/\/www.comverga.com\/int\/cs\/wp-json\/wp\/v2\/media?parent=3465"}],"curies":[{"name":"wp","href":"https:\/\/api.w.org\/{rel}","templated":true}]}}