{"id":362,"date":"2020-11-25T15:20:02","date_gmt":"2020-11-25T14:20:02","guid":{"rendered":"https:\/\/www.comverga.com\/?page_id=362"},"modified":"2025-03-19T08:56:12","modified_gmt":"2025-03-19T08:56:12","slug":"contact","status":"publish","type":"page","link":"https:\/\/www.comverga.com\/int\/cs\/contact\/","title":{"rendered":"Kontakt"},"content":{"rendered":"<div data-elementor-type=\"wp-page\" data-elementor-id=\"362\" class=\"elementor elementor-362\">\n\t\t\t\t\t\t\t\t\t<section class=\"elementor-section elementor-top-section elementor-element elementor-element-4e4522c elementor-section-boxed elementor-section-height-default elementor-section-height-default\" data-id=\"4e4522c\" data-element_type=\"section\">\n\t\t\t\t\t\t<div class=\"elementor-container elementor-column-gap-default\">\n\t\t\t\t\t<div class=\"elementor-column elementor-col-100 elementor-top-column elementor-element elementor-element-7b7ca293\" data-id=\"7b7ca293\" data-element_type=\"column\">\n\t\t\t<div class=\"elementor-widget-wrap elementor-element-populated\">\n\t\t\t\t\t\t\t\t<div class=\"elementor-element elementor-element-3b36dc5c elementor-widget elementor-widget-text-editor\" data-id=\"3b36dc5c\" data-element_type=\"widget\" data-widget_type=\"text-editor.default\">\n\t\t\t\t<div class=\"elementor-widget-container\">\n\t\t\t<style>\/*! elementor - v3.18.0 - 08-12-2023 *\/\n.elementor-widget-text-editor.elementor-drop-cap-view-stacked .elementor-drop-cap{background-color:#69727d;color:#fff}.elementor-widget-text-editor.elementor-drop-cap-view-framed .elementor-drop-cap{color:#69727d;border:3px solid;background-color:transparent}.elementor-widget-text-editor:not(.elementor-drop-cap-view-default) .elementor-drop-cap{margin-top:8px}.elementor-widget-text-editor:not(.elementor-drop-cap-view-default) .elementor-drop-cap-letter{width:1em;height:1em}.elementor-widget-text-editor .elementor-drop-cap{float:left;text-align:center;line-height:1;font-size:50px}.elementor-widget-text-editor .elementor-drop-cap-letter{display:inline-block}<\/style>\t\t\t\t<!-- wp:columns -->\n<div class=\"wp-block-columns\"><!-- wp:column -->\n<div class=\"wp-block-column\" style=\"margin-right: 6px;\"><!-- wp:image {\"id\":520,\"sizeSlug\":\"full\"} -->\n<figure class=\"wp-block-image size-full\"><img decoding=\"async\" class=\"wp-image-510\" style=\"width: 305px;\" src=\"https:\/\/www.comverga.com\/wp-content\/uploads\/2020\/11\/prag.jpg\" alt=\"\" \/><\/figure>\n<!-- \/wp:image --><!-- wp:paragraph -->\n<p><strong>\u010cESK\u00c1 REPUBLIKA<br \/><\/strong><\/p>\n<div class=\"country-seperate-line\">\u00a0<\/div>\n<p><strong><br \/>COMVERGA a.s.<\/strong><br \/>+420 234 493 141<br \/>info@comverga.com<\/p>\n<!-- \/wp:paragraph --><!-- wp:paragraph -->\n<p><strong>PRAHA<\/strong><br \/>Starokol\u00ednsk\u00e1 306<br \/>190 16 Praha 9 \u2013 \u00dajezd nad Lesy<\/p>\n<!-- \/wp:paragraph --><!-- wp:paragraph --><!-- \/wp:paragraph --><!-- wp:paragraph -->\n<p><strong>HRADEC KR\u00c1LOV\u00c9<\/strong><br \/>T\u0159. Karla IV. 468<br \/>500 02 Hradec Kr\u00e1lov\u00e9<\/p>\n<!-- \/wp:paragraph --><!-- wp:paragraph -->\n<p><strong>TRUTNOV<\/strong><br \/>Hradebn\u00ed 12<br \/>541 01 Trutnov<\/p>\n<!-- \/wp:paragraph --><!-- wp:paragraph -->\n<p>I\u010c: 25949098<br \/>Datov\u00e1 schr\u00e1nka: jpgevyr<br \/>DUNS: 495006301<\/p>\n<!-- \/wp:paragraph --><\/div>\n<!-- \/wp:column --><!-- wp:column -->\n<div class=\"wp-block-column\" style=\"margin-right: 6px;\"><!-- wp:image {\"id\":522,\"sizeSlug\":\"full\"} -->\n<figure class=\"wp-block-image size-full\"><img fetchpriority=\"high\" decoding=\"async\" width=\"305\" height=\"181\" class=\"wp-image-522\" src=\"https:\/\/www.comverga.com\/wp-content\/uploads\/2020\/11\/warszawa-e1606722911282.jpg\" alt=\"\" srcset=\"https:\/\/www.comverga.com\/int\/wp-content\/uploads\/sites\/5\/2020\/11\/warszawa-e1606722911282.jpg 305w, https:\/\/www.comverga.com\/int\/wp-content\/uploads\/sites\/5\/2020\/11\/warszawa-e1606722911282-300x178.jpg 300w, https:\/\/www.comverga.com\/int\/wp-content\/uploads\/sites\/5\/2020\/11\/warszawa-e1606722911282-18x12.jpg 18w\" sizes=\"(max-width: 305px) 100vw, 305px\" \/><\/figure>\n<!-- \/wp:image --><!-- wp:paragraph -->\n<p><strong>POLSKO<br \/><\/strong><\/p>\n<div class=\"country-seperate-line\">\u00a0<\/div>\n<p><strong><br \/>COMVERGA Sp. z\u00a0o. o.<\/strong><br \/>+48 22 843 49 19<br \/>biuro@comverga.com<\/p>\n<!-- \/wp:paragraph --><!-- wp:paragraph -->\n<p><strong>VAR\u0160AVA<\/strong><br \/>ul. Wita Stwosza 28 A<br \/>02-661 Var\u0161ava<\/p>\n<!-- \/wp:paragraph --><\/div>\n<!-- \/wp:column --><!-- wp:column -->\n<div class=\"wp-block-column\"><!-- wp:image {\"id\":1026,\"sizeSlug\":\"large\",\"linkDestination\":\"none\"} -->\n<figure class=\"wp-block-image size-large\"><img decoding=\"async\" width=\"305\" height=\"181\" class=\"wp-image-1026\" src=\"https:\/\/www.comverga.com\/wp-content\/uploads\/2021\/01\/berlin-1.jpg\" alt=\"\" srcset=\"https:\/\/www.comverga.com\/int\/wp-content\/uploads\/sites\/5\/2021\/01\/berlin-1.jpg 305w, https:\/\/www.comverga.com\/int\/wp-content\/uploads\/sites\/5\/2021\/01\/berlin-1-300x178.jpg 300w, https:\/\/www.comverga.com\/int\/wp-content\/uploads\/sites\/5\/2021\/01\/berlin-1-18x12.jpg 18w\" sizes=\"(max-width: 305px) 100vw, 305px\" \/><\/figure>\n<!-- \/wp:image --><!-- wp:paragraph -->\n<p><strong>N\u011aMECKO<br \/><\/strong><\/p>\n<div class=\"country-seperate-line\">\u00a0<\/div>\n<p><strong><br \/>COMVERGA GmbH<\/strong><br \/>+49 30 568373713<br \/>info@comverga.com<\/p>\n<!-- \/wp:paragraph --><!-- wp:paragraph -->\n<p><strong>BERL\u00cdN<\/strong><br \/>Potsdamer Platz 10<br \/>10785 Berl\u00edn<\/p>\n<!-- \/wp:paragraph --><\/div>\n<!-- \/wp:column --><\/div>\n<!-- \/wp:columns --><!-- wp:paragraph -->\n<p>\u00a0<\/p>\n<!-- \/wp:paragraph -->\t\t\t\t\t\t<\/div>\n\t\t\t\t<\/div>\n\t\t\t\t\t<\/div>\n\t\t<\/div>\n\t\t\t\t\t\t\t<\/div>\n\t\t<\/section>\n\t\t\t\t\t\t\t<\/div>","protected":false},"excerpt":{"rendered":"<p>CZECH REPUBLIC \u00a0 COMVERGA a.s.+420 234 493 141info@comverga.com PRAGUEStarokol\u00ednsk\u00e1 306190 16 Praha 9 \u2013 \u00dajezd nad Lesy HRADEC KR\u00c1LOV\u00c9T\u0159. Karla IV. 468500 02 Hradec Kr\u00e1lov\u00e9 TRUTNOVHradebn\u00ed 12541 01 Trutnov I\u010c: 25949098Data Box: jpgevyrD-U-N-S: 495006301 POLAND \u00a0 COMVERGA Sp. z\u00a0o. o.+48 22 843 49 19biuro@comverga.com WARSAWul. Wita Stwosza 28 A02-661 Warsaw GERMANY \u00a0 COMVERGA GmbH+49 30 [&hellip;]<\/p>","protected":false},"author":1,"featured_media":139,"parent":0,"menu_order":0,"comment_status":"closed","ping_status":"closed","template":"","meta":{"footnotes":""},"_links":{"self":[{"href":"https:\/\/www.comverga.com\/int\/cs\/wp-json\/wp\/v2\/pages\/362"}],"collection":[{"href":"https:\/\/www.comverga.com\/int\/cs\/wp-json\/wp\/v2\/pages"}],"about":[{"href":"https:\/\/www.comverga.com\/int\/cs\/wp-json\/wp\/v2\/types\/page"}],"author":[{"embeddable":true,"href":"https:\/\/www.comverga.com\/int\/cs\/wp-json\/wp\/v2\/users\/1"}],"replies":[{"embeddable":true,"href":"https:\/\/www.comverga.com\/int\/cs\/wp-json\/wp\/v2\/comments?post=362"}],"version-history":[{"count":9,"href":"https:\/\/www.comverga.com\/int\/cs\/wp-json\/wp\/v2\/pages\/362\/revisions"}],"predecessor-version":[{"id":6183,"href":"https:\/\/www.comverga.com\/int\/cs\/wp-json\/wp\/v2\/pages\/362\/revisions\/6183"}],"wp:featuredmedia":[{"embeddable":true,"href":"https:\/\/www.comverga.com\/int\/cs\/wp-json\/wp\/v2\/media\/139"}],"wp:attachment":[{"href":"https:\/\/www.comverga.com\/int\/cs\/wp-json\/wp\/v2\/media?parent=362"}],"curies":[{"name":"wp","href":"https:\/\/api.w.org\/{rel}","templated":true}]}}