{"id":488,"date":"2020-11-26T12:24:07","date_gmt":"2020-11-26T11:24:07","guid":{"rendered":"https:\/\/www.comverga.com\/?page_id=488"},"modified":"2026-02-26T10:11:30","modified_gmt":"2026-02-26T10:11:30","slug":"sms-services","status":"publish","type":"page","link":"https:\/\/www.comverga.com\/int\/cs\/services\/connectivity-aggregation\/sms-services\/","title":{"rendered":"SMS slu\u017eby"},"content":{"rendered":"<div data-elementor-type=\"wp-page\" data-elementor-id=\"488\" class=\"elementor elementor-488\">\n\t\t\t\t\t\t\t\t\t<section class=\"elementor-section elementor-top-section elementor-element elementor-element-122861ff elementor-section-boxed elementor-section-height-default elementor-section-height-default\" data-id=\"122861ff\" data-element_type=\"section\">\n\t\t\t\t\t\t<div class=\"elementor-container elementor-column-gap-default\">\n\t\t\t\t\t<div class=\"elementor-column elementor-col-100 elementor-top-column elementor-element elementor-element-196f90f0\" data-id=\"196f90f0\" data-element_type=\"column\">\n\t\t\t<div class=\"elementor-widget-wrap elementor-element-populated\">\n\t\t\t\t\t\t\t\t<div class=\"elementor-element elementor-element-220a2d6c elementor-widget elementor-widget-text-editor\" data-id=\"220a2d6c\" data-element_type=\"widget\" data-widget_type=\"text-editor.default\">\n\t\t\t\t<div class=\"elementor-widget-container\">\n\t\t\t<style>\/*! elementor - v3.18.0 - 08-12-2023 *\/\n.elementor-widget-text-editor.elementor-drop-cap-view-stacked .elementor-drop-cap{background-color:#69727d;color:#fff}.elementor-widget-text-editor.elementor-drop-cap-view-framed .elementor-drop-cap{color:#69727d;border:3px solid;background-color:transparent}.elementor-widget-text-editor:not(.elementor-drop-cap-view-default) .elementor-drop-cap{margin-top:8px}.elementor-widget-text-editor:not(.elementor-drop-cap-view-default) .elementor-drop-cap-letter{width:1em;height:1em}.elementor-widget-text-editor .elementor-drop-cap{float:left;text-align:center;line-height:1;font-size:50px}.elementor-widget-text-editor .elementor-drop-cap-letter{display:inline-block}<\/style>\t\t\t\t<!-- wp:paragraph -->\n<p>Na b\u00e1zi SMS je postavena cel\u00e1 \u0159ada specifick\u00fdch aplikac\u00ed, vyu\u017e\u00edvaj\u00edc\u00edch p\u0159edev\u0161\u00edm rychlou, neru\u0161ivou a obousm\u011brnou komunikaci, jako nap\u0159. p\u0159\u00edjem a zpracov\u00e1n\u00ed objedn\u00e1vek, pr\u016fzkumy spokojenosti z\u00e1kazn\u00edk\u016f, notifika\u010dn\u00ed slu\u017eby, vstupenky, j\u00edzdenky, parkovac\u00ed l\u00edstky, elektronick\u00e9 recepty, hesla a mnoho dal\u0161\u00edch.<\/p>\n<p>Zdrojem dat pro komunikaci se z\u00e1kazn\u00edky, partnery \u010di klienty jsou v\u011bt\u0161inou firemn\u00ed syst\u00e9my, a\u0165 ji\u017e obchodn\u00ed, marketingov\u00e9 nebo provozn\u00ed. Z t\u011bchto syst\u00e9m\u016f se synchronn\u011b nebo asynchronn\u011b generuj\u00ed data pro z\u00e1kaznickou komunikaci, kter\u00e1 se n\u00e1sledn\u011b zpracov\u00e1vaj\u00ed a odes\u00edlaj\u00ed prost\u0159ednictv\u00edm r\u016fzn\u00fdch aplika\u010dn\u00edch rozhran\u00ed a protokol\u016f. V\u00a0n\u011bkter\u00fdch p\u0159\u00edpadech je v\u00fdhodn\u00e9 pou\u017e\u00edvat grafick\u00e9 u\u017eivatelsk\u00e9 rozhran\u00ed, kter\u00e9 umo\u017e\u0148uje p\u0159\u00edv\u011btivou pr\u00e1ci s\u00a0daty, jednotliv\u00fdmi rozes\u00edlkami a reakcemi z\u00e1kazn\u00edk\u016f. Sou\u010dasn\u011b je d\u016fle\u017eit\u00e9 zajistit v\u0161echny pot\u0159ebn\u00e9 procesy pro ochranu osobn\u00edch \u00fadaj\u016f a ochranu proti zneu\u017eit\u00ed (spamu, podvod\u016fm apod). SMS br\u00e1na zaji\u0161\u0165uje krom\u011b v\u00fd\u0161e uveden\u00fdch funk\u010dnost\u00ed tak\u00e9 administraci jednotliv\u00fdch u\u017eivatel\u016f br\u00e1ny, statistiky provozu a mnoho dal\u0161\u00edch funkc\u00ed.<\/p>\n<!-- \/wp:paragraph -->\t\t\t\t\t\t<\/div>\n\t\t\t\t<\/div>\n\t\t\t\t\t<\/div>\n\t\t<\/div>\n\t\t\t\t\t\t\t<\/div>\n\t\t<\/section>\n\t\t\t\t\t\t\t<\/div>","protected":false},"excerpt":{"rendered":"<p>Based on SMS, a number of specific applications are built, using mainly fast, non-disturbing and two-way communication, such as receiving and processing orders, customer satisfaction surveys, notification services, ticketing, electronic recipes, passwords and much more. The source of data for communication with customers, partners or clients are mostly corporate systems, whether business, marketing or operational. [&hellip;]<\/p>","protected":false},"author":1,"featured_media":228,"parent":155,"menu_order":4,"comment_status":"closed","ping_status":"closed","template":"","meta":{"footnotes":""},"_links":{"self":[{"href":"https:\/\/www.comverga.com\/int\/cs\/wp-json\/wp\/v2\/pages\/488"}],"collection":[{"href":"https:\/\/www.comverga.com\/int\/cs\/wp-json\/wp\/v2\/pages"}],"about":[{"href":"https:\/\/www.comverga.com\/int\/cs\/wp-json\/wp\/v2\/types\/page"}],"author":[{"embeddable":true,"href":"https:\/\/www.comverga.com\/int\/cs\/wp-json\/wp\/v2\/users\/1"}],"replies":[{"embeddable":true,"href":"https:\/\/www.comverga.com\/int\/cs\/wp-json\/wp\/v2\/comments?post=488"}],"version-history":[{"count":3,"href":"https:\/\/www.comverga.com\/int\/cs\/wp-json\/wp\/v2\/pages\/488\/revisions"}],"predecessor-version":[{"id":6388,"href":"https:\/\/www.comverga.com\/int\/cs\/wp-json\/wp\/v2\/pages\/488\/revisions\/6388"}],"up":[{"embeddable":true,"href":"https:\/\/www.comverga.com\/int\/cs\/wp-json\/wp\/v2\/pages\/155"}],"wp:featuredmedia":[{"embeddable":true,"href":"https:\/\/www.comverga.com\/int\/cs\/wp-json\/wp\/v2\/media\/228"}],"wp:attachment":[{"href":"https:\/\/www.comverga.com\/int\/cs\/wp-json\/wp\/v2\/media?parent=488"}],"curies":[{"name":"wp","href":"https:\/\/api.w.org\/{rel}","templated":true}]}}