{"id":2806,"date":"2023-04-05T09:03:32","date_gmt":"2023-04-05T07:03:32","guid":{"rendered":"https:\/\/www.comverga.com\/?page_id=2806"},"modified":"2024-01-05T09:20:28","modified_gmt":"2024-01-05T09:20:28","slug":"news","status":"publish","type":"page","link":"https:\/\/www.comverga.com\/int\/de\/news\/","title":{"rendered":"Neues"},"content":{"rendered":"<div data-elementor-type=\"wp-page\" data-elementor-id=\"2806\" class=\"elementor elementor-2806\">\n\t\t\t\t\t\t\t\t\t<section class=\"elementor-section elementor-top-section elementor-element elementor-element-66799f31 elementor-section-boxed elementor-section-height-default elementor-section-height-default\" data-id=\"66799f31\" data-element_type=\"section\">\n\t\t\t\t\t\t<div class=\"elementor-container elementor-column-gap-default\">\n\t\t\t\t\t<div class=\"elementor-column elementor-col-100 elementor-top-column elementor-element elementor-element-5f840b91\" data-id=\"5f840b91\" data-element_type=\"column\">\n\t\t\t<div class=\"elementor-widget-wrap elementor-element-populated\">\n\t\t\t\t\t\t\t\t<div class=\"elementor-element elementor-element-12e7b8a1 premium-blog-cta-full-yes premium-blog-align-justify elementor-widget elementor-widget-premium-addon-blog\" data-id=\"12e7b8a1\" data-element_type=\"widget\" data-settings=\"{&quot;scroll_to_offset&quot;:&quot;yes&quot;}\" data-widget_type=\"premium-addon-blog.default\">\n\t\t\t\t<div class=\"elementor-widget-container\">\n\t\t\t\r\n\t\t\t\t<div class=\"premium-blog-wrap  premium-blog-list\" data-page=\"2806\" data-pagination=\"true\">\r\n\t\t\t\t\t<article class=\"premium-blog-post-outer-container\" data-total=\"5\">\r\n\t\t\t<div class=\"premium-blog-post-container premium-blog-skin-classic\">\r\n\t\t\t\t\t\t\t\t\t\t\t\t<div class=\"premium-blog-content-wrapper empty-thumb\">\r\n\r\n\t\t\t\t\t<div class=\"premium-blog-inner-container\">\r\n\r\n\t\t\t\t\t\t\t\t\t\t\t\t\t\t<h2 class=\"premium-blog-entry-title\">\r\n\t\t\t<a href=\"https:\/\/www.comverga.com\/int\/de\/comverga-25-years\/\" target=\"_blank\">\r\n\t\t\t\tCOMVERGA 25 Jahre\t\t\t<\/a>\r\n\t\t<\/h2>\r\n\t\t\t\t<div class=\"premium-blog-entry-meta\">\r\n\t\t\t\r\n\t\t\t\t\t\t\t<span class=\"premium-blog-meta-separator\">\u2022<\/span>\r\n\t\t\t\t<div class=\"premium-blog-post-time premium-blog-meta-data\">\r\n\t\t\t\t\t<i class=\"fa fa-calendar-alt\" aria-hidden=\"true\"><\/i>\r\n\t\t\t\t\t<span>Februar 8, 2026<\/span>\r\n\t\t\t\t<\/div>\r\n\t\t\t\r\n\t\t\t\r\n\t\t\t\t\t<\/div>\r\n\t\t\r\n\t\t\t\t\t<\/div>\r\n\r\n\t\t\t\t\t\t\t<div class=\"premium-blog-content-inner-wrapper\">\r\n\t\t<p class=\"premium-blog-post-content\">In diesem Jahr feiert COMVERGA sein 25-j\u00e4hriges Bestehen. F\u00fcr uns ist dies mehr als nur ein Jubil\u00e4um \u2013 es ist eine W\u00fcrdigung eines Vierteljahrhunderts voller Innovation, Wachstum und gemeinsamer Erfolge.<\/p><div class=\"premium-blog-excerpt-link-wrap\"><a href=\"https:\/\/www.comverga.com\/int\/de\/comverga-25-years\/\" target=\"_blank\" class=\"premium-blog-excerpt-link elementor-button\">Mehr<\/a><\/div>\t\t<\/div>\r\n\t\t\t\t\t\t\t\t\t\t\t\t\t<div class=\"premium-blog-post-tags-container\">\r\n\t\t\t\t\t\t\t\t<i class=\"fa fa-tags fa-fw\" aria-hidden=\"true\"><\/i>\r\n\t\t\t\t\t\t\t\t <a href=\"https:\/\/www.comverga.com\/int\/de\/tag\/prague\/\" rel=\"tag\">Prag<\/a>\t\t\t\t\t\t<\/div>\r\n\t\t\t\t\t\r\n\t\t\t\t<\/div>\r\n\t\t\t<\/div>\r\n\t\t<\/article>\r\n\r\n\t\t\t\t<article class=\"premium-blog-post-outer-container\" data-total=\"5\">\r\n\t\t\t<div class=\"premium-blog-post-container premium-blog-skin-classic\">\r\n\t\t\t\t\t\t\t\t\t\t\t\t<div class=\"premium-blog-content-wrapper empty-thumb\">\r\n\r\n\t\t\t\t\t<div class=\"premium-blog-inner-container\">\r\n\r\n\t\t\t\t\t\t\t\t\t\t\t\t\t\t<h2 class=\"premium-blog-entry-title\">\r\n\t\t\t<a href=\"https:\/\/www.comverga.com\/int\/de\/gammaverse-2026\/\" target=\"_blank\">\r\n\t\t\t\tGammaverse 2026\t\t\t<\/a>\r\n\t\t<\/h2>\r\n\t\t\t\t<div class=\"premium-blog-entry-meta\">\r\n\t\t\t\r\n\t\t\t\t\t\t\t<span class=\"premium-blog-meta-separator\">\u2022<\/span>\r\n\t\t\t\t<div class=\"premium-blog-post-time premium-blog-meta-data\">\r\n\t\t\t\t\t<i class=\"fa fa-calendar-alt\" aria-hidden=\"true\"><\/i>\r\n\t\t\t\t\t<span>Januar 26, 2026<\/span>\r\n\t\t\t\t<\/div>\r\n\t\t\t\r\n\t\t\t\r\n\t\t\t\t\t<\/div>\r\n\t\t\r\n\t\t\t\t\t<\/div>\r\n\r\n\t\t\t\t\t\t\t<div class=\"premium-blog-content-inner-wrapper\">\r\n\t\t<p class=\"premium-blog-post-content\">Wir hatten die Ehre, an der Konferenz Gammaverse 2026 in Hof teilzunehmen, und die Erfahrung war wirklich inspirierend.<\/p><div class=\"premium-blog-excerpt-link-wrap\"><a href=\"https:\/\/www.comverga.com\/int\/de\/gammaverse-2026\/\" target=\"_blank\" class=\"premium-blog-excerpt-link elementor-button\">Mehr<\/a><\/div>\t\t<\/div>\r\n\t\t\t\t\t\t\t\t\t\t\t\t\t<div class=\"premium-blog-post-tags-container\">\r\n\t\t\t\t\t\t\t\t<i class=\"fa fa-tags fa-fw\" aria-hidden=\"true\"><\/i>\r\n\t\t\t\t\t\t\t\t <a href=\"https:\/\/www.comverga.com\/int\/de\/tag\/hof-germany\/\" rel=\"tag\">HOF, Deutschland<\/a>\t\t\t\t\t\t<\/div>\r\n\t\t\t\t\t\r\n\t\t\t\t<\/div>\r\n\t\t\t<\/div>\r\n\t\t<\/article>\r\n\r\n\t\t\t\t<article class=\"premium-blog-post-outer-container\" data-total=\"5\">\r\n\t\t\t<div class=\"premium-blog-post-container premium-blog-skin-classic\">\r\n\t\t\t\t\t\t\t\t\t\t\t\t<div class=\"premium-blog-content-wrapper empty-thumb\">\r\n\r\n\t\t\t\t\t<div class=\"premium-blog-inner-container\">\r\n\r\n\t\t\t\t\t\t\t\t\t\t\t\t\t\t<h2 class=\"premium-blog-entry-title\">\r\n\t\t\t<a href=\"https:\/\/www.comverga.com\/int\/de\/comverga-and-esim-management\/\" target=\"_blank\">\r\n\t\t\t\tCOMVERGA und eSIM-Management\t\t\t<\/a>\r\n\t\t<\/h2>\r\n\t\t\t\t<div class=\"premium-blog-entry-meta\">\r\n\t\t\t\r\n\t\t\t\t\t\t\t<span class=\"premium-blog-meta-separator\">\u2022<\/span>\r\n\t\t\t\t<div class=\"premium-blog-post-time premium-blog-meta-data\">\r\n\t\t\t\t\t<i class=\"fa fa-calendar-alt\" aria-hidden=\"true\"><\/i>\r\n\t\t\t\t\t<span>Oktober 1, 2025<\/span>\r\n\t\t\t\t<\/div>\r\n\t\t\t\r\n\t\t\t\r\n\t\t\t\t\t<\/div>\r\n\t\t\r\n\t\t\t\t\t<\/div>\r\n\r\n\t\t\t\t\t\t\t<div class=\"premium-blog-content-inner-wrapper\">\r\n\t\t<p class=\"premium-blog-post-content\">COMVERGA bietet eine zentrale eSIM-Plattform, die eine umfassende und flexible Verwaltung der Verbindungen aller Ger\u00e4te von \u00fcberall auf der Welt erm\u00f6glicht. Sie bietet eine Komplettl\u00f6sung einschlie\u00dflich einer White-Label-Plattform, die die Gesch\u00e4ftssteuerung und die Integration in Unternehmensprozesse erleichtert.<\/p><div class=\"premium-blog-excerpt-link-wrap\"><a href=\"https:\/\/www.comverga.com\/int\/de\/comverga-and-esim-management\/\" target=\"_blank\" class=\"premium-blog-excerpt-link elementor-button\">Mehr<\/a><\/div>\t\t<\/div>\r\n\t\t\t\t\t\t\t\t\t\t\t\t\t<div class=\"premium-blog-post-tags-container\">\r\n\t\t\t\t\t\t\t\t<i class=\"fa fa-tags fa-fw\" aria-hidden=\"true\"><\/i>\r\n\t\t\t\t\t\t\t\t <a href=\"https:\/\/www.comverga.com\/int\/de\/tag\/czech-republic\/\" rel=\"tag\">Tschechien<\/a>\t\t\t\t\t\t<\/div>\r\n\t\t\t\t\t\r\n\t\t\t\t<\/div>\r\n\t\t\t<\/div>\r\n\t\t<\/article>\r\n\r\n\t\t\t\t<article class=\"premium-blog-post-outer-container\" data-total=\"5\">\r\n\t\t\t<div class=\"premium-blog-post-container premium-blog-skin-classic\">\r\n\t\t\t\t\t\t\t\t\t\t\t\t<div class=\"premium-blog-content-wrapper empty-thumb\">\r\n\r\n\t\t\t\t\t<div class=\"premium-blog-inner-container\">\r\n\r\n\t\t\t\t\t\t\t\t\t\t\t\t\t\t<h2 class=\"premium-blog-entry-title\">\r\n\t\t\t<a href=\"https:\/\/www.comverga.com\/int\/de\/comverga-at-mwc-2025-in-barcelona\/\" target=\"_blank\">\r\n\t\t\t\tCOMVERGA auf dem MWC 2025 in Barcelona\t\t\t<\/a>\r\n\t\t<\/h2>\r\n\t\t\t\t<div class=\"premium-blog-entry-meta\">\r\n\t\t\t\r\n\t\t\t\t\t\t\t<span class=\"premium-blog-meta-separator\">\u2022<\/span>\r\n\t\t\t\t<div class=\"premium-blog-post-time premium-blog-meta-data\">\r\n\t\t\t\t\t<i class=\"fa fa-calendar-alt\" aria-hidden=\"true\"><\/i>\r\n\t\t\t\t\t<span>M\u00e4rz 3, 2025<\/span>\r\n\t\t\t\t<\/div>\r\n\t\t\t\r\n\t\t\t\r\n\t\t\t\t\t<\/div>\r\n\t\t\r\n\t\t\t\t\t<\/div>\r\n\r\n\t\t\t\t\t\t\t<div class=\"premium-blog-content-inner-wrapper\">\r\n\t\t<p class=\"premium-blog-post-content\">COMVERGA hat erneut am prestigetr\u00e4chtigen Mobile World Congress 2025 in Barcelona teilgenommen. Unser Ziel war es nicht nur, neue Partnerschaften zu kn\u00fcpfen und unser Kontaktnetz zu erweitern, sondern auch, mit weltweit f\u00fchrenden Vertretern der technologischen Innovation in der Telekommunikation zu diskutieren.<\/p><div class=\"premium-blog-excerpt-link-wrap\"><a href=\"https:\/\/www.comverga.com\/int\/de\/comverga-at-mwc-2025-in-barcelona\/\" target=\"_blank\" class=\"premium-blog-excerpt-link elementor-button\">Mehr<\/a><\/div>\t\t<\/div>\r\n\t\t\t\t\t\t\t\t\t\t\t\t\t<div class=\"premium-blog-post-tags-container\">\r\n\t\t\t\t\t\t\t\t<i class=\"fa fa-tags fa-fw\" aria-hidden=\"true\"><\/i>\r\n\t\t\t\t\t\t\t\t <a href=\"https:\/\/www.comverga.com\/int\/de\/tag\/barcelona-spain\/\" rel=\"tag\">Barcelona, Spanien<\/a>\t\t\t\t\t\t<\/div>\r\n\t\t\t\t\t\r\n\t\t\t\t<\/div>\r\n\t\t\t<\/div>\r\n\t\t<\/article>\r\n\r\n\t\t\t\t<\/div>\r\n\r\n\t\t\t\t<div class=\"premium-blog-footer\">\r\n\t\t\t\t\t\t<nav class=\"premium-blog-pagination-container\" role=\"navigation\" aria-label=\"Paginierung\">\r\n\t\t\t\t<span aria-current=\"page\" class=\"page-numbers current\">1<\/span>\n<a class=\"page-numbers\" href=\"https:\/\/www.comverga.com\/int\/de\/wp-json\/wp\/v2\/pages\/2806\/page\/2\/\">2<\/a>\n<a class=\"page-numbers\" href=\"https:\/\/www.comverga.com\/int\/de\/wp-json\/wp\/v2\/pages\/2806\/page\/3\/\">3<\/a>\n<span class=\"page-numbers dots\">&hellip;<\/span>\n<a class=\"page-numbers\" href=\"https:\/\/www.comverga.com\/int\/de\/wp-json\/wp\/v2\/pages\/2806\/page\/5\/\">5<\/a>\n<a class=\"next page-numbers\" href=\"https:\/\/www.comverga.com\/int\/de\/wp-json\/wp\/v2\/pages\/2806\/page\/2\/\">N\u00e4chste &quot;<\/a>\t\t\t<\/nav>\r\n\t\t\t\t\t<\/div>\r\n\t\t\t\t\t<\/div>\n\t\t\t\t<\/div>\n\t\t\t\t\t<\/div>\n\t\t<\/div>\n\t\t\t\t\t\t\t<\/div>\n\t\t<\/section>\n\t\t\t\t\t\t\t<\/div>","protected":false},"excerpt":{"rendered":"<p>CAMPERSIM opens up unlimited Internet possibilities on the go(also thanks to the COMVERGA solution) \u2022 September 1, 2023 CAMPERSIM by ProVerDa GmbH is another project running on the COMVERGA platform. More \u00bb Germany COMVERGA launches first RBM pilot campaign \u2022 August 29, 2023 COMVERGA was one of the first to connect commercially to the networks [&hellip;]<\/p>","protected":false},"author":1,"featured_media":230,"parent":0,"menu_order":0,"comment_status":"closed","ping_status":"closed","template":"","meta":{"footnotes":""},"_links":{"self":[{"href":"https:\/\/www.comverga.com\/int\/de\/wp-json\/wp\/v2\/pages\/2806"}],"collection":[{"href":"https:\/\/www.comverga.com\/int\/de\/wp-json\/wp\/v2\/pages"}],"about":[{"href":"https:\/\/www.comverga.com\/int\/de\/wp-json\/wp\/v2\/types\/page"}],"author":[{"embeddable":true,"href":"https:\/\/www.comverga.com\/int\/de\/wp-json\/wp\/v2\/users\/1"}],"replies":[{"embeddable":true,"href":"https:\/\/www.comverga.com\/int\/de\/wp-json\/wp\/v2\/comments?post=2806"}],"version-history":[{"count":9,"href":"https:\/\/www.comverga.com\/int\/de\/wp-json\/wp\/v2\/pages\/2806\/revisions"}],"predecessor-version":[{"id":5880,"href":"https:\/\/www.comverga.com\/int\/de\/wp-json\/wp\/v2\/pages\/2806\/revisions\/5880"}],"wp:featuredmedia":[{"embeddable":true,"href":"https:\/\/www.comverga.com\/int\/de\/wp-json\/wp\/v2\/media\/230"}],"wp:attachment":[{"href":"https:\/\/www.comverga.com\/int\/de\/wp-json\/wp\/v2\/media?parent=2806"}],"curies":[{"name":"wp","href":"https:\/\/api.w.org\/{rel}","templated":true}]}}