{"id":6193,"date":"2025-03-19T14:48:15","date_gmt":"2025-03-19T14:48:15","guid":{"rendered":"https:\/\/www.comverga.com\/int\/?page_id=6193"},"modified":"2025-03-19T14:51:40","modified_gmt":"2025-03-19T14:51:40","slug":"teamleader-of-the-operations-team","status":"publish","type":"page","link":"https:\/\/www.comverga.com\/int\/de\/teamleader-of-the-operations-team\/","title":{"rendered":"Teamleiter des Operationsteams"},"content":{"rendered":"<div data-elementor-type=\"wp-page\" data-elementor-id=\"6193\" class=\"elementor elementor-6193\">\n\t\t\t\t\t\t\t\t\t<section class=\"elementor-section elementor-top-section elementor-element elementor-element-7a7a2752 elementor-section-boxed elementor-section-height-default elementor-section-height-default\" data-id=\"7a7a2752\" data-element_type=\"section\">\n\t\t\t\t\t\t<div class=\"elementor-container elementor-column-gap-default\">\n\t\t\t\t\t<div class=\"elementor-column elementor-col-50 elementor-top-column elementor-element elementor-element-71314a79\" data-id=\"71314a79\" data-element_type=\"column\">\n\t\t\t<div class=\"elementor-widget-wrap elementor-element-populated\">\n\t\t\t\t\t\t\t\t<div class=\"elementor-element elementor-element-4222c77c elementor-widget elementor-widget-stratum-image-accordion\" data-id=\"4222c77c\" data-element_type=\"widget\" data-widget_type=\"stratum-image-accordion.default\">\n\t\t\t\t<div class=\"elementor-widget-container\">\n\t\t\t<div class=\"stratum-image-accordion image-accordion-horizontal activate-on-click\">\n    <div class=\"stratum-image-accordion__container\">        <div class=\"stratum-image-accordion__item elementor-repeater-item-accc356\">\n            <div class=\"stratum-image-accordion__background\"><\/div>\n            <div class=\"stratum-image-accordion__overlay\">\n\t\t\t\t            <\/div>\n        <\/div>\n        <\/div>\n<\/div>\n\t\t<\/div>\n\t\t\t\t<\/div>\n\t\t\t\t\t<\/div>\n\t\t<\/div>\n\t\t\t\t<div class=\"elementor-column elementor-col-50 elementor-top-column elementor-element elementor-element-7a033ad4\" data-id=\"7a033ad4\" data-element_type=\"column\">\n\t\t\t<div class=\"elementor-widget-wrap elementor-element-populated\">\n\t\t\t\t\t\t\t\t<div class=\"elementor-element elementor-element-60ea26d2 elementor-widget elementor-widget-heading\" data-id=\"60ea26d2\" data-element_type=\"widget\" id=\"career-header\" data-widget_type=\"heading.default\">\n\t\t\t\t<div class=\"elementor-widget-container\">\n\t\t\t<style>\/*! elementor - v3.18.0 - 08-12-2023 *\/\n.elementor-heading-title{padding:0;margin:0;line-height:1}.elementor-widget-heading .elementor-heading-title[class*=elementor-size-]>a{color:inherit;font-size:inherit;line-height:inherit}.elementor-widget-heading .elementor-heading-title.elementor-size-small{font-size:15px}.elementor-widget-heading .elementor-heading-title.elementor-size-medium{font-size:19px}.elementor-widget-heading .elementor-heading-title.elementor-size-large{font-size:29px}.elementor-widget-heading .elementor-heading-title.elementor-size-xl{font-size:39px}.elementor-widget-heading .elementor-heading-title.elementor-size-xxl{font-size:59px}<\/style><h2 class=\"elementor-heading-title elementor-size-default\">Was Sie mit uns machen werden<\/h2>\t\t<\/div>\n\t\t\t\t<\/div>\n\t\t\t\t<div class=\"elementor-element elementor-element-3c2f487c elementor-widget elementor-widget-text-editor\" data-id=\"3c2f487c\" data-element_type=\"widget\" data-widget_type=\"text-editor.default\">\n\t\t\t\t<div class=\"elementor-widget-container\">\n\t\t\t<style>\/*! elementor - v3.18.0 - 08-12-2023 *\/\n.elementor-widget-text-editor.elementor-drop-cap-view-stacked .elementor-drop-cap{background-color:#69727d;color:#fff}.elementor-widget-text-editor.elementor-drop-cap-view-framed .elementor-drop-cap{color:#69727d;border:3px solid;background-color:transparent}.elementor-widget-text-editor:not(.elementor-drop-cap-view-default) .elementor-drop-cap{margin-top:8px}.elementor-widget-text-editor:not(.elementor-drop-cap-view-default) .elementor-drop-cap-letter{width:1em;height:1em}.elementor-widget-text-editor .elementor-drop-cap{float:left;text-align:center;line-height:1;font-size:50px}.elementor-widget-text-editor .elementor-drop-cap-letter{display:inline-block}<\/style>\t\t\t\t<div class=\"elementor-element elementor-element-84bdd29 elementor-widget elementor-widget-text-editor\" data-id=\"84bdd29\" data-element_type=\"widget\" data-widget_type=\"text-editor.default\"><div class=\"elementor-widget-container\"><p>Sie leiten und koordinieren das Betriebsteam, das f\u00fcr die Verwaltung der Infrastruktur, der Netzelemente und der Systemunterst\u00fctzung zust\u00e4ndig ist.<\/p><p>Sie sind verantwortlich f\u00fcr die Planung und Optimierung von Betriebsabl\u00e4ufen. Sie sind verantwortlich f\u00fcr die Sicherstellung der Verf\u00fcgbarkeit und Stabilit\u00e4t der IT-Dienste, einschlie\u00dflich der Bearbeitung von St\u00f6rungen und der Unterst\u00fctzung in Krisensituationen.<\/p><p>Sie arbeiten eng mit anderen Teams und externen Partnern zusammen und beteiligen sich aktiv an der Teamentwicklung (Mentoring, Schulung, Einf\u00fchrung effizienter Arbeitsmethoden).<\/p><\/div><\/div>\t\t\t\t\t\t<\/div>\n\t\t\t\t<\/div>\n\t\t\t\t<div class=\"elementor-element elementor-element-1e3dde2a elementor-hidden-desktop elementor-hidden-tablet elementor-hidden-mobile elementor-widget elementor-widget-heading\" data-id=\"1e3dde2a\" data-element_type=\"widget\" id=\"career-header\" data-widget_type=\"heading.default\">\n\t\t\t\t<div class=\"elementor-widget-container\">\n\t\t\t<h2 class=\"elementor-heading-title elementor-size-default\">Was Sie wissen, haben, k\u00f6nnen sollten<\/h2>\t\t<\/div>\n\t\t\t\t<\/div>\n\t\t\t\t<div class=\"elementor-element elementor-element-507e7b95 elementor-hidden-desktop elementor-hidden-tablet elementor-hidden-mobile elementor-widget elementor-widget-text-editor\" data-id=\"507e7b95\" data-element_type=\"widget\" data-widget_type=\"text-editor.default\">\n\t\t\t\t<div class=\"elementor-widget-container\">\n\t\t\t\t\t\t\t<p>Wir erwarten von Ihnen, dass Sie stets dar\u00fcber nachdenken, wie Sie Ihre Arbeit optimieren und automatisieren k\u00f6nnen. Sie m\u00f6gen es nicht, an der Hand herumgef\u00fchrt zu werden \u2013 w\u00fcrden Sie eine freie Hand bei der Arbeit begr\u00fc\u00dfen? Sie lernen gerne jeden Tag etwas Neues? Wir brauchen eine kommunikative und positive Pers\u00f6nlichkeit, die sich nicht scheut, Fragen zu stellen und viel von erfahrenen Kollegen lernen m\u00f6chte.<\/p>\n<p>Wenn Sie ein Absolvent sind, der von Grund auf neu anfangen m\u00f6chte \u2013 auch Sie sind willkommen.<\/p>\t\t\t\t\t\t<\/div>\n\t\t\t\t<\/div>\n\t\t\t\t\t<\/div>\n\t\t<\/div>\n\t\t\t\t\t\t\t<\/div>\n\t\t<\/section>\n\t\t\t\t<section class=\"elementor-section elementor-top-section elementor-element elementor-element-4e138eba elementor-section-boxed elementor-section-height-default elementor-section-height-default\" data-id=\"4e138eba\" data-element_type=\"section\" id=\"career-about\">\n\t\t\t\t\t\t<div class=\"elementor-container elementor-column-gap-default\">\n\t\t\t\t\t<div class=\"elementor-column elementor-col-50 elementor-top-column elementor-element elementor-element-31bdf460\" data-id=\"31bdf460\" data-element_type=\"column\" data-settings=\"{&quot;background_background&quot;:&quot;classic&quot;}\">\n\t\t\t<div class=\"elementor-widget-wrap elementor-element-populated\">\n\t\t\t\t\t\t\t\t<div class=\"elementor-element elementor-element-6b9b47a1 elementor-widget elementor-widget-heading\" data-id=\"6b9b47a1\" data-element_type=\"widget\" data-widget_type=\"heading.default\">\n\t\t\t\t<div class=\"elementor-widget-container\">\n\t\t\t<h2 class=\"elementor-heading-title elementor-size-default\">Wir bieten<\/h2>\t\t<\/div>\n\t\t\t\t<\/div>\n\t\t\t\t<div class=\"elementor-element elementor-element-2443e0f7 elementor-widget elementor-widget-text-editor\" data-id=\"2443e0f7\" data-element_type=\"widget\" data-widget_type=\"text-editor.default\">\n\t\t\t\t<div class=\"elementor-widget-container\">\n\t\t\t\t\t\t\t<div class=\"elementor-element elementor-element-8ad75bd elementor-widget elementor-widget-text-editor\" data-id=\"8ad75bd\" data-element_type=\"widget\" data-widget_type=\"text-editor.default\"><div class=\"elementor-widget-container\"><ul><li>M\u00f6glichkeit, im Home Office zu arbeiten<\/li><li>Raum f\u00fcr eigene Ideen und Innovationen<\/li><li>Unterst\u00fctzung f\u00fcr Ausbildung und Zertifizierung in den Bereichen IT und F\u00fchrung<\/li><li>Flexible betriebliche Leistungen<\/li><li>Teil eines Teams sein, das sich um wichtige IT-Infrastrukturen k\u00fcmmert<\/li><\/ul><\/div><\/div>\t\t\t\t\t\t<\/div>\n\t\t\t\t<\/div>\n\t\t\t\t\t<\/div>\n\t\t<\/div>\n\t\t\t\t<div class=\"elementor-column elementor-col-50 elementor-top-column elementor-element elementor-element-1459974e\" data-id=\"1459974e\" data-element_type=\"column\" data-settings=\"{&quot;background_background&quot;:&quot;classic&quot;}\">\n\t\t\t<div class=\"elementor-widget-wrap elementor-element-populated\">\n\t\t\t\t\t\t\t\t<div class=\"elementor-element elementor-element-3426b12f elementor-widget elementor-widget-heading\" data-id=\"3426b12f\" data-element_type=\"widget\" data-widget_type=\"heading.default\">\n\t\t\t\t<div class=\"elementor-widget-container\">\n\t\t\t<h2 class=\"elementor-heading-title elementor-size-default\">Wir ben\u00f6tigen<\/h2>\t\t<\/div>\n\t\t\t\t<\/div>\n\t\t\t\t<div class=\"elementor-element elementor-element-7f71d6f9 elementor-widget elementor-widget-text-editor\" data-id=\"7f71d6f9\" data-element_type=\"widget\" data-widget_type=\"text-editor.default\">\n\t\t\t\t<div class=\"elementor-widget-container\">\n\t\t\t\t\t\t\t<div class=\"elementor-element elementor-element-b377af6 elementor-widget elementor-widget-text-editor\" data-id=\"b377af6\" data-element_type=\"widget\" data-widget_type=\"text-editor.default\"><div class=\"elementor-widget-container\"><ul><li>Erfahrung mit der Unterst\u00fctzung von Anwendungen und dem Betrieb von IT-Systemen<\/li><li>Kenntnisse des Betriebssystems LINUX<\/li><li>Kenntnisse von Datenbanken (SQL, PostgreSQL, MySQL)<\/li><li>Erfahrung mit Scripting und Aufgabenautomatisierung<\/li><li>F\u00e4higkeit, Probleme zu l\u00f6sen und selbstst\u00e4ndig sowie im Team zu arbeiten<\/li><li>Bereitschaft, neue Technologien zu erlernen und Prozesse zu verbessern<\/li><li>Verantwortung<\/li><\/ul><\/div><\/div>\t\t\t\t\t\t<\/div>\n\t\t\t\t<\/div>\n\t\t\t\t\t<\/div>\n\t\t<\/div>\n\t\t\t\t\t\t\t<\/div>\n\t\t<\/section>\n\t\t\t\t<section class=\"elementor-section elementor-top-section elementor-element elementor-element-315859da elementor-section-boxed elementor-section-height-default elementor-section-height-default\" data-id=\"315859da\" data-element_type=\"section\">\n\t\t\t\t\t\t<div class=\"elementor-container elementor-column-gap-default\">\n\t\t\t\t\t<div class=\"elementor-column elementor-col-100 elementor-top-column elementor-element elementor-element-7b972329\" data-id=\"7b972329\" data-element_type=\"column\">\n\t\t\t<div class=\"elementor-widget-wrap elementor-element-populated\">\n\t\t\t\t\t\t\t\t<div class=\"elementor-element elementor-element-295e3b2 elementor-widget elementor-widget-text-editor\" data-id=\"295e3b2\" data-element_type=\"widget\" data-widget_type=\"text-editor.default\">\n\t\t\t\t<div class=\"elementor-widget-container\">\n\t\t\t\t\t\t\t<p style=\"text-align: center;\">Wenn Sie interessiert sind oder Fragen haben.<br \/>Schicken Sie uns eine E-Mail an <a href=\"mailto:career@comverga.com\">career@comverga.com<\/a><\/p>\t\t\t\t\t\t<\/div>\n\t\t\t\t<\/div>\n\t\t\t\t\t<\/div>\n\t\t<\/div>\n\t\t\t\t\t\t\t<\/div>\n\t\t<\/section>\n\t\t\t\t\t\t\t<\/div>","protected":false},"excerpt":{"rendered":"<p>What you will do with us Your role will be to lead and coordinate the Operations team, which is responsible for managing infrastructure, network elements and system support. You will be responsible for planning and optimizing operational processes. You will be responsible for ensuring the availability and stability of IT services, including incident handling and [&hellip;]<\/p>","protected":false},"author":1,"featured_media":6194,"parent":0,"menu_order":0,"comment_status":"closed","ping_status":"closed","template":"","meta":{"footnotes":""},"_links":{"self":[{"href":"https:\/\/www.comverga.com\/int\/de\/wp-json\/wp\/v2\/pages\/6193"}],"collection":[{"href":"https:\/\/www.comverga.com\/int\/de\/wp-json\/wp\/v2\/pages"}],"about":[{"href":"https:\/\/www.comverga.com\/int\/de\/wp-json\/wp\/v2\/types\/page"}],"author":[{"embeddable":true,"href":"https:\/\/www.comverga.com\/int\/de\/wp-json\/wp\/v2\/users\/1"}],"replies":[{"embeddable":true,"href":"https:\/\/www.comverga.com\/int\/de\/wp-json\/wp\/v2\/comments?post=6193"}],"version-history":[{"count":3,"href":"https:\/\/www.comverga.com\/int\/de\/wp-json\/wp\/v2\/pages\/6193\/revisions"}],"predecessor-version":[{"id":6197,"href":"https:\/\/www.comverga.com\/int\/de\/wp-json\/wp\/v2\/pages\/6193\/revisions\/6197"}],"wp:featuredmedia":[{"embeddable":true,"href":"https:\/\/www.comverga.com\/int\/de\/wp-json\/wp\/v2\/media\/6194"}],"wp:attachment":[{"href":"https:\/\/www.comverga.com\/int\/de\/wp-json\/wp\/v2\/media?parent=6193"}],"curies":[{"name":"wp","href":"https:\/\/api.w.org\/{rel}","templated":true}]}}