{"id":2945,"date":"2023-04-11T11:37:16","date_gmt":"2023-04-11T09:37:16","guid":{"rendered":"https:\/\/www.comverga.com\/?page_id=2945"},"modified":"2023-12-13T11:05:22","modified_gmt":"2023-12-13T11:05:22","slug":"developer-of-payment-and-telecommunication-system","status":"publish","type":"page","link":"https:\/\/www.comverga.com\/int\/pl\/developer-of-payment-and-telecommunication-system\/","title":{"rendered":"Tw\u00f3rca System\u00f3w P\u0142atniczych i Telekomunikacyjnych"},"content":{"rendered":"<div data-elementor-type=\"wp-page\" data-elementor-id=\"2945\" class=\"elementor elementor-2945\">\n\t\t\t\t\t\t\t\t\t<section class=\"elementor-section elementor-top-section elementor-element elementor-element-118d1222 elementor-section-boxed elementor-section-height-default elementor-section-height-default\" data-id=\"118d1222\" data-element_type=\"section\">\n\t\t\t\t\t\t<div class=\"elementor-container elementor-column-gap-default\">\n\t\t\t\t\t<div class=\"elementor-column elementor-col-50 elementor-top-column elementor-element elementor-element-3584b1f5\" data-id=\"3584b1f5\" data-element_type=\"column\">\n\t\t\t<div class=\"elementor-widget-wrap elementor-element-populated\">\n\t\t\t\t\t\t\t\t<div class=\"elementor-element elementor-element-f6a0506 elementor-widget elementor-widget-stratum-image-accordion\" data-id=\"f6a0506\" data-element_type=\"widget\" data-widget_type=\"stratum-image-accordion.default\">\n\t\t\t\t<div class=\"elementor-widget-container\">\n\t\t\t<div class=\"stratum-image-accordion image-accordion-horizontal activate-on-click\">\n    <div class=\"stratum-image-accordion__container\">        <div class=\"stratum-image-accordion__item elementor-repeater-item-accc356\">\n            <div class=\"stratum-image-accordion__background\"><\/div>\n            <div class=\"stratum-image-accordion__overlay\">\n\t\t\t\t            <\/div>\n        <\/div>\n        <\/div>\n<\/div>\n\t\t<\/div>\n\t\t\t\t<\/div>\n\t\t\t\t\t<\/div>\n\t\t<\/div>\n\t\t\t\t<div class=\"elementor-column elementor-col-50 elementor-top-column elementor-element elementor-element-1325bfb3\" data-id=\"1325bfb3\" data-element_type=\"column\">\n\t\t\t<div class=\"elementor-widget-wrap elementor-element-populated\">\n\t\t\t\t\t\t\t\t<div class=\"elementor-element elementor-element-5dc67b68 elementor-widget elementor-widget-heading\" data-id=\"5dc67b68\" data-element_type=\"widget\" id=\"career-header\" data-widget_type=\"heading.default\">\n\t\t\t\t<div class=\"elementor-widget-container\">\n\t\t\t<style>\/*! elementor - v3.18.0 - 08-12-2023 *\/\n.elementor-heading-title{padding:0;margin:0;line-height:1}.elementor-widget-heading .elementor-heading-title[class*=elementor-size-]>a{color:inherit;font-size:inherit;line-height:inherit}.elementor-widget-heading .elementor-heading-title.elementor-size-small{font-size:15px}.elementor-widget-heading .elementor-heading-title.elementor-size-medium{font-size:19px}.elementor-widget-heading .elementor-heading-title.elementor-size-large{font-size:29px}.elementor-widget-heading .elementor-heading-title.elementor-size-xl{font-size:39px}.elementor-widget-heading .elementor-heading-title.elementor-size-xxl{font-size:59px}<\/style><h2 class=\"elementor-heading-title elementor-size-default\">Co z nami zrobisz<\/h2>\t\t<\/div>\n\t\t\t\t<\/div>\n\t\t\t\t<div class=\"elementor-element elementor-element-584459a6 elementor-widget elementor-widget-text-editor\" data-id=\"584459a6\" data-element_type=\"widget\" data-widget_type=\"text-editor.default\">\n\t\t\t\t<div class=\"elementor-widget-container\">\n\t\t\t<style>\/*! elementor - v3.18.0 - 08-12-2023 *\/\n.elementor-widget-text-editor.elementor-drop-cap-view-stacked .elementor-drop-cap{background-color:#69727d;color:#fff}.elementor-widget-text-editor.elementor-drop-cap-view-framed .elementor-drop-cap{color:#69727d;border:3px solid;background-color:transparent}.elementor-widget-text-editor:not(.elementor-drop-cap-view-default) .elementor-drop-cap{margin-top:8px}.elementor-widget-text-editor:not(.elementor-drop-cap-view-default) .elementor-drop-cap-letter{width:1em;height:1em}.elementor-widget-text-editor .elementor-drop-cap{float:left;text-align:center;line-height:1;font-size:50px}.elementor-widget-text-editor .elementor-drop-cap-letter{display:inline-block}<\/style>\t\t\t\t<p>B\u0119dziesz porusza\u0107 si\u0119 w \u015brodowisku Agile Development i \u015bci\u015ble wsp\u00f3\u0142pracowa\u0107 z zespo\u0142em DevOps. B\u0119dziesz zajmowa\u0142 si\u0119 analizowaniem, projektowaniem i rozwojem nowych funkcjonalno\u015bci i system\u00f3w. Czy lubisz rozwi\u0105zywa\u0107 wyzwania technologiczne? B\u0119dziesz rozwija\u0107 solidne i wydajne systemy oraz tworzy\u0107 ciekawe i z\u0142o\u017cone rozwi\u0105zania back-end i front-end dla us\u0142ug telekomunikacyjnych i p\u0142atniczych. Chodzi tak\u017ce o prac\u0119 ze strukturami baz danych. Nie ko\u0144czy si\u0119 to na jednym projekcie \u2013 pracujemy nad d\u0142ugoterminowymi projektami w Bankowo\u015bci, Telco i Motoryzacji i nadal je opiekujemy.<\/p>\t\t\t\t\t\t<\/div>\n\t\t\t\t<\/div>\n\t\t\t\t<div class=\"elementor-element elementor-element-4f807699 elementor-widget elementor-widget-heading\" data-id=\"4f807699\" data-element_type=\"widget\" id=\"career-header\" data-widget_type=\"heading.default\">\n\t\t\t\t<div class=\"elementor-widget-container\">\n\t\t\t<h2 class=\"elementor-heading-title elementor-size-default\">Co powiniene\u015b wiedzie\u0107, mie\u0107, m\u00f3c<\/h2>\t\t<\/div>\n\t\t\t\t<\/div>\n\t\t\t\t<div class=\"elementor-element elementor-element-4b2ca9f3 elementor-widget elementor-widget-text-editor\" data-id=\"4b2ca9f3\" data-element_type=\"widget\" data-widget_type=\"text-editor.default\">\n\t\t\t\t<div class=\"elementor-widget-container\">\n\t\t\t\t\t\t\t<p>Warunkiem koniecznym jest ch\u0119\u0107 uczenia si\u0119 nowych rzeczy, komunikacji i wsp\u00f3\u0142pracy z innymi cz\u0142onkami zespo\u0142u. Powiniene\u015b posiada\u0107 wiedz\u0119 i zdolno\u015b\u0107 do pracy w szerokim zakresie projekt\u00f3w. B\u0119dziesz pracowa\u0107 z bazami danych (MySQL lub inny SQL) i tworzy\u0107 projekty aplikacji zorientowanych obiektowo. Oczekujemy, \u017ce b\u0119dziesz mierzy\u0107 si\u0119 z wyzwaniami technologicznymi i rozwi\u0105zywa\u0107 problemy techniczne.<\/p>\t\t\t\t\t\t<\/div>\n\t\t\t\t<\/div>\n\t\t\t\t\t<\/div>\n\t\t<\/div>\n\t\t\t\t\t\t\t<\/div>\n\t\t<\/section>\n\t\t\t\t<section class=\"elementor-section elementor-top-section elementor-element elementor-element-40be725b elementor-section-boxed elementor-section-height-default elementor-section-height-default\" data-id=\"40be725b\" data-element_type=\"section\" id=\"career-about\">\n\t\t\t\t\t\t<div class=\"elementor-container elementor-column-gap-default\">\n\t\t\t\t\t<div class=\"elementor-column elementor-col-50 elementor-top-column elementor-element elementor-element-5f5ffcf5\" data-id=\"5f5ffcf5\" data-element_type=\"column\" data-settings=\"{&quot;background_background&quot;:&quot;classic&quot;}\">\n\t\t\t<div class=\"elementor-widget-wrap elementor-element-populated\">\n\t\t\t\t\t\t\t\t<div class=\"elementor-element elementor-element-51966403 elementor-widget elementor-widget-heading\" data-id=\"51966403\" data-element_type=\"widget\" data-widget_type=\"heading.default\">\n\t\t\t\t<div class=\"elementor-widget-container\">\n\t\t\t<h2 class=\"elementor-heading-title elementor-size-default\">Oferujemy<\/h2>\t\t<\/div>\n\t\t\t\t<\/div>\n\t\t\t\t<div class=\"elementor-element elementor-element-53b23bdb elementor-widget elementor-widget-text-editor\" data-id=\"53b23bdb\" data-element_type=\"widget\" data-widget_type=\"text-editor.default\">\n\t\t\t\t<div class=\"elementor-widget-container\">\n\t\t\t\t\t\t\t<p><span style=\"color: #8a8a8a;\"><strong>Zobowi\u0105zanie: <\/strong><\/span>P\u00f3\u0142-etatu Pe\u0142ny-etat<\/p><p><strong><span style=\"color: #8a8a8a;\">Forma wsp\u00f3\u0142pracy:\u00a0<\/span><\/strong>Umowa o prac\u0119<\/p><p><strong><span style=\"color: #8a8a8a;\">Miejsce pracy:<\/span><\/strong> Po\u0142\u0105czenie zdalne\/biurowe<br \/><br \/><\/p>\t\t\t\t\t\t<\/div>\n\t\t\t\t<\/div>\n\t\t\t\t\t<\/div>\n\t\t<\/div>\n\t\t\t\t<div class=\"elementor-column elementor-col-50 elementor-top-column elementor-element elementor-element-659eb1df\" data-id=\"659eb1df\" data-element_type=\"column\" data-settings=\"{&quot;background_background&quot;:&quot;classic&quot;}\">\n\t\t\t<div class=\"elementor-widget-wrap elementor-element-populated\">\n\t\t\t\t\t\t\t\t<div class=\"elementor-element elementor-element-7ec24df5 elementor-widget elementor-widget-heading\" data-id=\"7ec24df5\" data-element_type=\"widget\" data-widget_type=\"heading.default\">\n\t\t\t\t<div class=\"elementor-widget-container\">\n\t\t\t<h2 class=\"elementor-heading-title elementor-size-default\">My wymagamy<\/h2>\t\t<\/div>\n\t\t\t\t<\/div>\n\t\t\t\t<div class=\"elementor-element elementor-element-7a7db53c elementor-widget elementor-widget-text-editor\" data-id=\"7a7db53c\" data-element_type=\"widget\" data-widget_type=\"text-editor.default\">\n\t\t\t\t<div class=\"elementor-widget-container\">\n\t\t\t\t\t\t\t<p><strong><span style=\"color: #8a8a8a;\">Kluczowe umiej\u0119tno\u015bci: <\/span><\/strong>SQL, Node.js, Git, Docker<\/p><p><span style=\"color: #8a8a8a;\"><strong>Inne umiej\u0119tno\u015bci: <\/strong><\/span>PHP, TypeScript, HTML, CSS, REST API, Nette Framework, Java, Perl, rozw\u00f3j Androida<\/p><p><strong><span style=\"color: #8a8a8a;\">Technologie zastosowane na stanowisku:<\/span><\/strong> Docker, ElasticSearch, Git, MySQL, Node.js, Redis<\/p><p><strong><span style=\"color: #8a8a8a;\">J\u0119zyki:<\/span><\/strong> Angielski, czeski<\/p>\t\t\t\t\t\t<\/div>\n\t\t\t\t<\/div>\n\t\t\t\t\t<\/div>\n\t\t<\/div>\n\t\t\t\t\t\t\t<\/div>\n\t\t<\/section>\n\t\t\t\t<section class=\"elementor-section elementor-top-section elementor-element elementor-element-3d575e76 elementor-section-boxed elementor-section-height-default elementor-section-height-default\" data-id=\"3d575e76\" data-element_type=\"section\">\n\t\t\t\t\t\t<div class=\"elementor-container elementor-column-gap-default\">\n\t\t\t\t\t<div class=\"elementor-column elementor-col-100 elementor-top-column elementor-element elementor-element-6da80ec9\" data-id=\"6da80ec9\" data-element_type=\"column\">\n\t\t\t<div class=\"elementor-widget-wrap elementor-element-populated\">\n\t\t\t\t\t\t\t\t<div class=\"elementor-element elementor-element-74247bda elementor-widget elementor-widget-text-editor\" data-id=\"74247bda\" data-element_type=\"widget\" data-widget_type=\"text-editor.default\">\n\t\t\t\t<div class=\"elementor-widget-container\">\n\t\t\t\t\t\t\t<p style=\"text-align: center;\">Je\u015bli jeste\u015b zainteresowany lub masz jakie\u015b pytania.<br \/>Napisz do nas na adres <a href=\"mailto:career@comverga.com\">career@comverga.com<\/a><\/p>\t\t\t\t\t\t<\/div>\n\t\t\t\t<\/div>\n\t\t\t\t\t<\/div>\n\t\t<\/div>\n\t\t\t\t\t\t\t<\/div>\n\t\t<\/section>\n\t\t\t\t\t\t\t<\/div>","protected":false},"excerpt":{"rendered":"<p>What you will do with us You will be moving in an Agile Development environment and working closely with the DevOps team. You will be involved in analysing, designing and developing new functionalities and systems. Do you enjoy solving technology challenges? You will develop robust and powerful systems and create interesting and complex back-end and [&hellip;]<\/p>","protected":false},"author":1,"featured_media":5298,"parent":0,"menu_order":0,"comment_status":"closed","ping_status":"closed","template":"","meta":{"footnotes":""},"_links":{"self":[{"href":"https:\/\/www.comverga.com\/int\/pl\/wp-json\/wp\/v2\/pages\/2945"}],"collection":[{"href":"https:\/\/www.comverga.com\/int\/pl\/wp-json\/wp\/v2\/pages"}],"about":[{"href":"https:\/\/www.comverga.com\/int\/pl\/wp-json\/wp\/v2\/types\/page"}],"author":[{"embeddable":true,"href":"https:\/\/www.comverga.com\/int\/pl\/wp-json\/wp\/v2\/users\/1"}],"replies":[{"embeddable":true,"href":"https:\/\/www.comverga.com\/int\/pl\/wp-json\/wp\/v2\/comments?post=2945"}],"version-history":[{"count":27,"href":"https:\/\/www.comverga.com\/int\/pl\/wp-json\/wp\/v2\/pages\/2945\/revisions"}],"predecessor-version":[{"id":5814,"href":"https:\/\/www.comverga.com\/int\/pl\/wp-json\/wp\/v2\/pages\/2945\/revisions\/5814"}],"wp:featuredmedia":[{"embeddable":true,"href":"https:\/\/www.comverga.com\/int\/pl\/wp-json\/wp\/v2\/media\/5298"}],"wp:attachment":[{"href":"https:\/\/www.comverga.com\/int\/pl\/wp-json\/wp\/v2\/media?parent=2945"}],"curies":[{"name":"wp","href":"https:\/\/api.w.org\/{rel}","templated":true}]}}