{"id":3212,"date":"2023-04-21T11:43:39","date_gmt":"2023-04-21T09:43:39","guid":{"rendered":"https:\/\/www.comverga.com\/?page_id=3212"},"modified":"2023-12-13T10:59:18","modified_gmt":"2023-12-13T10:59:18","slug":"organisation-of-physical-and-virtual-events","status":"publish","type":"page","link":"https:\/\/www.comverga.com\/int\/pl\/services\/connectivity-aggregation\/rcs-business-messaging\/organisation-of-physical-and-virtual-events\/","title":{"rendered":"Organizacja wydarze\u0144 fizycznych i wirtualnych"},"content":{"rendered":"<div data-elementor-type=\"wp-page\" data-elementor-id=\"3212\" class=\"elementor elementor-3212\">\n\t\t\t\t\t\t\t\t\t<section class=\"elementor-section elementor-top-section elementor-element elementor-element-2d5d4354 elementor-section-boxed elementor-section-height-default elementor-section-height-default\" data-id=\"2d5d4354\" data-element_type=\"section\">\n\t\t\t\t\t\t<div class=\"elementor-container elementor-column-gap-default\">\n\t\t\t\t\t<div class=\"elementor-column elementor-col-50 elementor-top-column elementor-element elementor-element-5da3b194\" data-id=\"5da3b194\" data-element_type=\"column\">\n\t\t\t<div class=\"elementor-widget-wrap elementor-element-populated\">\n\t\t\t\t\t\t\t\t<div class=\"elementor-element elementor-element-3cd0f0b0 elementor-widget elementor-widget-text-editor\" data-id=\"3cd0f0b0\" data-element_type=\"widget\" data-widget_type=\"text-editor.default\">\n\t\t\t\t<div class=\"elementor-widget-container\">\n\t\t\t<style>\/*! elementor - v3.18.0 - 08-12-2023 *\/\n.elementor-widget-text-editor.elementor-drop-cap-view-stacked .elementor-drop-cap{background-color:#69727d;color:#fff}.elementor-widget-text-editor.elementor-drop-cap-view-framed .elementor-drop-cap{color:#69727d;border:3px solid;background-color:transparent}.elementor-widget-text-editor:not(.elementor-drop-cap-view-default) .elementor-drop-cap{margin-top:8px}.elementor-widget-text-editor:not(.elementor-drop-cap-view-default) .elementor-drop-cap-letter{width:1em;height:1em}.elementor-widget-text-editor .elementor-drop-cap{float:left;text-align:center;line-height:1;font-size:50px}.elementor-widget-text-editor .elementor-drop-cap-letter{display:inline-block}<\/style>\t\t\t\t<div class=\"usecase-text\">\n<h2 style=\"text-align: left; margin-top: 0;\">Organizacja wydarze\u0144 fizycznych i wirtualnych<\/h2>\nPartner jest wieloletnim organizatorem du\u017cych wydarze\u0144 konferencyjnych w formie fizycznej, wirtualnej i hybrydowej. Obejmuje pe\u0142n\u0105 realizacj\u0119 od komunikacji o zbli\u017caj\u0105cej si\u0119 konferencji do potencjalnych uczestnik\u00f3w, struktury programu wydarzenia, komunikacji z wykonawcami, a tak\u017ce procesu rejestracji i dystrybucji bilet\u00f3w.\n<\/div>\t\t\t\t\t\t<\/div>\n\t\t\t\t<\/div>\n\t\t\t\t\t<\/div>\n\t\t<\/div>\n\t\t\t\t<div class=\"elementor-column elementor-col-50 elementor-top-column elementor-element elementor-element-7ba04379\" data-id=\"7ba04379\" data-element_type=\"column\">\n\t\t\t<div class=\"elementor-widget-wrap elementor-element-populated\">\n\t\t\t\t\t\t\t\t<div class=\"elementor-element elementor-element-1e4484f4 elementor-widget elementor-widget-image\" data-id=\"1e4484f4\" data-element_type=\"widget\" data-widget_type=\"image.default\">\n\t\t\t\t<div class=\"elementor-widget-container\">\n\t\t\t<style>\/*! elementor - v3.18.0 - 08-12-2023 *\/\n.elementor-widget-image{text-align:center}.elementor-widget-image a{display:inline-block}.elementor-widget-image a img[src$=\".svg\"]{width:48px}.elementor-widget-image img{vertical-align:middle;display:inline-block}<\/style>\t\t\t\t\t\t\t\t\t\t\t\t<img fetchpriority=\"high\" decoding=\"async\" width=\"580\" height=\"393\" src=\"https:\/\/www.comverga.com\/int\/wp-content\/uploads\/sites\/5\/2023\/04\/events.png\" class=\"attachment-medium_large size-medium_large wp-image-3213\" alt=\"\" srcset=\"https:\/\/www.comverga.com\/int\/wp-content\/uploads\/sites\/5\/2023\/04\/events.png 697w, https:\/\/www.comverga.com\/int\/wp-content\/uploads\/sites\/5\/2023\/04\/events-300x203.png 300w, https:\/\/www.comverga.com\/int\/wp-content\/uploads\/sites\/5\/2023\/04\/events-18x12.png 18w\" sizes=\"(max-width: 580px) 100vw, 580px\" \/>\t\t\t\t\t\t\t\t\t\t\t\t\t\t\t<\/div>\n\t\t\t\t<\/div>\n\t\t\t\t\t<\/div>\n\t\t<\/div>\n\t\t\t\t\t\t\t<\/div>\n\t\t<\/section>\n\t\t\t\t<section class=\"elementor-section elementor-top-section elementor-element elementor-element-1dd195b5 elementor-section-boxed elementor-section-height-default elementor-section-height-default\" data-id=\"1dd195b5\" data-element_type=\"section\">\n\t\t\t\t\t\t<div class=\"elementor-container elementor-column-gap-default\">\n\t\t\t\t\t<div class=\"elementor-column elementor-col-50 elementor-top-column elementor-element elementor-element-69fceac4\" data-id=\"69fceac4\" data-element_type=\"column\">\n\t\t\t<div class=\"elementor-widget-wrap elementor-element-populated\">\n\t\t\t\t\t\t\t\t<div class=\"elementor-element elementor-element-2462bcbf elementor-widget elementor-widget-sidebar\" data-id=\"2462bcbf\" data-element_type=\"widget\" data-widget_type=\"sidebar.default\">\n\t\t\t\t<div class=\"elementor-widget-container\">\n\t\t\t\n<div class=\"wp-block-columns is-layout-flex wp-container-core-columns-layout-1 wp-block-columns-is-layout-flex\">\n<div class=\"wp-block-column is-layout-flow wp-block-column-is-layout-flow\">\n<div id=\"widget-box\" class=\"caravan\">\n<img decoding=\"async\" src=\"\/wp-content\/uploads\/2023\/04\/caravan-logo.jpg\"><br>\n<span>Przemys\u0142<\/span>\n<p>\n\t\tSystemy \u015bledzenia GPS pojazd\u00f3w, \u0142\u0105czno\u015b\u0107 danych\n\t<\/p>\n<span>Produkt<\/span>\n<p>\n\t\tRozwi\u0105zania umo\u017cliwiaj\u0105ce dost\u0119p do Internetu w podr\u00f3\u017cy\n\t<\/p>\n<\/div>\n<div id=\"widget-box\" class=\"support\">\n\t<img decoding=\"async\" src=\"https:\/\/www.coopmobil.cz\/wp-content\/uploads\/2021\/04\/coop-mobil-logo.svg\"><br>\n\t<span>Przemys\u0142<\/span>\n<p>\n\t\tOperator telekomunikacyjny - detaliczny\n\t<\/p>\n<span>Produkt<\/span>\n<p>\n\t\tPrzewodnik obs\u0142ugi klienta\n\t<\/p>\n<\/div>\n<div id=\"widget-box\" class=\"smart-watch\">\n\t<img decoding=\"async\" src=\"https:\/\/www.coopmobil.cz\/wp-content\/uploads\/2021\/04\/coop-mobil-logo.svg\"><br>\n\t<span>Przemys\u0142y<\/span>\n<p>\n\t\tOperator telekomunikacyjny - detaliczny\n\t<\/p>\n<span>Produkt<\/span>\n<p>\n\t\tPakiet smartwatch + \u0142\u0105czno\u015b\u0107 danych\n\t<\/p>\n<\/div>\n<div id=\"widget-box\" class=\"camera\">\n<img decoding=\"async\" src=\"\/wp-content\/uploads\/2023\/04\/camera-logo.jpg\"><br>\n<span>Przemys\u0142<\/span>\n<p>\n\t\tSystemy bezpiecze\u0144stwa\n\t<\/p>\n<span>Produkt<\/span>\n<p>\n\t\tKamery z transmisj\u0105 online\n\t<\/p>\n<\/div>\n<div id=\"widget-box\" class=\"event\">\n\t<img decoding=\"async\" src=\"\/cze\/wp-content\/uploads\/sites\/3\/2023\/04\/event-logo.png\" style=\"width: 50px\"><br>\n\t<span>Przemys\u0142<\/span>\n<p>\n\t\tFirma eventowa\n\t<\/p>\n<span>Produkt<\/span>\n<p>\n\t\tOrganizacja wydarzenia\n\t<\/p>\n<\/div>\n<div id=\"widget-box\" class=\"competition\">\n\t<img decoding=\"async\" src=\"\/cze\/wp-content\/uploads\/sites\/3\/2023\/04\/competition-logo.png\" style=\"width: 50px\"><br>\n\t<span>Przemys\u0142<\/span>\n<p>\n\t\tTowary detaliczne i konsumpcyjne\n\t<\/p>\n<span>Produkt<\/span>\n<p>\n\t\tKonkursy konsumenckie\n\t<\/p>\n<\/div>\n<div id=\"widget-box\" class=\"fmcg\">\n\t<img decoding=\"async\" src=\"\/wp-content\/uploads\/2023\/06\/fmcg-logo.png\" style=\"width: 50px\"><br>\n\t<span>Przemys\u0142<\/span>\n<p>\n\t\tFMCG<br>Fast Moving Consumer Goods\n\t<\/p>\n<span>Produkt<\/span>\n<p>\n\t\t\u017bywno\u015b\u0107, napoje, towary drogeryjne\n\t<\/p>\n<\/div>\n\n<div id=\"widget-box\" class=\"marketing\">\n\t<img decoding=\"async\" src=\"\/wp-content\/uploads\/2023\/06\/marketing-logo.png\" style=\"width: 50px\"><br>\n\t<span>Przemys\u0142<\/span>\n<p>\n\t\tKomunikacja marketingowa\n\t<\/p>\n<span>Produkt<\/span>\n<p>\n\t\tRealizacja mailing\u00f3w marketingowych\n\t<\/p>\n<\/div>\n<div id=\"widget-box\" class=\"operator\">\n\t<img decoding=\"async\" src=\"https:\/\/www.coopmobil.cz\/wp-content\/uploads\/2021\/04\/coop-mobil-logo.svg\"><br>\n\t<span>Przemys\u0142<\/span>\n<p>\n\t\tOperator telekomunikacyjny - Detal\n\t<\/p>\n<span>Produkt<\/span>\n<p>\n\t\tWdro\u017cenie programu lojalno\u015bciowego\n\t<\/p>\n<\/div>\n\n<div id=\"widget-box\" class=\"iot\">\n\t<img decoding=\"async\" src=\"\/cze\/wp-content\/uploads\/sites\/3\/2025\/09\/iot_icon.png\" style=\"width: 50px\"><br>\n\t<span>Przemys\u0142y<\/span>\n<p>\n\t\tIoT, SIM\/eSIM management\n\t<\/p>\n<span>Produkt<\/span>\n<p>\n\t\tCzujniki IoT dla przemys\u0142u i gospodarstw domowych\n\t<\/p>\n<\/div>\n\n<div id=\"widget-box\" class=\"truck\">\n\t<img decoding=\"async\" src=\"\/cze\/wp-content\/uploads\/sites\/3\/2025\/09\/truck_monitoring.png\" style=\"width: 50px\"><br>\n\t<span>Przemys\u0142y<\/span>\n<p>\n\t\tIoT, SIM\/eSIM management\n\t<\/p>\n<span>Produkt<\/span>\n<p>\n\t\teSIM do monitorowania pojazd\u00f3w \n\t<\/p>\n<\/div>\n\n<div id=\"widget-box\" class=\"drone\">\n\t<img decoding=\"async\" src=\"\/cze\/wp-content\/uploads\/sites\/3\/2025\/09\/drone_icon.png\" style=\"width: 80px\"><br>\n\t<span>Przemys\u0142y<\/span>\n<p>\n\t\t IoT, SIM\/eSIM management\n\t<\/p>\n<span>Produkt<\/span>\n<p>\n\t\t eSIM dla floty dron\u00f3w \n\t<\/p>\n<\/div>\n<\/div>\n<\/div>\n\t\t<\/div>\n\t\t\t\t<\/div>\n\t\t\t\t\t<\/div>\n\t\t<\/div>\n\t\t\t\t<div class=\"elementor-column elementor-col-50 elementor-top-column elementor-element elementor-element-4516bb12\" data-id=\"4516bb12\" data-element_type=\"column\">\n\t\t\t<div class=\"elementor-widget-wrap elementor-element-populated\">\n\t\t\t\t\t\t\t\t<div class=\"elementor-element elementor-element-1908bd52 elementor-widget elementor-widget-text-editor\" data-id=\"1908bd52\" data-element_type=\"widget\" data-widget_type=\"text-editor.default\">\n\t\t\t\t<div class=\"elementor-widget-container\">\n\t\t\t\t\t\t\t<p>Partner poszukiwa\u0142 narz\u0119dzia komunikacyjnego, kt\u00f3re pozwoli\u0142oby obj\u0105\u0107 ca\u0142y proces realizacji konferencji pod k\u0105tem komunikacji z uczestnikami. Wykorzystywane od dawna kana\u0142y takie jak e-mail, SMS itp. nie zawsze dzia\u0142aj\u0105 optymalnie \u2013 uczestnicy cz\u0119sto nie czytaj\u0105 e-maili lub czytaj\u0105 je z op\u00f3\u017anieniem. Istnieje r\u00f3wnie\u017c problem, \u017ce wiadomo\u015bci e-mail s\u0105 cz\u0119sto oceniane jako spam.<\/p><p>Dzi\u0119ki COMVERGA RBM agencja zyska\u0142a nowy multimedialny kana\u0142 komunikacji. W jednym \u015brodowisku, w jednej rozmowie w ciekawy spos\u00f3b przeprowad\u017a uczestnika przez ca\u0142y proces \u2013 film wprowadzaj\u0105cy z zaproszeniem na wydarzenie. Uczestnik mo\u017ce od razu wype\u0142ni\u0107 formularz rejestracyjny, dokona\u0107 op\u0142aty i otrzyma\u0107 kod QR umo\u017cliwiaj\u0105cy dotarcie na konferencj\u0119 \u2013 wszystko w jednym miejscu dzi\u0119ki RBM. Jednocze\u015bnie wszystkie interesuj\u0105ce informacje, takie jak program wydarzenia, informacje o uczestnikach, mo\u017cna uzyska\u0107 bezpo\u015brednio od agenta RBM. G\u0142\u00f3wn\u0105 zalet\u0105 jest wydajno\u015b\u0107 i zwi\u0105zana z tym oszcz\u0119dno\u015b\u0107 koszt\u00f3w i czasu. Jest to tak\u017ce format interaktywny o du\u017cej frekwencji i czytelnictwie (odzew u poszczeg\u00f3lnych prezenter\u00f3w wzr\u00f3s\u0142 o 70% ze wzgl\u0119du na niski pr\u00f3g wej\u015bcia).<\/p>\t\t\t\t\t\t<\/div>\n\t\t\t\t<\/div>\n\t\t\t\t\t<\/div>\n\t\t<\/div>\n\t\t\t\t\t\t\t<\/div>\n\t\t<\/section>\n\t\t\t\t<section class=\"elementor-section elementor-top-section elementor-element elementor-element-7a7cb554 elementor-section-boxed elementor-section-height-default elementor-section-height-default\" data-id=\"7a7cb554\" data-element_type=\"section\">\n\t\t\t\t\t\t<div class=\"elementor-container elementor-column-gap-default\">\n\t\t\t\t\t<div class=\"elementor-column elementor-col-100 elementor-top-column elementor-element elementor-element-97744df\" data-id=\"97744df\" data-element_type=\"column\">\n\t\t\t<div class=\"elementor-widget-wrap elementor-element-populated\">\n\t\t\t\t\t\t\t\t<div class=\"elementor-element elementor-element-83a5554 elementor-widget elementor-widget-html\" data-id=\"83a5554\" data-element_type=\"widget\" data-widget_type=\"html.default\">\n\t\t\t\t<div class=\"elementor-widget-container\">\n\t\t\t<div class=\"mobile-animation event\">\n    <div class=\"mobile left\">\n        <div class=\"message-bubble top\">\n            <p>Szanowny Panie Doktorze Novak, serdecznie zapraszamy na konferencj\u0119 \u201eOpieka nad ma\u0142ymi ptakami\u201d.<\/p>\n        <\/div>\n        <div class=\"message-bubble bottom\">\n            <p>Pos\u0142uchaj kr\u00f3tkiego zaproszenia od czo\u0142owej ekspertki w tej dziedzinie, pani Watson.<\/p>\n        <\/div>\n        <img decoding=\"async\" src=\"\/wp-content\/uploads\/2023\/04\/event-1-en.gif\">\n    <\/div>\n    <div class=\"mobile right\">\n        <div class=\"message-bubble top\">\n            <p>Zarejestruj si\u0119 \u0142atwo w naszym formularzu online.<\/p>\n        <\/div>\n        <div class=\"message-bubble bottom\">\n            <p>Dzi\u0119kujemy za wp\u0142at\u0119 i czekamy z niecierpliwo\u015bci\u0105. Oto kod QR umo\u017cliwiaj\u0105cy wej\u015bcie na konferencj\u0119. Nic wi\u0119cej nie jest potrzebne.<\/p>\n        <\/div>\n        <img decoding=\"async\" src=\"\/wp-content\/uploads\/2023\/04\/event-2-en.gif\">\n    <\/div>\n<\/div>\t\t<\/div>\n\t\t\t\t<\/div>\n\t\t\t\t\t<\/div>\n\t\t<\/div>\n\t\t\t\t\t\t\t<\/div>\n\t\t<\/section>\n\t\t\t\t<section class=\"elementor-section elementor-top-section elementor-element elementor-element-44b57a6f elementor-section-boxed elementor-section-height-default elementor-section-height-default\" data-id=\"44b57a6f\" data-element_type=\"section\">\n\t\t\t\t\t\t<div class=\"elementor-container elementor-column-gap-default\">\n\t\t\t\t\t<div class=\"elementor-column elementor-col-50 elementor-top-column elementor-element elementor-element-70a8745c\" data-id=\"70a8745c\" data-element_type=\"column\" data-settings=\"{&quot;background_background&quot;:&quot;classic&quot;}\">\n\t\t\t<div class=\"elementor-widget-wrap elementor-element-populated\">\n\t\t\t\t\t\t\t\t<div class=\"elementor-element elementor-element-6f58a3da elementor-widget elementor-widget-text-editor\" data-id=\"6f58a3da\" data-element_type=\"widget\" data-widget_type=\"text-editor.default\">\n\t\t\t\t<div class=\"elementor-widget-container\">\n\t\t\t\t\t\t\t<h3><strong>Partner otrzymuje:<\/strong><\/h3><div class=\"page\" title=\"Strona 4\"><div class=\"layoutArea\"><div class=\"column\"><ul><li>Wydajne narz\u0119dzie do kompleksowego procesu<\/li><li>Spersonalizowana rozmowa z klientami<\/li><li>Ciekawe narz\u0119dzie o wysokim wsp\u00f3\u0142czynniku odczytu<\/li><li>Uczestnik o wysokim stopniu interakcji vs m\u00f3wca<\/li><\/ul><\/div><\/div><\/div>\t\t\t\t\t\t<\/div>\n\t\t\t\t<\/div>\n\t\t\t\t\t<\/div>\n\t\t<\/div>\n\t\t\t\t<div class=\"elementor-column elementor-col-50 elementor-top-column elementor-element elementor-element-509e88b4\" data-id=\"509e88b4\" data-element_type=\"column\" data-settings=\"{&quot;background_background&quot;:&quot;classic&quot;}\">\n\t\t\t<div class=\"elementor-widget-wrap elementor-element-populated\">\n\t\t\t\t\t\t\t\t<div class=\"elementor-element elementor-element-c4d9028 elementor-widget elementor-widget-text-editor\" data-id=\"c4d9028\" data-element_type=\"widget\" data-widget_type=\"text-editor.default\">\n\t\t\t\t<div class=\"elementor-widget-container\">\n\t\t\t\t\t\t\t<h3><strong>COMVERGA zapewnia:<\/strong><\/h3>\n<ul>\n<li>Doradztwo i wsparcie w zakresie definiowania mechaniki dialogu<\/li>\n<li>Konfiguracja, obs\u0142uga i ocena<\/li>\n<li>Ujednolicone \u015brodowisko definiowania tre\u015bci<\/li>\n<li>Alternatywna konfiguracja kana\u0142u w przypadku niedost\u0119pno\u015bci RBM<\/li>\n<\/ul>\t\t\t\t\t\t<\/div>\n\t\t\t\t<\/div>\n\t\t\t\t\t<\/div>\n\t\t<\/div>\n\t\t\t\t\t\t\t<\/div>\n\t\t<\/section>\n\t\t\t\t\t\t\t<\/div>","protected":false},"excerpt":{"rendered":"<p>Organizacja wydarze\u0144 fizycznych i wirtualnych Partner jest wieloletnim organizatorem du\u017cych wydarze\u0144 konferencyjnych fizycznych, wirtualnych i hybrydowych. Obejmuje pe\u0142n\u0105 realizacj\u0119 od komunikacji o zbli\u017caj\u0105cej si\u0119 konferencji do potencjalnych uczestnik\u00f3w, struktury programu wydarzenia, komunikacji z wykonawcami, a tak\u017ce procesu rejestracji i dystrybucji bilet\u00f3w. Partner szuka\u0142 [\u2026]<\/p>","protected":false},"author":1,"featured_media":3342,"parent":3177,"menu_order":4,"comment_status":"closed","ping_status":"closed","template":"","meta":{"footnotes":""},"_links":{"self":[{"href":"https:\/\/www.comverga.com\/int\/pl\/wp-json\/wp\/v2\/pages\/3212"}],"collection":[{"href":"https:\/\/www.comverga.com\/int\/pl\/wp-json\/wp\/v2\/pages"}],"about":[{"href":"https:\/\/www.comverga.com\/int\/pl\/wp-json\/wp\/v2\/types\/page"}],"author":[{"embeddable":true,"href":"https:\/\/www.comverga.com\/int\/pl\/wp-json\/wp\/v2\/users\/1"}],"replies":[{"embeddable":true,"href":"https:\/\/www.comverga.com\/int\/pl\/wp-json\/wp\/v2\/comments?post=3212"}],"version-history":[{"count":9,"href":"https:\/\/www.comverga.com\/int\/pl\/wp-json\/wp\/v2\/pages\/3212\/revisions"}],"predecessor-version":[{"id":5796,"href":"https:\/\/www.comverga.com\/int\/pl\/wp-json\/wp\/v2\/pages\/3212\/revisions\/5796"}],"up":[{"embeddable":true,"href":"https:\/\/www.comverga.com\/int\/pl\/wp-json\/wp\/v2\/pages\/3177"}],"wp:featuredmedia":[{"embeddable":true,"href":"https:\/\/www.comverga.com\/int\/pl\/wp-json\/wp\/v2\/media\/3342"}],"wp:attachment":[{"href":"https:\/\/www.comverga.com\/int\/pl\/wp-json\/wp\/v2\/media?parent=3212"}],"curies":[{"name":"wp","href":"https:\/\/api.w.org\/{rel}","templated":true}]}}