{"id":3239,"date":"2023-04-21T12:01:07","date_gmt":"2023-04-21T10:01:07","guid":{"rendered":"https:\/\/www.comverga.com\/?page_id=3239"},"modified":"2023-12-13T10:58:00","modified_gmt":"2023-12-13T10:58:00","slug":"detail-of-rcs","status":"publish","type":"page","link":"https:\/\/www.comverga.com\/int\/pl\/services\/connectivity-aggregation\/rcs-business-messaging\/detail-of-rcs\/","title":{"rendered":"Szczeg\u00f3\u0142y RCS"},"content":{"rendered":"<div data-elementor-type=\"wp-page\" data-elementor-id=\"3239\" class=\"elementor elementor-3239\">\n\t\t\t\t\t\t\t\t\t<section class=\"elementor-section elementor-top-section elementor-element elementor-element-4bb399f elementor-section-boxed elementor-section-height-default elementor-section-height-default\" data-id=\"4bb399f\" data-element_type=\"section\">\n\t\t\t\t\t\t<div class=\"elementor-container elementor-column-gap-default\">\n\t\t\t\t\t<div class=\"elementor-column elementor-col-100 elementor-top-column elementor-element elementor-element-5fc5d37f\" data-id=\"5fc5d37f\" data-element_type=\"column\">\n\t\t\t<div class=\"elementor-widget-wrap elementor-element-populated\">\n\t\t\t\t\t\t\t\t<div class=\"elementor-element elementor-element-3971f0e1 detail-heading elementor-widget elementor-widget-heading\" data-id=\"3971f0e1\" data-element_type=\"widget\" data-widget_type=\"heading.default\">\n\t\t\t\t<div class=\"elementor-widget-container\">\n\t\t\t<style>\/*! elementor - v3.18.0 - 08-12-2023 *\/\n.elementor-heading-title{padding:0;margin:0;line-height:1}.elementor-widget-heading .elementor-heading-title[class*=elementor-size-]>a{color:inherit;font-size:inherit;line-height:inherit}.elementor-widget-heading .elementor-heading-title.elementor-size-small{font-size:15px}.elementor-widget-heading .elementor-heading-title.elementor-size-medium{font-size:19px}.elementor-widget-heading .elementor-heading-title.elementor-size-large{font-size:29px}.elementor-widget-heading .elementor-heading-title.elementor-size-xl{font-size:39px}.elementor-widget-heading .elementor-heading-title.elementor-size-xxl{font-size:59px}<\/style><h1 class=\"elementor-heading-title elementor-size-default\">RCS &amp; Business Messaging<\/h1>\t\t<\/div>\n\t\t\t\t<\/div>\n\t\t\t\t<div class=\"elementor-element elementor-element-75f6e845 detail-heading elementor-widget elementor-widget-heading\" data-id=\"75f6e845\" data-element_type=\"widget\" data-widget_type=\"heading.default\">\n\t\t\t\t<div class=\"elementor-widget-container\">\n\t\t\t<h3 class=\"elementor-heading-title elementor-size-default\">Szczeg\u00f3\u0142y us\u0142ugi<\/h3>\t\t<\/div>\n\t\t\t\t<\/div>\n\t\t\t\t\t<\/div>\n\t\t<\/div>\n\t\t\t\t\t\t\t<\/div>\n\t\t<\/section>\n\t\t\t\t<section class=\"elementor-section elementor-top-section elementor-element elementor-element-2ac89ac3 elementor-section-boxed elementor-section-height-default elementor-section-height-default\" data-id=\"2ac89ac3\" data-element_type=\"section\">\n\t\t\t\t\t\t<div class=\"elementor-container elementor-column-gap-default\">\n\t\t\t\t\t<div class=\"elementor-column elementor-col-50 elementor-top-column elementor-element elementor-element-7bece64d\" data-id=\"7bece64d\" data-element_type=\"column\">\n\t\t\t<div class=\"elementor-widget-wrap elementor-element-populated\">\n\t\t\t\t\t\t\t\t<div class=\"elementor-element elementor-element-7557da78 elementor-widget elementor-widget-text-editor\" data-id=\"7557da78\" data-element_type=\"widget\" data-widget_type=\"text-editor.default\">\n\t\t\t\t<div class=\"elementor-widget-container\">\n\t\t\t<style>\/*! elementor - v3.18.0 - 08-12-2023 *\/\n.elementor-widget-text-editor.elementor-drop-cap-view-stacked .elementor-drop-cap{background-color:#69727d;color:#fff}.elementor-widget-text-editor.elementor-drop-cap-view-framed .elementor-drop-cap{color:#69727d;border:3px solid;background-color:transparent}.elementor-widget-text-editor:not(.elementor-drop-cap-view-default) .elementor-drop-cap{margin-top:8px}.elementor-widget-text-editor:not(.elementor-drop-cap-view-default) .elementor-drop-cap-letter{width:1em;height:1em}.elementor-widget-text-editor .elementor-drop-cap{float:left;text-align:center;line-height:1;font-size:50px}.elementor-widget-text-editor .elementor-drop-cap-letter{display:inline-block}<\/style>\t\t\t\t<h3 style=\"margin-top: 0;\"><strong>Og\u00f3lna charakterystyka<\/strong><\/h3><p class=\"s19\">RCS umo\u017cliwia multimedialn\u0105 dwukierunkow\u0105 komunikacj\u0119 pomi\u0119dzy urz\u0105dzeniami, kt\u00f3re maj\u0105 aktywn\u0105 us\u0142ug\u0119 RCS. Nie trzeba instalowa\u0107 \u017cadnej specjalnej aplikacji \u2013 RCS jest natywn\u0105 cz\u0119\u015bci\u0105 systemu operacyjnego Android. W ten spos\u00f3b klient widzi rozmow\u0119 bezpo\u015brednio w aplikacji do przesy\u0142ania wiadomo\u015bci wraz z wiadomo\u015bci\u0105 SMS. RCS obs\u0142uguje takie funkcje, jak rozmowy grupowe, wskazanie pisania, odczytywanie wiadomo\u015bci i po\u0142\u0105czenia g\u0142osowe, a tak\u017ce przesy\u0142anie plik\u00f3w o rozmiarze do 100 MB. RCS umo\u017cliwia tak\u017ce u\u017cytkownikom sprawdzanie, kiedy ich kontakty s\u0105 online, np. w komunikatorach internetowych.<\/p>\t\t\t\t\t\t<\/div>\n\t\t\t\t<\/div>\n\t\t\t\t\t<\/div>\n\t\t<\/div>\n\t\t\t\t<div class=\"elementor-column elementor-col-50 elementor-top-column elementor-element elementor-element-aea6d25\" data-id=\"aea6d25\" data-element_type=\"column\" data-settings=\"{&quot;background_background&quot;:&quot;classic&quot;}\">\n\t\t\t<div class=\"elementor-widget-wrap elementor-element-populated\">\n\t\t\t\t\t\t\t\t<div class=\"elementor-element elementor-element-666ee358 elementor-widget elementor-widget-image\" data-id=\"666ee358\" data-element_type=\"widget\" data-widget_type=\"image.default\">\n\t\t\t\t<div class=\"elementor-widget-container\">\n\t\t\t<style>\/*! elementor - v3.18.0 - 08-12-2023 *\/\n.elementor-widget-image{text-align:center}.elementor-widget-image a{display:inline-block}.elementor-widget-image a img[src$=\".svg\"]{width:48px}.elementor-widget-image img{vertical-align:middle;display:inline-block}<\/style>\t\t\t\t\t\t\t\t\t\t\t\t<img fetchpriority=\"high\" decoding=\"async\" width=\"580\" height=\"387\" src=\"https:\/\/www.comverga.com\/int\/wp-content\/uploads\/sites\/5\/2023\/04\/principles-768x513.jpg\" class=\"attachment-medium_large size-medium_large wp-image-3241\" alt=\"\" srcset=\"https:\/\/www.comverga.com\/int\/wp-content\/uploads\/sites\/5\/2023\/04\/principles-768x513.jpg 768w, https:\/\/www.comverga.com\/int\/wp-content\/uploads\/sites\/5\/2023\/04\/principles-300x200.jpg 300w, https:\/\/www.comverga.com\/int\/wp-content\/uploads\/sites\/5\/2023\/04\/principles-18x12.jpg 18w, https:\/\/www.comverga.com\/int\/wp-content\/uploads\/sites\/5\/2023\/04\/principles.jpg 1000w\" sizes=\"(max-width: 580px) 100vw, 580px\" \/>\t\t\t\t\t\t\t\t\t\t\t\t\t\t\t<\/div>\n\t\t\t\t<\/div>\n\t\t\t\t\t<\/div>\n\t\t<\/div>\n\t\t\t\t\t\t\t<\/div>\n\t\t<\/section>\n\t\t\t\t<section class=\"elementor-section elementor-top-section elementor-element elementor-element-45abc7d9 elementor-section-boxed elementor-section-height-default elementor-section-height-default\" data-id=\"45abc7d9\" data-element_type=\"section\">\n\t\t\t\t\t\t<div class=\"elementor-container elementor-column-gap-default\">\n\t\t\t\t\t<div class=\"elementor-column elementor-col-100 elementor-top-column elementor-element elementor-element-7e210319\" data-id=\"7e210319\" data-element_type=\"column\">\n\t\t\t<div class=\"elementor-widget-wrap elementor-element-populated\">\n\t\t\t\t\t\t\t\t<div class=\"elementor-element elementor-element-7c96ff5c elementor-widget-divider--view-line elementor-widget elementor-widget-divider\" data-id=\"7c96ff5c\" data-element_type=\"widget\" data-widget_type=\"divider.default\">\n\t\t\t\t<div class=\"elementor-widget-container\">\n\t\t\t<style>\/*! elementor - v3.18.0 - 08-12-2023 *\/\n.elementor-widget-divider{--divider-border-style:none;--divider-border-width:1px;--divider-color:#0c0d0e;--divider-icon-size:20px;--divider-element-spacing:10px;--divider-pattern-height:24px;--divider-pattern-size:20px;--divider-pattern-url:none;--divider-pattern-repeat:repeat-x}.elementor-widget-divider .elementor-divider{display:flex}.elementor-widget-divider .elementor-divider__text{font-size:15px;line-height:1;max-width:95%}.elementor-widget-divider .elementor-divider__element{margin:0 var(--divider-element-spacing);flex-shrink:0}.elementor-widget-divider .elementor-icon{font-size:var(--divider-icon-size)}.elementor-widget-divider .elementor-divider-separator{display:flex;margin:0;direction:ltr}.elementor-widget-divider--view-line_icon .elementor-divider-separator,.elementor-widget-divider--view-line_text .elementor-divider-separator{align-items:center}.elementor-widget-divider--view-line_icon .elementor-divider-separator:after,.elementor-widget-divider--view-line_icon .elementor-divider-separator:before,.elementor-widget-divider--view-line_text .elementor-divider-separator:after,.elementor-widget-divider--view-line_text .elementor-divider-separator:before{display:block;content:\"\";border-bottom:0;flex-grow:1;border-top:var(--divider-border-width) var(--divider-border-style) var(--divider-color)}.elementor-widget-divider--element-align-left .elementor-divider .elementor-divider-separator>.elementor-divider__svg:first-of-type{flex-grow:0;flex-shrink:100}.elementor-widget-divider--element-align-left .elementor-divider-separator:before{content:none}.elementor-widget-divider--element-align-left .elementor-divider__element{margin-left:0}.elementor-widget-divider--element-align-right .elementor-divider .elementor-divider-separator>.elementor-divider__svg:last-of-type{flex-grow:0;flex-shrink:100}.elementor-widget-divider--element-align-right .elementor-divider-separator:after{content:none}.elementor-widget-divider--element-align-right .elementor-divider__element{margin-right:0}.elementor-widget-divider:not(.elementor-widget-divider--view-line_text):not(.elementor-widget-divider--view-line_icon) .elementor-divider-separator{border-top:var(--divider-border-width) var(--divider-border-style) var(--divider-color)}.elementor-widget-divider--separator-type-pattern{--divider-border-style:none}.elementor-widget-divider--separator-type-pattern.elementor-widget-divider--view-line .elementor-divider-separator,.elementor-widget-divider--separator-type-pattern:not(.elementor-widget-divider--view-line) .elementor-divider-separator:after,.elementor-widget-divider--separator-type-pattern:not(.elementor-widget-divider--view-line) .elementor-divider-separator:before,.elementor-widget-divider--separator-type-pattern:not([class*=elementor-widget-divider--view]) .elementor-divider-separator{width:100%;min-height:var(--divider-pattern-height);-webkit-mask-size:var(--divider-pattern-size) 100%;mask-size:var(--divider-pattern-size) 100%;-webkit-mask-repeat:var(--divider-pattern-repeat);mask-repeat:var(--divider-pattern-repeat);background-color:var(--divider-color);-webkit-mask-image:var(--divider-pattern-url);mask-image:var(--divider-pattern-url)}.elementor-widget-divider--no-spacing{--divider-pattern-size:auto}.elementor-widget-divider--bg-round{--divider-pattern-repeat:round}.rtl .elementor-widget-divider .elementor-divider__text{direction:rtl}.e-con-inner>.elementor-widget-divider,.e-con>.elementor-widget-divider{width:var(--container-widget-width,100%);--flex-grow:var(--container-widget-flex-grow)}<\/style>\t\t<div class=\"elementor-divider\">\n\t\t\t<span class=\"elementor-divider-separator\">\n\t\t\t\t\t\t<\/span>\n\t\t<\/div>\n\t\t\t\t<\/div>\n\t\t\t\t<\/div>\n\t\t\t\t\t<\/div>\n\t\t<\/div>\n\t\t\t\t\t\t\t<\/div>\n\t\t<\/section>\n\t\t\t\t<section class=\"elementor-section elementor-top-section elementor-element elementor-element-5121ac5f elementor-section-boxed elementor-section-height-default elementor-section-height-default\" data-id=\"5121ac5f\" data-element_type=\"section\">\n\t\t\t\t\t\t<div class=\"elementor-container elementor-column-gap-default\">\n\t\t\t\t\t<div class=\"elementor-column elementor-col-50 elementor-top-column elementor-element elementor-element-181586eb\" data-id=\"181586eb\" data-element_type=\"column\">\n\t\t\t<div class=\"elementor-widget-wrap elementor-element-populated\">\n\t\t\t\t\t\t\t\t<div class=\"elementor-element elementor-element-4d7d4c4 elementor-widget elementor-widget-image\" data-id=\"4d7d4c4\" data-element_type=\"widget\" data-widget_type=\"image.default\">\n\t\t\t\t<div class=\"elementor-widget-container\">\n\t\t\t\t\t\t\t\t\t\t\t\t\t\t\t<img decoding=\"async\" width=\"500\" height=\"333\" src=\"https:\/\/www.comverga.com\/int\/wp-content\/uploads\/sites\/5\/2023\/04\/communications.png\" class=\"attachment-medium_large size-medium_large wp-image-3242\" alt=\"\" srcset=\"https:\/\/www.comverga.com\/int\/wp-content\/uploads\/sites\/5\/2023\/04\/communications.png 500w, https:\/\/www.comverga.com\/int\/wp-content\/uploads\/sites\/5\/2023\/04\/communications-300x200.png 300w, https:\/\/www.comverga.com\/int\/wp-content\/uploads\/sites\/5\/2023\/04\/communications-18x12.png 18w\" sizes=\"(max-width: 500px) 100vw, 500px\" \/>\t\t\t\t\t\t\t\t\t\t\t\t\t\t\t<\/div>\n\t\t\t\t<\/div>\n\t\t\t\t\t<\/div>\n\t\t<\/div>\n\t\t\t\t<div class=\"elementor-column elementor-col-50 elementor-top-column elementor-element elementor-element-7986873e\" data-id=\"7986873e\" data-element_type=\"column\">\n\t\t\t<div class=\"elementor-widget-wrap elementor-element-populated\">\n\t\t\t\t\t\t\t\t<div class=\"elementor-element elementor-element-63d5e40a elementor-widget elementor-widget-text-editor\" data-id=\"63d5e40a\" data-element_type=\"widget\" data-widget_type=\"text-editor.default\">\n\t\t\t\t<div class=\"elementor-widget-container\">\n\t\t\t\t\t\t\t<h3 style=\"margin-top: 0px; text-align: left;\"><strong>Opcje komunikacji<\/strong><\/h3><ul><li>Wysy\u0142anie kod\u00f3w, g\u0142osowanie<\/li><li>Media (filmy, obrazy, nagrania, mapy, pliki)<\/li><li>Oferta produkt\u00f3w<\/li><li>Czat grupowy, katalogi, grupy<\/li><li>Lokalizacja, wprowadzenie numeru telefonu<\/li><li>P\u0142atno\u015bci i nie tylko<\/li><\/ul>\t\t\t\t\t\t<\/div>\n\t\t\t\t<\/div>\n\t\t\t\t\t<\/div>\n\t\t<\/div>\n\t\t\t\t\t\t\t<\/div>\n\t\t<\/section>\n\t\t\t\t<section class=\"elementor-section elementor-top-section elementor-element elementor-element-2c379591 elementor-section-boxed elementor-section-height-default elementor-section-height-default\" data-id=\"2c379591\" data-element_type=\"section\">\n\t\t\t\t\t\t<div class=\"elementor-container elementor-column-gap-default\">\n\t\t\t\t\t<div class=\"elementor-column elementor-col-50 elementor-top-column elementor-element elementor-element-556be510\" data-id=\"556be510\" data-element_type=\"column\">\n\t\t\t<div class=\"elementor-widget-wrap elementor-element-populated\">\n\t\t\t\t\t\t\t\t<div class=\"elementor-element elementor-element-ae35926 elementor-widget elementor-widget-text-editor\" data-id=\"ae35926\" data-element_type=\"widget\" data-widget_type=\"text-editor.default\">\n\t\t\t\t<div class=\"elementor-widget-container\">\n\t\t\t\t\t\t\t<h3 style=\"margin-top: 0;\"><strong>Wiadomo\u015bci biznesowe RCS<\/strong><\/h3>\n<p>Rozwi\u0105zanie COMVERGA RBM zapewnia firmom bezpieczniejszy i ta\u0144szy spos\u00f3b komunikacji. Pomaga budowa\u0107 silniejsz\u0105 \u015bwiadomo\u015b\u0107 marki i lojalno\u015b\u0107 klient\u00f3w. Niekt\u00f3re zalety COMVERGA RBM obejmuj\u0105:<\/p>\n<ul>\n<li>Wykorzystanie standardu komunikacji biznesowej<\/li>\n<li>Atrakcyjny spos\u00f3b komunikacji z klientem<\/li>\n<li>Integracja z systemami wewn\u0119trznymi (CRM, ERP itp.)<\/li>\n<li>Budowanie bazy klient\u00f3w i targetowanie kampanii<\/li>\n<li>Instrument wspierania lojalno\u015bci klient\u00f3w<\/li>\n<li>Szybka i sprawna obs\u0142uga klienta<\/li>\n<\/ul>\t\t\t\t\t\t<\/div>\n\t\t\t\t<\/div>\n\t\t\t\t\t<\/div>\n\t\t<\/div>\n\t\t\t\t<div class=\"elementor-column elementor-col-50 elementor-top-column elementor-element elementor-element-661f72dc\" data-id=\"661f72dc\" data-element_type=\"column\">\n\t\t\t<div class=\"elementor-widget-wrap elementor-element-populated\">\n\t\t\t\t\t\t\t\t<div class=\"elementor-element elementor-element-3c685c70 elementor-widget elementor-widget-image\" data-id=\"3c685c70\" data-element_type=\"widget\" data-widget_type=\"image.default\">\n\t\t\t\t<div class=\"elementor-widget-container\">\n\t\t\t\t\t\t\t\t\t\t\t\t\t\t\t<img decoding=\"async\" width=\"580\" height=\"377\" src=\"https:\/\/www.comverga.com\/int\/wp-content\/uploads\/sites\/5\/2023\/04\/rcs-message-768x499.png\" class=\"attachment-medium_large size-medium_large wp-image-3243\" alt=\"\" srcset=\"https:\/\/www.comverga.com\/int\/wp-content\/uploads\/sites\/5\/2023\/04\/rcs-message-768x499.png 768w, https:\/\/www.comverga.com\/int\/wp-content\/uploads\/sites\/5\/2023\/04\/rcs-message-300x195.png 300w, https:\/\/www.comverga.com\/int\/wp-content\/uploads\/sites\/5\/2023\/04\/rcs-message-1024x666.png 1024w, https:\/\/www.comverga.com\/int\/wp-content\/uploads\/sites\/5\/2023\/04\/rcs-message-18x12.png 18w, https:\/\/www.comverga.com\/int\/wp-content\/uploads\/sites\/5\/2023\/04\/rcs-message-1200x780.png 1200w, https:\/\/www.comverga.com\/int\/wp-content\/uploads\/sites\/5\/2023\/04\/rcs-message.png 1280w\" sizes=\"(max-width: 580px) 100vw, 580px\" \/>\t\t\t\t\t\t\t\t\t\t\t\t\t\t\t<\/div>\n\t\t\t\t<\/div>\n\t\t\t\t\t<\/div>\n\t\t<\/div>\n\t\t\t\t\t\t\t<\/div>\n\t\t<\/section>\n\t\t\t\t<section class=\"elementor-section elementor-top-section elementor-element elementor-element-5b7ac7a4 elementor-section-boxed elementor-section-height-default elementor-section-height-default\" data-id=\"5b7ac7a4\" data-element_type=\"section\">\n\t\t\t\t\t\t<div class=\"elementor-container elementor-column-gap-default\">\n\t\t\t\t\t<div class=\"elementor-column elementor-col-50 elementor-top-column elementor-element elementor-element-408bc411\" data-id=\"408bc411\" data-element_type=\"column\">\n\t\t\t<div class=\"elementor-widget-wrap elementor-element-populated\">\n\t\t\t\t\t\t\t\t<div class=\"elementor-element elementor-element-502663ad elementor-widget elementor-widget-image\" data-id=\"502663ad\" data-element_type=\"widget\" data-widget_type=\"image.default\">\n\t\t\t\t<div class=\"elementor-widget-container\">\n\t\t\t\t\t\t\t\t\t\t\t\t\t\t\t<img loading=\"lazy\" decoding=\"async\" width=\"580\" height=\"326\" src=\"https:\/\/www.comverga.com\/int\/wp-content\/uploads\/sites\/5\/2023\/04\/functionalities-768x432.jpg\" class=\"attachment-medium_large size-medium_large wp-image-3244\" alt=\"\" srcset=\"https:\/\/www.comverga.com\/int\/wp-content\/uploads\/sites\/5\/2023\/04\/functionalities-768x432.jpg 768w, https:\/\/www.comverga.com\/int\/wp-content\/uploads\/sites\/5\/2023\/04\/functionalities-300x169.jpg 300w, https:\/\/www.comverga.com\/int\/wp-content\/uploads\/sites\/5\/2023\/04\/functionalities-1024x576.jpg 1024w, https:\/\/www.comverga.com\/int\/wp-content\/uploads\/sites\/5\/2023\/04\/functionalities-18x10.jpg 18w, https:\/\/www.comverga.com\/int\/wp-content\/uploads\/sites\/5\/2023\/04\/functionalities-1200x675.jpg 1200w, https:\/\/www.comverga.com\/int\/wp-content\/uploads\/sites\/5\/2023\/04\/functionalities.jpg 1400w\" sizes=\"(max-width: 580px) 100vw, 580px\" \/>\t\t\t\t\t\t\t\t\t\t\t\t\t\t\t<\/div>\n\t\t\t\t<\/div>\n\t\t\t\t\t<\/div>\n\t\t<\/div>\n\t\t\t\t<div class=\"elementor-column elementor-col-50 elementor-top-column elementor-element elementor-element-1ae355a1\" data-id=\"1ae355a1\" data-element_type=\"column\">\n\t\t\t<div class=\"elementor-widget-wrap elementor-element-populated\">\n\t\t\t\t\t\t\t\t<div class=\"elementor-element elementor-element-471f6a32 elementor-widget elementor-widget-text-editor\" data-id=\"471f6a32\" data-element_type=\"widget\" data-widget_type=\"text-editor.default\">\n\t\t\t\t<div class=\"elementor-widget-container\">\n\t\t\t\t\t\t\t<h3 style=\"margin-top: 0;\"><strong>Podstawowe funkcjonalno\u015bci<\/strong><\/h3><p>COMVERGA RCS jest w pe\u0142ni zintegrowany z platform\u0105 SDP i oferuje przyjazny dla u\u017cytkownika dost\u0119p, a tak\u017ce zaawansowane zarz\u0105dzanie za pomoc\u0105 opcji dialogowych i po\u0142\u0105cze\u0144 z DialogFlow. Podstawowe funkcjonalno\u015bci obejmuj\u0105:<\/p><ul><li>Uwierzytelniony nadawca \u2013 zwi\u0119kszone bezpiecze\u0144stwo<\/li><li>Opcjonalne oznakowanie us\u0142ug<\/li><li>Przewaga tre\u015bci multimedialnych<\/li><li>Kod QR do zamawiania, \u015bledzenia i nie tylko<\/li><li>Dostawa i przeczytanie informacji<\/li><li>Przyciski reakcji (kalendarz, mapa, adres URL itp.)<\/li><\/ul>\t\t\t\t\t\t<\/div>\n\t\t\t\t<\/div>\n\t\t\t\t\t<\/div>\n\t\t<\/div>\n\t\t\t\t\t\t\t<\/div>\n\t\t<\/section>\n\t\t\t\t<section class=\"elementor-section elementor-top-section elementor-element elementor-element-369788c elementor-section-boxed elementor-section-height-default elementor-section-height-default\" data-id=\"369788c\" data-element_type=\"section\">\n\t\t\t\t\t\t<div class=\"elementor-container elementor-column-gap-default\">\n\t\t\t\t\t<div class=\"elementor-column elementor-col-50 elementor-top-column elementor-element elementor-element-c0be58e\" data-id=\"c0be58e\" data-element_type=\"column\">\n\t\t\t<div class=\"elementor-widget-wrap elementor-element-populated\">\n\t\t\t\t\t\t\t\t<div class=\"elementor-element elementor-element-687a2bee elementor-widget elementor-widget-text-editor\" data-id=\"687a2bee\" data-element_type=\"widget\" data-widget_type=\"text-editor.default\">\n\t\t\t\t<div class=\"elementor-widget-container\">\n\t\t\t\t\t\t\t<h3 style=\"margin-top: 0;\"><strong>Mo\u017cliwo\u015bci wykorzystania<\/strong><\/h3><p>COMVERGA RCS jest u\u017cywany przez partner\u00f3w Premium podczas nast\u0119puj\u0105cych wydarze\u0144:<\/p><ul><li>Kampanie marketingowe<\/li><li>Obroty<\/li><li>Zako\u0144cz proces zam\u00f3wienia<\/li><li>Nabytek<\/li><li>Upowa\u017cnienie<\/li><li>Obs\u0142uga klienta<\/li><li>Powiadomienia i ostrze\u017cenia<\/li><li>Bilety<\/li><\/ul>\t\t\t\t\t\t<\/div>\n\t\t\t\t<\/div>\n\t\t\t\t\t<\/div>\n\t\t<\/div>\n\t\t\t\t<div class=\"elementor-column elementor-col-50 elementor-top-column elementor-element elementor-element-3856fb85\" data-id=\"3856fb85\" data-element_type=\"column\">\n\t\t\t<div class=\"elementor-widget-wrap elementor-element-populated\">\n\t\t\t\t\t\t\t\t<div class=\"elementor-element elementor-element-6edea3b0 elementor-widget elementor-widget-image\" data-id=\"6edea3b0\" data-element_type=\"widget\" data-widget_type=\"image.default\">\n\t\t\t\t<div class=\"elementor-widget-container\">\n\t\t\t\t\t\t\t\t\t\t\t\t\t\t\t<img loading=\"lazy\" decoding=\"async\" width=\"580\" height=\"422\" src=\"https:\/\/www.comverga.com\/int\/wp-content\/uploads\/sites\/5\/2023\/04\/usage.png\" class=\"attachment-medium_large size-medium_large wp-image-3245\" alt=\"\" srcset=\"https:\/\/www.comverga.com\/int\/wp-content\/uploads\/sites\/5\/2023\/04\/usage.png 681w, https:\/\/www.comverga.com\/int\/wp-content\/uploads\/sites\/5\/2023\/04\/usage-300x218.png 300w, https:\/\/www.comverga.com\/int\/wp-content\/uploads\/sites\/5\/2023\/04\/usage-18x12.png 18w\" sizes=\"(max-width: 580px) 100vw, 580px\" \/>\t\t\t\t\t\t\t\t\t\t\t\t\t\t\t<\/div>\n\t\t\t\t<\/div>\n\t\t\t\t\t<\/div>\n\t\t<\/div>\n\t\t\t\t\t\t\t<\/div>\n\t\t<\/section>\n\t\t\t\t\t\t\t<\/div>","protected":false},"excerpt":{"rendered":"<p>RCS &amp; Business Messaging Szczeg\u00f3\u0142y us\u0142ugi Podstawowe zasady RCS umo\u017cliwia dwukierunkow\u0105 komunikacj\u0119 multimedialn\u0105 pomi\u0119dzy urz\u0105dzeniami, kt\u00f3re maj\u0105 aktywn\u0105 us\u0142ug\u0119 RCS. Nie trzeba instalowa\u0107 \u017cadnej specjalnej aplikacji \u2013 RCS jest natywn\u0105 cz\u0119\u015bci\u0105 systemu operacyjnego Android. W ten spos\u00f3b klient widzi rozmow\u0119 bezpo\u015brednio w aplikacji do przesy\u0142ania wiadomo\u015bci wraz z wiadomo\u015bci\u0105 SMS. RCS obs\u0142uguje [\u2026]<\/p>","protected":false},"author":1,"featured_media":3178,"parent":3177,"menu_order":4,"comment_status":"closed","ping_status":"closed","template":"","meta":{"footnotes":""},"_links":{"self":[{"href":"https:\/\/www.comverga.com\/int\/pl\/wp-json\/wp\/v2\/pages\/3239"}],"collection":[{"href":"https:\/\/www.comverga.com\/int\/pl\/wp-json\/wp\/v2\/pages"}],"about":[{"href":"https:\/\/www.comverga.com\/int\/pl\/wp-json\/wp\/v2\/types\/page"}],"author":[{"embeddable":true,"href":"https:\/\/www.comverga.com\/int\/pl\/wp-json\/wp\/v2\/users\/1"}],"replies":[{"embeddable":true,"href":"https:\/\/www.comverga.com\/int\/pl\/wp-json\/wp\/v2\/comments?post=3239"}],"version-history":[{"count":3,"href":"https:\/\/www.comverga.com\/int\/pl\/wp-json\/wp\/v2\/pages\/3239\/revisions"}],"predecessor-version":[{"id":5790,"href":"https:\/\/www.comverga.com\/int\/pl\/wp-json\/wp\/v2\/pages\/3239\/revisions\/5790"}],"up":[{"embeddable":true,"href":"https:\/\/www.comverga.com\/int\/pl\/wp-json\/wp\/v2\/pages\/3177"}],"wp:featuredmedia":[{"embeddable":true,"href":"https:\/\/www.comverga.com\/int\/pl\/wp-json\/wp\/v2\/media\/3178"}],"wp:attachment":[{"href":"https:\/\/www.comverga.com\/int\/pl\/wp-json\/wp\/v2\/media?parent=3239"}],"curies":[{"name":"wp","href":"https:\/\/api.w.org\/{rel}","templated":true}]}}