{"id":6193,"date":"2025-03-19T14:48:15","date_gmt":"2025-03-19T14:48:15","guid":{"rendered":"https:\/\/www.comverga.com\/int\/?page_id=6193"},"modified":"2025-03-19T14:51:40","modified_gmt":"2025-03-19T14:51:40","slug":"teamleader-of-the-operations-team","status":"publish","type":"page","link":"https:\/\/www.comverga.com\/int\/pl\/teamleader-of-the-operations-team\/","title":{"rendered":"Teamleader zespo\u0142u operacyjnego"},"content":{"rendered":"<div data-elementor-type=\"wp-page\" data-elementor-id=\"6193\" class=\"elementor elementor-6193\">\n\t\t\t\t\t\t\t\t\t<section class=\"elementor-section elementor-top-section elementor-element elementor-element-7a7a2752 elementor-section-boxed elementor-section-height-default elementor-section-height-default\" data-id=\"7a7a2752\" data-element_type=\"section\">\n\t\t\t\t\t\t<div class=\"elementor-container elementor-column-gap-default\">\n\t\t\t\t\t<div class=\"elementor-column elementor-col-50 elementor-top-column elementor-element elementor-element-71314a79\" data-id=\"71314a79\" data-element_type=\"column\">\n\t\t\t<div class=\"elementor-widget-wrap elementor-element-populated\">\n\t\t\t\t\t\t\t\t<div class=\"elementor-element elementor-element-4222c77c elementor-widget elementor-widget-stratum-image-accordion\" data-id=\"4222c77c\" data-element_type=\"widget\" data-widget_type=\"stratum-image-accordion.default\">\n\t\t\t\t<div class=\"elementor-widget-container\">\n\t\t\t<div class=\"stratum-image-accordion image-accordion-horizontal activate-on-click\">\n    <div class=\"stratum-image-accordion__container\">        <div class=\"stratum-image-accordion__item elementor-repeater-item-accc356\">\n            <div class=\"stratum-image-accordion__background\"><\/div>\n            <div class=\"stratum-image-accordion__overlay\">\n\t\t\t\t            <\/div>\n        <\/div>\n        <\/div>\n<\/div>\n\t\t<\/div>\n\t\t\t\t<\/div>\n\t\t\t\t\t<\/div>\n\t\t<\/div>\n\t\t\t\t<div class=\"elementor-column elementor-col-50 elementor-top-column elementor-element elementor-element-7a033ad4\" data-id=\"7a033ad4\" data-element_type=\"column\">\n\t\t\t<div class=\"elementor-widget-wrap elementor-element-populated\">\n\t\t\t\t\t\t\t\t<div class=\"elementor-element elementor-element-60ea26d2 elementor-widget elementor-widget-heading\" data-id=\"60ea26d2\" data-element_type=\"widget\" id=\"career-header\" data-widget_type=\"heading.default\">\n\t\t\t\t<div class=\"elementor-widget-container\">\n\t\t\t<style>\/*! elementor - v3.18.0 - 08-12-2023 *\/\n.elementor-heading-title{padding:0;margin:0;line-height:1}.elementor-widget-heading .elementor-heading-title[class*=elementor-size-]>a{color:inherit;font-size:inherit;line-height:inherit}.elementor-widget-heading .elementor-heading-title.elementor-size-small{font-size:15px}.elementor-widget-heading .elementor-heading-title.elementor-size-medium{font-size:19px}.elementor-widget-heading .elementor-heading-title.elementor-size-large{font-size:29px}.elementor-widget-heading .elementor-heading-title.elementor-size-xl{font-size:39px}.elementor-widget-heading .elementor-heading-title.elementor-size-xxl{font-size:59px}<\/style><h2 class=\"elementor-heading-title elementor-size-default\">Co z nami zrobisz<\/h2>\t\t<\/div>\n\t\t\t\t<\/div>\n\t\t\t\t<div class=\"elementor-element elementor-element-3c2f487c elementor-widget elementor-widget-text-editor\" data-id=\"3c2f487c\" data-element_type=\"widget\" data-widget_type=\"text-editor.default\">\n\t\t\t\t<div class=\"elementor-widget-container\">\n\t\t\t<style>\/*! elementor - v3.18.0 - 08-12-2023 *\/\n.elementor-widget-text-editor.elementor-drop-cap-view-stacked .elementor-drop-cap{background-color:#69727d;color:#fff}.elementor-widget-text-editor.elementor-drop-cap-view-framed .elementor-drop-cap{color:#69727d;border:3px solid;background-color:transparent}.elementor-widget-text-editor:not(.elementor-drop-cap-view-default) .elementor-drop-cap{margin-top:8px}.elementor-widget-text-editor:not(.elementor-drop-cap-view-default) .elementor-drop-cap-letter{width:1em;height:1em}.elementor-widget-text-editor .elementor-drop-cap{float:left;text-align:center;line-height:1;font-size:50px}.elementor-widget-text-editor .elementor-drop-cap-letter{display:inline-block}<\/style>\t\t\t\t<div class=\"elementor-element elementor-element-84bdd29 elementor-widget elementor-widget-text-editor\" data-id=\"84bdd29\" data-element_type=\"widget\" data-widget_type=\"text-editor.default\"><div class=\"elementor-widget-container\"><p>Twoja rola b\u0119dzie polega\u0142a na kierowaniu i koordynowaniu zespo\u0142u operacyjnego, kt\u00f3ry jest odpowiedzialny za zarz\u0105dzanie infrastruktur\u0105, elementami sieci i wsparciem systemu.<\/p><p>B\u0119dziesz odpowiedzialny za planowanie i optymalizacj\u0119 proces\u00f3w operacyjnych. B\u0119dziesz odpowiedzialny za zapewnienie dost\u0119pno\u015bci i stabilno\u015bci us\u0142ug IT, w tym obs\u0142ug\u0119 incydent\u00f3w i zapewnianie wsparcia w sytuacjach kryzysowych.<\/p><p>B\u0119dziesz \u015bci\u015ble wsp\u00f3\u0142pracowa\u0107 z innymi zespo\u0142ami i partnerami zewn\u0119trznymi oraz aktywnie uczestniczy\u0107 w rozwoju zespo\u0142u (mentoring, szkolenia, ustalanie efektywnych metod pracy).<\/p><\/div><\/div>\t\t\t\t\t\t<\/div>\n\t\t\t\t<\/div>\n\t\t\t\t<div class=\"elementor-element elementor-element-1e3dde2a elementor-hidden-desktop elementor-hidden-tablet elementor-hidden-mobile elementor-widget elementor-widget-heading\" data-id=\"1e3dde2a\" data-element_type=\"widget\" id=\"career-header\" data-widget_type=\"heading.default\">\n\t\t\t\t<div class=\"elementor-widget-container\">\n\t\t\t<h2 class=\"elementor-heading-title elementor-size-default\">Co powiniene\u015b wiedzie\u0107, mie\u0107, m\u00f3c<\/h2>\t\t<\/div>\n\t\t\t\t<\/div>\n\t\t\t\t<div class=\"elementor-element elementor-element-507e7b95 elementor-hidden-desktop elementor-hidden-tablet elementor-hidden-mobile elementor-widget elementor-widget-text-editor\" data-id=\"507e7b95\" data-element_type=\"widget\" data-widget_type=\"text-editor.default\">\n\t\t\t\t<div class=\"elementor-widget-container\">\n\t\t\t\t\t\t\t<p>Oczekujemy, \u017ce zawsze b\u0119dziesz my\u015ble\u0107 o tym, jak zoptymalizowa\u0107 swoj\u0105 prac\u0119 i j\u0105 zautomatyzowa\u0107. Nie lubisz by\u0107 prowadzony za r\u0119k\u0119 \u2013 czy w pracy chcia\u0142by\u015b mie\u0107 woln\u0105 r\u0119k\u0119? Czy lubisz uczy\u0107 si\u0119 czego\u015b nowego ka\u017cdego dnia? Zale\u017cy nam na osobie komunikatywnej i pozytywnej, kt\u00f3ra nie boi si\u0119 zadawa\u0107 pyta\u0144 i chce si\u0119 wiele nauczy\u0107 od do\u015bwiadczonych koleg\u00f3w.<\/p>\n<p>Je\u015bli jeste\u015b absolwentem i chcesz zacz\u0105\u0107 od zera \u2013 te\u017c jeste\u015b mile widziany.<\/p>\t\t\t\t\t\t<\/div>\n\t\t\t\t<\/div>\n\t\t\t\t\t<\/div>\n\t\t<\/div>\n\t\t\t\t\t\t\t<\/div>\n\t\t<\/section>\n\t\t\t\t<section class=\"elementor-section elementor-top-section elementor-element elementor-element-4e138eba elementor-section-boxed elementor-section-height-default elementor-section-height-default\" data-id=\"4e138eba\" data-element_type=\"section\" id=\"career-about\">\n\t\t\t\t\t\t<div class=\"elementor-container elementor-column-gap-default\">\n\t\t\t\t\t<div class=\"elementor-column elementor-col-50 elementor-top-column elementor-element elementor-element-31bdf460\" data-id=\"31bdf460\" data-element_type=\"column\" data-settings=\"{&quot;background_background&quot;:&quot;classic&quot;}\">\n\t\t\t<div class=\"elementor-widget-wrap elementor-element-populated\">\n\t\t\t\t\t\t\t\t<div class=\"elementor-element elementor-element-6b9b47a1 elementor-widget elementor-widget-heading\" data-id=\"6b9b47a1\" data-element_type=\"widget\" data-widget_type=\"heading.default\">\n\t\t\t\t<div class=\"elementor-widget-container\">\n\t\t\t<h2 class=\"elementor-heading-title elementor-size-default\">Oferujemy<\/h2>\t\t<\/div>\n\t\t\t\t<\/div>\n\t\t\t\t<div class=\"elementor-element elementor-element-2443e0f7 elementor-widget elementor-widget-text-editor\" data-id=\"2443e0f7\" data-element_type=\"widget\" data-widget_type=\"text-editor.default\">\n\t\t\t\t<div class=\"elementor-widget-container\">\n\t\t\t\t\t\t\t<div class=\"elementor-element elementor-element-8ad75bd elementor-widget elementor-widget-text-editor\" data-id=\"8ad75bd\" data-element_type=\"widget\" data-widget_type=\"text-editor.default\"><div class=\"elementor-widget-container\"><ul><li>Mo\u017cliwo\u015b\u0107 pracy w biurze domowym<\/li><li>Miejsce na w\u0142asne pomys\u0142y i innowacje<\/li><li>Wsparcie dla szkole\u0144 i certyfikacji w zakresie IT i przyw\u00f3dztwa<\/li><li>Elastyczne \u015bwiadczenia firmowe<\/li><li>By\u0107 cz\u0119\u015bci\u0105 zespo\u0142u, kt\u00f3ry dba o krytyczn\u0105 infrastruktur\u0119 IT<\/li><\/ul><\/div><\/div>\t\t\t\t\t\t<\/div>\n\t\t\t\t<\/div>\n\t\t\t\t\t<\/div>\n\t\t<\/div>\n\t\t\t\t<div class=\"elementor-column elementor-col-50 elementor-top-column elementor-element elementor-element-1459974e\" data-id=\"1459974e\" data-element_type=\"column\" data-settings=\"{&quot;background_background&quot;:&quot;classic&quot;}\">\n\t\t\t<div class=\"elementor-widget-wrap elementor-element-populated\">\n\t\t\t\t\t\t\t\t<div class=\"elementor-element elementor-element-3426b12f elementor-widget elementor-widget-heading\" data-id=\"3426b12f\" data-element_type=\"widget\" data-widget_type=\"heading.default\">\n\t\t\t\t<div class=\"elementor-widget-container\">\n\t\t\t<h2 class=\"elementor-heading-title elementor-size-default\">My wymagamy<\/h2>\t\t<\/div>\n\t\t\t\t<\/div>\n\t\t\t\t<div class=\"elementor-element elementor-element-7f71d6f9 elementor-widget elementor-widget-text-editor\" data-id=\"7f71d6f9\" data-element_type=\"widget\" data-widget_type=\"text-editor.default\">\n\t\t\t\t<div class=\"elementor-widget-container\">\n\t\t\t\t\t\t\t<div class=\"elementor-element elementor-element-b377af6 elementor-widget elementor-widget-text-editor\" data-id=\"b377af6\" data-element_type=\"widget\" data-widget_type=\"text-editor.default\"><div class=\"elementor-widget-container\"><ul><li>Do\u015bwiadczenie w obs\u0142udze aplikacji i system\u00f3w IT<\/li><li>Znajomo\u015b\u0107 systemu operacyjnego LINUX<\/li><li>Znajomo\u015b\u0107 baz danych (SQL, PostgreSQL, MySQL)<\/li><li>Do\u015bwiadczenie w tworzeniu skrypt\u00f3w i automatyzacji zada\u0144<\/li><li>Umiej\u0119tno\u015b\u0107 rozwi\u0105zywania problem\u00f3w i pracy samodzielnej oraz w zespole<\/li><li>Ch\u0119\u0107 uczenia si\u0119 nowych technologii i usprawniania proces\u00f3w<\/li><li>Odpowiedzialno\u015b\u0107<\/li><\/ul><\/div><\/div>\t\t\t\t\t\t<\/div>\n\t\t\t\t<\/div>\n\t\t\t\t\t<\/div>\n\t\t<\/div>\n\t\t\t\t\t\t\t<\/div>\n\t\t<\/section>\n\t\t\t\t<section class=\"elementor-section elementor-top-section elementor-element elementor-element-315859da elementor-section-boxed elementor-section-height-default elementor-section-height-default\" data-id=\"315859da\" data-element_type=\"section\">\n\t\t\t\t\t\t<div class=\"elementor-container elementor-column-gap-default\">\n\t\t\t\t\t<div class=\"elementor-column elementor-col-100 elementor-top-column elementor-element elementor-element-7b972329\" data-id=\"7b972329\" data-element_type=\"column\">\n\t\t\t<div class=\"elementor-widget-wrap elementor-element-populated\">\n\t\t\t\t\t\t\t\t<div class=\"elementor-element elementor-element-295e3b2 elementor-widget elementor-widget-text-editor\" data-id=\"295e3b2\" data-element_type=\"widget\" data-widget_type=\"text-editor.default\">\n\t\t\t\t<div class=\"elementor-widget-container\">\n\t\t\t\t\t\t\t<p style=\"text-align: center;\">Je\u015bli jeste\u015b zainteresowany lub masz jakie\u015b pytania.<br \/>Napisz do nas na adres <a href=\"mailto:career@comverga.com\">career@comverga.com<\/a><\/p>\t\t\t\t\t\t<\/div>\n\t\t\t\t<\/div>\n\t\t\t\t\t<\/div>\n\t\t<\/div>\n\t\t\t\t\t\t\t<\/div>\n\t\t<\/section>\n\t\t\t\t\t\t\t<\/div>","protected":false},"excerpt":{"rendered":"<p>What you will do with us Your role will be to lead and coordinate the Operations team, which is responsible for managing infrastructure, network elements and system support. You will be responsible for planning and optimizing operational processes. You will be responsible for ensuring the availability and stability of IT services, including incident handling and [&hellip;]<\/p>","protected":false},"author":1,"featured_media":6194,"parent":0,"menu_order":0,"comment_status":"closed","ping_status":"closed","template":"","meta":{"footnotes":""},"_links":{"self":[{"href":"https:\/\/www.comverga.com\/int\/pl\/wp-json\/wp\/v2\/pages\/6193"}],"collection":[{"href":"https:\/\/www.comverga.com\/int\/pl\/wp-json\/wp\/v2\/pages"}],"about":[{"href":"https:\/\/www.comverga.com\/int\/pl\/wp-json\/wp\/v2\/types\/page"}],"author":[{"embeddable":true,"href":"https:\/\/www.comverga.com\/int\/pl\/wp-json\/wp\/v2\/users\/1"}],"replies":[{"embeddable":true,"href":"https:\/\/www.comverga.com\/int\/pl\/wp-json\/wp\/v2\/comments?post=6193"}],"version-history":[{"count":3,"href":"https:\/\/www.comverga.com\/int\/pl\/wp-json\/wp\/v2\/pages\/6193\/revisions"}],"predecessor-version":[{"id":6197,"href":"https:\/\/www.comverga.com\/int\/pl\/wp-json\/wp\/v2\/pages\/6193\/revisions\/6197"}],"wp:featuredmedia":[{"embeddable":true,"href":"https:\/\/www.comverga.com\/int\/pl\/wp-json\/wp\/v2\/media\/6194"}],"wp:attachment":[{"href":"https:\/\/www.comverga.com\/int\/pl\/wp-json\/wp\/v2\/media?parent=6193"}],"curies":[{"name":"wp","href":"https:\/\/api.w.org\/{rel}","templated":true}]}}