{"id":6241,"date":"2025-09-25T12:35:33","date_gmt":"2025-09-25T12:35:33","guid":{"rendered":"https:\/\/www.comverga.com\/int\/?page_id=6241"},"modified":"2025-09-30T08:39:09","modified_gmt":"2025-09-30T08:39:09","slug":"manufacturer-of-iot-devices-for-the-global-market","status":"publish","type":"page","link":"https:\/\/www.comverga.com\/int\/pl\/services\/software-as-a-service-platform-as-a-service\/sdp-for-esim-management\/manufacturer-of-iot-devices-for-the-global-market\/","title":{"rendered":"Producent urz\u0105dze\u0144 IoT na rynek globalny"},"content":{"rendered":"<div data-elementor-type=\"wp-page\" data-elementor-id=\"6241\" class=\"elementor elementor-6241\">\n\t\t\t\t\t\t\t\t\t<section class=\"elementor-section elementor-top-section elementor-element elementor-element-5b94f4f0 elementor-section-boxed elementor-section-height-default elementor-section-height-default\" data-id=\"5b94f4f0\" data-element_type=\"section\">\n\t\t\t\t\t\t<div class=\"elementor-container elementor-column-gap-default\">\n\t\t\t\t\t<div class=\"elementor-column elementor-col-50 elementor-top-column elementor-element elementor-element-377d92aa\" data-id=\"377d92aa\" data-element_type=\"column\">\n\t\t\t<div class=\"elementor-widget-wrap elementor-element-populated\">\n\t\t\t\t\t\t\t\t<div class=\"elementor-element elementor-element-13a74d20 elementor-widget elementor-widget-text-editor\" data-id=\"13a74d20\" data-element_type=\"widget\" data-widget_type=\"text-editor.default\">\n\t\t\t\t<div class=\"elementor-widget-container\">\n\t\t\t<style>\/*! elementor - v3.18.0 - 08-12-2023 *\/\n.elementor-widget-text-editor.elementor-drop-cap-view-stacked .elementor-drop-cap{background-color:#69727d;color:#fff}.elementor-widget-text-editor.elementor-drop-cap-view-framed .elementor-drop-cap{color:#69727d;border:3px solid;background-color:transparent}.elementor-widget-text-editor:not(.elementor-drop-cap-view-default) .elementor-drop-cap{margin-top:8px}.elementor-widget-text-editor:not(.elementor-drop-cap-view-default) .elementor-drop-cap-letter{width:1em;height:1em}.elementor-widget-text-editor .elementor-drop-cap{float:left;text-align:center;line-height:1;font-size:50px}.elementor-widget-text-editor .elementor-drop-cap-letter{display:inline-block}<\/style>\t\t\t\t<div class=\"usecase-text\"><h2 style=\"text-align: left; margin-top: 0;\">Producent urz\u0105dze\u0144 IoT na rynek globalny<\/h2><p>Firma jest wiod\u0105cym producentem czujnik\u00f3w i urz\u0105dze\u0144 IoT dla przemys\u0142u, inteligentnych dom\u00f3w i infrastruktury miejskiej. Jej produkty s\u0105 dystrybuowane na ca\u0142ym \u015bwiecie za po\u015brednictwem partner\u00f3w i dystrybutor\u00f3w. Podstawow\u0105 dzia\u0142alno\u015bci\u0105 firmy jest rozw\u00f3j sprz\u0119tu i oprogramowania, kt\u00f3re zapewniaj\u0105 klientom inteligentne i niezawodne rozwi\u0105zania bez konieczno\u015bci skomplikowanej lokalnej konfiguracji.<\/p><\/div>\t\t\t\t\t\t<\/div>\n\t\t\t\t<\/div>\n\t\t\t\t\t<\/div>\n\t\t<\/div>\n\t\t\t\t<div class=\"elementor-column elementor-col-50 elementor-top-column elementor-element elementor-element-131a2643\" data-id=\"131a2643\" data-element_type=\"column\">\n\t\t\t<div class=\"elementor-widget-wrap elementor-element-populated\">\n\t\t\t\t\t\t\t\t<div class=\"elementor-element elementor-element-2e94c178 elementor-widget elementor-widget-image\" data-id=\"2e94c178\" data-element_type=\"widget\" data-widget_type=\"image.default\">\n\t\t\t\t<div class=\"elementor-widget-container\">\n\t\t\t<style>\/*! elementor - v3.18.0 - 08-12-2023 *\/\n.elementor-widget-image{text-align:center}.elementor-widget-image a{display:inline-block}.elementor-widget-image a img[src$=\".svg\"]{width:48px}.elementor-widget-image img{vertical-align:middle;display:inline-block}<\/style>\t\t\t\t\t\t\t\t\t\t\t\t<img fetchpriority=\"high\" decoding=\"async\" width=\"580\" height=\"387\" src=\"https:\/\/www.comverga.com\/int\/wp-content\/uploads\/sites\/5\/2025\/09\/Case1-1.png\" class=\"attachment-large size-large wp-image-6243\" alt=\"\" srcset=\"https:\/\/www.comverga.com\/int\/wp-content\/uploads\/sites\/5\/2025\/09\/Case1-1.png 1000w, https:\/\/www.comverga.com\/int\/wp-content\/uploads\/sites\/5\/2025\/09\/Case1-1-300x200.png 300w, https:\/\/www.comverga.com\/int\/wp-content\/uploads\/sites\/5\/2025\/09\/Case1-1-768x512.png 768w, https:\/\/www.comverga.com\/int\/wp-content\/uploads\/sites\/5\/2025\/09\/Case1-1-18x12.png 18w\" sizes=\"(max-width: 580px) 100vw, 580px\" \/>\t\t\t\t\t\t\t\t\t\t\t\t\t\t\t<\/div>\n\t\t\t\t<\/div>\n\t\t\t\t\t<\/div>\n\t\t<\/div>\n\t\t\t\t\t\t\t<\/div>\n\t\t<\/section>\n\t\t\t\t<section class=\"elementor-section elementor-top-section elementor-element elementor-element-3f0fbbcf elementor-section-boxed elementor-section-height-default elementor-section-height-default\" data-id=\"3f0fbbcf\" data-element_type=\"section\">\n\t\t\t\t\t\t<div class=\"elementor-container elementor-column-gap-default\">\n\t\t\t\t\t<div class=\"elementor-column elementor-col-50 elementor-top-column elementor-element elementor-element-49020dc8\" data-id=\"49020dc8\" data-element_type=\"column\">\n\t\t\t<div class=\"elementor-widget-wrap elementor-element-populated\">\n\t\t\t\t\t\t\t\t<div class=\"elementor-element elementor-element-5725f8f9 elementor-widget elementor-widget-sidebar\" data-id=\"5725f8f9\" data-element_type=\"widget\" data-widget_type=\"sidebar.default\">\n\t\t\t\t<div class=\"elementor-widget-container\">\n\t\t\t\n<div class=\"wp-block-columns is-layout-flex wp-container-core-columns-layout-1 wp-block-columns-is-layout-flex\">\n<div class=\"wp-block-column is-layout-flow wp-block-column-is-layout-flow\">\n<div id=\"widget-box\" class=\"caravan\">\n<img decoding=\"async\" src=\"\/wp-content\/uploads\/2023\/04\/caravan-logo.jpg\"><br>\n<span>Przemys\u0142<\/span>\n<p>\n\t\tSystemy \u015bledzenia GPS pojazd\u00f3w, \u0142\u0105czno\u015b\u0107 danych\n\t<\/p>\n<span>Produkt<\/span>\n<p>\n\t\tRozwi\u0105zania umo\u017cliwiaj\u0105ce dost\u0119p do Internetu w podr\u00f3\u017cy\n\t<\/p>\n<\/div>\n<div id=\"widget-box\" class=\"support\">\n\t<img decoding=\"async\" src=\"https:\/\/www.coopmobil.cz\/wp-content\/uploads\/2021\/04\/coop-mobil-logo.svg\"><br>\n\t<span>Przemys\u0142<\/span>\n<p>\n\t\tOperator telekomunikacyjny - detaliczny\n\t<\/p>\n<span>Produkt<\/span>\n<p>\n\t\tPrzewodnik obs\u0142ugi klienta\n\t<\/p>\n<\/div>\n<div id=\"widget-box\" class=\"smart-watch\">\n\t<img decoding=\"async\" src=\"https:\/\/www.coopmobil.cz\/wp-content\/uploads\/2021\/04\/coop-mobil-logo.svg\"><br>\n\t<span>Przemys\u0142y<\/span>\n<p>\n\t\tOperator telekomunikacyjny - detaliczny\n\t<\/p>\n<span>Produkt<\/span>\n<p>\n\t\tPakiet smartwatch + \u0142\u0105czno\u015b\u0107 danych\n\t<\/p>\n<\/div>\n<div id=\"widget-box\" class=\"camera\">\n<img decoding=\"async\" src=\"\/wp-content\/uploads\/2023\/04\/camera-logo.jpg\"><br>\n<span>Przemys\u0142<\/span>\n<p>\n\t\tSystemy bezpiecze\u0144stwa\n\t<\/p>\n<span>Produkt<\/span>\n<p>\n\t\tKamery z transmisj\u0105 online\n\t<\/p>\n<\/div>\n<div id=\"widget-box\" class=\"event\">\n\t<img decoding=\"async\" src=\"\/cze\/wp-content\/uploads\/sites\/3\/2023\/04\/event-logo.png\" style=\"width: 50px\"><br>\n\t<span>Przemys\u0142<\/span>\n<p>\n\t\tFirma eventowa\n\t<\/p>\n<span>Produkt<\/span>\n<p>\n\t\tOrganizacja wydarzenia\n\t<\/p>\n<\/div>\n<div id=\"widget-box\" class=\"competition\">\n\t<img decoding=\"async\" src=\"\/cze\/wp-content\/uploads\/sites\/3\/2023\/04\/competition-logo.png\" style=\"width: 50px\"><br>\n\t<span>Przemys\u0142<\/span>\n<p>\n\t\tTowary detaliczne i konsumpcyjne\n\t<\/p>\n<span>Produkt<\/span>\n<p>\n\t\tKonkursy konsumenckie\n\t<\/p>\n<\/div>\n<div id=\"widget-box\" class=\"fmcg\">\n\t<img decoding=\"async\" src=\"\/wp-content\/uploads\/2023\/06\/fmcg-logo.png\" style=\"width: 50px\"><br>\n\t<span>Przemys\u0142<\/span>\n<p>\n\t\tFMCG<br>Fast Moving Consumer Goods\n\t<\/p>\n<span>Produkt<\/span>\n<p>\n\t\t\u017bywno\u015b\u0107, napoje, towary drogeryjne\n\t<\/p>\n<\/div>\n\n<div id=\"widget-box\" class=\"marketing\">\n\t<img decoding=\"async\" src=\"\/wp-content\/uploads\/2023\/06\/marketing-logo.png\" style=\"width: 50px\"><br>\n\t<span>Przemys\u0142<\/span>\n<p>\n\t\tKomunikacja marketingowa\n\t<\/p>\n<span>Produkt<\/span>\n<p>\n\t\tRealizacja mailing\u00f3w marketingowych\n\t<\/p>\n<\/div>\n<div id=\"widget-box\" class=\"operator\">\n\t<img decoding=\"async\" src=\"https:\/\/www.coopmobil.cz\/wp-content\/uploads\/2021\/04\/coop-mobil-logo.svg\"><br>\n\t<span>Przemys\u0142<\/span>\n<p>\n\t\tOperator telekomunikacyjny - Detal\n\t<\/p>\n<span>Produkt<\/span>\n<p>\n\t\tWdro\u017cenie programu lojalno\u015bciowego\n\t<\/p>\n<\/div>\n\n<div id=\"widget-box\" class=\"iot\">\n\t<img decoding=\"async\" src=\"\/cze\/wp-content\/uploads\/sites\/3\/2025\/09\/iot_icon.png\" style=\"width: 50px\"><br>\n\t<span>Przemys\u0142y<\/span>\n<p>\n\t\tIoT, SIM\/eSIM management\n\t<\/p>\n<span>Produkt<\/span>\n<p>\n\t\tCzujniki IoT dla przemys\u0142u i gospodarstw domowych\n\t<\/p>\n<\/div>\n\n<div id=\"widget-box\" class=\"truck\">\n\t<img decoding=\"async\" src=\"\/cze\/wp-content\/uploads\/sites\/3\/2025\/09\/truck_monitoring.png\" style=\"width: 50px\"><br>\n\t<span>Przemys\u0142y<\/span>\n<p>\n\t\tIoT, SIM\/eSIM management\n\t<\/p>\n<span>Produkt<\/span>\n<p>\n\t\teSIM do monitorowania pojazd\u00f3w \n\t<\/p>\n<\/div>\n\n<div id=\"widget-box\" class=\"drone\">\n\t<img decoding=\"async\" src=\"\/cze\/wp-content\/uploads\/sites\/3\/2025\/09\/drone_icon.png\" style=\"width: 80px\"><br>\n\t<span>Przemys\u0142y<\/span>\n<p>\n\t\t IoT, SIM\/eSIM management\n\t<\/p>\n<span>Produkt<\/span>\n<p>\n\t\t eSIM dla floty dron\u00f3w \n\t<\/p>\n<\/div>\n<\/div>\n<\/div>\n\t\t<\/div>\n\t\t\t\t<\/div>\n\t\t\t\t\t<\/div>\n\t\t<\/div>\n\t\t\t\t<div class=\"elementor-column elementor-col-50 elementor-top-column elementor-element elementor-element-36931686\" data-id=\"36931686\" data-element_type=\"column\">\n\t\t\t<div class=\"elementor-widget-wrap elementor-element-populated\">\n\t\t\t\t\t\t\t\t<div class=\"elementor-element elementor-element-3091bae elementor-widget elementor-widget-text-editor\" data-id=\"3091bae\" data-element_type=\"widget\" data-widget_type=\"text-editor.default\">\n\t\t\t\t<div class=\"elementor-widget-container\">\n\t\t\t\t\t\t\t<p>Firma stoi przed trudnym problemem logistycznym \u2013 nie wie, gdzie dok\u0142adnie urz\u0105dzenia zostan\u0105 aktywowane i jakie profile b\u0119d\u0105 musia\u0142y zosta\u0107 zapisane w chipach. Posiadanie zapas\u00f3w z tysi\u0105cami r\u00f3\u017cnych profili SIM dla poszczeg\u00f3lnych kraj\u00f3w jest nieop\u0142acalne zar\u00f3wno pod wzgl\u0119dem finansowym, jak i procesowym. Ponadto urz\u0105dzenia s\u0105 cz\u0119sto tzw. sealed (nieotwieralne) i nie ma mo\u017cliwo\u015bci fizycznej wymiany karty SIM. Firma potrzebuje zatem narz\u0119dzia, kt\u00f3re umo\u017cliwi zdalne zarz\u0105dzanie profilami i ich dynamiczn\u0105 aktywacj\u0119 w zale\u017cno\u015bci od lokalizacji i zg\u0142osze\u0144 urz\u0105dze\u0144.<\/p><p>Dzi\u0119ki rozwi\u0105zaniu COMVERGA eSIM partner zyskuje intuicyjne \u015brodowisko, w kt\u00f3rym mo\u017ce zdalnie zarz\u0105dza\u0107 wieloma profilami i zmienia\u0107 je w zale\u017cno\u015bci od aktualnej lokalizacji i aktywno\u015bci urz\u0105dzenia.<\/p>\t\t\t\t\t\t<\/div>\n\t\t\t\t<\/div>\n\t\t\t\t\t<\/div>\n\t\t<\/div>\n\t\t\t\t\t\t\t<\/div>\n\t\t<\/section>\n\t\t\t\t<section class=\"elementor-section elementor-top-section elementor-element elementor-element-21fbd648 elementor-section-boxed elementor-section-height-default elementor-section-height-default\" data-id=\"21fbd648\" data-element_type=\"section\">\n\t\t\t\t\t\t<div class=\"elementor-container elementor-column-gap-default\">\n\t\t\t\t\t<div class=\"elementor-column elementor-col-50 elementor-top-column elementor-element elementor-element-608f4a78\" data-id=\"608f4a78\" data-element_type=\"column\" data-settings=\"{&quot;background_background&quot;:&quot;classic&quot;}\">\n\t\t\t<div class=\"elementor-widget-wrap elementor-element-populated\">\n\t\t\t\t\t\t\t\t<div class=\"elementor-element elementor-element-787532b9 elementor-widget elementor-widget-text-editor\" data-id=\"787532b9\" data-element_type=\"widget\" data-widget_type=\"text-editor.default\">\n\t\t\t\t<div class=\"elementor-widget-container\">\n\t\t\t\t\t\t\t<h3>Partner otrzymuje:<\/h3><div class=\"page\" title=\"Strona 4\"><div class=\"layoutArea\"><div class=\"column\"><ul><li>Redukcja koszt\u00f3w logistyki i przechowywania kart SIM<\/li><li>Wdro\u017cenie jednego neutralnego profilu podczas produkcji urz\u0105dze\u0144<\/li><li>Elastyczne prze\u0142\u0105czanie mi\u0119dzy operatorami w zale\u017cno\u015bci od aktualnej lokalizacji<\/li><li>Niezawodno\u015b\u0107 urz\u0105dze\u0144 dzi\u0119ki redundancji dost\u0119pnych sieci<\/li><li>Szybsze wprowadzanie produkt\u00f3w na nowe rynki bez barier<\/li><\/ul><\/div><\/div><\/div>\t\t\t\t\t\t<\/div>\n\t\t\t\t<\/div>\n\t\t\t\t\t<\/div>\n\t\t<\/div>\n\t\t\t\t<div class=\"elementor-column elementor-col-50 elementor-top-column elementor-element elementor-element-7effe1be\" data-id=\"7effe1be\" data-element_type=\"column\" data-settings=\"{&quot;background_background&quot;:&quot;classic&quot;}\">\n\t\t\t<div class=\"elementor-widget-wrap elementor-element-populated\">\n\t\t\t\t\t\t\t\t<div class=\"elementor-element elementor-element-42440e94 elementor-widget elementor-widget-text-editor\" data-id=\"42440e94\" data-element_type=\"widget\" data-widget_type=\"text-editor.default\">\n\t\t\t\t<div class=\"elementor-widget-container\">\n\t\t\t\t\t\t\t<h3>COMVERGA zapewnia:<\/h3><ul><li>Centralne zdalne zarz\u0105dzanie wszystkimi profilami eSIM<\/li><li>Automatyczne wykrywanie i zmian\u0119 profilu w zale\u017cno\u015bci od kraju i sieci<\/li><li>Bezpieczne przesy\u0142anie nowych profili OTA (Over-The-Air)<\/li><li>Szczeg\u00f3\u0142owe monitorowanie ruchu i wydajno\u015bci ka\u017cdego urz\u0105dzenia<\/li><li>Zintegrowane narz\u0119dzia do optymalizacji i raportowania<\/li><\/ul>\t\t\t\t\t\t<\/div>\n\t\t\t\t<\/div>\n\t\t\t\t\t<\/div>\n\t\t<\/div>\n\t\t\t\t\t\t\t<\/div>\n\t\t<\/section>\n\t\t\t\t\t\t\t<\/div>","protected":false},"excerpt":{"rendered":"<p>Manufacturer of IoT devices for the global market The company is a leading manufacturer of IoT sensors and devices for industry, smart homes, and urban infrastructure. Their products are distributed worldwide through partners and distributors. The company&#8217;s core business is the development of hardware and software that provides customers with smart and reliable solutions without [&hellip;]<\/p>","protected":false},"author":1,"featured_media":6243,"parent":6214,"menu_order":0,"comment_status":"closed","ping_status":"closed","template":"","meta":{"footnotes":""},"_links":{"self":[{"href":"https:\/\/www.comverga.com\/int\/pl\/wp-json\/wp\/v2\/pages\/6241"}],"collection":[{"href":"https:\/\/www.comverga.com\/int\/pl\/wp-json\/wp\/v2\/pages"}],"about":[{"href":"https:\/\/www.comverga.com\/int\/pl\/wp-json\/wp\/v2\/types\/page"}],"author":[{"embeddable":true,"href":"https:\/\/www.comverga.com\/int\/pl\/wp-json\/wp\/v2\/users\/1"}],"replies":[{"embeddable":true,"href":"https:\/\/www.comverga.com\/int\/pl\/wp-json\/wp\/v2\/comments?post=6241"}],"version-history":[{"count":10,"href":"https:\/\/www.comverga.com\/int\/pl\/wp-json\/wp\/v2\/pages\/6241\/revisions"}],"predecessor-version":[{"id":6321,"href":"https:\/\/www.comverga.com\/int\/pl\/wp-json\/wp\/v2\/pages\/6241\/revisions\/6321"}],"up":[{"embeddable":true,"href":"https:\/\/www.comverga.com\/int\/pl\/wp-json\/wp\/v2\/pages\/6214"}],"wp:featuredmedia":[{"embeddable":true,"href":"https:\/\/www.comverga.com\/int\/pl\/wp-json\/wp\/v2\/media\/6243"}],"wp:attachment":[{"href":"https:\/\/www.comverga.com\/int\/pl\/wp-json\/wp\/v2\/media?parent=6241"}],"curies":[{"name":"wp","href":"https:\/\/api.w.org\/{rel}","templated":true}]}}