{"id":6247,"date":"2025-09-25T12:40:27","date_gmt":"2025-09-25T12:40:27","guid":{"rendered":"https:\/\/www.comverga.com\/int\/?page_id=6247"},"modified":"2025-10-02T06:29:06","modified_gmt":"2025-10-02T06:29:06","slug":"international-transport-company-with-a-large-fleet","status":"publish","type":"page","link":"https:\/\/www.comverga.com\/int\/pl\/services\/software-as-a-service-platform-as-a-service\/sdp-for-esim-management\/international-transport-company-with-a-large-fleet\/","title":{"rendered":"Mi\u0119dzynarodowa firma transportowa z du\u017cym parkiem samochodowym"},"content":{"rendered":"<div data-elementor-type=\"wp-page\" data-elementor-id=\"6247\" class=\"elementor elementor-6247\">\n\t\t\t\t\t\t\t\t\t<section class=\"elementor-section elementor-top-section elementor-element elementor-element-5b94f4f0 elementor-section-boxed elementor-section-height-default elementor-section-height-default\" data-id=\"5b94f4f0\" data-element_type=\"section\">\n\t\t\t\t\t\t<div class=\"elementor-container elementor-column-gap-default\">\n\t\t\t\t\t<div class=\"elementor-column elementor-col-50 elementor-top-column elementor-element elementor-element-377d92aa\" data-id=\"377d92aa\" data-element_type=\"column\">\n\t\t\t<div class=\"elementor-widget-wrap elementor-element-populated\">\n\t\t\t\t\t\t\t\t<div class=\"elementor-element elementor-element-13a74d20 elementor-widget elementor-widget-text-editor\" data-id=\"13a74d20\" data-element_type=\"widget\" data-widget_type=\"text-editor.default\">\n\t\t\t\t<div class=\"elementor-widget-container\">\n\t\t\t<style>\/*! elementor - v3.18.0 - 08-12-2023 *\/\n.elementor-widget-text-editor.elementor-drop-cap-view-stacked .elementor-drop-cap{background-color:#69727d;color:#fff}.elementor-widget-text-editor.elementor-drop-cap-view-framed .elementor-drop-cap{color:#69727d;border:3px solid;background-color:transparent}.elementor-widget-text-editor:not(.elementor-drop-cap-view-default) .elementor-drop-cap{margin-top:8px}.elementor-widget-text-editor:not(.elementor-drop-cap-view-default) .elementor-drop-cap-letter{width:1em;height:1em}.elementor-widget-text-editor .elementor-drop-cap{float:left;text-align:center;line-height:1;font-size:50px}.elementor-widget-text-editor .elementor-drop-cap-letter{display:inline-block}<\/style>\t\t\t\t<div class=\"usecase-text\"><h2 style=\"text-align: left; margin-top: 0;\">Mi\u0119dzynarodowa firma transportowa z du\u017cym parkiem samochodowym<\/h2><p>Firma dysponuje rozbudowan\u0105 flot\u0105 samochod\u00f3w ci\u0119\u017carowych, dostawczych i specjalistycznych pojazd\u00f3w transportowych. Jej podstawow\u0105 dzia\u0142alno\u015bci\u0105 jest mi\u0119dzynarodowy transport towar\u00f3w, cz\u0119sto na terenie ca\u0142ej Europy. K\u0142adzie nacisk na dok\u0142adno\u015b\u0107, terminowo\u015b\u0107 i bezpiecze\u0144stwo transportu.<\/p><\/div>\t\t\t\t\t\t<\/div>\n\t\t\t\t<\/div>\n\t\t\t\t\t<\/div>\n\t\t<\/div>\n\t\t\t\t<div class=\"elementor-column elementor-col-50 elementor-top-column elementor-element elementor-element-131a2643\" data-id=\"131a2643\" data-element_type=\"column\">\n\t\t\t<div class=\"elementor-widget-wrap elementor-element-populated\">\n\t\t\t\t\t\t\t\t<div class=\"elementor-element elementor-element-2e94c178 elementor-widget__width-initial elementor-widget elementor-widget-image\" data-id=\"2e94c178\" data-element_type=\"widget\" data-widget_type=\"image.default\">\n\t\t\t\t<div class=\"elementor-widget-container\">\n\t\t\t<style>\/*! elementor - v3.18.0 - 08-12-2023 *\/\n.elementor-widget-image{text-align:center}.elementor-widget-image a{display:inline-block}.elementor-widget-image a img[src$=\".svg\"]{width:48px}.elementor-widget-image img{vertical-align:middle;display:inline-block}<\/style>\t\t\t\t\t\t\t\t\t\t\t\t<img fetchpriority=\"high\" decoding=\"async\" width=\"580\" height=\"387\" src=\"https:\/\/www.comverga.com\/int\/wp-content\/uploads\/sites\/5\/2025\/09\/Case2.png\" class=\"attachment-large size-large wp-image-6224\" alt=\"\" srcset=\"https:\/\/www.comverga.com\/int\/wp-content\/uploads\/sites\/5\/2025\/09\/Case2.png 1000w, https:\/\/www.comverga.com\/int\/wp-content\/uploads\/sites\/5\/2025\/09\/Case2-300x200.png 300w, https:\/\/www.comverga.com\/int\/wp-content\/uploads\/sites\/5\/2025\/09\/Case2-768x512.png 768w, https:\/\/www.comverga.com\/int\/wp-content\/uploads\/sites\/5\/2025\/09\/Case2-18x12.png 18w\" sizes=\"(max-width: 580px) 100vw, 580px\" \/>\t\t\t\t\t\t\t\t\t\t\t\t\t\t\t<\/div>\n\t\t\t\t<\/div>\n\t\t\t\t\t<\/div>\n\t\t<\/div>\n\t\t\t\t\t\t\t<\/div>\n\t\t<\/section>\n\t\t\t\t<section class=\"elementor-section elementor-top-section elementor-element elementor-element-3f0fbbcf elementor-section-boxed elementor-section-height-default elementor-section-height-default\" data-id=\"3f0fbbcf\" data-element_type=\"section\">\n\t\t\t\t\t\t<div class=\"elementor-container elementor-column-gap-default\">\n\t\t\t\t\t<div class=\"elementor-column elementor-col-50 elementor-top-column elementor-element elementor-element-49020dc8\" data-id=\"49020dc8\" data-element_type=\"column\">\n\t\t\t<div class=\"elementor-widget-wrap elementor-element-populated\">\n\t\t\t\t\t\t\t\t<div class=\"elementor-element elementor-element-5725f8f9 elementor-widget elementor-widget-sidebar\" data-id=\"5725f8f9\" data-element_type=\"widget\" data-widget_type=\"sidebar.default\">\n\t\t\t\t<div class=\"elementor-widget-container\">\n\t\t\t\n<div class=\"wp-block-columns is-layout-flex wp-container-core-columns-layout-1 wp-block-columns-is-layout-flex\">\n<div class=\"wp-block-column is-layout-flow wp-block-column-is-layout-flow\">\n<div id=\"widget-box\" class=\"caravan\">\n<img decoding=\"async\" src=\"\/wp-content\/uploads\/2023\/04\/caravan-logo.jpg\"><br>\n<span>Przemys\u0142<\/span>\n<p>\n\t\tSystemy \u015bledzenia GPS pojazd\u00f3w, \u0142\u0105czno\u015b\u0107 danych\n\t<\/p>\n<span>Produkt<\/span>\n<p>\n\t\tRozwi\u0105zania umo\u017cliwiaj\u0105ce dost\u0119p do Internetu w podr\u00f3\u017cy\n\t<\/p>\n<\/div>\n<div id=\"widget-box\" class=\"support\">\n\t<img decoding=\"async\" src=\"https:\/\/www.coopmobil.cz\/wp-content\/uploads\/2021\/04\/coop-mobil-logo.svg\"><br>\n\t<span>Przemys\u0142<\/span>\n<p>\n\t\tOperator telekomunikacyjny - detaliczny\n\t<\/p>\n<span>Produkt<\/span>\n<p>\n\t\tPrzewodnik obs\u0142ugi klienta\n\t<\/p>\n<\/div>\n<div id=\"widget-box\" class=\"smart-watch\">\n\t<img decoding=\"async\" src=\"https:\/\/www.coopmobil.cz\/wp-content\/uploads\/2021\/04\/coop-mobil-logo.svg\"><br>\n\t<span>Przemys\u0142y<\/span>\n<p>\n\t\tOperator telekomunikacyjny - detaliczny\n\t<\/p>\n<span>Produkt<\/span>\n<p>\n\t\tPakiet smartwatch + \u0142\u0105czno\u015b\u0107 danych\n\t<\/p>\n<\/div>\n<div id=\"widget-box\" class=\"camera\">\n<img decoding=\"async\" src=\"\/wp-content\/uploads\/2023\/04\/camera-logo.jpg\"><br>\n<span>Przemys\u0142<\/span>\n<p>\n\t\tSystemy bezpiecze\u0144stwa\n\t<\/p>\n<span>Produkt<\/span>\n<p>\n\t\tKamery z transmisj\u0105 online\n\t<\/p>\n<\/div>\n<div id=\"widget-box\" class=\"event\">\n\t<img decoding=\"async\" src=\"\/cze\/wp-content\/uploads\/sites\/3\/2023\/04\/event-logo.png\" style=\"width: 50px\"><br>\n\t<span>Przemys\u0142<\/span>\n<p>\n\t\tFirma eventowa\n\t<\/p>\n<span>Produkt<\/span>\n<p>\n\t\tOrganizacja wydarzenia\n\t<\/p>\n<\/div>\n<div id=\"widget-box\" class=\"competition\">\n\t<img decoding=\"async\" src=\"\/cze\/wp-content\/uploads\/sites\/3\/2023\/04\/competition-logo.png\" style=\"width: 50px\"><br>\n\t<span>Przemys\u0142<\/span>\n<p>\n\t\tTowary detaliczne i konsumpcyjne\n\t<\/p>\n<span>Produkt<\/span>\n<p>\n\t\tKonkursy konsumenckie\n\t<\/p>\n<\/div>\n<div id=\"widget-box\" class=\"fmcg\">\n\t<img decoding=\"async\" src=\"\/wp-content\/uploads\/2023\/06\/fmcg-logo.png\" style=\"width: 50px\"><br>\n\t<span>Przemys\u0142<\/span>\n<p>\n\t\tFMCG<br>Fast Moving Consumer Goods\n\t<\/p>\n<span>Produkt<\/span>\n<p>\n\t\t\u017bywno\u015b\u0107, napoje, towary drogeryjne\n\t<\/p>\n<\/div>\n\n<div id=\"widget-box\" class=\"marketing\">\n\t<img decoding=\"async\" src=\"\/wp-content\/uploads\/2023\/06\/marketing-logo.png\" style=\"width: 50px\"><br>\n\t<span>Przemys\u0142<\/span>\n<p>\n\t\tKomunikacja marketingowa\n\t<\/p>\n<span>Produkt<\/span>\n<p>\n\t\tRealizacja mailing\u00f3w marketingowych\n\t<\/p>\n<\/div>\n<div id=\"widget-box\" class=\"operator\">\n\t<img decoding=\"async\" src=\"https:\/\/www.coopmobil.cz\/wp-content\/uploads\/2021\/04\/coop-mobil-logo.svg\"><br>\n\t<span>Przemys\u0142<\/span>\n<p>\n\t\tOperator telekomunikacyjny - Detal\n\t<\/p>\n<span>Produkt<\/span>\n<p>\n\t\tWdro\u017cenie programu lojalno\u015bciowego\n\t<\/p>\n<\/div>\n\n<div id=\"widget-box\" class=\"iot\">\n\t<img decoding=\"async\" src=\"\/cze\/wp-content\/uploads\/sites\/3\/2025\/09\/iot_icon.png\" style=\"width: 50px\"><br>\n\t<span>Przemys\u0142y<\/span>\n<p>\n\t\tIoT, SIM\/eSIM management\n\t<\/p>\n<span>Produkt<\/span>\n<p>\n\t\tCzujniki IoT dla przemys\u0142u i gospodarstw domowych\n\t<\/p>\n<\/div>\n\n<div id=\"widget-box\" class=\"truck\">\n\t<img decoding=\"async\" src=\"\/cze\/wp-content\/uploads\/sites\/3\/2025\/09\/truck_monitoring.png\" style=\"width: 50px\"><br>\n\t<span>Przemys\u0142y<\/span>\n<p>\n\t\tIoT, SIM\/eSIM management\n\t<\/p>\n<span>Produkt<\/span>\n<p>\n\t\teSIM do monitorowania pojazd\u00f3w \n\t<\/p>\n<\/div>\n\n<div id=\"widget-box\" class=\"drone\">\n\t<img decoding=\"async\" src=\"\/cze\/wp-content\/uploads\/sites\/3\/2025\/09\/drone_icon.png\" style=\"width: 80px\"><br>\n\t<span>Przemys\u0142y<\/span>\n<p>\n\t\t IoT, SIM\/eSIM management\n\t<\/p>\n<span>Produkt<\/span>\n<p>\n\t\t eSIM dla floty dron\u00f3w \n\t<\/p>\n<\/div>\n<\/div>\n<\/div>\n\t\t<\/div>\n\t\t\t\t<\/div>\n\t\t\t\t\t<\/div>\n\t\t<\/div>\n\t\t\t\t<div class=\"elementor-column elementor-col-50 elementor-top-column elementor-element elementor-element-36931686\" data-id=\"36931686\" data-element_type=\"column\">\n\t\t\t<div class=\"elementor-widget-wrap elementor-element-populated\">\n\t\t\t\t\t\t\t\t<div class=\"elementor-element elementor-element-3091bae elementor-widget elementor-widget-text-editor\" data-id=\"3091bae\" data-element_type=\"widget\" data-widget_type=\"text-editor.default\">\n\t\t\t\t<div class=\"elementor-widget-container\">\n\t\t\t\t\t\t\t<p>G\u0142\u00f3wnym problemem s\u0105 wysokie rachunki za roaming podczas przekraczania granic oraz brak narz\u0119dzia do optymalizacji cen po\u0142\u0105cze\u0144. Ponadto firma boryka si\u0119 z cz\u0119stymi przerwami w po\u0142\u0105czeniu podczas zmiany sieci w roamingu, co utrudnia monitorowanie pojazd\u00f3w w czasie rzeczywistym. Firma potrzebuje sta\u0142ego nadzoru nad flot\u0105 \u2013 od \u015bledzenia lokalizacji, poprzez monitorowanie zachowania kierowc\u00f3w, a\u017c po bezpiecze\u0144stwo przewo\u017conych towar\u00f3w.<\/p><p>Dzi\u0119ki rozwi\u0105zaniu COMVERGA eSIM partner zyskuje intuicyjne \u015brodowisko, w kt\u00f3rym mo\u017ce zdalnie zarz\u0105dza\u0107 ca\u0142ym swoim parkiem samochodowym, mie\u0107 go stale pod kontrol\u0105 i zminimalizowa\u0107 koszty operacyjne do minimum.<\/p>\t\t\t\t\t\t<\/div>\n\t\t\t\t<\/div>\n\t\t\t\t\t<\/div>\n\t\t<\/div>\n\t\t\t\t\t\t\t<\/div>\n\t\t<\/section>\n\t\t\t\t<section class=\"elementor-section elementor-top-section elementor-element elementor-element-21fbd648 elementor-section-boxed elementor-section-height-default elementor-section-height-default\" data-id=\"21fbd648\" data-element_type=\"section\">\n\t\t\t\t\t\t<div class=\"elementor-container elementor-column-gap-default\">\n\t\t\t\t\t<div class=\"elementor-column elementor-col-50 elementor-top-column elementor-element elementor-element-608f4a78\" data-id=\"608f4a78\" data-element_type=\"column\" data-settings=\"{&quot;background_background&quot;:&quot;classic&quot;}\">\n\t\t\t<div class=\"elementor-widget-wrap elementor-element-populated\">\n\t\t\t\t\t\t\t\t<div class=\"elementor-element elementor-element-787532b9 elementor-widget elementor-widget-text-editor\" data-id=\"787532b9\" data-element_type=\"widget\" data-widget_type=\"text-editor.default\">\n\t\t\t\t<div class=\"elementor-widget-container\">\n\t\t\t\t\t\t\t<h3>Partner otrzymuje:<\/h3><div class=\"page\" title=\"Strona 4\"><div class=\"layoutArea\"><div class=\"column\"><ul><li>Obni\u017cenie koszt\u00f3w roamingu i \u0142\u0105czno\u015bci danych<\/li><li>Ci\u0105g\u0142y nadz\u00f3r nad ca\u0142ym parkiem samochodowym<\/li><li>Automatyczne prze\u0142\u0105czanie mi\u0119dzy operatorami w zale\u017cno\u015bci od dost\u0119pno\u015bci<\/li><li>Wi\u0119ksze bezpiecze\u0144stwo transportu dzi\u0119ki stabilnemu po\u0142\u0105czeniu<\/li><li>Jednolite zarz\u0105dzanie i raportowanie w ramach ca\u0142ej floty<\/li><\/ul><\/div><\/div><\/div>\t\t\t\t\t\t<\/div>\n\t\t\t\t<\/div>\n\t\t\t\t\t<\/div>\n\t\t<\/div>\n\t\t\t\t<div class=\"elementor-column elementor-col-50 elementor-top-column elementor-element elementor-element-7effe1be\" data-id=\"7effe1be\" data-element_type=\"column\" data-settings=\"{&quot;background_background&quot;:&quot;classic&quot;}\">\n\t\t\t<div class=\"elementor-widget-wrap elementor-element-populated\">\n\t\t\t\t\t\t\t\t<div class=\"elementor-element elementor-element-42440e94 elementor-widget elementor-widget-text-editor\" data-id=\"42440e94\" data-element_type=\"widget\" data-widget_type=\"text-editor.default\">\n\t\t\t\t<div class=\"elementor-widget-container\">\n\t\t\t\t\t\t\t<h3>COMVERGA zapewnia:<\/h3><ul><li>Dynamiczne prze\u0142\u0105czanie profili podczas przekraczania granic<\/li><li>Monitorowanie pojazd\u00f3w w czasie rzeczywistym (lokalizacja, wydajno\u015b\u0107 itp.)<\/li><li>Dane do analizy prognozowanego zu\u017cycia paliwa i koszt\u00f3w eksploatacji<\/li><li>Integracj\u0119 z systemami zarz\u0105dzania flot\u0105 przewo\u017anika<\/li><li>Centraln\u0105 platform\u0119 z mo\u017cliwo\u015bci\u0105 natychmiastowej interwencji<\/li><\/ul>\t\t\t\t\t\t<\/div>\n\t\t\t\t<\/div>\n\t\t\t\t\t<\/div>\n\t\t<\/div>\n\t\t\t\t\t\t\t<\/div>\n\t\t<\/section>\n\t\t\t\t\t\t\t<\/div>","protected":false},"excerpt":{"rendered":"<p>International transport company with a large fleet The company operates an extensive fleet of trucks, vans, and special transport vehicles. Their core business is international freight transport, often across Europe. They emphasize accuracy, timeliness, and transport safety. The main problem is high roaming charges when crossing borders and the lack of a tool for optimizing [&hellip;]<\/p>","protected":false},"author":1,"featured_media":6224,"parent":6214,"menu_order":0,"comment_status":"closed","ping_status":"closed","template":"","meta":{"footnotes":""},"_links":{"self":[{"href":"https:\/\/www.comverga.com\/int\/pl\/wp-json\/wp\/v2\/pages\/6247"}],"collection":[{"href":"https:\/\/www.comverga.com\/int\/pl\/wp-json\/wp\/v2\/pages"}],"about":[{"href":"https:\/\/www.comverga.com\/int\/pl\/wp-json\/wp\/v2\/types\/page"}],"author":[{"embeddable":true,"href":"https:\/\/www.comverga.com\/int\/pl\/wp-json\/wp\/v2\/users\/1"}],"replies":[{"embeddable":true,"href":"https:\/\/www.comverga.com\/int\/pl\/wp-json\/wp\/v2\/comments?post=6247"}],"version-history":[{"count":21,"href":"https:\/\/www.comverga.com\/int\/pl\/wp-json\/wp\/v2\/pages\/6247\/revisions"}],"predecessor-version":[{"id":6371,"href":"https:\/\/www.comverga.com\/int\/pl\/wp-json\/wp\/v2\/pages\/6247\/revisions\/6371"}],"up":[{"embeddable":true,"href":"https:\/\/www.comverga.com\/int\/pl\/wp-json\/wp\/v2\/pages\/6214"}],"wp:featuredmedia":[{"embeddable":true,"href":"https:\/\/www.comverga.com\/int\/pl\/wp-json\/wp\/v2\/media\/6224"}],"wp:attachment":[{"href":"https:\/\/www.comverga.com\/int\/pl\/wp-json\/wp\/v2\/media?parent=6247"}],"curies":[{"name":"wp","href":"https:\/\/api.w.org\/{rel}","templated":true}]}}