{"id":155,"date":"2020-11-25T12:11:54","date_gmt":"2020-11-25T11:11:54","guid":{"rendered":"https:\/\/www.comverga.com\/?page_id=155"},"modified":"2020-11-25T12:11:54","modified_gmt":"2020-11-25T11:11:54","slug":"sms-messaging-services","status":"publish","type":"page","link":"https:\/\/www.comverga.com\/pol\/cs\/services\/sms-messaging-services\/","title":{"rendered":"Slu\u017eby SMS \/ zas\u00edl\u00e1n\u00ed zpr\u00e1v"},"content":{"rendered":"<p>Pokud pot\u0159ebujete rychle a efektivn\u011b komunikovat se sv\u00fdmi partnery, z\u00e1kazn\u00edky nebo klienty, vyu\u017eijte komunikaci prost\u0159ednictv\u00edm SMS. SMS m\u016f\u017eete vyu\u017e\u00edt jednosm\u011brn\u011b, nap\u0159\u00edklad k informov\u00e1n\u00ed z\u00e1kazn\u00edk\u016f o novink\u00e1ch, cenov\u00fdch nab\u00eddk\u00e1ch, aktu\u00e1ln\u00edch slev\u00e1ch. Nebo je mo\u017en\u00e9 kontaktovat z\u00e1kazn\u00edky, ob\u010dany a zpracov\u00e1vat jejich odpov\u011bdi obousm\u011brn\u011b pomoc\u00ed SMS pr\u016fzkumu a kampan\u011b.<br>Krom\u011b SMS m\u016f\u017eete p\u0159i komunikaci pou\u017e\u00edvat tak\u00e9 hlasov\u00e9 zpr\u00e1vy, e-maily a r\u016fzn\u00e9 komunika\u010dn\u00ed aplikace.<\/p>","protected":false},"excerpt":{"rendered":"<p>Pokud pot\u0159ebujete rychle a efektivn\u011b komunikovat se sv\u00fdmi partnery, z\u00e1kazn\u00edky nebo klienty, vyu\u017eijte komunikaci prost\u0159ednictv\u00edm SMS. SMS m\u016f\u017eete vyu\u017e\u00edt jednosm\u011brn\u011b, nap\u0159\u00edklad k informov\u00e1n\u00ed z\u00e1kazn\u00edk\u016f o novink\u00e1ch, cenov\u00fdch nab\u00eddk\u00e1ch, aktu\u00e1ln\u00edch slev\u00e1ch. Nebo je mo\u017en\u00e9 kontaktovat z\u00e1kazn\u00edky, ob\u010dany a zpracov\u00e1vat jejich odpov\u011bdi obousm\u011brn\u011b pomoc\u00ed SMS pr\u016fzkumu a kampan\u011b. v [...].<\/p>","protected":false},"author":1,"featured_media":234,"parent":153,"menu_order":103,"comment_status":"closed","ping_status":"closed","template":"","meta":{"footnotes":""},"yoast_head":"<!-- This site is optimized with the Yoast SEO plugin v21.6 - https:\/\/yoast.com\/wordpress\/plugins\/seo\/ -->\n<title>SMS \/ Messaging Services - COMVERGA Poland<\/title>\n<meta name=\"description\" content=\"If you need to communicate quickly and efficiently with your partners, customers, clients, use communication via SMS.\" \/>\n<meta name=\"robots\" content=\"index, follow, max-snippet:-1, max-image-preview:large, max-video-preview:-1\" \/>\n<link rel=\"canonical\" href=\"https:\/\/www.comverga.com\/pol\/cs\/services\/sms-messaging-services\/\" \/>\n<meta property=\"og:locale\" content=\"cs_CZ\" \/>\n<meta property=\"og:type\" content=\"article\" \/>\n<meta property=\"og:title\" content=\"SMS \/ Messaging Services - COMVERGA Poland\" \/>\n<meta property=\"og:description\" content=\"If you need to communicate quickly and efficiently with your partners, customers, clients, use communication via SMS.\" \/>\n<meta property=\"og:url\" content=\"https:\/\/www.comverga.com\/pol\/cs\/services\/sms-messaging-services\/\" \/>\n<meta property=\"og:site_name\" content=\"COMVERGA Poland\" \/>\n<meta property=\"og:image\" content=\"https:\/\/www.comverga.com\/pol\/wp-content\/uploads\/sites\/2\/2020\/11\/Service_Messig-1.jpg\" \/>\n\t<meta property=\"og:image:width\" content=\"1920\" \/>\n\t<meta property=\"og:image:height\" content=\"1080\" \/>\n\t<meta property=\"og:image:type\" content=\"image\/jpeg\" \/>\n<meta name=\"twitter:card\" content=\"summary_large_image\" \/>\n<script type=\"application\/ld+json\" class=\"yoast-schema-graph\">{\"@context\":\"https:\/\/schema.org\",\"@graph\":[{\"@type\":\"WebPage\",\"@id\":\"https:\/\/www.comverga.com\/pol\/services\/sms-messaging-services\/\",\"url\":\"https:\/\/www.comverga.com\/pol\/services\/sms-messaging-services\/\",\"name\":\"SMS \/ Messaging Services - COMVERGA Poland\",\"isPartOf\":{\"@id\":\"https:\/\/www.comverga.com\/pol\/#website\"},\"datePublished\":\"2020-11-25T11:11:54+00:00\",\"dateModified\":\"2020-11-25T11:11:54+00:00\",\"description\":\"If you need to communicate quickly and efficiently with your partners, customers, clients, use communication via SMS.\",\"breadcrumb\":{\"@id\":\"https:\/\/www.comverga.com\/pol\/services\/sms-messaging-services\/#breadcrumb\"},\"inLanguage\":\"cs\",\"potentialAction\":[{\"@type\":\"ReadAction\",\"target\":[\"https:\/\/www.comverga.com\/pol\/services\/sms-messaging-services\/\"]}]},{\"@type\":\"BreadcrumbList\",\"@id\":\"https:\/\/www.comverga.com\/pol\/services\/sms-messaging-services\/#breadcrumb\",\"itemListElement\":[{\"@type\":\"ListItem\",\"position\":1,\"name\":\"Services\",\"item\":\"https:\/\/www.comverga.com\/pol\/services\/\"},{\"@type\":\"ListItem\",\"position\":2,\"name\":\"SMS \/ Messaging Services\"}]},{\"@type\":\"WebSite\",\"@id\":\"https:\/\/www.comverga.com\/pol\/#website\",\"url\":\"https:\/\/www.comverga.com\/pol\/\",\"name\":\"COMVERGA Poland\",\"description\":\"Comverga Poland\",\"publisher\":{\"@id\":\"https:\/\/www.comverga.com\/pol\/#organization\"},\"potentialAction\":[{\"@type\":\"SearchAction\",\"target\":{\"@type\":\"EntryPoint\",\"urlTemplate\":\"https:\/\/www.comverga.com\/pol\/?s={search_term_string}\"},\"query-input\":\"required name=search_term_string\"}],\"inLanguage\":\"cs\"},{\"@type\":\"Organization\",\"@id\":\"https:\/\/www.comverga.com\/pol\/#organization\",\"name\":\"COMVERGA Poland\",\"url\":\"https:\/\/www.comverga.com\/pol\/\",\"logo\":{\"@type\":\"ImageObject\",\"inLanguage\":\"cs\",\"@id\":\"https:\/\/www.comverga.com\/pol\/#\/schema\/logo\/image\/\",\"url\":\"https:\/\/www.comverga.com\/pol\/wp-content\/uploads\/sites\/2\/2020\/11\/Comverga_CC.png\",\"contentUrl\":\"https:\/\/www.comverga.com\/pol\/wp-content\/uploads\/sites\/2\/2020\/11\/Comverga_CC.png\",\"width\":800,\"height\":800,\"caption\":\"COMVERGA Poland\"},\"image\":{\"@id\":\"https:\/\/www.comverga.com\/pol\/#\/schema\/logo\/image\/\"}}]}<\/script>\n<!-- \/ Yoast SEO plugin. -->","yoast_head_json":{"title":"SMS \/ Messaging Services - COMVERGA Poland","description":"If you need to communicate quickly and efficiently with your partners, customers, clients, use communication via SMS.","robots":{"index":"index","follow":"follow","max-snippet":"max-snippet:-1","max-image-preview":"max-image-preview:large","max-video-preview":"max-video-preview:-1"},"canonical":"https:\/\/www.comverga.com\/pol\/cs\/services\/sms-messaging-services\/","og_locale":"cs_CZ","og_type":"article","og_title":"SMS \/ Messaging Services - COMVERGA Poland","og_description":"If you need to communicate quickly and efficiently with your partners, customers, clients, use communication via SMS.","og_url":"https:\/\/www.comverga.com\/pol\/cs\/services\/sms-messaging-services\/","og_site_name":"COMVERGA Poland","og_image":[{"width":1920,"height":1080,"url":"https:\/\/www.comverga.com\/pol\/wp-content\/uploads\/sites\/2\/2020\/11\/Service_Messig-1.jpg","type":"image\/jpeg"}],"twitter_card":"summary_large_image","schema":{"@context":"https:\/\/schema.org","@graph":[{"@type":"WebPage","@id":"https:\/\/www.comverga.com\/pol\/services\/sms-messaging-services\/","url":"https:\/\/www.comverga.com\/pol\/services\/sms-messaging-services\/","name":"SMS \/ Messaging Services - COMVERGA Poland","isPartOf":{"@id":"https:\/\/www.comverga.com\/pol\/#website"},"datePublished":"2020-11-25T11:11:54+00:00","dateModified":"2020-11-25T11:11:54+00:00","description":"If you need to communicate quickly and efficiently with your partners, customers, clients, use communication via SMS.","breadcrumb":{"@id":"https:\/\/www.comverga.com\/pol\/services\/sms-messaging-services\/#breadcrumb"},"inLanguage":"cs","potentialAction":[{"@type":"ReadAction","target":["https:\/\/www.comverga.com\/pol\/services\/sms-messaging-services\/"]}]},{"@type":"BreadcrumbList","@id":"https:\/\/www.comverga.com\/pol\/services\/sms-messaging-services\/#breadcrumb","itemListElement":[{"@type":"ListItem","position":1,"name":"Services","item":"https:\/\/www.comverga.com\/pol\/services\/"},{"@type":"ListItem","position":2,"name":"SMS \/ Messaging Services"}]},{"@type":"WebSite","@id":"https:\/\/www.comverga.com\/pol\/#website","url":"https:\/\/www.comverga.com\/pol\/","name":"COMVERGA Polsko","description":"Comverga Polsko","publisher":{"@id":"https:\/\/www.comverga.com\/pol\/#organization"},"potentialAction":[{"@type":"SearchAction","target":{"@type":"EntryPoint","urlTemplate":"https:\/\/www.comverga.com\/pol\/?s={search_term_string}"},"query-input":"required name=search_term_string"}],"inLanguage":"cs"},{"@type":"Organization","@id":"https:\/\/www.comverga.com\/pol\/#organization","name":"COMVERGA Polsko","url":"https:\/\/www.comverga.com\/pol\/","logo":{"@type":"ImageObject","inLanguage":"cs","@id":"https:\/\/www.comverga.com\/pol\/#\/schema\/logo\/image\/","url":"https:\/\/www.comverga.com\/pol\/wp-content\/uploads\/sites\/2\/2020\/11\/Comverga_CC.png","contentUrl":"https:\/\/www.comverga.com\/pol\/wp-content\/uploads\/sites\/2\/2020\/11\/Comverga_CC.png","width":800,"height":800,"caption":"COMVERGA Poland"},"image":{"@id":"https:\/\/www.comverga.com\/pol\/#\/schema\/logo\/image\/"}}]}},"_links":{"self":[{"href":"https:\/\/www.comverga.com\/pol\/cs\/wp-json\/wp\/v2\/pages\/155"}],"collection":[{"href":"https:\/\/www.comverga.com\/pol\/cs\/wp-json\/wp\/v2\/pages"}],"about":[{"href":"https:\/\/www.comverga.com\/pol\/cs\/wp-json\/wp\/v2\/types\/page"}],"author":[{"embeddable":true,"href":"https:\/\/www.comverga.com\/pol\/cs\/wp-json\/wp\/v2\/users\/1"}],"replies":[{"embeddable":true,"href":"https:\/\/www.comverga.com\/pol\/cs\/wp-json\/wp\/v2\/comments?post=155"}],"version-history":[{"count":0,"href":"https:\/\/www.comverga.com\/pol\/cs\/wp-json\/wp\/v2\/pages\/155\/revisions"}],"up":[{"embeddable":true,"href":"https:\/\/www.comverga.com\/pol\/cs\/wp-json\/wp\/v2\/pages\/153"}],"wp:featuredmedia":[{"embeddable":true,"href":"https:\/\/www.comverga.com\/pol\/cs\/wp-json\/wp\/v2\/media\/234"}],"wp:attachment":[{"href":"https:\/\/www.comverga.com\/pol\/cs\/wp-json\/wp\/v2\/media?parent=155"}],"curies":[{"name":"wp","href":"https:\/\/api.w.org\/{rel}","templated":true}]}}