{"id":157,"date":"2020-11-25T12:12:55","date_gmt":"2020-11-25T11:12:55","guid":{"rendered":"https:\/\/www.comverga.com\/?page_id=157"},"modified":"2020-11-25T12:12:55","modified_gmt":"2020-11-25T11:12:55","slug":"operation-of-telecommunications-infrastructure","status":"publish","type":"page","link":"https:\/\/www.comverga.com\/pol\/cs\/services\/operation-of-telecommunications-infrastructure\/","title":{"rendered":"Provoz infrastruktury Telco"},"content":{"rendered":"<p>Vyv\u00edj\u00edme a provozujeme vlastn\u00ed telekomunika\u010dn\u00ed infrastrukturu. To n\u00e1m umo\u017e\u0148uje poskytovat kvalitn\u00ed slu\u017eby nez\u00e1visle na technologi\u00edch, dodavatel\u00edch a s\u00edt\u00edch.<br>Na na\u0161\u00ed infrastruktu\u0159e propojujeme oper\u00e1tory a poskytovatele slu\u017eeb, abychom mohli na\u0161im partner\u016fm a z\u00e1kazn\u00edk\u016fm nab\u00eddnout celou \u0159adu konvergovan\u00fdch slu\u017eeb.<\/p>","protected":false},"excerpt":{"rendered":"<p>Vyv\u00edj\u00edme a provozujeme vlastn\u00ed telekomunika\u010dn\u00ed infrastrukturu. To n\u00e1m umo\u017e\u0148uje poskytovat kvalitn\u00ed slu\u017eby nez\u00e1visle na technologi\u00edch, dodavatel\u00edch a s\u00edt\u00edch.Na na\u0161\u00ed infrastruktu\u0159e propojujeme oper\u00e1tory a poskytovatele slu\u017eeb, tak\u017ee m\u016f\u017eeme na\u0161im partner\u016fm a z\u00e1kazn\u00edk\u016fm nab\u00edzet celou \u0161k\u00e1lu konvergovan\u00fdch slu\u017eeb.<\/p>","protected":false},"author":1,"featured_media":143,"parent":153,"menu_order":102,"comment_status":"closed","ping_status":"closed","template":"","meta":{"footnotes":""},"yoast_head":"<!-- This site is optimized with the Yoast SEO plugin v21.6 - https:\/\/yoast.com\/wordpress\/plugins\/seo\/ -->\n<title>Telco Infrastructure Operation - COMVERGA Poland<\/title>\n<meta name=\"robots\" content=\"index, follow, max-snippet:-1, max-image-preview:large, max-video-preview:-1\" \/>\n<link rel=\"canonical\" href=\"https:\/\/www.comverga.com\/pol\/cs\/services\/operation-of-telecommunications-infrastructure\/\" \/>\n<meta property=\"og:locale\" content=\"cs_CZ\" \/>\n<meta property=\"og:type\" content=\"article\" \/>\n<meta property=\"og:title\" content=\"Telco Infrastructure Operation - COMVERGA Poland\" \/>\n<meta property=\"og:description\" content=\"We develop and operate our own telecommunications infrastructure. This allows us to provide quality services independent of technology, suppliers and networks.We connect operators and service providers on our infrastructure so that we can offer a full range of converged services to our partners and customers.\" \/>\n<meta property=\"og:url\" content=\"https:\/\/www.comverga.com\/pol\/cs\/services\/operation-of-telecommunications-infrastructure\/\" \/>\n<meta property=\"og:site_name\" content=\"COMVERGA Poland\" \/>\n<meta property=\"og:image\" content=\"https:\/\/www.comverga.com\/pol\/wp-content\/uploads\/sites\/2\/2020\/11\/serwer-HPMP-1.jpg\" \/>\n\t<meta property=\"og:image:width\" content=\"1920\" \/>\n\t<meta property=\"og:image:height\" content=\"620\" \/>\n\t<meta property=\"og:image:type\" content=\"image\/jpeg\" \/>\n<meta name=\"twitter:card\" content=\"summary_large_image\" \/>\n<script type=\"application\/ld+json\" class=\"yoast-schema-graph\">{\"@context\":\"https:\/\/schema.org\",\"@graph\":[{\"@type\":\"WebPage\",\"@id\":\"https:\/\/www.comverga.com\/pol\/services\/operation-of-telecommunications-infrastructure\/\",\"url\":\"https:\/\/www.comverga.com\/pol\/services\/operation-of-telecommunications-infrastructure\/\",\"name\":\"Telco Infrastructure Operation - COMVERGA Poland\",\"isPartOf\":{\"@id\":\"https:\/\/www.comverga.com\/pol\/#website\"},\"datePublished\":\"2020-11-25T11:12:55+00:00\",\"dateModified\":\"2020-11-25T11:12:55+00:00\",\"breadcrumb\":{\"@id\":\"https:\/\/www.comverga.com\/pol\/services\/operation-of-telecommunications-infrastructure\/#breadcrumb\"},\"inLanguage\":\"cs\",\"potentialAction\":[{\"@type\":\"ReadAction\",\"target\":[\"https:\/\/www.comverga.com\/pol\/services\/operation-of-telecommunications-infrastructure\/\"]}]},{\"@type\":\"BreadcrumbList\",\"@id\":\"https:\/\/www.comverga.com\/pol\/services\/operation-of-telecommunications-infrastructure\/#breadcrumb\",\"itemListElement\":[{\"@type\":\"ListItem\",\"position\":1,\"name\":\"Services\",\"item\":\"https:\/\/www.comverga.com\/pol\/services\/\"},{\"@type\":\"ListItem\",\"position\":2,\"name\":\"Telco Infrastructure Operation\"}]},{\"@type\":\"WebSite\",\"@id\":\"https:\/\/www.comverga.com\/pol\/#website\",\"url\":\"https:\/\/www.comverga.com\/pol\/\",\"name\":\"COMVERGA Poland\",\"description\":\"Comverga Poland\",\"publisher\":{\"@id\":\"https:\/\/www.comverga.com\/pol\/#organization\"},\"potentialAction\":[{\"@type\":\"SearchAction\",\"target\":{\"@type\":\"EntryPoint\",\"urlTemplate\":\"https:\/\/www.comverga.com\/pol\/?s={search_term_string}\"},\"query-input\":\"required name=search_term_string\"}],\"inLanguage\":\"cs\"},{\"@type\":\"Organization\",\"@id\":\"https:\/\/www.comverga.com\/pol\/#organization\",\"name\":\"COMVERGA Poland\",\"url\":\"https:\/\/www.comverga.com\/pol\/\",\"logo\":{\"@type\":\"ImageObject\",\"inLanguage\":\"cs\",\"@id\":\"https:\/\/www.comverga.com\/pol\/#\/schema\/logo\/image\/\",\"url\":\"https:\/\/www.comverga.com\/pol\/wp-content\/uploads\/sites\/2\/2020\/11\/Comverga_CC.png\",\"contentUrl\":\"https:\/\/www.comverga.com\/pol\/wp-content\/uploads\/sites\/2\/2020\/11\/Comverga_CC.png\",\"width\":800,\"height\":800,\"caption\":\"COMVERGA Poland\"},\"image\":{\"@id\":\"https:\/\/www.comverga.com\/pol\/#\/schema\/logo\/image\/\"}}]}<\/script>\n<!-- \/ Yoast SEO plugin. -->","yoast_head_json":{"title":"Telco Infrastructure Operation - COMVERGA Poland","robots":{"index":"index","follow":"follow","max-snippet":"max-snippet:-1","max-image-preview":"max-image-preview:large","max-video-preview":"max-video-preview:-1"},"canonical":"https:\/\/www.comverga.com\/pol\/cs\/services\/operation-of-telecommunications-infrastructure\/","og_locale":"cs_CZ","og_type":"article","og_title":"Telco Infrastructure Operation - COMVERGA Poland","og_description":"We develop and operate our own telecommunications infrastructure. This allows us to provide quality services independent of technology, suppliers and networks.We connect operators and service providers on our infrastructure so that we can offer a full range of converged services to our partners and customers.","og_url":"https:\/\/www.comverga.com\/pol\/cs\/services\/operation-of-telecommunications-infrastructure\/","og_site_name":"COMVERGA Poland","og_image":[{"width":1920,"height":620,"url":"https:\/\/www.comverga.com\/pol\/wp-content\/uploads\/sites\/2\/2020\/11\/serwer-HPMP-1.jpg","type":"image\/jpeg"}],"twitter_card":"summary_large_image","schema":{"@context":"https:\/\/schema.org","@graph":[{"@type":"WebPage","@id":"https:\/\/www.comverga.com\/pol\/services\/operation-of-telecommunications-infrastructure\/","url":"https:\/\/www.comverga.com\/pol\/services\/operation-of-telecommunications-infrastructure\/","name":"Telco Infrastructure Operation - COMVERGA Poland","isPartOf":{"@id":"https:\/\/www.comverga.com\/pol\/#website"},"datePublished":"2020-11-25T11:12:55+00:00","dateModified":"2020-11-25T11:12:55+00:00","breadcrumb":{"@id":"https:\/\/www.comverga.com\/pol\/services\/operation-of-telecommunications-infrastructure\/#breadcrumb"},"inLanguage":"cs","potentialAction":[{"@type":"ReadAction","target":["https:\/\/www.comverga.com\/pol\/services\/operation-of-telecommunications-infrastructure\/"]}]},{"@type":"BreadcrumbList","@id":"https:\/\/www.comverga.com\/pol\/services\/operation-of-telecommunications-infrastructure\/#breadcrumb","itemListElement":[{"@type":"ListItem","position":1,"name":"Services","item":"https:\/\/www.comverga.com\/pol\/services\/"},{"@type":"ListItem","position":2,"name":"Telco Infrastructure Operation"}]},{"@type":"WebSite","@id":"https:\/\/www.comverga.com\/pol\/#website","url":"https:\/\/www.comverga.com\/pol\/","name":"COMVERGA Polsko","description":"Comverga Polsko","publisher":{"@id":"https:\/\/www.comverga.com\/pol\/#organization"},"potentialAction":[{"@type":"SearchAction","target":{"@type":"EntryPoint","urlTemplate":"https:\/\/www.comverga.com\/pol\/?s={search_term_string}"},"query-input":"required name=search_term_string"}],"inLanguage":"cs"},{"@type":"Organization","@id":"https:\/\/www.comverga.com\/pol\/#organization","name":"COMVERGA Polsko","url":"https:\/\/www.comverga.com\/pol\/","logo":{"@type":"ImageObject","inLanguage":"cs","@id":"https:\/\/www.comverga.com\/pol\/#\/schema\/logo\/image\/","url":"https:\/\/www.comverga.com\/pol\/wp-content\/uploads\/sites\/2\/2020\/11\/Comverga_CC.png","contentUrl":"https:\/\/www.comverga.com\/pol\/wp-content\/uploads\/sites\/2\/2020\/11\/Comverga_CC.png","width":800,"height":800,"caption":"COMVERGA Poland"},"image":{"@id":"https:\/\/www.comverga.com\/pol\/#\/schema\/logo\/image\/"}}]}},"_links":{"self":[{"href":"https:\/\/www.comverga.com\/pol\/cs\/wp-json\/wp\/v2\/pages\/157"}],"collection":[{"href":"https:\/\/www.comverga.com\/pol\/cs\/wp-json\/wp\/v2\/pages"}],"about":[{"href":"https:\/\/www.comverga.com\/pol\/cs\/wp-json\/wp\/v2\/types\/page"}],"author":[{"embeddable":true,"href":"https:\/\/www.comverga.com\/pol\/cs\/wp-json\/wp\/v2\/users\/1"}],"replies":[{"embeddable":true,"href":"https:\/\/www.comverga.com\/pol\/cs\/wp-json\/wp\/v2\/comments?post=157"}],"version-history":[{"count":0,"href":"https:\/\/www.comverga.com\/pol\/cs\/wp-json\/wp\/v2\/pages\/157\/revisions"}],"up":[{"embeddable":true,"href":"https:\/\/www.comverga.com\/pol\/cs\/wp-json\/wp\/v2\/pages\/153"}],"wp:featuredmedia":[{"embeddable":true,"href":"https:\/\/www.comverga.com\/pol\/cs\/wp-json\/wp\/v2\/media\/143"}],"wp:attachment":[{"href":"https:\/\/www.comverga.com\/pol\/cs\/wp-json\/wp\/v2\/media?parent=157"}],"curies":[{"name":"wp","href":"https:\/\/api.w.org\/{rel}","templated":true}]}}