{"id":240,"date":"2020-11-25T13:41:30","date_gmt":"2020-11-25T12:41:30","guid":{"rendered":"https:\/\/www.comverga.com\/?page_id=240"},"modified":"2021-01-27T18:23:38","modified_gmt":"2021-01-27T17:23:38","slug":"oprogramowanie-jako-usluga-platforma-jako-usluga","status":"publish","type":"page","link":"https:\/\/www.comverga.com\/pol\/cs\/uslugi\/oprogramowanie-jako-usluga-platforma-jako-usluga\/","title":{"rendered":"Software jako slu\u017eba \/ Platforma jako slu\u017eba"},"content":{"rendered":"<div data-elementor-type=\"wp-page\" data-elementor-id=\"240\" class=\"elementor elementor-240\">\n\t\t\t\t\t\t\t\t\t<section class=\"elementor-section elementor-top-section elementor-element elementor-element-4ba915cd elementor-section-stretched elementor-section-boxed elementor-section-height-default elementor-section-height-default\" data-id=\"4ba915cd\" data-element_type=\"section\" data-settings=\"{&quot;stretch_section&quot;:&quot;section-stretched&quot;,&quot;background_background&quot;:&quot;classic&quot;}\">\n\t\t\t\t\t\t<div class=\"elementor-container elementor-column-gap-default\">\n\t\t\t\t\t<div class=\"elementor-column elementor-col-100 elementor-top-column elementor-element elementor-element-4faec19b\" data-id=\"4faec19b\" data-element_type=\"column\">\n\t\t\t<div class=\"elementor-widget-wrap elementor-element-populated\">\n\t\t\t\t\t\t\t\t<div class=\"elementor-element elementor-element-41481c94 elementor-widget elementor-widget-text-editor\" data-id=\"41481c94\" data-element_type=\"widget\" data-widget_type=\"text-editor.default\">\n\t\t\t\t<div class=\"elementor-widget-container\">\n\t\t\t\t\t\t\t<!-- wp:paragraph -->\n<p>Vyv\u00edj\u00edme vlastn\u00ed komunika\u010dn\u00ed platformy a aplikace a poskytujeme pro n\u011b podporu. Sledujeme nejnov\u011bj\u0161\u00ed technologick\u00e9 trendy a p\u0159izp\u016fsobujeme na\u0161e \u0159e\u0161en\u00ed pot\u0159eb\u00e1m jednotliv\u00fdch partner\u016f a projekt\u016f.<\/p>\n<!-- \/wp:paragraph -->\n\n<!-- wp:paragraph -->\n<p>Na\u0161\u00edm c\u00edlem je dod\u00e1vat tato \u0159e\u0161en\u00ed s optim\u00e1ln\u00edmi n\u00e1klady a v co nejkrat\u0161\u00edm \u010dase. P\u0159i realizaci softwarov\u00fdch projekt\u016f pou\u017e\u00edv\u00e1me nejmodern\u011bj\u0161\u00ed agiln\u00ed metodiky.<br>Platforma pro poskytov\u00e1n\u00ed slu\u017eeb (SDP) spole\u010dnosti COMVERGA poskytuje celou \u0159adu modul\u016f a funkc\u00ed pro vytv\u00e1\u0159en\u00ed, zav\u00e1d\u011bn\u00ed, aktivaci, \u00fa\u010dtov\u00e1n\u00ed a spr\u00e1vu telekomunika\u010dn\u00edch a souvisej\u00edc\u00edch slu\u017eeb. D\u016fraz je kladen na jednoduchou implementaci konvergentn\u00edch slu\u017eeb, kdy z\u00e1kazn\u00edk vyu\u017e\u00edv\u00e1 r\u016fzn\u00e9 typy telekomunika\u010dn\u00edch slu\u017eeb v kombinaci s r\u016fzn\u00fdmi za\u0159\u00edzen\u00edmi a dal\u0161\u00edmi slu\u017ebami - obchodn\u00edmi, finan\u010dn\u00edmi, poji\u0161\u0165ovac\u00edmi apod.<\/p>\n<!-- \/wp:paragraph -->\t\t\t\t\t\t<\/div>\n\t\t\t\t<\/div>\n\t\t\t\t\t<\/div>\n\t\t<\/div>\n\t\t\t\t\t\t\t<\/div>\n\t\t<\/section>\n\t\t\t\t\t\t\t<\/div>","protected":false},"excerpt":{"rendered":"<p>Vyv\u00edj\u00edme vlastn\u00ed komunika\u010dn\u00ed platformy a aplikace a poskytujeme pro n\u011b podporu. Sledujeme nejnov\u011bj\u0161\u00ed technologick\u00e9 trendy a p\u0159izp\u016fsobujeme na\u0161e \u0159e\u0161en\u00ed pot\u0159eb\u00e1m jednotliv\u00fdch partner\u016f a projekt\u016f. Na\u0161\u00edm c\u00edlem je dod\u00e1vat tato \u0159e\u0161en\u00ed s optim\u00e1ln\u00edmi n\u00e1klady a v co nejkrat\u0161\u00edm \u010dase. P\u0159i realizaci softwarov\u00fdch projekt\u016f pou\u017e\u00edv\u00e1me nejmodern\u011bj\u0161\u00ed agiln\u00ed metodiky.Platforma COMVERGA Service Delivery Platform (SDP) poskytuje celou \u0159adu modul\u016f a [...]<\/p>","protected":false},"author":1,"featured_media":134,"parent":231,"menu_order":101,"comment_status":"closed","ping_status":"closed","template":"","meta":{"footnotes":""},"yoast_head":"<!-- This site is optimized with the Yoast SEO plugin v21.6 - https:\/\/yoast.com\/wordpress\/plugins\/seo\/ -->\n<title>Oprogramowanie jako us\u0142uga \/ platforma jako us\u0142uga - COMVERGA Poland<\/title>\n<meta name=\"description\" content=\"Wir entwickeln und betreiben unsere eigenen Kommunikationsplattformen und -anwendungen. Wir folgen den neuesten technologischen Trends und passen unsere L\u00f6sungen an einzelne Partner und Projekte an.\" \/>\n<meta name=\"robots\" content=\"index, follow, max-snippet:-1, max-image-preview:large, max-video-preview:-1\" \/>\n<link rel=\"canonical\" href=\"https:\/\/www.comverga.com\/pol\/cs\/uslugi\/oprogramowanie-jako-usluga-platforma-jako-usluga\/\" \/>\n<meta property=\"og:locale\" content=\"cs_CZ\" \/>\n<meta property=\"og:type\" content=\"article\" \/>\n<meta property=\"og:title\" content=\"Oprogramowanie jako us\u0142uga \/ platforma jako us\u0142uga - COMVERGA Poland\" \/>\n<meta property=\"og:description\" content=\"Wir entwickeln und betreiben unsere eigenen Kommunikationsplattformen und -anwendungen. Wir folgen den neuesten technologischen Trends und passen unsere L\u00f6sungen an einzelne Partner und Projekte an.\" \/>\n<meta property=\"og:url\" content=\"https:\/\/www.comverga.com\/pol\/cs\/uslugi\/oprogramowanie-jako-usluga-platforma-jako-usluga\/\" \/>\n<meta property=\"og:site_name\" content=\"COMVERGA Poland\" \/>\n<meta property=\"article:modified_time\" content=\"2021-01-27T17:23:38+00:00\" \/>\n<meta property=\"og:image\" content=\"https:\/\/www.comverga.com\/pol\/wp-content\/uploads\/sites\/2\/2020\/11\/m-learning-1-1.jpg\" \/>\n\t<meta property=\"og:image:width\" content=\"1920\" \/>\n\t<meta property=\"og:image:height\" content=\"620\" \/>\n\t<meta property=\"og:image:type\" content=\"image\/jpeg\" \/>\n<meta name=\"twitter:card\" content=\"summary_large_image\" \/>\n<meta name=\"twitter:label1\" content=\"Odhadovan\u00e1 doba \u010dten\u00ed\" \/>\n\t<meta name=\"twitter:data1\" content=\"1 minuta\" \/>\n<script type=\"application\/ld+json\" class=\"yoast-schema-graph\">{\"@context\":\"https:\/\/schema.org\",\"@graph\":[{\"@type\":\"WebPage\",\"@id\":\"https:\/\/www.comverga.com\/pol\/uslugi\/oprogramowanie-jako-usluga-platforma-jako-usluga\/\",\"url\":\"https:\/\/www.comverga.com\/pol\/uslugi\/oprogramowanie-jako-usluga-platforma-jako-usluga\/\",\"name\":\"Oprogramowanie jako us\u0142uga \/ platforma jako us\u0142uga - COMVERGA Poland\",\"isPartOf\":{\"@id\":\"https:\/\/www.comverga.com\/pol\/#website\"},\"datePublished\":\"2020-11-25T12:41:30+00:00\",\"dateModified\":\"2021-01-27T17:23:38+00:00\",\"description\":\"Wir entwickeln und betreiben unsere eigenen Kommunikationsplattformen und -anwendungen. Wir folgen den neuesten technologischen Trends und passen unsere L\u00f6sungen an einzelne Partner und Projekte an.\",\"breadcrumb\":{\"@id\":\"https:\/\/www.comverga.com\/pol\/uslugi\/oprogramowanie-jako-usluga-platforma-jako-usluga\/#breadcrumb\"},\"inLanguage\":\"cs\",\"potentialAction\":[{\"@type\":\"ReadAction\",\"target\":[\"https:\/\/www.comverga.com\/pol\/uslugi\/oprogramowanie-jako-usluga-platforma-jako-usluga\/\"]}]},{\"@type\":\"BreadcrumbList\",\"@id\":\"https:\/\/www.comverga.com\/pol\/uslugi\/oprogramowanie-jako-usluga-platforma-jako-usluga\/#breadcrumb\",\"itemListElement\":[{\"@type\":\"ListItem\",\"position\":1,\"name\":\"Us\u0142ugi\",\"item\":\"https:\/\/www.comverga.com\/pol\/uslugi\/\"},{\"@type\":\"ListItem\",\"position\":2,\"name\":\"Oprogramowanie jako us\u0142uga \/ platforma jako us\u0142uga\"}]},{\"@type\":\"WebSite\",\"@id\":\"https:\/\/www.comverga.com\/pol\/#website\",\"url\":\"https:\/\/www.comverga.com\/pol\/\",\"name\":\"COMVERGA Poland\",\"description\":\"Comverga Poland\",\"publisher\":{\"@id\":\"https:\/\/www.comverga.com\/pol\/#organization\"},\"potentialAction\":[{\"@type\":\"SearchAction\",\"target\":{\"@type\":\"EntryPoint\",\"urlTemplate\":\"https:\/\/www.comverga.com\/pol\/?s={search_term_string}\"},\"query-input\":\"required name=search_term_string\"}],\"inLanguage\":\"cs\"},{\"@type\":\"Organization\",\"@id\":\"https:\/\/www.comverga.com\/pol\/#organization\",\"name\":\"COMVERGA Poland\",\"url\":\"https:\/\/www.comverga.com\/pol\/\",\"logo\":{\"@type\":\"ImageObject\",\"inLanguage\":\"cs\",\"@id\":\"https:\/\/www.comverga.com\/pol\/#\/schema\/logo\/image\/\",\"url\":\"https:\/\/www.comverga.com\/pol\/wp-content\/uploads\/sites\/2\/2020\/11\/Comverga_CC.png\",\"contentUrl\":\"https:\/\/www.comverga.com\/pol\/wp-content\/uploads\/sites\/2\/2020\/11\/Comverga_CC.png\",\"width\":800,\"height\":800,\"caption\":\"COMVERGA Poland\"},\"image\":{\"@id\":\"https:\/\/www.comverga.com\/pol\/#\/schema\/logo\/image\/\"}}]}<\/script>\n<!-- \/ Yoast SEO plugin. -->","yoast_head_json":{"title":"Software jako slu\u017eba \/ Platforma jako slu\u017eba - COMVERGA Polsko","description":"Wir entwickeln und betreiben unsere eigenen Kommunikationsplattformen und -anwendungen. Wir folgen den neuesten technologischen Trends und passen unsere L\u00f6sungen an einzelne Partner und Projekte an.","robots":{"index":"index","follow":"follow","max-snippet":"max-snippet:-1","max-image-preview":"max-image-preview:large","max-video-preview":"max-video-preview:-1"},"canonical":"https:\/\/www.comverga.com\/pol\/cs\/uslugi\/oprogramowanie-jako-usluga-platforma-jako-usluga\/","og_locale":"cs_CZ","og_type":"article","og_title":"Oprogramowanie jako us\u0142uga \/ platforma jako us\u0142uga - COMVERGA Poland","og_description":"Wir entwickeln und betreiben unsere eigenen Kommunikationsplattformen und -anwendungen. Wir folgen den neuesten technologischen Trends und passen unsere L\u00f6sungen an einzelne Partner und Projekte an.","og_url":"https:\/\/www.comverga.com\/pol\/cs\/uslugi\/oprogramowanie-jako-usluga-platforma-jako-usluga\/","og_site_name":"COMVERGA Poland","article_modified_time":"2021-01-27T17:23:38+00:00","og_image":[{"width":1920,"height":620,"url":"https:\/\/www.comverga.com\/pol\/wp-content\/uploads\/sites\/2\/2020\/11\/m-learning-1-1.jpg","type":"image\/jpeg"}],"twitter_card":"summary_large_image","twitter_misc":{"Odhadovan\u00e1 doba \u010dten\u00ed":"1 minuta"},"schema":{"@context":"https:\/\/schema.org","@graph":[{"@type":"WebPage","@id":"https:\/\/www.comverga.com\/pol\/uslugi\/oprogramowanie-jako-usluga-platforma-jako-usluga\/","url":"https:\/\/www.comverga.com\/pol\/uslugi\/oprogramowanie-jako-usluga-platforma-jako-usluga\/","name":"Software jako slu\u017eba \/ Platforma jako slu\u017eba - COMVERGA Polsko","isPartOf":{"@id":"https:\/\/www.comverga.com\/pol\/#website"},"datePublished":"2020-11-25T12:41:30+00:00","dateModified":"2021-01-27T17:23:38+00:00","description":"Wir entwickeln und betreiben unsere eigenen Kommunikationsplattformen und -anwendungen. Wir folgen den neuesten technologischen Trends und passen unsere L\u00f6sungen an einzelne Partner und Projekte an.","breadcrumb":{"@id":"https:\/\/www.comverga.com\/pol\/uslugi\/oprogramowanie-jako-usluga-platforma-jako-usluga\/#breadcrumb"},"inLanguage":"cs","potentialAction":[{"@type":"ReadAction","target":["https:\/\/www.comverga.com\/pol\/uslugi\/oprogramowanie-jako-usluga-platforma-jako-usluga\/"]}]},{"@type":"BreadcrumbList","@id":"https:\/\/www.comverga.com\/pol\/uslugi\/oprogramowanie-jako-usluga-platforma-jako-usluga\/#breadcrumb","itemListElement":[{"@type":"ListItem","position":1,"name":"Us\u0142ugi","item":"https:\/\/www.comverga.com\/pol\/uslugi\/"},{"@type":"ListItem","position":2,"name":"Oprogramowanie jako us\u0142uga \/ platforma jako us\u0142uga"}]},{"@type":"WebSite","@id":"https:\/\/www.comverga.com\/pol\/#website","url":"https:\/\/www.comverga.com\/pol\/","name":"COMVERGA Polsko","description":"Comverga Polsko","publisher":{"@id":"https:\/\/www.comverga.com\/pol\/#organization"},"potentialAction":[{"@type":"SearchAction","target":{"@type":"EntryPoint","urlTemplate":"https:\/\/www.comverga.com\/pol\/?s={search_term_string}"},"query-input":"required name=search_term_string"}],"inLanguage":"cs"},{"@type":"Organization","@id":"https:\/\/www.comverga.com\/pol\/#organization","name":"COMVERGA Polsko","url":"https:\/\/www.comverga.com\/pol\/","logo":{"@type":"ImageObject","inLanguage":"cs","@id":"https:\/\/www.comverga.com\/pol\/#\/schema\/logo\/image\/","url":"https:\/\/www.comverga.com\/pol\/wp-content\/uploads\/sites\/2\/2020\/11\/Comverga_CC.png","contentUrl":"https:\/\/www.comverga.com\/pol\/wp-content\/uploads\/sites\/2\/2020\/11\/Comverga_CC.png","width":800,"height":800,"caption":"COMVERGA Poland"},"image":{"@id":"https:\/\/www.comverga.com\/pol\/#\/schema\/logo\/image\/"}}]}},"_links":{"self":[{"href":"https:\/\/www.comverga.com\/pol\/cs\/wp-json\/wp\/v2\/pages\/240"}],"collection":[{"href":"https:\/\/www.comverga.com\/pol\/cs\/wp-json\/wp\/v2\/pages"}],"about":[{"href":"https:\/\/www.comverga.com\/pol\/cs\/wp-json\/wp\/v2\/types\/page"}],"author":[{"embeddable":true,"href":"https:\/\/www.comverga.com\/pol\/cs\/wp-json\/wp\/v2\/users\/1"}],"replies":[{"embeddable":true,"href":"https:\/\/www.comverga.com\/pol\/cs\/wp-json\/wp\/v2\/comments?post=240"}],"version-history":[{"count":7,"href":"https:\/\/www.comverga.com\/pol\/cs\/wp-json\/wp\/v2\/pages\/240\/revisions"}],"predecessor-version":[{"id":1758,"href":"https:\/\/www.comverga.com\/pol\/cs\/wp-json\/wp\/v2\/pages\/240\/revisions\/1758"}],"up":[{"embeddable":true,"href":"https:\/\/www.comverga.com\/pol\/cs\/wp-json\/wp\/v2\/pages\/231"}],"wp:featuredmedia":[{"embeddable":true,"href":"https:\/\/www.comverga.com\/pol\/cs\/wp-json\/wp\/v2\/media\/134"}],"wp:attachment":[{"href":"https:\/\/www.comverga.com\/pol\/cs\/wp-json\/wp\/v2\/media?parent=240"}],"curies":[{"name":"wp","href":"https:\/\/api.w.org\/{rel}","templated":true}]}}