{"id":249,"date":"2020-11-25T13:44:32","date_gmt":"2020-11-25T12:44:32","guid":{"rendered":"https:\/\/www.comverga.com\/?page_id=249"},"modified":"2021-02-01T12:51:42","modified_gmt":"2021-02-01T11:51:42","slug":"rozzwiazania","status":"publish","type":"page","link":"https:\/\/www.comverga.com\/pol\/cs\/uslugi\/rozzwiazania\/","title":{"rendered":"IT a telekomunika\u010dn\u00ed \u0159e\u0161en\u00ed"},"content":{"rendered":"<div data-elementor-type=\"wp-page\" data-elementor-id=\"249\" class=\"elementor elementor-249\">\n\t\t\t\t\t\t\t\t\t<section class=\"elementor-section elementor-top-section elementor-element elementor-element-62999292 elementor-section-stretched elementor-section-boxed elementor-section-height-default elementor-section-height-default\" data-id=\"62999292\" data-element_type=\"section\" data-settings=\"{&quot;stretch_section&quot;:&quot;section-stretched&quot;,&quot;background_background&quot;:&quot;classic&quot;}\">\n\t\t\t\t\t\t<div class=\"elementor-container elementor-column-gap-default\">\n\t\t\t\t\t<div class=\"elementor-column elementor-col-100 elementor-top-column elementor-element elementor-element-463cd0b7\" data-id=\"463cd0b7\" data-element_type=\"column\">\n\t\t\t<div class=\"elementor-widget-wrap elementor-element-populated\">\n\t\t\t\t\t\t\t\t<div class=\"elementor-element elementor-element-5c2cccc0 elementor-widget elementor-widget-text-editor\" data-id=\"5c2cccc0\" data-element_type=\"widget\" data-widget_type=\"text-editor.default\">\n\t\t\t\t<div class=\"elementor-widget-container\">\n\t\t\t\t\t\t\t<!-- wp:paragraph -->\n<p>V\u00fdvoj klientsk\u00fdch aplikac\u00ed a port\u00e1l\u016f, zejm\u00e9na na z\u00e1klad\u011b na\u0161\u00ed komunika\u010dn\u00ed platformy, je dal\u0161\u00ed z na\u0161ich dom\u00e9n. Proces implementace zahrnuje anal\u00fdzu po\u017eadavk\u016f, n\u00e1vrh, implementaci \u0159e\u0161en\u00ed prost\u0159ednictv\u00edm k\u00f3dov\u00e1n\u00ed nebo p\u0159izp\u016fsoben\u00ed, testov\u00e1n\u00ed a kon\u010d\u00ed nasazen\u00edm do re\u00e1ln\u00e9ho provozu. Na p\u0159\u00e1n\u00ed zaji\u0161\u0165ujeme tak\u00e9 servis, \u00fadr\u017ebu a v\u00fdvoj aplikac\u00ed a syst\u00e9m\u016f.<\/p>\n<!-- \/wp:paragraph -->\t\t\t\t\t\t<\/div>\n\t\t\t\t<\/div>\n\t\t\t\t\t<\/div>\n\t\t<\/div>\n\t\t\t\t\t\t\t<\/div>\n\t\t<\/section>\n\t\t\t\t\t\t\t<\/div>","protected":false},"excerpt":{"rendered":"<p>V\u00fdvoj klientsk\u00fdch aplikac\u00ed a port\u00e1l\u016f, zejm\u00e9na na z\u00e1klad\u011b na\u0161\u00ed komunika\u010dn\u00ed platformy, je dal\u0161\u00ed z na\u0161ich dom\u00e9n. Proces implementace zahrnuje anal\u00fdzu po\u017eadavk\u016f, n\u00e1vrh, implementaci \u0159e\u0161en\u00ed prost\u0159ednictv\u00edm k\u00f3dov\u00e1n\u00ed nebo p\u0159izp\u016fsoben\u00ed, testov\u00e1n\u00ed a kon\u010d\u00ed nasazen\u00edm do re\u00e1ln\u00e9ho provozu. Na p\u0159\u00e1n\u00ed zaji\u0161\u0165ujeme tak\u00e9 servis, \u00fadr\u017ebu a v\u00fdvoj aplikac\u00ed a syst\u00e9m\u016f.<\/p>","protected":false},"author":1,"featured_media":213,"parent":231,"menu_order":106,"comment_status":"closed","ping_status":"closed","template":"","meta":{"footnotes":""},"yoast_head":"<!-- This site is optimized with the Yoast SEO plugin v21.6 - https:\/\/yoast.com\/wordpress\/plugins\/seo\/ -->\n<title>Rozwi\u0105zania informatyczne i telekomunikacyjne - COMVERGA Poland<\/title>\n<meta name=\"description\" content=\"Tworzenie aplikacji i portali klienckich, szczeg\u00f3lnie w oparciu o nasz\u0105 platform\u0119 komunikacyjn\u0105, to kolejna z naszych domen.\" \/>\n<meta name=\"robots\" content=\"index, follow, max-snippet:-1, max-image-preview:large, max-video-preview:-1\" \/>\n<link rel=\"canonical\" href=\"https:\/\/www.comverga.com\/pol\/cs\/uslugi\/rozzwiazania\/\" \/>\n<meta property=\"og:locale\" content=\"cs_CZ\" \/>\n<meta property=\"og:type\" content=\"article\" \/>\n<meta property=\"og:title\" content=\"Rozwi\u0105zania informatyczne i telekomunikacyjne - COMVERGA Poland\" \/>\n<meta property=\"og:description\" content=\"Tworzenie aplikacji i portali klienckich, szczeg\u00f3lnie w oparciu o nasz\u0105 platform\u0119 komunikacyjn\u0105, to kolejna z naszych domen.\" \/>\n<meta property=\"og:url\" content=\"https:\/\/www.comverga.com\/pol\/cs\/uslugi\/rozzwiazania\/\" \/>\n<meta property=\"og:site_name\" content=\"COMVERGA Poland\" \/>\n<meta property=\"article:modified_time\" content=\"2021-02-01T11:51:42+00:00\" \/>\n<meta property=\"og:image\" content=\"https:\/\/www.comverga.com\/pol\/wp-content\/uploads\/sites\/2\/2020\/11\/Service_App.jpg\" \/>\n\t<meta property=\"og:image:width\" content=\"1920\" \/>\n\t<meta property=\"og:image:height\" content=\"1080\" \/>\n\t<meta property=\"og:image:type\" content=\"image\/jpeg\" \/>\n<meta name=\"twitter:card\" content=\"summary_large_image\" \/>\n<script type=\"application\/ld+json\" class=\"yoast-schema-graph\">{\"@context\":\"https:\/\/schema.org\",\"@graph\":[{\"@type\":\"WebPage\",\"@id\":\"https:\/\/www.comverga.com\/pol\/uslugi\/rozzwiazania\/\",\"url\":\"https:\/\/www.comverga.com\/pol\/uslugi\/rozzwiazania\/\",\"name\":\"Rozwi\u0105zania informatyczne i telekomunikacyjne - COMVERGA Poland\",\"isPartOf\":{\"@id\":\"https:\/\/www.comverga.com\/pol\/#website\"},\"datePublished\":\"2020-11-25T12:44:32+00:00\",\"dateModified\":\"2021-02-01T11:51:42+00:00\",\"description\":\"Tworzenie aplikacji i portali klienckich, szczeg\u00f3lnie w oparciu o nasz\u0105 platform\u0119 komunikacyjn\u0105, to kolejna z naszych domen.\",\"breadcrumb\":{\"@id\":\"https:\/\/www.comverga.com\/pol\/uslugi\/rozzwiazania\/#breadcrumb\"},\"inLanguage\":\"cs\",\"potentialAction\":[{\"@type\":\"ReadAction\",\"target\":[\"https:\/\/www.comverga.com\/pol\/uslugi\/rozzwiazania\/\"]}]},{\"@type\":\"BreadcrumbList\",\"@id\":\"https:\/\/www.comverga.com\/pol\/uslugi\/rozzwiazania\/#breadcrumb\",\"itemListElement\":[{\"@type\":\"ListItem\",\"position\":1,\"name\":\"Us\u0142ugi\",\"item\":\"https:\/\/www.comverga.com\/pol\/uslugi\/\"},{\"@type\":\"ListItem\",\"position\":2,\"name\":\"Rozwi\u0105zania informatyczne i telekomunikacyjne\"}]},{\"@type\":\"WebSite\",\"@id\":\"https:\/\/www.comverga.com\/pol\/#website\",\"url\":\"https:\/\/www.comverga.com\/pol\/\",\"name\":\"COMVERGA Poland\",\"description\":\"Comverga Poland\",\"publisher\":{\"@id\":\"https:\/\/www.comverga.com\/pol\/#organization\"},\"potentialAction\":[{\"@type\":\"SearchAction\",\"target\":{\"@type\":\"EntryPoint\",\"urlTemplate\":\"https:\/\/www.comverga.com\/pol\/?s={search_term_string}\"},\"query-input\":\"required name=search_term_string\"}],\"inLanguage\":\"cs\"},{\"@type\":\"Organization\",\"@id\":\"https:\/\/www.comverga.com\/pol\/#organization\",\"name\":\"COMVERGA Poland\",\"url\":\"https:\/\/www.comverga.com\/pol\/\",\"logo\":{\"@type\":\"ImageObject\",\"inLanguage\":\"cs\",\"@id\":\"https:\/\/www.comverga.com\/pol\/#\/schema\/logo\/image\/\",\"url\":\"https:\/\/www.comverga.com\/pol\/wp-content\/uploads\/sites\/2\/2020\/11\/Comverga_CC.png\",\"contentUrl\":\"https:\/\/www.comverga.com\/pol\/wp-content\/uploads\/sites\/2\/2020\/11\/Comverga_CC.png\",\"width\":800,\"height\":800,\"caption\":\"COMVERGA Poland\"},\"image\":{\"@id\":\"https:\/\/www.comverga.com\/pol\/#\/schema\/logo\/image\/\"}}]}<\/script>\n<!-- \/ Yoast SEO plugin. -->","yoast_head_json":{"title":"Rozwi\u0105zania informatyczne i telekomunikacyjne - COMVERGA Poland","description":"Tworzenie aplikacji i portali klienckich, szczeg\u00f3lnie w oparciu o nasz\u0105 platform\u0119 komunikacyjn\u0105, to kolejna z naszych domen.","robots":{"index":"index","follow":"follow","max-snippet":"max-snippet:-1","max-image-preview":"max-image-preview:large","max-video-preview":"max-video-preview:-1"},"canonical":"https:\/\/www.comverga.com\/pol\/cs\/uslugi\/rozzwiazania\/","og_locale":"cs_CZ","og_type":"article","og_title":"Rozwi\u0105zania informatyczne i telekomunikacyjne - COMVERGA Poland","og_description":"Tworzenie aplikacji i portali klienckich, szczeg\u00f3lnie w oparciu o nasz\u0105 platform\u0119 komunikacyjn\u0105, to kolejna z naszych domen.","og_url":"https:\/\/www.comverga.com\/pol\/cs\/uslugi\/rozzwiazania\/","og_site_name":"COMVERGA Poland","article_modified_time":"2021-02-01T11:51:42+00:00","og_image":[{"width":1920,"height":1080,"url":"https:\/\/www.comverga.com\/pol\/wp-content\/uploads\/sites\/2\/2020\/11\/Service_App.jpg","type":"image\/jpeg"}],"twitter_card":"summary_large_image","schema":{"@context":"https:\/\/schema.org","@graph":[{"@type":"WebPage","@id":"https:\/\/www.comverga.com\/pol\/uslugi\/rozzwiazania\/","url":"https:\/\/www.comverga.com\/pol\/uslugi\/rozzwiazania\/","name":"Rozwi\u0105zania informatyczne i telekomunikacyjne - COMVERGA Poland","isPartOf":{"@id":"https:\/\/www.comverga.com\/pol\/#website"},"datePublished":"2020-11-25T12:44:32+00:00","dateModified":"2021-02-01T11:51:42+00:00","description":"Tworzenie aplikacji i portali klienckich, szczeg\u00f3lnie w oparciu o nasz\u0105 platform\u0119 komunikacyjn\u0105, to kolejna z naszych domen.","breadcrumb":{"@id":"https:\/\/www.comverga.com\/pol\/uslugi\/rozzwiazania\/#breadcrumb"},"inLanguage":"cs","potentialAction":[{"@type":"ReadAction","target":["https:\/\/www.comverga.com\/pol\/uslugi\/rozzwiazania\/"]}]},{"@type":"BreadcrumbList","@id":"https:\/\/www.comverga.com\/pol\/uslugi\/rozzwiazania\/#breadcrumb","itemListElement":[{"@type":"ListItem","position":1,"name":"Us\u0142ugi","item":"https:\/\/www.comverga.com\/pol\/uslugi\/"},{"@type":"ListItem","position":2,"name":"Rozwi\u0105zania informatyczne i telekomunikacyjne"}]},{"@type":"WebSite","@id":"https:\/\/www.comverga.com\/pol\/#website","url":"https:\/\/www.comverga.com\/pol\/","name":"COMVERGA Polsko","description":"Comverga Polsko","publisher":{"@id":"https:\/\/www.comverga.com\/pol\/#organization"},"potentialAction":[{"@type":"SearchAction","target":{"@type":"EntryPoint","urlTemplate":"https:\/\/www.comverga.com\/pol\/?s={search_term_string}"},"query-input":"required name=search_term_string"}],"inLanguage":"cs"},{"@type":"Organization","@id":"https:\/\/www.comverga.com\/pol\/#organization","name":"COMVERGA Polsko","url":"https:\/\/www.comverga.com\/pol\/","logo":{"@type":"ImageObject","inLanguage":"cs","@id":"https:\/\/www.comverga.com\/pol\/#\/schema\/logo\/image\/","url":"https:\/\/www.comverga.com\/pol\/wp-content\/uploads\/sites\/2\/2020\/11\/Comverga_CC.png","contentUrl":"https:\/\/www.comverga.com\/pol\/wp-content\/uploads\/sites\/2\/2020\/11\/Comverga_CC.png","width":800,"height":800,"caption":"COMVERGA Poland"},"image":{"@id":"https:\/\/www.comverga.com\/pol\/#\/schema\/logo\/image\/"}}]}},"_links":{"self":[{"href":"https:\/\/www.comverga.com\/pol\/cs\/wp-json\/wp\/v2\/pages\/249"}],"collection":[{"href":"https:\/\/www.comverga.com\/pol\/cs\/wp-json\/wp\/v2\/pages"}],"about":[{"href":"https:\/\/www.comverga.com\/pol\/cs\/wp-json\/wp\/v2\/types\/page"}],"author":[{"embeddable":true,"href":"https:\/\/www.comverga.com\/pol\/cs\/wp-json\/wp\/v2\/users\/1"}],"replies":[{"embeddable":true,"href":"https:\/\/www.comverga.com\/pol\/cs\/wp-json\/wp\/v2\/comments?post=249"}],"version-history":[{"count":5,"href":"https:\/\/www.comverga.com\/pol\/cs\/wp-json\/wp\/v2\/pages\/249\/revisions"}],"predecessor-version":[{"id":1861,"href":"https:\/\/www.comverga.com\/pol\/cs\/wp-json\/wp\/v2\/pages\/249\/revisions\/1861"}],"up":[{"embeddable":true,"href":"https:\/\/www.comverga.com\/pol\/cs\/wp-json\/wp\/v2\/pages\/231"}],"wp:featuredmedia":[{"embeddable":true,"href":"https:\/\/www.comverga.com\/pol\/cs\/wp-json\/wp\/v2\/media\/213"}],"wp:attachment":[{"href":"https:\/\/www.comverga.com\/pol\/cs\/wp-json\/wp\/v2\/media?parent=249"}],"curies":[{"name":"wp","href":"https:\/\/api.w.org\/{rel}","templated":true}]}}