{"id":348,"date":"2020-11-25T15:08:34","date_gmt":"2020-11-25T14:08:34","guid":{"rendered":"https:\/\/www.comverga.com\/?page_id=348"},"modified":"2021-02-03T12:01:16","modified_gmt":"2021-02-03T11:01:16","slug":"branze","status":"publish","type":"page","link":"https:\/\/www.comverga.com\/pol\/cs\/branze\/","title":{"rendered":"Odv\u011btv\u00ed"},"content":{"rendered":"<div data-elementor-type=\"wp-page\" data-elementor-id=\"348\" class=\"elementor elementor-348\">\n\t\t\t\t\t\t\t\t\t<section class=\"elementor-section elementor-top-section elementor-element elementor-element-350eccc2 elementor-section-stretched elementor-section-boxed elementor-section-height-default elementor-section-height-default\" data-id=\"350eccc2\" data-element_type=\"section\" data-settings=\"{&quot;stretch_section&quot;:&quot;section-stretched&quot;,&quot;background_background&quot;:&quot;classic&quot;}\">\n\t\t\t\t\t\t<div class=\"elementor-container elementor-column-gap-default\">\n\t\t\t\t\t<div class=\"elementor-column elementor-col-100 elementor-top-column elementor-element elementor-element-5702d9e8\" data-id=\"5702d9e8\" data-element_type=\"column\">\n\t\t\t<div class=\"elementor-widget-wrap elementor-element-populated\">\n\t\t\t\t\t\t\t\t<div class=\"elementor-element elementor-element-457a1625 elementor-widget elementor-widget-text-editor\" data-id=\"457a1625\" data-element_type=\"widget\" data-widget_type=\"text-editor.default\">\n\t\t\t\t<div class=\"elementor-widget-container\">\n\t\t\t\t\t\t\t<p>Na\u0161e nab\u00eddka je zam\u011b\u0159ena na z\u00e1stupce finan\u010dn\u00edho, administrativn\u00edho, telekomunika\u010dn\u00edho, vzd\u011bl\u00e1vac\u00edho a l\u00e9ka\u0159sk\u00e9ho sektoru.<\/p>\n<p>\u0158e\u0161en\u00ed, kter\u00e1 nab\u00edz\u00edme, nejsou jen reklamn\u00ed SMS pro firmy. Nab\u00edz\u00edme mobiln\u00ed aplikace pro firmy, kter\u00e9 podporuj\u00ed elektronick\u00e9 obchodov\u00e1n\u00ed a m\u00edstn\u00ed podniky. Na\u0161e syst\u00e9my zlep\u0161uj\u00ed kontakt se z\u00e1kazn\u00edky a oslovuj\u00ed masov\u00e9 publikum personalizovan\u00fdmi zpr\u00e1vami.<\/p>\n<p>Ve zdravotnick\u00fdch za\u0159\u00edzen\u00edch nebo v odd\u011blen\u00edch z\u00e1kaznick\u00e9ho servisu r\u016fzn\u00fdch spole\u010dnost\u00ed se osv\u011bd\u010d\u00ed syst\u00e9m IVR. D\u00edky n\u011bmu volaj\u00edc\u00ed usly\u0161\u00ed automatick\u00e9 zpr\u00e1vy, vybere si p\u0159\u00edslu\u0161n\u00e9 polo\u017eky z nab\u00eddky, kter\u00e1 umo\u017en\u00ed nap\u0159\u00edklad ov\u011b\u0159en\u00ed z\u00e1kazn\u00edka, volbu jazyka nebo konkr\u00e9tn\u00ed slu\u017eby.<\/p>\n\t\t\t\t\t\t<\/div>\n\t\t\t\t<\/div>\n\t\t\t\t<div class=\"elementor-element elementor-element-b93bd45 elementor-widget elementor-widget-heading\" data-id=\"b93bd45\" data-element_type=\"widget\" data-widget_type=\"heading.default\">\n\t\t\t\t<div class=\"elementor-widget-container\">\n\t\t\t<h2 class=\"elementor-heading-title elementor-size-large\">Pod\u00edvejte se, pro koho pracujeme<\/h2>\t\t<\/div>\n\t\t\t\t<\/div>\n\t\t\t\t<div class=\"elementor-element elementor-element-6f3c07f elementor-widget-divider--view-line elementor-widget elementor-widget-divider\" data-id=\"6f3c07f\" data-element_type=\"widget\" data-widget_type=\"divider.default\">\n\t\t\t\t<div class=\"elementor-widget-container\">\n\t\t\t\t\t<div class=\"elementor-divider\">\n\t\t\t<span class=\"elementor-divider-separator\">\n\t\t\t\t\t\t<\/span>\n\t\t<\/div>\n\t\t\t\t<\/div>\n\t\t\t\t<\/div>\n\t\t\t\t\t<\/div>\n\t\t<\/div>\n\t\t\t\t\t\t\t<\/div>\n\t\t<\/section>\n\t\t\t\t\t\t\t<\/div>","protected":false},"excerpt":{"rendered":"<p>Na\u0161e nab\u00eddka je zam\u011b\u0159ena na z\u00e1stupce finan\u010dn\u00edho, administrativn\u00edho, telekomunika\u010dn\u00edho, vzd\u011bl\u00e1vac\u00edho a l\u00e9ka\u0159sk\u00e9ho sektoru. Navrhovan\u00e1 \u0159e\u0161en\u00ed nejsou jen reklamn\u00ed SMS pro firmy. Nab\u00edz\u00edme mobiln\u00ed aplikace pro firmy, kter\u00e9 podporuj\u00ed elektronick\u00e9 obchodov\u00e1n\u00ed a m\u00edstn\u00ed podnik\u00e1n\u00ed. Na\u0161e syst\u00e9my zlep\u0161uj\u00ed kontakt se z\u00e1kazn\u00edky a oslovuj\u00ed masov\u00e9 publikum personalizovan\u00fdmi zpr\u00e1vami. Ve zdravotnick\u00fdch za\u0159\u00edzen\u00edch nebo na odd\u011blen\u00edch [...].<\/p>","protected":false},"author":1,"featured_media":1729,"parent":0,"menu_order":0,"comment_status":"closed","ping_status":"closed","template":"","meta":{"footnotes":""},"yoast_head":"<!-- This site is optimized with the Yoast SEO plugin v21.6 - https:\/\/yoast.com\/wordpress\/plugins\/seo\/ -->\n<title>Bran\u017ce - COMVERGA Poland<\/title>\n<meta name=\"robots\" content=\"index, follow, max-snippet:-1, max-image-preview:large, max-video-preview:-1\" \/>\n<link rel=\"canonical\" href=\"https:\/\/www.comverga.com\/pol\/cs\/branze\/\" \/>\n<meta property=\"og:locale\" content=\"cs_CZ\" \/>\n<meta property=\"og:type\" content=\"article\" \/>\n<meta property=\"og:title\" content=\"Bran\u017ce - COMVERGA Poland\" \/>\n<meta property=\"og:description\" content=\"Ofert\u0119 kierujemy dla przedstawicieli zar\u00f3wno bran\u017cy finansowej, administracyjnej, telekomunikacyjnej, edukacyjnej, jak i medycznej. Proponowane rozwi\u0105zania to nie tylko reklama SMS dla firm. Oferujemy aplikacje mobilne dla biznesu , kt\u00f3re wspieraj\u0105 dzia\u0142alno\u015b\u0107 e-commerce, a\u00a0tak\u017ce lokalnych firm. Nasze systemy usprawniaj\u0105 kontakt z klientem i dotarcie ze spersonalizowanym komunikatem do masowych odbiorc\u00f3w. W plac\u00f3wkach medycznych czy te\u017c dzia\u0142ach [&hellip;]\" \/>\n<meta property=\"og:url\" content=\"https:\/\/www.comverga.com\/pol\/cs\/branze\/\" \/>\n<meta property=\"og:site_name\" content=\"COMVERGA Poland\" \/>\n<meta property=\"article:modified_time\" content=\"2021-02-03T11:01:16+00:00\" \/>\n<meta property=\"og:image\" content=\"https:\/\/www.comverga.com\/pol\/wp-content\/uploads\/sites\/2\/2021\/01\/binary-code-2508931_1920.jpg\" \/>\n\t<meta property=\"og:image:width\" content=\"1920\" \/>\n\t<meta property=\"og:image:height\" content=\"1280\" \/>\n\t<meta property=\"og:image:type\" content=\"image\/jpeg\" \/>\n<meta name=\"twitter:card\" content=\"summary_large_image\" \/>\n<meta name=\"twitter:label1\" content=\"Odhadovan\u00e1 doba \u010dten\u00ed\" \/>\n\t<meta name=\"twitter:data1\" content=\"1 minuta\" \/>\n<script type=\"application\/ld+json\" class=\"yoast-schema-graph\">{\"@context\":\"https:\/\/schema.org\",\"@graph\":[{\"@type\":\"WebPage\",\"@id\":\"https:\/\/www.comverga.com\/pol\/branze\/\",\"url\":\"https:\/\/www.comverga.com\/pol\/branze\/\",\"name\":\"Bran\u017ce - COMVERGA Poland\",\"isPartOf\":{\"@id\":\"https:\/\/www.comverga.com\/pol\/#website\"},\"datePublished\":\"2020-11-25T14:08:34+00:00\",\"dateModified\":\"2021-02-03T11:01:16+00:00\",\"inLanguage\":\"cs\",\"potentialAction\":[{\"@type\":\"ReadAction\",\"target\":[\"https:\/\/www.comverga.com\/pol\/branze\/\"]}]},{\"@type\":\"WebSite\",\"@id\":\"https:\/\/www.comverga.com\/pol\/#website\",\"url\":\"https:\/\/www.comverga.com\/pol\/\",\"name\":\"COMVERGA Poland\",\"description\":\"Comverga Poland\",\"publisher\":{\"@id\":\"https:\/\/www.comverga.com\/pol\/#organization\"},\"potentialAction\":[{\"@type\":\"SearchAction\",\"target\":{\"@type\":\"EntryPoint\",\"urlTemplate\":\"https:\/\/www.comverga.com\/pol\/?s={search_term_string}\"},\"query-input\":\"required name=search_term_string\"}],\"inLanguage\":\"cs\"},{\"@type\":\"Organization\",\"@id\":\"https:\/\/www.comverga.com\/pol\/#organization\",\"name\":\"COMVERGA Poland\",\"url\":\"https:\/\/www.comverga.com\/pol\/\",\"logo\":{\"@type\":\"ImageObject\",\"inLanguage\":\"cs\",\"@id\":\"https:\/\/www.comverga.com\/pol\/#\/schema\/logo\/image\/\",\"url\":\"https:\/\/www.comverga.com\/pol\/wp-content\/uploads\/sites\/2\/2020\/11\/Comverga_CC.png\",\"contentUrl\":\"https:\/\/www.comverga.com\/pol\/wp-content\/uploads\/sites\/2\/2020\/11\/Comverga_CC.png\",\"width\":800,\"height\":800,\"caption\":\"COMVERGA Poland\"},\"image\":{\"@id\":\"https:\/\/www.comverga.com\/pol\/#\/schema\/logo\/image\/\"}}]}<\/script>\n<!-- \/ Yoast SEO plugin. -->","yoast_head_json":{"title":"Bran\u017ce - COMVERGA Poland","robots":{"index":"index","follow":"follow","max-snippet":"max-snippet:-1","max-image-preview":"max-image-preview:large","max-video-preview":"max-video-preview:-1"},"canonical":"https:\/\/www.comverga.com\/pol\/cs\/branze\/","og_locale":"cs_CZ","og_type":"article","og_title":"Bran\u017ce - COMVERGA Poland","og_description":"Ofert\u0119 kierujemy dla przedstawicieli zar\u00f3wno bran\u017cy finansowej, administracyjnej, telekomunikacyjnej, edukacyjnej, jak i medycznej. Proponowane rozwi\u0105zania to nie tylko reklama SMS dla firm. Oferujemy aplikacje mobilne dla biznesu , kt\u00f3re wspieraj\u0105 dzia\u0142alno\u015b\u0107 e-commerce, a\u00a0tak\u017ce lokalnych firm. Nasze systemy usprawniaj\u0105 kontakt z klientem i dotarcie ze spersonalizowanym komunikatem do masowych odbiorc\u00f3w. W plac\u00f3wkach medycznych czy te\u017c dzia\u0142ach [&hellip;]","og_url":"https:\/\/www.comverga.com\/pol\/cs\/branze\/","og_site_name":"COMVERGA Poland","article_modified_time":"2021-02-03T11:01:16+00:00","og_image":[{"width":1920,"height":1280,"url":"https:\/\/www.comverga.com\/pol\/wp-content\/uploads\/sites\/2\/2021\/01\/binary-code-2508931_1920.jpg","type":"image\/jpeg"}],"twitter_card":"summary_large_image","twitter_misc":{"Odhadovan\u00e1 doba \u010dten\u00ed":"1 minuta"},"schema":{"@context":"https:\/\/schema.org","@graph":[{"@type":"WebPage","@id":"https:\/\/www.comverga.com\/pol\/branze\/","url":"https:\/\/www.comverga.com\/pol\/branze\/","name":"Bran\u017ce - COMVERGA Poland","isPartOf":{"@id":"https:\/\/www.comverga.com\/pol\/#website"},"datePublished":"2020-11-25T14:08:34+00:00","dateModified":"2021-02-03T11:01:16+00:00","inLanguage":"cs","potentialAction":[{"@type":"ReadAction","target":["https:\/\/www.comverga.com\/pol\/branze\/"]}]},{"@type":"WebSite","@id":"https:\/\/www.comverga.com\/pol\/#website","url":"https:\/\/www.comverga.com\/pol\/","name":"COMVERGA Polsko","description":"Comverga Polsko","publisher":{"@id":"https:\/\/www.comverga.com\/pol\/#organization"},"potentialAction":[{"@type":"SearchAction","target":{"@type":"EntryPoint","urlTemplate":"https:\/\/www.comverga.com\/pol\/?s={search_term_string}"},"query-input":"required name=search_term_string"}],"inLanguage":"cs"},{"@type":"Organization","@id":"https:\/\/www.comverga.com\/pol\/#organization","name":"COMVERGA Polsko","url":"https:\/\/www.comverga.com\/pol\/","logo":{"@type":"ImageObject","inLanguage":"cs","@id":"https:\/\/www.comverga.com\/pol\/#\/schema\/logo\/image\/","url":"https:\/\/www.comverga.com\/pol\/wp-content\/uploads\/sites\/2\/2020\/11\/Comverga_CC.png","contentUrl":"https:\/\/www.comverga.com\/pol\/wp-content\/uploads\/sites\/2\/2020\/11\/Comverga_CC.png","width":800,"height":800,"caption":"COMVERGA Poland"},"image":{"@id":"https:\/\/www.comverga.com\/pol\/#\/schema\/logo\/image\/"}}]}},"_links":{"self":[{"href":"https:\/\/www.comverga.com\/pol\/cs\/wp-json\/wp\/v2\/pages\/348"}],"collection":[{"href":"https:\/\/www.comverga.com\/pol\/cs\/wp-json\/wp\/v2\/pages"}],"about":[{"href":"https:\/\/www.comverga.com\/pol\/cs\/wp-json\/wp\/v2\/types\/page"}],"author":[{"embeddable":true,"href":"https:\/\/www.comverga.com\/pol\/cs\/wp-json\/wp\/v2\/users\/1"}],"replies":[{"embeddable":true,"href":"https:\/\/www.comverga.com\/pol\/cs\/wp-json\/wp\/v2\/comments?post=348"}],"version-history":[{"count":7,"href":"https:\/\/www.comverga.com\/pol\/cs\/wp-json\/wp\/v2\/pages\/348\/revisions"}],"predecessor-version":[{"id":1913,"href":"https:\/\/www.comverga.com\/pol\/cs\/wp-json\/wp\/v2\/pages\/348\/revisions\/1913"}],"wp:featuredmedia":[{"embeddable":true,"href":"https:\/\/www.comverga.com\/pol\/cs\/wp-json\/wp\/v2\/media\/1729"}],"wp:attachment":[{"href":"https:\/\/www.comverga.com\/pol\/cs\/wp-json\/wp\/v2\/media?parent=348"}],"curies":[{"name":"wp","href":"https:\/\/api.w.org\/{rel}","templated":true}]}}