{"id":364,"date":"2020-11-25T15:20:15","date_gmt":"2020-11-25T14:20:15","guid":{"rendered":"https:\/\/www.comverga.com\/?page_id=364"},"modified":"2021-05-04T07:21:32","modified_gmt":"2021-05-04T05:21:32","slug":"kontakt","status":"publish","type":"page","link":"https:\/\/www.comverga.com\/pol\/cs\/kontakt\/","title":{"rendered":"Kontakt"},"content":{"rendered":"<div class=\"wp-block-columns is-layout-flex wp-container-core-columns-layout-1 wp-block-columns-is-layout-flex\">\n<div class=\"wp-block-column is-layout-flow wp-block-column-is-layout-flow\">\n<figure class=\"wp-block-image size-full is-resized\"><img fetchpriority=\"high\" decoding=\"async\" src=\"https:\/\/www.comverga.com\/wp-content\/uploads\/2020\/11\/warszawa-e1606722911282.jpg\" alt=\"\" class=\"wp-image-522\" width=\"305\" height=\"181\"\/><\/figure>\n\n\n\n<p><strong>POLSKO<br>COMVERGA Sp. z o. o.<\/strong><br>+48 (22) 843 49 19<br>biuro@comverga.com<\/p>\n\n\n\n<p><strong>VAR\u0160AVA<\/strong><br>Ulice Wita Stwosza 28 A<br>02-661 Var\u0161ava<br><\/p>\n<\/div>\n\n\n\n<div class=\"wp-block-column is-layout-flow wp-block-column-is-layout-flow\">\n<figure class=\"wp-block-image size-full\"><img decoding=\"async\" src=\"https:\/\/www.comverga.com\/wp-content\/uploads\/2020\/11\/prag.jpg\" alt=\"\" class=\"wp-image-520\"\/><\/figure>\n\n\n\n<p><strong>\u010cESK\u00c1 REPUBLIKA<br>COMVERGA a.s.<\/strong><br>+420 234 493 141<br>info@comverga.com<\/p>\n\n\n\n<p><strong>PRAHA<\/strong><br>Vinohradsk\u00e1 2396\/184<br>130 52 Praha 3<\/p>\n\n\n\n<p><strong>PRAHA<\/strong><br>Starokol\u00ednsk\u00e1 306<br>190 16 Praha 9<\/p>\n\n\n\n<p><strong>HRADEC KR\u00c1LOV\u00c9<\/strong><br>T\u0159. Karl IV. 468<br>500 02 Hradec Kr\u00e1lov\u00e9<\/p>\n\n\n\n<p><strong>TRUTNOV<\/strong><br>Hradebn\u00ed 12<br>541 01 Trutnov<\/p>\n<\/div>\n\n\n\n<div class=\"wp-block-column is-layout-flow wp-block-column-is-layout-flow\">\n<figure class=\"wp-block-image size-large\"><img decoding=\"async\" width=\"305\" height=\"181\" src=\"https:\/\/www.comverga.com\/pol\/wp-content\/uploads\/sites\/2\/2021\/01\/berlin-1.jpg\" alt=\"\" class=\"wp-image-982\" srcset=\"https:\/\/www.comverga.com\/pol\/wp-content\/uploads\/sites\/2\/2021\/01\/berlin-1.jpg 305w, https:\/\/www.comverga.com\/pol\/wp-content\/uploads\/sites\/2\/2021\/01\/berlin-1-300x178.jpg 300w\" sizes=\"(max-width: 305px) 100vw, 305px\" \/><\/figure>\n\n\n\n<p><strong>N\u011aMECKO<br>COMVERGA GmbH<\/strong><br>+49 30 568373713<br>info@comverga.com<\/p>\n\n\n\n<p><strong>BERL\u00cdN<\/strong><br>Potsdamer Platz 10<br>10785 Berl\u00edn<br><\/p>\n<\/div>\n<\/div>\n\n\n\n<p><\/p>","protected":false},"excerpt":{"rendered":"<p>POLSKOCOMVERGA Sp. z&nbsp;o. o.+48 (22) 843 49 19biuro@comverga.com VAR\u0160AVAul. Wita Stwosza 28 A02-661 Var\u0161ava \u010cESK\u00c1 REPUBLIKACOMVERGA a.s.+420 234 493 141info@comverga.com PRAHAVinohradsk\u00e1 2396\/184130 52 Praha 3 PRAHAStarokol\u00ednsk\u00e1 306190 16 Praha 9 HRADEC KR\u00c1LOV\u00c9T\u0159. Karla IV. 468500 02 Hradec Kr\u00e1lov\u00e9 TRUTNOVHradebn\u00ed 12541 01 Trutnov N\u011aMECKOCOMVERGA GmbH+49 30 568373713info@comverga.com BERL\u00cdNPotsdamer Platz 1010785 Berl\u00edn<\/p>","protected":false},"author":1,"featured_media":139,"parent":0,"menu_order":0,"comment_status":"closed","ping_status":"closed","template":"","meta":{"footnotes":""},"yoast_head":"<!-- This site is optimized with the Yoast SEO plugin v21.6 - https:\/\/yoast.com\/wordpress\/plugins\/seo\/ -->\n<title>Kontakt - COMVERGA Poland<\/title>\n<meta name=\"robots\" content=\"index, follow, max-snippet:-1, max-image-preview:large, max-video-preview:-1\" \/>\n<link rel=\"canonical\" href=\"https:\/\/www.comverga.com\/pol\/cs\/kontakt\/\" \/>\n<meta property=\"og:locale\" content=\"cs_CZ\" \/>\n<meta property=\"og:type\" content=\"article\" \/>\n<meta property=\"og:title\" content=\"Kontakt - COMVERGA Poland\" \/>\n<meta property=\"og:description\" content=\"POLSKOCOMVERGA Sp. z&nbsp;o. o.+48 (22) 843 49 19biuro@comverga.com VAR\u0160AVAul. Wita Stwosza 28 A02-661 Var\u0161ava \u010cESK\u00c1 REPUBLIKACOMVERGA a.s.+420 234 493 141info@comverga.com PRAHAVinohradsk\u00e1 2396\/184130 52 Praha 3 PRAHAStarokol\u00ednsk\u00e1 306190 16 Praha 9 HRADEC KR\u00c1LOV\u00c9T\u0159. Karla IV. 468500 02 Hradec Kr\u00e1lov\u00e9 TRUTNOVHradebn\u00ed 12541 01 Trutnov N\u011aMECKOCOMVERGA GmbH+49 30 568373713info@comverga.com BERL\u00cdNPotsdamer Platz 1010785 Berl\u00edn\" \/>\n<meta property=\"og:url\" content=\"https:\/\/www.comverga.com\/pol\/cs\/kontakt\/\" \/>\n<meta property=\"og:site_name\" content=\"COMVERGA Poland\" \/>\n<meta property=\"article:modified_time\" content=\"2021-05-04T05:21:32+00:00\" \/>\n<meta property=\"og:image\" content=\"https:\/\/www.comverga.com\/pol\/wp-content\/uploads\/sites\/2\/2020\/11\/o-nas-1.jpg\" \/>\n\t<meta property=\"og:image:width\" content=\"1920\" \/>\n\t<meta property=\"og:image:height\" content=\"620\" \/>\n\t<meta property=\"og:image:type\" content=\"image\/jpeg\" \/>\n<meta name=\"twitter:card\" content=\"summary_large_image\" \/>\n<script type=\"application\/ld+json\" class=\"yoast-schema-graph\">{\"@context\":\"https:\/\/schema.org\",\"@graph\":[{\"@type\":\"WebPage\",\"@id\":\"https:\/\/www.comverga.com\/pol\/kontakt\/\",\"url\":\"https:\/\/www.comverga.com\/pol\/kontakt\/\",\"name\":\"Kontakt - COMVERGA Poland\",\"isPartOf\":{\"@id\":\"https:\/\/www.comverga.com\/pol\/#website\"},\"datePublished\":\"2020-11-25T14:20:15+00:00\",\"dateModified\":\"2021-05-04T05:21:32+00:00\",\"inLanguage\":\"cs\",\"potentialAction\":[{\"@type\":\"ReadAction\",\"target\":[\"https:\/\/www.comverga.com\/pol\/kontakt\/\"]}]},{\"@type\":\"WebSite\",\"@id\":\"https:\/\/www.comverga.com\/pol\/#website\",\"url\":\"https:\/\/www.comverga.com\/pol\/\",\"name\":\"COMVERGA Poland\",\"description\":\"Comverga Poland\",\"publisher\":{\"@id\":\"https:\/\/www.comverga.com\/pol\/#organization\"},\"potentialAction\":[{\"@type\":\"SearchAction\",\"target\":{\"@type\":\"EntryPoint\",\"urlTemplate\":\"https:\/\/www.comverga.com\/pol\/?s={search_term_string}\"},\"query-input\":\"required name=search_term_string\"}],\"inLanguage\":\"cs\"},{\"@type\":\"Organization\",\"@id\":\"https:\/\/www.comverga.com\/pol\/#organization\",\"name\":\"COMVERGA Poland\",\"url\":\"https:\/\/www.comverga.com\/pol\/\",\"logo\":{\"@type\":\"ImageObject\",\"inLanguage\":\"cs\",\"@id\":\"https:\/\/www.comverga.com\/pol\/#\/schema\/logo\/image\/\",\"url\":\"https:\/\/www.comverga.com\/pol\/wp-content\/uploads\/sites\/2\/2020\/11\/Comverga_CC.png\",\"contentUrl\":\"https:\/\/www.comverga.com\/pol\/wp-content\/uploads\/sites\/2\/2020\/11\/Comverga_CC.png\",\"width\":800,\"height\":800,\"caption\":\"COMVERGA Poland\"},\"image\":{\"@id\":\"https:\/\/www.comverga.com\/pol\/#\/schema\/logo\/image\/\"}}]}<\/script>\n<!-- \/ Yoast SEO plugin. -->","yoast_head_json":{"title":"Kontakt - COMVERGA Poland","robots":{"index":"index","follow":"follow","max-snippet":"max-snippet:-1","max-image-preview":"max-image-preview:large","max-video-preview":"max-video-preview:-1"},"canonical":"https:\/\/www.comverga.com\/pol\/cs\/kontakt\/","og_locale":"cs_CZ","og_type":"article","og_title":"Kontakt - COMVERGA Poland","og_description":"POLSKOCOMVERGA Sp. z&nbsp;o. o.+48 (22) 843 49 19biuro@comverga.com VAR\u0160AVAul. Wita Stwosza 28 A02-661 Var\u0161ava \u010cESK\u00c1 REPUBLIKACOMVERGA a.s.+420 234 493 141info@comverga.com PRAHAVinohradsk\u00e1 2396\/184130 52 Praha 3 PRAHAStarokol\u00ednsk\u00e1 306190 16 Praha 9 HRADEC KR\u00c1LOV\u00c9T\u0159. Karla IV. 468500 02 Hradec Kr\u00e1lov\u00e9 TRUTNOVHradebn\u00ed 12541 01 Trutnov N\u011aMECKOCOMVERGA GmbH+49 30 568373713info@comverga.com BERL\u00cdNPotsdamer Platz 1010785 Berl\u00edn","og_url":"https:\/\/www.comverga.com\/pol\/cs\/kontakt\/","og_site_name":"COMVERGA Poland","article_modified_time":"2021-05-04T05:21:32+00:00","og_image":[{"width":1920,"height":620,"url":"https:\/\/www.comverga.com\/pol\/wp-content\/uploads\/sites\/2\/2020\/11\/o-nas-1.jpg","type":"image\/jpeg"}],"twitter_card":"summary_large_image","schema":{"@context":"https:\/\/schema.org","@graph":[{"@type":"WebPage","@id":"https:\/\/www.comverga.com\/pol\/kontakt\/","url":"https:\/\/www.comverga.com\/pol\/kontakt\/","name":"Kontakt - COMVERGA Poland","isPartOf":{"@id":"https:\/\/www.comverga.com\/pol\/#website"},"datePublished":"2020-11-25T14:20:15+00:00","dateModified":"2021-05-04T05:21:32+00:00","inLanguage":"cs","potentialAction":[{"@type":"ReadAction","target":["https:\/\/www.comverga.com\/pol\/kontakt\/"]}]},{"@type":"WebSite","@id":"https:\/\/www.comverga.com\/pol\/#website","url":"https:\/\/www.comverga.com\/pol\/","name":"COMVERGA Polsko","description":"Comverga Polsko","publisher":{"@id":"https:\/\/www.comverga.com\/pol\/#organization"},"potentialAction":[{"@type":"SearchAction","target":{"@type":"EntryPoint","urlTemplate":"https:\/\/www.comverga.com\/pol\/?s={search_term_string}"},"query-input":"required name=search_term_string"}],"inLanguage":"cs"},{"@type":"Organization","@id":"https:\/\/www.comverga.com\/pol\/#organization","name":"COMVERGA Polsko","url":"https:\/\/www.comverga.com\/pol\/","logo":{"@type":"ImageObject","inLanguage":"cs","@id":"https:\/\/www.comverga.com\/pol\/#\/schema\/logo\/image\/","url":"https:\/\/www.comverga.com\/pol\/wp-content\/uploads\/sites\/2\/2020\/11\/Comverga_CC.png","contentUrl":"https:\/\/www.comverga.com\/pol\/wp-content\/uploads\/sites\/2\/2020\/11\/Comverga_CC.png","width":800,"height":800,"caption":"COMVERGA Poland"},"image":{"@id":"https:\/\/www.comverga.com\/pol\/#\/schema\/logo\/image\/"}}]}},"_links":{"self":[{"href":"https:\/\/www.comverga.com\/pol\/cs\/wp-json\/wp\/v2\/pages\/364"}],"collection":[{"href":"https:\/\/www.comverga.com\/pol\/cs\/wp-json\/wp\/v2\/pages"}],"about":[{"href":"https:\/\/www.comverga.com\/pol\/cs\/wp-json\/wp\/v2\/types\/page"}],"author":[{"embeddable":true,"href":"https:\/\/www.comverga.com\/pol\/cs\/wp-json\/wp\/v2\/users\/1"}],"replies":[{"embeddable":true,"href":"https:\/\/www.comverga.com\/pol\/cs\/wp-json\/wp\/v2\/comments?post=364"}],"version-history":[{"count":7,"href":"https:\/\/www.comverga.com\/pol\/cs\/wp-json\/wp\/v2\/pages\/364\/revisions"}],"predecessor-version":[{"id":2094,"href":"https:\/\/www.comverga.com\/pol\/cs\/wp-json\/wp\/v2\/pages\/364\/revisions\/2094"}],"wp:featuredmedia":[{"embeddable":true,"href":"https:\/\/www.comverga.com\/pol\/cs\/wp-json\/wp\/v2\/media\/139"}],"wp:attachment":[{"href":"https:\/\/www.comverga.com\/pol\/cs\/wp-json\/wp\/v2\/media?parent=364"}],"curies":[{"name":"wp","href":"https:\/\/api.w.org\/{rel}","templated":true}]}}