{"id":368,"date":"2020-11-25T15:22:13","date_gmt":"2020-11-25T14:22:13","guid":{"rendered":"https:\/\/www.comverga.com\/?page_id=368"},"modified":"2023-03-07T16:20:03","modified_gmt":"2023-03-07T15:20:03","slug":"kontakt-3","status":"publish","type":"page","link":"https:\/\/www.comverga.com\/pol\/cs\/kontakt-3\/","title":{"rendered":"Kontakt"},"content":{"rendered":"<div data-elementor-type=\"wp-page\" data-elementor-id=\"368\" class=\"elementor elementor-368\">\n\t\t\t\t\t\t\t\t\t<section class=\"elementor-section elementor-top-section elementor-element elementor-element-7d2f118 elementor-section-stretched elementor-section-boxed elementor-section-height-default elementor-section-height-default\" data-id=\"7d2f118\" data-element_type=\"section\" data-settings=\"{&quot;stretch_section&quot;:&quot;section-stretched&quot;}\">\n\t\t\t\t\t\t<div class=\"elementor-container elementor-column-gap-default\">\n\t\t\t\t\t<div class=\"elementor-column elementor-col-100 elementor-top-column elementor-element elementor-element-a0a4177\" data-id=\"a0a4177\" data-element_type=\"column\">\n\t\t\t<div class=\"elementor-widget-wrap elementor-element-populated\">\n\t\t\t\t\t\t\t\t<div class=\"elementor-element elementor-element-919f5ea elementor-widget elementor-widget-heading\" data-id=\"919f5ea\" data-element_type=\"widget\" data-widget_type=\"heading.default\">\n\t\t\t\t<div class=\"elementor-widget-container\">\n\t\t\t<h2 class=\"elementor-heading-title elementor-size-default\">Nev\u00e1hejte n\u00e1s kontaktovat<\/h2>\t\t<\/div>\n\t\t\t\t<\/div>\n\t\t\t\t<div class=\"elementor-element elementor-element-1b1dbf5 elementor-widget-divider--view-line elementor-widget elementor-widget-divider\" data-id=\"1b1dbf5\" data-element_type=\"widget\" data-widget_type=\"divider.default\">\n\t\t\t\t<div class=\"elementor-widget-container\">\n\t\t\t\t\t<div class=\"elementor-divider\">\n\t\t\t<span class=\"elementor-divider-separator\">\n\t\t\t\t\t\t<\/span>\n\t\t<\/div>\n\t\t\t\t<\/div>\n\t\t\t\t<\/div>\n\t\t\t\t<div class=\"elementor-element elementor-element-cda77b3 premium-cf7-button-fwidth-yes elementor-widget elementor-widget-premium-contact-form\" data-id=\"cda77b3\" data-element_type=\"widget\" data-widget_type=\"premium-contact-form.default\">\n\t\t\t\t<div class=\"elementor-widget-container\">\n\t\t\t\r\n\t\t\t\r\n\t\t\t<div class=\"premium-cf7-container\" data-settings=\"{&quot;fields_glass&quot;:&quot;none&quot;,&quot;submit_glass&quot;:&quot;none&quot;}\">\r\n\t\t\t\t\n<div class=\"wpcf7 no-js\" id=\"wpcf7-f2203-o1\" lang=\"en-US\" dir=\"ltr\">\n<div class=\"screen-reader-response\"><p role=\"status\" aria-live=\"polite\" aria-atomic=\"true\"><\/p> <ul><\/ul><\/div>\n<form action=\"\/pol\/cs\/wp-json\/wp\/v2\/pages\/368#wpcf7-f2203-o1\" method=\"post\" class=\"wpcf7-form init\" aria-label=\"Kontaktn\u00ed formul\u00e1\u0159\" novalidate=\"novalidate\" data-status=\"init\" data-trp-original-action=\"\/pol\/cs\/wp-json\/wp\/v2\/pages\/368#wpcf7-f2203-o1\">\n<div style=\"display: none;\">\n<input type=\"hidden\" name=\"_wpcf7\" value=\"2203\" \/>\n<input type=\"hidden\" name=\"_wpcf7_version\" value=\"5.8.4\" \/>\n<input type=\"hidden\" name=\"_wpcf7_locale\" value=\"en_US\" \/>\n<input type=\"hidden\" name=\"_wpcf7_unit_tag\" value=\"wpcf7-f2203-o1\" \/>\n<input type=\"hidden\" name=\"_wpcf7_container_post\" value=\"0\" \/>\n<input type=\"hidden\" name=\"_wpcf7_posted_data_hash\" value=\"\" \/>\n<input type=\"hidden\" name=\"_wpcf7_recaptcha_response\" value=\"\" \/>\n<\/div>\n<p><span class=\"wpcf7-form-control-wrap\" data-name=\"your-name\"><input size=\"40\" class=\"wpcf7-form-control wpcf7-text wpcf7-validates-as-required\" aria-required=\"true\" aria-invalid=\"false\" placeholder=\"n\u00e1zev\" value=\"\" type=\"text\" name=\"your-name\" \/><\/span><br \/>\n<span class=\"wpcf7-form-control-wrap\" data-name=\"your-email\"><input size=\"40\" class=\"wpcf7-form-control wpcf7-email wpcf7-validates-as-required wpcf7-text wpcf7-validates-as-email\" aria-required=\"true\" aria-invalid=\"false\" placeholder=\"E-mail\" value=\"\" type=\"email\" name=\"your-email\" \/><\/span><br \/>\n<span class=\"wpcf7-form-control-wrap\" data-name=\"your-message\"><textarea cols=\"40\" rows=\"10\" class=\"wpcf7-form-control wpcf7-textarea\" aria-invalid=\"false\" placeholder=\"Obsah ot\u00e1zky\" name=\"your-message\"><\/textarea><\/span><br \/>\n<span class=\"wpcf7-form-control-wrap\" data-name=\"acceptance-641\"><span class=\"wpcf7-form-control wpcf7-acceptance\"><span class=\"wpcf7-list-item\"><label><input type=\"checkbox\" name=\"acceptance-641\" value=\"1\" aria-invalid=\"false\" \/><span class=\"wpcf7-list-item-label\">Souhlas\u00edm s t\u00edm, aby mi spole\u010dnost COMVERGA Sp. z o.o. zas\u00edlala elektronicky na e-mailovou adresu, kterou jsem uvedl\/a ve formul\u00e1\u0159i, obchodn\u00ed informace t\u00fdkaj\u00edc\u00ed se produkt\u016f a slu\u017eeb nab\u00edzen\u00fdch spole\u010dnost\u00ed COMVERGA Sp. z o.o. ve smyslu z\u00e1kona o poskytov\u00e1n\u00ed slu\u017eeb elektronickou cestou ze dne 18. \u010dervence 2002 (Sb\u00edrka z\u00e1kon\u016f z roku 2013, \u010d\u00e1stka 1422 ve zn\u011bn\u00ed pozd\u011bj\u0161\u00edch p\u0159edpis\u016f) Osobn\u00ed \u00fadaje uveden\u00e9 ve formul\u00e1\u0159i budou zpracov\u00e1ny v souladu s evropsk\u00fdm na\u0159\u00edzen\u00edm o ochran\u011b osobn\u00edch \u00fadaj\u016f ze dne 27. dubna 2016. (\u00da\u0159edn\u00ed v\u011bstn\u00edk EU L \u010d. 119, s. 1) a z\u00e1konem ze dne 18. \u010dervence 2002 o poskytov\u00e1n\u00ed slu\u017eeb elektronick\u00fdmi prost\u0159edky (Sb\u00edrka z\u00e1kon\u016f 2002, \u010d. 144, polo\u017eka 1204 se zm\u011bnami) Spr\u00e1vcem osobn\u00edch \u00fadaj\u016f uveden\u00fdch ve Formul\u00e1\u0159i je spole\u010dnost COMVERGA Sp. z o.o. se s\u00eddlem ve Var\u0161av\u011b (02-661), ul. Wita Stwosza 28a. Poskytnut\u00ed \u00fadaj\u016f je dobrovoln\u00e9. Subjekt \u00fadaj\u016f m\u00e1 pr\u00e1vo p\u0159\u00edstupu ke sv\u00fdm \u00fadaj\u016fm a pr\u00e1vo na jejich opravu. Prohl\u00e1\u0161en\u00ed v tomto ohledu je t\u0159eba podat na telefonn\u00edm \u010d\u00edsle 22 843 49 19 nebo na e-mailov\u00e9 adrese kontakt@mprofi.pl. Z\u00e1sady ochrany osobn\u00edch \u00fadaj\u016f.<\/span><\/label><\/span><\/span><\/span>\n<\/p>\n<p><input class=\"wpcf7-form-control wpcf7-submit has-spinner\" type=\"submit\" value=\"ODESLAT\" \/>\n<\/p><div class=\"wpcf7-response-output\" aria-hidden=\"true\"><\/div>\n<input type=\"hidden\" name=\"trp-form-language\" value=\"cs\"\/><\/form>\n<\/div>\n\t\t\t<\/div>\r\n\r\n\t\t\t\t\t<\/div>\n\t\t\t\t<\/div>\n\t\t\t\t<div class=\"elementor-element elementor-element-2d7df2b elementor-widget elementor-widget-html\" data-id=\"2d7df2b\" data-element_type=\"widget\" data-widget_type=\"html.default\">\n\t\t\t\t<div class=\"elementor-widget-container\">\n\t\t\t<style>\n    h2 {\n        margin-top: 0px!important;\n        margin-bottom: 0px!important\n    }\n    .wpcf7-acceptance span{\n        font-size: 80%;\n        padding-left: 20px;\n        padding-right: 20px;\n        line-height: 1.3em\n    }\n<\/style>\t\t<\/div>\n\t\t\t\t<\/div>\n\t\t\t\t\t<\/div>\n\t\t<\/div>\n\t\t\t\t\t\t\t<\/div>\n\t\t<\/section>\n\t\t\t\t<section class=\"elementor-section elementor-top-section elementor-element elementor-element-5591ee1 elementor-section-stretched elementor-section-boxed elementor-section-height-default elementor-section-height-default\" data-id=\"5591ee1\" data-element_type=\"section\" data-settings=\"{&quot;stretch_section&quot;:&quot;section-stretched&quot;}\">\n\t\t\t\t\t\t<div class=\"elementor-container elementor-column-gap-default\">\n\t\t\t\t\t<div class=\"elementor-column elementor-col-33 elementor-top-column elementor-element elementor-element-f999ff9\" data-id=\"f999ff9\" data-element_type=\"column\">\n\t\t\t<div class=\"elementor-widget-wrap elementor-element-populated\">\n\t\t\t\t\t\t\t\t<div class=\"elementor-element elementor-element-f93fb94 elementor-widget elementor-widget-image\" data-id=\"f93fb94\" data-element_type=\"widget\" data-widget_type=\"image.default\">\n\t\t\t\t<div class=\"elementor-widget-container\">\n\t\t\t\t\t\t\t\t\t\t\t\t\t\t\t<img fetchpriority=\"high\" decoding=\"async\" width=\"305\" height=\"181\" src=\"https:\/\/www.comverga.com\/pol\/wp-content\/uploads\/sites\/2\/2020\/11\/warszawa.jpg\" class=\"attachment-full size-full wp-image-679\" alt=\"\" srcset=\"https:\/\/www.comverga.com\/pol\/wp-content\/uploads\/sites\/2\/2020\/11\/warszawa.jpg 305w, https:\/\/www.comverga.com\/pol\/wp-content\/uploads\/sites\/2\/2020\/11\/warszawa-300x178.jpg 300w\" sizes=\"(max-width: 305px) 100vw, 305px\" \/>\t\t\t\t\t\t\t\t\t\t\t\t\t\t\t<\/div>\n\t\t\t\t<\/div>\n\t\t\t\t<div class=\"elementor-element elementor-element-ae068ef elementor-widget elementor-widget-text-editor\" data-id=\"ae068ef\" data-element_type=\"widget\" data-widget_type=\"text-editor.default\">\n\t\t\t\t<div class=\"elementor-widget-container\">\n\t\t\t\t\t\t\t<p><strong>POLSKO<br><div class=\"country-seperate-line\"><\/div><br \/>COMVERGA Sp. z o. o.<\/strong><br \/>+48 (22) 843 49 19<br \/>biuro@comverga.com<\/p>\n<p><!-- \/wp:paragraph -->\n\n<!-- wp:paragraph --><\/p>\n<p><strong>VAR\u0160AVA<\/strong><br \/>Ulice Wita Stwosza 28 A<br \/>02-661 Var\u0161ava<\/p>\t\t\t\t\t\t<\/div>\n\t\t\t\t<\/div>\n\t\t\t\t\t<\/div>\n\t\t<\/div>\n\t\t\t\t<div class=\"elementor-column elementor-col-33 elementor-top-column elementor-element elementor-element-cb30bc3\" data-id=\"cb30bc3\" data-element_type=\"column\">\n\t\t\t<div class=\"elementor-widget-wrap elementor-element-populated\">\n\t\t\t\t\t\t\t\t<div class=\"elementor-element elementor-element-a280a78 elementor-widget elementor-widget-image\" data-id=\"a280a78\" data-element_type=\"widget\" data-widget_type=\"image.default\">\n\t\t\t\t<div class=\"elementor-widget-container\">\n\t\t\t\t\t\t\t\t\t\t\t\t\t\t\t<img decoding=\"async\" src=\"https:\/\/www.comverga.com\/pol\/wp-content\/uploads\/sites\/2\/elementor\/thumbs\/prag-r6wjbwtpp2ntd9a0djnbpv0ngnchmzma3e3znekcb6.jpg\" title=\"touha\" alt=\"prag\" loading=\"lazy\" \/>\t\t\t\t\t\t\t\t\t\t\t\t\t\t\t<\/div>\n\t\t\t\t<\/div>\n\t\t\t\t<div class=\"elementor-element elementor-element-fc87529 elementor-widget elementor-widget-text-editor\" data-id=\"fc87529\" data-element_type=\"widget\" data-widget_type=\"text-editor.default\">\n\t\t\t\t<div class=\"elementor-widget-container\">\n\t\t\t\t\t\t\t<p><strong>\u010cESK\u00c1 REPUBLIKA<br \/><\/strong><\/p>\n<div class=\"country-seperate-line\">\u00a0<\/div>\n<p><strong><br \/>COMVERGA a.s.<\/strong><br \/>+420 234 493 141<br \/>info@comverga.com<\/p>\n<p><!-- \/wp:paragraph --><!-- wp:paragraph --><\/p>\n<p><strong>PRAHA<\/strong><br \/>Vinohradsk\u00e1 2396\/184<br \/>130 52 Praha 3<\/p>\n<p><!-- \/wp:paragraph --><!-- wp:paragraph --><\/p>\n<p><strong>PRAHA<\/strong><br \/>Starokol\u00ednsk\u00e1 306<br \/>190 16 Praha 9<\/p>\n<p><!-- \/wp:paragraph --><!-- wp:paragraph --><\/p>\n<p><strong>HRADEC KR\u00c1LOV\u00c9<br \/><\/strong>T\u0159. Karl IV. 468<br \/>500 02 Hradec Kr\u00e1lov\u00e9<\/p>\n<p><!-- \/wp:paragraph --><!-- wp:paragraph --><\/p>\n<p><strong>TRUTNOV<\/strong><br \/>Hradebn\u00ed 12<br \/>541 01 Trutnov<\/p>\n<p>D-U-N-S: 495006301<\/p>\t\t\t\t\t\t<\/div>\n\t\t\t\t<\/div>\n\t\t\t\t\t<\/div>\n\t\t<\/div>\n\t\t\t\t<div class=\"elementor-column elementor-col-33 elementor-top-column elementor-element elementor-element-af1a1bc\" data-id=\"af1a1bc\" data-element_type=\"column\">\n\t\t\t<div class=\"elementor-widget-wrap elementor-element-populated\">\n\t\t\t\t\t\t\t\t<div class=\"elementor-element elementor-element-08c56e9 elementor-widget elementor-widget-image\" data-id=\"08c56e9\" data-element_type=\"widget\" data-widget_type=\"image.default\">\n\t\t\t\t<div class=\"elementor-widget-container\">\n\t\t\t\t\t\t\t\t\t\t\t\t\t\t\t<img decoding=\"async\" width=\"305\" height=\"181\" src=\"https:\/\/www.comverga.com\/pol\/wp-content\/uploads\/sites\/2\/2021\/01\/berlin-1.jpg\" class=\"attachment-full size-full wp-image-982\" alt=\"\" srcset=\"https:\/\/www.comverga.com\/pol\/wp-content\/uploads\/sites\/2\/2021\/01\/berlin-1.jpg 305w, https:\/\/www.comverga.com\/pol\/wp-content\/uploads\/sites\/2\/2021\/01\/berlin-1-300x178.jpg 300w\" sizes=\"(max-width: 305px) 100vw, 305px\" \/>\t\t\t\t\t\t\t\t\t\t\t\t\t\t\t<\/div>\n\t\t\t\t<\/div>\n\t\t\t\t<div class=\"elementor-element elementor-element-bb10524 elementor-widget elementor-widget-text-editor\" data-id=\"bb10524\" data-element_type=\"widget\" data-widget_type=\"text-editor.default\">\n\t\t\t\t<div class=\"elementor-widget-container\">\n\t\t\t\t\t\t\t<p><strong>N\u011aMECKO<br \/><div class=\"country-seperate-line\"><\/div><br>COMVERGA GmbH<\/strong><br \/>+49 30 568 37 37 13<br \/>info@comverga.com<\/p>\n<p><!-- \/wp:paragraph -->\n\n<!-- wp:paragraph --><\/p>\n<p><strong>BERLIN<\/strong><br \/>Potsdamer Platz 10<br \/>10785 Berl\u00edn<\/p>\t\t\t\t\t\t<\/div>\n\t\t\t\t<\/div>\n\t\t\t\t\t<\/div>\n\t\t<\/div>\n\t\t\t\t\t\t\t<\/div>\n\t\t<\/section>\n\t\t\t\t\t\t\t<\/div>","protected":false},"excerpt":{"rendered":"<p>M\u016f\u017eete m\u011b kontaktovat Souhlas\u00edm s t\u00edm, aby mi spole\u010dnost COMVERGA Sp. z o.o. zas\u00edlala elektronicky na e-mailovou adresu, kterou jsem uvedl ve formul\u00e1\u0159i, obchodn\u00ed informace o produktech a slu\u017eb\u00e1ch nab\u00edzen\u00fdch spole\u010dnost\u00ed COMVERGA Sp. z o.o. ve smyslu z\u00e1kona o poskytov\u00e1n\u00ed slu\u017eeb elektronickou cestou ze dne 18. \u010dervence 2002 (Sb\u00edrka z\u00e1kon\u016f z roku 2013, polo\u017eka 1422 [...].<\/p>","protected":false},"author":1,"featured_media":45,"parent":0,"menu_order":0,"comment_status":"closed","ping_status":"closed","template":"","meta":{"footnotes":""},"yoast_head":"<!-- This site is optimized with the Yoast SEO plugin v21.6 - https:\/\/yoast.com\/wordpress\/plugins\/seo\/ -->\n<title>Kontakt - COMVERGA Poland<\/title>\n<meta name=\"robots\" content=\"index, follow, max-snippet:-1, max-image-preview:large, max-video-preview:-1\" \/>\n<link rel=\"canonical\" href=\"https:\/\/www.comverga.com\/pol\/cs\/kontakt-3\/\" \/>\n<meta property=\"og:locale\" content=\"cs_CZ\" \/>\n<meta property=\"og:type\" content=\"article\" \/>\n<meta property=\"og:title\" content=\"Kontakt - COMVERGA Poland\" \/>\n<meta property=\"og:description\" content=\"Zapraszamy do kontaktu Wyra\u017cam zgod\u0119 na otrzymywanie od COMVERGA Sp. z o.o. drog\u0105 elektroniczn\u0105 na wskazany przeze mnie w Formularzu adres e-mail informacji handlowych, dotycz\u0105cych produkt\u00f3w i us\u0142ug oferowanych przez COMVERGA Sp. z o.o. w rozumieniu ustawy o \u015bwiadczeniu us\u0142ug drog\u0105 elektroniczn\u0105 z dnia 18 lipca 2002 r. (Dz. U z 2013 r., poz. 1422 [&hellip;]\" \/>\n<meta property=\"og:url\" content=\"https:\/\/www.comverga.com\/pol\/cs\/kontakt-3\/\" \/>\n<meta property=\"og:site_name\" content=\"COMVERGA Poland\" \/>\n<meta property=\"article:modified_time\" content=\"2023-03-07T15:20:03+00:00\" \/>\n<meta property=\"og:image\" content=\"https:\/\/www.comverga.com\/pol\/wp-content\/uploads\/sites\/2\/2020\/11\/o-nas.jpg\" \/>\n\t<meta property=\"og:image:width\" content=\"1920\" \/>\n\t<meta property=\"og:image:height\" content=\"620\" \/>\n\t<meta property=\"og:image:type\" content=\"image\/jpeg\" \/>\n<meta name=\"twitter:card\" content=\"summary_large_image\" \/>\n<meta name=\"twitter:label1\" content=\"Odhadovan\u00e1 doba \u010dten\u00ed\" \/>\n\t<meta name=\"twitter:data1\" content=\"1 minuta\" \/>\n<script type=\"application\/ld+json\" class=\"yoast-schema-graph\">{\"@context\":\"https:\/\/schema.org\",\"@graph\":[{\"@type\":\"WebPage\",\"@id\":\"https:\/\/www.comverga.com\/pol\/kontakt-3\/\",\"url\":\"https:\/\/www.comverga.com\/pol\/kontakt-3\/\",\"name\":\"Kontakt - COMVERGA Poland\",\"isPartOf\":{\"@id\":\"https:\/\/www.comverga.com\/pol\/#website\"},\"datePublished\":\"2020-11-25T14:22:13+00:00\",\"dateModified\":\"2023-03-07T15:20:03+00:00\",\"inLanguage\":\"cs\",\"potentialAction\":[{\"@type\":\"ReadAction\",\"target\":[\"https:\/\/www.comverga.com\/pol\/kontakt-3\/\"]}]},{\"@type\":\"WebSite\",\"@id\":\"https:\/\/www.comverga.com\/pol\/#website\",\"url\":\"https:\/\/www.comverga.com\/pol\/\",\"name\":\"COMVERGA Poland\",\"description\":\"Comverga Poland\",\"publisher\":{\"@id\":\"https:\/\/www.comverga.com\/pol\/#organization\"},\"potentialAction\":[{\"@type\":\"SearchAction\",\"target\":{\"@type\":\"EntryPoint\",\"urlTemplate\":\"https:\/\/www.comverga.com\/pol\/?s={search_term_string}\"},\"query-input\":\"required name=search_term_string\"}],\"inLanguage\":\"cs\"},{\"@type\":\"Organization\",\"@id\":\"https:\/\/www.comverga.com\/pol\/#organization\",\"name\":\"COMVERGA Poland\",\"url\":\"https:\/\/www.comverga.com\/pol\/\",\"logo\":{\"@type\":\"ImageObject\",\"inLanguage\":\"cs\",\"@id\":\"https:\/\/www.comverga.com\/pol\/#\/schema\/logo\/image\/\",\"url\":\"https:\/\/www.comverga.com\/pol\/wp-content\/uploads\/sites\/2\/2020\/11\/Comverga_CC.png\",\"contentUrl\":\"https:\/\/www.comverga.com\/pol\/wp-content\/uploads\/sites\/2\/2020\/11\/Comverga_CC.png\",\"width\":800,\"height\":800,\"caption\":\"COMVERGA Poland\"},\"image\":{\"@id\":\"https:\/\/www.comverga.com\/pol\/#\/schema\/logo\/image\/\"}}]}<\/script>\n<!-- \/ Yoast SEO plugin. -->","yoast_head_json":{"title":"Kontakt - COMVERGA Poland","robots":{"index":"index","follow":"follow","max-snippet":"max-snippet:-1","max-image-preview":"max-image-preview:large","max-video-preview":"max-video-preview:-1"},"canonical":"https:\/\/www.comverga.com\/pol\/cs\/kontakt-3\/","og_locale":"cs_CZ","og_type":"article","og_title":"Kontakt - COMVERGA Poland","og_description":"Zapraszamy do kontaktu Wyra\u017cam zgod\u0119 na otrzymywanie od COMVERGA Sp. z o.o. drog\u0105 elektroniczn\u0105 na wskazany przeze mnie w Formularzu adres e-mail informacji handlowych, dotycz\u0105cych produkt\u00f3w i us\u0142ug oferowanych przez COMVERGA Sp. z o.o. w rozumieniu ustawy o \u015bwiadczeniu us\u0142ug drog\u0105 elektroniczn\u0105 z dnia 18 lipca 2002 r. (Dz. U z 2013 r., poz. 1422 [&hellip;]","og_url":"https:\/\/www.comverga.com\/pol\/cs\/kontakt-3\/","og_site_name":"COMVERGA Poland","article_modified_time":"2023-03-07T15:20:03+00:00","og_image":[{"width":1920,"height":620,"url":"https:\/\/www.comverga.com\/pol\/wp-content\/uploads\/sites\/2\/2020\/11\/o-nas.jpg","type":"image\/jpeg"}],"twitter_card":"summary_large_image","twitter_misc":{"Odhadovan\u00e1 doba \u010dten\u00ed":"1 minuta"},"schema":{"@context":"https:\/\/schema.org","@graph":[{"@type":"WebPage","@id":"https:\/\/www.comverga.com\/pol\/kontakt-3\/","url":"https:\/\/www.comverga.com\/pol\/kontakt-3\/","name":"Kontakt - COMVERGA Poland","isPartOf":{"@id":"https:\/\/www.comverga.com\/pol\/#website"},"datePublished":"2020-11-25T14:22:13+00:00","dateModified":"2023-03-07T15:20:03+00:00","inLanguage":"cs","potentialAction":[{"@type":"ReadAction","target":["https:\/\/www.comverga.com\/pol\/kontakt-3\/"]}]},{"@type":"WebSite","@id":"https:\/\/www.comverga.com\/pol\/#website","url":"https:\/\/www.comverga.com\/pol\/","name":"COMVERGA Polsko","description":"Comverga Polsko","publisher":{"@id":"https:\/\/www.comverga.com\/pol\/#organization"},"potentialAction":[{"@type":"SearchAction","target":{"@type":"EntryPoint","urlTemplate":"https:\/\/www.comverga.com\/pol\/?s={search_term_string}"},"query-input":"required name=search_term_string"}],"inLanguage":"cs"},{"@type":"Organization","@id":"https:\/\/www.comverga.com\/pol\/#organization","name":"COMVERGA Polsko","url":"https:\/\/www.comverga.com\/pol\/","logo":{"@type":"ImageObject","inLanguage":"cs","@id":"https:\/\/www.comverga.com\/pol\/#\/schema\/logo\/image\/","url":"https:\/\/www.comverga.com\/pol\/wp-content\/uploads\/sites\/2\/2020\/11\/Comverga_CC.png","contentUrl":"https:\/\/www.comverga.com\/pol\/wp-content\/uploads\/sites\/2\/2020\/11\/Comverga_CC.png","width":800,"height":800,"caption":"COMVERGA Poland"},"image":{"@id":"https:\/\/www.comverga.com\/pol\/#\/schema\/logo\/image\/"}}]}},"_links":{"self":[{"href":"https:\/\/www.comverga.com\/pol\/cs\/wp-json\/wp\/v2\/pages\/368"}],"collection":[{"href":"https:\/\/www.comverga.com\/pol\/cs\/wp-json\/wp\/v2\/pages"}],"about":[{"href":"https:\/\/www.comverga.com\/pol\/cs\/wp-json\/wp\/v2\/types\/page"}],"author":[{"embeddable":true,"href":"https:\/\/www.comverga.com\/pol\/cs\/wp-json\/wp\/v2\/users\/1"}],"replies":[{"embeddable":true,"href":"https:\/\/www.comverga.com\/pol\/cs\/wp-json\/wp\/v2\/comments?post=368"}],"version-history":[{"count":62,"href":"https:\/\/www.comverga.com\/pol\/cs\/wp-json\/wp\/v2\/pages\/368\/revisions"}],"predecessor-version":[{"id":2242,"href":"https:\/\/www.comverga.com\/pol\/cs\/wp-json\/wp\/v2\/pages\/368\/revisions\/2242"}],"wp:featuredmedia":[{"embeddable":true,"href":"https:\/\/www.comverga.com\/pol\/cs\/wp-json\/wp\/v2\/media\/45"}],"wp:attachment":[{"href":"https:\/\/www.comverga.com\/pol\/cs\/wp-json\/wp\/v2\/media?parent=368"}],"curies":[{"name":"wp","href":"https:\/\/api.w.org\/{rel}","templated":true}]}}