{"id":384,"date":"2020-11-25T15:26:06","date_gmt":"2020-11-25T14:26:06","guid":{"rendered":"https:\/\/www.comverga.com\/?page_id=384"},"modified":"2021-02-03T15:50:38","modified_gmt":"2021-02-03T14:50:38","slug":"historia","status":"publish","type":"page","link":"https:\/\/www.comverga.com\/pol\/cs\/historia\/","title":{"rendered":"N\u00e1\u0161 p\u0159\u00edb\u011bh"},"content":{"rendered":"<div data-elementor-type=\"wp-page\" data-elementor-id=\"384\" class=\"elementor elementor-384\">\n\t\t\t\t\t\t\t\t\t<section class=\"elementor-section elementor-top-section elementor-element elementor-element-5328295e elementor-section-stretched elementor-section-boxed elementor-section-height-default elementor-section-height-default\" data-id=\"5328295e\" data-element_type=\"section\" data-settings=\"{&quot;stretch_section&quot;:&quot;section-stretched&quot;,&quot;background_background&quot;:&quot;classic&quot;}\">\n\t\t\t\t\t\t<div class=\"elementor-container elementor-column-gap-default\">\n\t\t\t\t\t<div class=\"elementor-column elementor-col-100 elementor-top-column elementor-element elementor-element-7243091e\" data-id=\"7243091e\" data-element_type=\"column\">\n\t\t\t<div class=\"elementor-widget-wrap elementor-element-populated\">\n\t\t\t\t\t\t\t\t<div class=\"elementor-element elementor-element-52f7930e elementor-widget elementor-widget-text-editor\" data-id=\"52f7930e\" data-element_type=\"widget\" data-widget_type=\"text-editor.default\">\n\t\t\t\t<div class=\"elementor-widget-container\">\n\t\t\t\t\t\t\t<!-- wp:paragraph -->\n<p>Jsme rodinn\u00e1 firma s v\u00edce ne\u017e 20letou histori\u00ed. Ve firm\u011b pracuje ji\u017e druh\u00e1 generace. N\u00e1\u0161 \u00fasp\u011bch je zalo\u017een na dlouhodob\u00e9 spolupr\u00e1ci s na\u0161imi obchodn\u00edmi partnery a z\u00e1kazn\u00edky. Spole\u010dn\u011b se t\u011b\u0161\u00edme na stabiln\u00ed a plodn\u00fd rozvoj na\u0161eho podnik\u00e1n\u00ed.<\/p>\n<!-- \/wp:paragraph -->\n\n<!-- wp:paragraph -->\n<p>Za\u010dali jsme se slu\u017ebami zas\u00edl\u00e1n\u00ed zpr\u00e1v mezi mobiln\u00edmi a pevn\u00fdmi s\u00edt\u011bmi. Pot\u00e9 jsme do na\u0161eho portfolia p\u0159idali hlasov\u00e9 a datov\u00e9 slu\u017eby a vytvo\u0159ili \u0161irokou \u0161k\u00e1lu konvergovan\u00fdch slu\u017eeb a aplikac\u00ed s p\u0159idanou hodnotou.<\/p>\n<!-- \/wp:paragraph -->\n\n<!-- wp:paragraph -->\n<p>Dal\u0161\u00edm p\u0159irozen\u00fdm krokem v roz\u0161i\u0159ov\u00e1n\u00ed na\u0161\u00ed nab\u00eddky byly platebn\u00ed slu\u017eby a jejich kombinace s telekomunika\u010dn\u00edmi slu\u017ebami.<\/p>\n<!-- \/wp:paragraph -->\n\n<!-- wp:paragraph -->\n<p>Vyv\u00edj\u00edme vlastn\u00ed IT syst\u00e9my a platformy a m\u00e1me vlastn\u00ed technologickou infrastrukturu, abychom mohli poskytovat slu\u017eby nez\u00e1visle na technologi\u00edch, poskytovatel\u00edch a provozovatel\u00edch. Kombinujeme r\u016fzn\u00e9 s\u00edt\u011b a poskytovatele hostingu s na\u0161\u00ed infrastrukturou, abychom mohli na\u0161im partner\u016fm a z\u00e1kazn\u00edk\u016fm nab\u00eddnout celou \u0159adu konvergentn\u00edch slu\u017eeb.<\/p>\n<!-- \/wp:paragraph -->\n\n<!-- wp:paragraph -->\n<p>M\u00e1me licenci od poskytovatel\u016f telekomunika\u010dn\u00edch a platebn\u00edch slu\u017eeb. N\u00e1\u0161 syst\u00e9m \u0159\u00edzen\u00ed bezpe\u010dnosti dat je certifikov\u00e1n podle normy ISO 27001.<\/p>\n<!-- \/wp:paragraph -->\n\n<!-- wp:paragraph -->\n<p>Po dvaceti letech podnik\u00e1n\u00ed je n\u00e1\u0161 z\u00e1vazek ke komunikaci a konvergenci je\u0161t\u011b siln\u011bj\u0161\u00ed a je tak\u00e9 na\u0161\u00ed viz\u00ed do budoucna. Rozhodli jsme se proto tuto skute\u010dnost komunikovat tak\u00e9 prost\u0159ednictv\u00edm na\u0161\u00ed zna\u010dky. Po 20 letech se tedy m\u011bn\u00edme na COMVERGA... minim\u00e1ln\u011b na dal\u0161\u00edch 20 let.<\/p>\n<!-- \/wp:paragraph -->\n\n<!-- wp:image {\"id\":971,\"sizeSlug\":\"large\",\"linkDestination\":\"none\"} -->\n<figure class=\"wp-block-image size-large\"><img fetchpriority=\"high\" decoding=\"async\" width=\"1024\" height=\"186\" src=\"https:\/\/www.comverga.com\/pol\/wp-content\/uploads\/sites\/2\/2020\/12\/history-1024x186.png\" alt=\"\" class=\"wp-image-971\" srcset=\"https:\/\/www.comverga.com\/pol\/wp-content\/uploads\/sites\/2\/2020\/12\/history-1024x186.png 1024w, https:\/\/www.comverga.com\/pol\/wp-content\/uploads\/sites\/2\/2020\/12\/history-300x54.png 300w, https:\/\/www.comverga.com\/pol\/wp-content\/uploads\/sites\/2\/2020\/12\/history-768x139.png 768w, https:\/\/www.comverga.com\/pol\/wp-content\/uploads\/sites\/2\/2020\/12\/history-1536x279.png 1536w, https:\/\/www.comverga.com\/pol\/wp-content\/uploads\/sites\/2\/2020\/12\/history-1200x218.png 1200w, https:\/\/www.comverga.com\/pol\/wp-content\/uploads\/sites\/2\/2020\/12\/history-1980x359.png 1980w, https:\/\/www.comverga.com\/pol\/wp-content\/uploads\/sites\/2\/2020\/12\/history.png 2000w\" sizes=\"(max-width: 1024px) 100vw, 1024px\" \/><\/figure>\n<!-- \/wp:image -->\t\t\t\t\t\t<\/div>\n\t\t\t\t<\/div>\n\t\t\t\t\t<\/div>\n\t\t<\/div>\n\t\t\t\t\t\t\t<\/div>\n\t\t<\/section>\n\t\t\t\t\t\t\t<\/div>","protected":false},"excerpt":{"rendered":"<p>Jsme rodinn\u00e1 firma s v\u00edce ne\u017e 20letou histori\u00ed. Ve firm\u011b pracuje ji\u017e druh\u00e1 generace. N\u00e1\u0161 \u00fasp\u011bch je zalo\u017een na dlouhodob\u00e9 spolupr\u00e1ci s na\u0161imi obchodn\u00edmi partnery a z\u00e1kazn\u00edky. Spole\u010dn\u011b n\u00e1s t\u011b\u0161\u00ed stabiln\u00ed a plodn\u00fd rozvoj na\u0161eho podnik\u00e1n\u00ed. Za\u010d\u00ednali jsme se slu\u017ebami zas\u00edl\u00e1n\u00ed zpr\u00e1v mezi mobiln\u00edmi a pevn\u00fdmi s\u00edt\u011bmi. Pot\u00e9 jsme na\u0161e slu\u017eby roz\u0161\u00ed\u0159ili o hlasov\u00e9 a datov\u00e9 slu\u017eby.<\/p>","protected":false},"author":1,"featured_media":148,"parent":0,"menu_order":0,"comment_status":"closed","ping_status":"closed","template":"","meta":{"footnotes":""},"yoast_head":"<!-- This site is optimized with the Yoast SEO plugin v21.6 - https:\/\/yoast.com\/wordpress\/plugins\/seo\/ -->\n<title>Nasza historia - COMVERGA Poland<\/title>\n<meta name=\"robots\" content=\"index, follow, max-snippet:-1, max-image-preview:large, max-video-preview:-1\" \/>\n<link rel=\"canonical\" href=\"https:\/\/www.comverga.com\/pol\/cs\/historia\/\" \/>\n<meta property=\"og:locale\" content=\"cs_CZ\" \/>\n<meta property=\"og:type\" content=\"article\" \/>\n<meta property=\"og:title\" content=\"Nasza historia - COMVERGA Poland\" \/>\n<meta property=\"og:description\" content=\"Jeste\u015bmy firm\u0105 rodzinn\u0105 z ponad 20-letni\u0105 histori\u0105. W firmie pracuje ju\u017c drugie pokolenie. Nasz sukces opiera si\u0119 na d\u0142ugoterminowej wsp\u00f3\u0142pracy z naszymi partnerami biznesowymi i klientami. Cieszymy si\u0119 wsp\u00f3lnie ze stabilnego i owocnego rozwoju naszej dzia\u0142alno\u015bci. Zacz\u0119li\u015bmy od us\u0142ug przesy\u0142ania wiadomo\u015bci mi\u0119dzy sieciami kom\u00f3rkowymi i stacjonarnymi. Nast\u0119pnie dodali\u015bmy us\u0142ugi g\u0142osowe i transmisji danych do naszego [&hellip;]\" \/>\n<meta property=\"og:url\" content=\"https:\/\/www.comverga.com\/pol\/cs\/historia\/\" \/>\n<meta property=\"og:site_name\" content=\"COMVERGA Poland\" \/>\n<meta property=\"article:modified_time\" content=\"2021-02-03T14:50:38+00:00\" \/>\n<meta property=\"og:image\" content=\"https:\/\/www.comverga.com\/pol\/wp-content\/uploads\/sites\/2\/2020\/11\/new.jpg\" \/>\n\t<meta property=\"og:image:width\" content=\"1920\" \/>\n\t<meta property=\"og:image:height\" content=\"1080\" \/>\n\t<meta property=\"og:image:type\" content=\"image\/jpeg\" \/>\n<meta name=\"twitter:card\" content=\"summary_large_image\" \/>\n<meta name=\"twitter:label1\" content=\"Odhadovan\u00e1 doba \u010dten\u00ed\" \/>\n\t<meta name=\"twitter:data1\" content=\"1 minuta\" \/>\n<script type=\"application\/ld+json\" class=\"yoast-schema-graph\">{\"@context\":\"https:\/\/schema.org\",\"@graph\":[{\"@type\":\"WebPage\",\"@id\":\"https:\/\/www.comverga.com\/pol\/historia\/\",\"url\":\"https:\/\/www.comverga.com\/pol\/historia\/\",\"name\":\"Nasza historia - COMVERGA Poland\",\"isPartOf\":{\"@id\":\"https:\/\/www.comverga.com\/pol\/#website\"},\"datePublished\":\"2020-11-25T14:26:06+00:00\",\"dateModified\":\"2021-02-03T14:50:38+00:00\",\"inLanguage\":\"cs\",\"potentialAction\":[{\"@type\":\"ReadAction\",\"target\":[\"https:\/\/www.comverga.com\/pol\/historia\/\"]}]},{\"@type\":\"WebSite\",\"@id\":\"https:\/\/www.comverga.com\/pol\/#website\",\"url\":\"https:\/\/www.comverga.com\/pol\/\",\"name\":\"COMVERGA Poland\",\"description\":\"Comverga Poland\",\"publisher\":{\"@id\":\"https:\/\/www.comverga.com\/pol\/#organization\"},\"potentialAction\":[{\"@type\":\"SearchAction\",\"target\":{\"@type\":\"EntryPoint\",\"urlTemplate\":\"https:\/\/www.comverga.com\/pol\/?s={search_term_string}\"},\"query-input\":\"required name=search_term_string\"}],\"inLanguage\":\"cs\"},{\"@type\":\"Organization\",\"@id\":\"https:\/\/www.comverga.com\/pol\/#organization\",\"name\":\"COMVERGA Poland\",\"url\":\"https:\/\/www.comverga.com\/pol\/\",\"logo\":{\"@type\":\"ImageObject\",\"inLanguage\":\"cs\",\"@id\":\"https:\/\/www.comverga.com\/pol\/#\/schema\/logo\/image\/\",\"url\":\"https:\/\/www.comverga.com\/pol\/wp-content\/uploads\/sites\/2\/2020\/11\/Comverga_CC.png\",\"contentUrl\":\"https:\/\/www.comverga.com\/pol\/wp-content\/uploads\/sites\/2\/2020\/11\/Comverga_CC.png\",\"width\":800,\"height\":800,\"caption\":\"COMVERGA Poland\"},\"image\":{\"@id\":\"https:\/\/www.comverga.com\/pol\/#\/schema\/logo\/image\/\"}}]}<\/script>\n<!-- \/ Yoast SEO plugin. -->","yoast_head_json":{"title":"Na\u0161e historie - COMVERGA Polsko","robots":{"index":"index","follow":"follow","max-snippet":"max-snippet:-1","max-image-preview":"max-image-preview:large","max-video-preview":"max-video-preview:-1"},"canonical":"https:\/\/www.comverga.com\/pol\/cs\/historia\/","og_locale":"cs_CZ","og_type":"article","og_title":"Nasza historia - COMVERGA Poland","og_description":"Jeste\u015bmy firm\u0105 rodzinn\u0105 z ponad 20-letni\u0105 histori\u0105. W firmie pracuje ju\u017c drugie pokolenie. Nasz sukces opiera si\u0119 na d\u0142ugoterminowej wsp\u00f3\u0142pracy z naszymi partnerami biznesowymi i klientami. Cieszymy si\u0119 wsp\u00f3lnie ze stabilnego i owocnego rozwoju naszej dzia\u0142alno\u015bci. Zacz\u0119li\u015bmy od us\u0142ug przesy\u0142ania wiadomo\u015bci mi\u0119dzy sieciami kom\u00f3rkowymi i stacjonarnymi. Nast\u0119pnie dodali\u015bmy us\u0142ugi g\u0142osowe i transmisji danych do naszego [&hellip;]","og_url":"https:\/\/www.comverga.com\/pol\/cs\/historia\/","og_site_name":"COMVERGA Poland","article_modified_time":"2021-02-03T14:50:38+00:00","og_image":[{"width":1920,"height":1080,"url":"https:\/\/www.comverga.com\/pol\/wp-content\/uploads\/sites\/2\/2020\/11\/new.jpg","type":"image\/jpeg"}],"twitter_card":"summary_large_image","twitter_misc":{"Odhadovan\u00e1 doba \u010dten\u00ed":"1 minuta"},"schema":{"@context":"https:\/\/schema.org","@graph":[{"@type":"WebPage","@id":"https:\/\/www.comverga.com\/pol\/historia\/","url":"https:\/\/www.comverga.com\/pol\/historia\/","name":"Na\u0161e historie - COMVERGA Polsko","isPartOf":{"@id":"https:\/\/www.comverga.com\/pol\/#website"},"datePublished":"2020-11-25T14:26:06+00:00","dateModified":"2021-02-03T14:50:38+00:00","inLanguage":"cs","potentialAction":[{"@type":"ReadAction","target":["https:\/\/www.comverga.com\/pol\/historia\/"]}]},{"@type":"WebSite","@id":"https:\/\/www.comverga.com\/pol\/#website","url":"https:\/\/www.comverga.com\/pol\/","name":"COMVERGA Polsko","description":"Comverga Polsko","publisher":{"@id":"https:\/\/www.comverga.com\/pol\/#organization"},"potentialAction":[{"@type":"SearchAction","target":{"@type":"EntryPoint","urlTemplate":"https:\/\/www.comverga.com\/pol\/?s={search_term_string}"},"query-input":"required name=search_term_string"}],"inLanguage":"cs"},{"@type":"Organization","@id":"https:\/\/www.comverga.com\/pol\/#organization","name":"COMVERGA Polsko","url":"https:\/\/www.comverga.com\/pol\/","logo":{"@type":"ImageObject","inLanguage":"cs","@id":"https:\/\/www.comverga.com\/pol\/#\/schema\/logo\/image\/","url":"https:\/\/www.comverga.com\/pol\/wp-content\/uploads\/sites\/2\/2020\/11\/Comverga_CC.png","contentUrl":"https:\/\/www.comverga.com\/pol\/wp-content\/uploads\/sites\/2\/2020\/11\/Comverga_CC.png","width":800,"height":800,"caption":"COMVERGA Poland"},"image":{"@id":"https:\/\/www.comverga.com\/pol\/#\/schema\/logo\/image\/"}}]}},"_links":{"self":[{"href":"https:\/\/www.comverga.com\/pol\/cs\/wp-json\/wp\/v2\/pages\/384"}],"collection":[{"href":"https:\/\/www.comverga.com\/pol\/cs\/wp-json\/wp\/v2\/pages"}],"about":[{"href":"https:\/\/www.comverga.com\/pol\/cs\/wp-json\/wp\/v2\/types\/page"}],"author":[{"embeddable":true,"href":"https:\/\/www.comverga.com\/pol\/cs\/wp-json\/wp\/v2\/users\/1"}],"replies":[{"embeddable":true,"href":"https:\/\/www.comverga.com\/pol\/cs\/wp-json\/wp\/v2\/comments?post=384"}],"version-history":[{"count":9,"href":"https:\/\/www.comverga.com\/pol\/cs\/wp-json\/wp\/v2\/pages\/384\/revisions"}],"predecessor-version":[{"id":1966,"href":"https:\/\/www.comverga.com\/pol\/cs\/wp-json\/wp\/v2\/pages\/384\/revisions\/1966"}],"wp:featuredmedia":[{"embeddable":true,"href":"https:\/\/www.comverga.com\/pol\/cs\/wp-json\/wp\/v2\/media\/148"}],"wp:attachment":[{"href":"https:\/\/www.comverga.com\/pol\/cs\/wp-json\/wp\/v2\/media?parent=384"}],"curies":[{"name":"wp","href":"https:\/\/api.w.org\/{rel}","templated":true}]}}