{"id":396,"date":"2020-11-25T15:29:55","date_gmt":"2020-11-25T14:29:55","guid":{"rendered":"https:\/\/www.comverga.com\/?page_id=396"},"modified":"2021-02-03T15:47:25","modified_gmt":"2021-02-03T14:47:25","slug":"misja","status":"publish","type":"page","link":"https:\/\/www.comverga.com\/pol\/cs\/misja\/","title":{"rendered":"Mise"},"content":{"rendered":"<div data-elementor-type=\"wp-page\" data-elementor-id=\"396\" class=\"elementor elementor-396\">\n\t\t\t\t\t\t\t\t\t<section class=\"elementor-section elementor-top-section elementor-element elementor-element-1144c806 elementor-section-stretched elementor-section-boxed elementor-section-height-default elementor-section-height-default\" data-id=\"1144c806\" data-element_type=\"section\" data-settings=\"{&quot;stretch_section&quot;:&quot;section-stretched&quot;,&quot;background_background&quot;:&quot;classic&quot;}\">\n\t\t\t\t\t\t<div class=\"elementor-container elementor-column-gap-default\">\n\t\t\t\t\t<div class=\"elementor-column elementor-col-100 elementor-top-column elementor-element elementor-element-b1cb4ac\" data-id=\"b1cb4ac\" data-element_type=\"column\">\n\t\t\t<div class=\"elementor-widget-wrap elementor-element-populated\">\n\t\t\t\t\t\t\t\t<div class=\"elementor-element elementor-element-19d7b686 elementor-widget elementor-widget-text-editor\" data-id=\"19d7b686\" data-element_type=\"widget\" data-widget_type=\"text-editor.default\">\n\t\t\t\t<div class=\"elementor-widget-container\">\n\t\t\t\t\t\t\t<!-- wp:paragraph -->\n<p>Jsme stabiln\u00ed rodinn\u00e1 spole\u010dnost, kter\u00e1 neust\u00e1le roste a sleduje nov\u00e9 trendy, aby se stala p\u0159edn\u00edm poskytovatelem modern\u00edch telekomunika\u010dn\u00edch slu\u017eeb. Na\u0161\u00ed snahou je b\u00fdt z\u00e1kazn\u00edky preferovan\u00fdm poskytovatelem IT slu\u017eeb pro firmy. Kvalitou slu\u017eeb a hled\u00e1n\u00edm spole\u010dn\u00fdch \u0159e\u0161en\u00ed chceme vybudovat vedouc\u00ed pozici mezi evropsk\u00fdmi ICT spole\u010dnostmi s celosv\u011btovou p\u016fsobnost\u00ed.<\/p>\n<!-- \/wp:paragraph -->\n\n<!-- wp:paragraph -->\n<p>Flexibiln\u011b reagujeme na pot\u0159eby na\u0161ich z\u00e1kazn\u00edk\u016f a nab\u00edz\u00edme jim \u0159e\u0161en\u00ed optimalizovan\u00e1 z hlediska n\u00e1klad\u016f a funkc\u00ed. Chceme b\u00fdt partnerem, kter\u00fd usnad\u0148uje pr\u00e1ci, zlep\u0161uje chod spole\u010dnosti a umo\u017e\u0148uje rozvoj nov\u00fdch obchodn\u00edch model\u016f s vyu\u017eit\u00edm nejmodern\u011bj\u0161\u00edch technologi\u00ed a \u0159e\u0161en\u00ed. Nejvy\u0161\u0161\u00ed hodnotu p\u0159ikl\u00e1d\u00e1me etick\u00e9mu aspektu podnik\u00e1n\u00ed, p\u0159i\u010dem\u017e zvl\u00e1\u0161tn\u00ed pozornost v\u011bnujeme respektu k druh\u00e9 osob\u011b - a\u0165 u\u017e jde o z\u00e1kazn\u00edka, partnera nebo poskytovatele slu\u017eeb.<\/p>\n<!-- \/wp:paragraph -->\t\t\t\t\t\t<\/div>\n\t\t\t\t<\/div>\n\t\t\t\t\t<\/div>\n\t\t<\/div>\n\t\t\t\t\t\t\t<\/div>\n\t\t<\/section>\n\t\t\t\t\t\t\t<\/div>","protected":false},"excerpt":{"rendered":"<p>Jsme stabiln\u00ed rodinn\u00e1 spole\u010dnost, kter\u00e1 neust\u00e1le roste a sleduje nov\u00e9 trendy, aby se stala p\u0159edn\u00edm poskytovatelem modern\u00edch telekomunika\u010dn\u00edch slu\u017eeb. Na\u0161\u00ed snahou je b\u00fdt z\u00e1kazn\u00edky preferovan\u00fdm poskytovatelem IT slu\u017eeb pro firmy. Kvalitou slu\u017eeb a hled\u00e1n\u00edm spole\u010dn\u00fdch \u0159e\u0161en\u00ed si chceme vybudovat vedouc\u00ed postaven\u00ed mezi evropsk\u00fdmi ICT spole\u010dnostmi s celosv\u011btovou p\u016fsobnost\u00ed. Pru\u017en\u011b reagujeme na pot\u0159eby z\u00e1kazn\u00edk\u016f a [...]<\/p>","protected":false},"author":1,"featured_media":145,"parent":0,"menu_order":0,"comment_status":"closed","ping_status":"closed","template":"","meta":{"footnotes":""},"yoast_head":"<!-- This site is optimized with the Yoast SEO plugin v21.6 - https:\/\/yoast.com\/wordpress\/plugins\/seo\/ -->\n<title>Misja - COMVERGA Poland<\/title>\n<meta name=\"robots\" content=\"index, follow, max-snippet:-1, max-image-preview:large, max-video-preview:-1\" \/>\n<link rel=\"canonical\" href=\"https:\/\/www.comverga.com\/pol\/cs\/misja\/\" \/>\n<meta property=\"og:locale\" content=\"cs_CZ\" \/>\n<meta property=\"og:type\" content=\"article\" \/>\n<meta property=\"og:title\" content=\"Misja - COMVERGA Poland\" \/>\n<meta property=\"og:description\" content=\"Jeste\u015bmy stabiln\u0105 firm\u0105 rodzinn\u0105, stale si\u0119 rozwijamy i \u015bledzimy nowe trendy, aby by\u0107 wiod\u0105cym dostawc\u0105 nowoczesnych us\u0142ug telekomunikacyjnych. D\u0105\u017ceniem naszej firmy jest by\u0107 preferowan\u0105 przez klienta firm\u0105, \u015bwiadcz\u0105c\u0105 us\u0142ugi informatyczne dla biznesu. Poprzez jako\u015b\u0107 obs\u0142ugi oraz poszukiwanie wsp\u00f3lnych rozwi\u0105za\u0144 chcemy budowa\u0107 pozycj\u0119 lidera w\u015br\u00f3d europejskich przedsi\u0119biorstw bran\u017cy teleinformatycznej o zasi\u0119gu globalnym. Elastycznie reagujemy na potrzeby [&hellip;]\" \/>\n<meta property=\"og:url\" content=\"https:\/\/www.comverga.com\/pol\/cs\/misja\/\" \/>\n<meta property=\"og:site_name\" content=\"COMVERGA Poland\" \/>\n<meta property=\"article:modified_time\" content=\"2021-02-03T14:47:25+00:00\" \/>\n<meta property=\"og:image\" content=\"https:\/\/www.comverga.com\/pol\/wp-content\/uploads\/sites\/2\/2020\/11\/technologiekomunikacji-1.jpg\" \/>\n\t<meta property=\"og:image:width\" content=\"1920\" \/>\n\t<meta property=\"og:image:height\" content=\"955\" \/>\n\t<meta property=\"og:image:type\" content=\"image\/jpeg\" \/>\n<meta name=\"twitter:card\" content=\"summary_large_image\" \/>\n<meta name=\"twitter:label1\" content=\"Odhadovan\u00e1 doba \u010dten\u00ed\" \/>\n\t<meta name=\"twitter:data1\" content=\"1 minuta\" \/>\n<script type=\"application\/ld+json\" class=\"yoast-schema-graph\">{\"@context\":\"https:\/\/schema.org\",\"@graph\":[{\"@type\":\"WebPage\",\"@id\":\"https:\/\/www.comverga.com\/pol\/misja\/\",\"url\":\"https:\/\/www.comverga.com\/pol\/misja\/\",\"name\":\"Misja - COMVERGA Poland\",\"isPartOf\":{\"@id\":\"https:\/\/www.comverga.com\/pol\/#website\"},\"datePublished\":\"2020-11-25T14:29:55+00:00\",\"dateModified\":\"2021-02-03T14:47:25+00:00\",\"inLanguage\":\"cs\",\"potentialAction\":[{\"@type\":\"ReadAction\",\"target\":[\"https:\/\/www.comverga.com\/pol\/misja\/\"]}]},{\"@type\":\"WebSite\",\"@id\":\"https:\/\/www.comverga.com\/pol\/#website\",\"url\":\"https:\/\/www.comverga.com\/pol\/\",\"name\":\"COMVERGA Poland\",\"description\":\"Comverga Poland\",\"publisher\":{\"@id\":\"https:\/\/www.comverga.com\/pol\/#organization\"},\"potentialAction\":[{\"@type\":\"SearchAction\",\"target\":{\"@type\":\"EntryPoint\",\"urlTemplate\":\"https:\/\/www.comverga.com\/pol\/?s={search_term_string}\"},\"query-input\":\"required name=search_term_string\"}],\"inLanguage\":\"cs\"},{\"@type\":\"Organization\",\"@id\":\"https:\/\/www.comverga.com\/pol\/#organization\",\"name\":\"COMVERGA Poland\",\"url\":\"https:\/\/www.comverga.com\/pol\/\",\"logo\":{\"@type\":\"ImageObject\",\"inLanguage\":\"cs\",\"@id\":\"https:\/\/www.comverga.com\/pol\/#\/schema\/logo\/image\/\",\"url\":\"https:\/\/www.comverga.com\/pol\/wp-content\/uploads\/sites\/2\/2020\/11\/Comverga_CC.png\",\"contentUrl\":\"https:\/\/www.comverga.com\/pol\/wp-content\/uploads\/sites\/2\/2020\/11\/Comverga_CC.png\",\"width\":800,\"height\":800,\"caption\":\"COMVERGA Poland\"},\"image\":{\"@id\":\"https:\/\/www.comverga.com\/pol\/#\/schema\/logo\/image\/\"}}]}<\/script>\n<!-- \/ Yoast SEO plugin. -->","yoast_head_json":{"title":"Misja - COMVERGA Poland","robots":{"index":"index","follow":"follow","max-snippet":"max-snippet:-1","max-image-preview":"max-image-preview:large","max-video-preview":"max-video-preview:-1"},"canonical":"https:\/\/www.comverga.com\/pol\/cs\/misja\/","og_locale":"cs_CZ","og_type":"article","og_title":"Misja - COMVERGA Poland","og_description":"Jeste\u015bmy stabiln\u0105 firm\u0105 rodzinn\u0105, stale si\u0119 rozwijamy i \u015bledzimy nowe trendy, aby by\u0107 wiod\u0105cym dostawc\u0105 nowoczesnych us\u0142ug telekomunikacyjnych. D\u0105\u017ceniem naszej firmy jest by\u0107 preferowan\u0105 przez klienta firm\u0105, \u015bwiadcz\u0105c\u0105 us\u0142ugi informatyczne dla biznesu. Poprzez jako\u015b\u0107 obs\u0142ugi oraz poszukiwanie wsp\u00f3lnych rozwi\u0105za\u0144 chcemy budowa\u0107 pozycj\u0119 lidera w\u015br\u00f3d europejskich przedsi\u0119biorstw bran\u017cy teleinformatycznej o zasi\u0119gu globalnym. Elastycznie reagujemy na potrzeby [&hellip;]","og_url":"https:\/\/www.comverga.com\/pol\/cs\/misja\/","og_site_name":"COMVERGA Poland","article_modified_time":"2021-02-03T14:47:25+00:00","og_image":[{"width":1920,"height":955,"url":"https:\/\/www.comverga.com\/pol\/wp-content\/uploads\/sites\/2\/2020\/11\/technologiekomunikacji-1.jpg","type":"image\/jpeg"}],"twitter_card":"summary_large_image","twitter_misc":{"Odhadovan\u00e1 doba \u010dten\u00ed":"1 minuta"},"schema":{"@context":"https:\/\/schema.org","@graph":[{"@type":"WebPage","@id":"https:\/\/www.comverga.com\/pol\/misja\/","url":"https:\/\/www.comverga.com\/pol\/misja\/","name":"Misja - COMVERGA Poland","isPartOf":{"@id":"https:\/\/www.comverga.com\/pol\/#website"},"datePublished":"2020-11-25T14:29:55+00:00","dateModified":"2021-02-03T14:47:25+00:00","inLanguage":"cs","potentialAction":[{"@type":"ReadAction","target":["https:\/\/www.comverga.com\/pol\/misja\/"]}]},{"@type":"WebSite","@id":"https:\/\/www.comverga.com\/pol\/#website","url":"https:\/\/www.comverga.com\/pol\/","name":"COMVERGA Polsko","description":"Comverga Polsko","publisher":{"@id":"https:\/\/www.comverga.com\/pol\/#organization"},"potentialAction":[{"@type":"SearchAction","target":{"@type":"EntryPoint","urlTemplate":"https:\/\/www.comverga.com\/pol\/?s={search_term_string}"},"query-input":"required name=search_term_string"}],"inLanguage":"cs"},{"@type":"Organization","@id":"https:\/\/www.comverga.com\/pol\/#organization","name":"COMVERGA Polsko","url":"https:\/\/www.comverga.com\/pol\/","logo":{"@type":"ImageObject","inLanguage":"cs","@id":"https:\/\/www.comverga.com\/pol\/#\/schema\/logo\/image\/","url":"https:\/\/www.comverga.com\/pol\/wp-content\/uploads\/sites\/2\/2020\/11\/Comverga_CC.png","contentUrl":"https:\/\/www.comverga.com\/pol\/wp-content\/uploads\/sites\/2\/2020\/11\/Comverga_CC.png","width":800,"height":800,"caption":"COMVERGA Poland"},"image":{"@id":"https:\/\/www.comverga.com\/pol\/#\/schema\/logo\/image\/"}}]}},"_links":{"self":[{"href":"https:\/\/www.comverga.com\/pol\/cs\/wp-json\/wp\/v2\/pages\/396"}],"collection":[{"href":"https:\/\/www.comverga.com\/pol\/cs\/wp-json\/wp\/v2\/pages"}],"about":[{"href":"https:\/\/www.comverga.com\/pol\/cs\/wp-json\/wp\/v2\/types\/page"}],"author":[{"embeddable":true,"href":"https:\/\/www.comverga.com\/pol\/cs\/wp-json\/wp\/v2\/users\/1"}],"replies":[{"embeddable":true,"href":"https:\/\/www.comverga.com\/pol\/cs\/wp-json\/wp\/v2\/comments?post=396"}],"version-history":[{"count":3,"href":"https:\/\/www.comverga.com\/pol\/cs\/wp-json\/wp\/v2\/pages\/396\/revisions"}],"predecessor-version":[{"id":1963,"href":"https:\/\/www.comverga.com\/pol\/cs\/wp-json\/wp\/v2\/pages\/396\/revisions\/1963"}],"wp:featuredmedia":[{"embeddable":true,"href":"https:\/\/www.comverga.com\/pol\/cs\/wp-json\/wp\/v2\/media\/145"}],"wp:attachment":[{"href":"https:\/\/www.comverga.com\/pol\/cs\/wp-json\/wp\/v2\/media?parent=396"}],"curies":[{"name":"wp","href":"https:\/\/api.w.org\/{rel}","templated":true}]}}