{"id":420,"date":"2020-11-25T15:34:33","date_gmt":"2020-11-25T14:34:33","guid":{"rendered":"https:\/\/www.comverga.com\/?page_id=420"},"modified":"2021-02-03T17:07:50","modified_gmt":"2021-02-03T16:07:50","slug":"zespol","status":"publish","type":"page","link":"https:\/\/www.comverga.com\/pol\/cs\/zespol\/","title":{"rendered":"P\u0159edstavenstvo a dozor\u010d\u00ed rada"},"content":{"rendered":"<div data-elementor-type=\"wp-page\" data-elementor-id=\"420\" class=\"elementor elementor-420\">\n\t\t\t\t\t\t\t\t\t<section class=\"elementor-section elementor-top-section elementor-element elementor-element-388704a elementor-section-stretched elementor-section-boxed elementor-section-height-default elementor-section-height-default\" data-id=\"388704a\" data-element_type=\"section\" data-settings=\"{&quot;stretch_section&quot;:&quot;section-stretched&quot;,&quot;background_background&quot;:&quot;classic&quot;}\">\n\t\t\t\t\t\t<div class=\"elementor-container elementor-column-gap-default\">\n\t\t\t\t\t<div class=\"elementor-column elementor-col-100 elementor-top-column elementor-element elementor-element-d754b58\" data-id=\"d754b58\" data-element_type=\"column\">\n\t\t\t<div class=\"elementor-widget-wrap elementor-element-populated\">\n\t\t\t\t\t\t\t\t<div class=\"elementor-element elementor-element-8da88a3 elementor-widget elementor-widget-heading\" data-id=\"8da88a3\" data-element_type=\"widget\" data-widget_type=\"heading.default\">\n\t\t\t\t<div class=\"elementor-widget-container\">\n\t\t\t<h2 class=\"elementor-heading-title elementor-size-xl\">Management<\/h2>\t\t<\/div>\n\t\t\t\t<\/div>\n\t\t\t\t<div class=\"elementor-element elementor-element-ebe0cd4 elementor-widget-divider--view-line elementor-widget elementor-widget-divider\" data-id=\"ebe0cd4\" data-element_type=\"widget\" data-widget_type=\"divider.default\">\n\t\t\t\t<div class=\"elementor-widget-container\">\n\t\t\t\t\t<div class=\"elementor-divider\">\n\t\t\t<span class=\"elementor-divider-separator\">\n\t\t\t\t\t\t<\/span>\n\t\t<\/div>\n\t\t\t\t<\/div>\n\t\t\t\t<\/div>\n\t\t\t\t\t<\/div>\n\t\t<\/div>\n\t\t\t\t\t\t\t<\/div>\n\t\t<\/section>\n\t\t\t\t<section class=\"elementor-section elementor-top-section elementor-element elementor-element-670ec3f elementor-section-stretched elementor-section-boxed elementor-section-height-default elementor-section-height-default\" data-id=\"670ec3f\" data-element_type=\"section\" data-settings=\"{&quot;stretch_section&quot;:&quot;section-stretched&quot;}\">\n\t\t\t\t\t\t<div class=\"elementor-container elementor-column-gap-default\">\n\t\t\t\t\t<div class=\"elementor-column elementor-col-33 elementor-top-column elementor-element elementor-element-d4a8782\" data-id=\"d4a8782\" data-element_type=\"column\">\n\t\t\t<div class=\"elementor-widget-wrap elementor-element-populated\">\n\t\t\t\t\t\t\t\t<div class=\"elementor-element elementor-element-e90a64e elementor-widget elementor-widget-image\" data-id=\"e90a64e\" data-element_type=\"widget\" data-widget_type=\"image.default\">\n\t\t\t\t<div class=\"elementor-widget-container\">\n\t\t\t\t\t\t\t\t\t\t\t\t\t\t\t<img decoding=\"async\" src=\"https:\/\/www.comverga.com\/pol\/wp-content\/uploads\/sites\/2\/elementor\/thumbs\/Martin-298x300-1-r6wjc0l1sahmn6540irc7lqly0skm0immjm03lxv0k.png\" title=\"Martin-298\u00d7300\" alt=\"Martin-298x300\" loading=\"lazy\" \/>\t\t\t\t\t\t\t\t\t\t\t\t\t\t\t<\/div>\n\t\t\t\t<\/div>\n\t\t\t\t\t<\/div>\n\t\t<\/div>\n\t\t\t\t<div class=\"elementor-column elementor-col-66 elementor-top-column elementor-element elementor-element-6dcbd3e\" data-id=\"6dcbd3e\" data-element_type=\"column\">\n\t\t\t<div class=\"elementor-widget-wrap elementor-element-populated\">\n\t\t\t\t\t\t\t\t<div class=\"elementor-element elementor-element-2444e79 premium-header-block premium-lq__none premium-box-lq__none elementor-widget elementor-widget-premium-addon-dual-header\" data-id=\"2444e79\" data-element_type=\"widget\" data-widget_type=\"premium-addon-dual-header.default\">\n\t\t\t\t<div class=\"elementor-widget-container\">\n\t\t\t\r\n\t\t\t\t\t<h2 class=\"premium-dual-header-first-header  gradient\"><span class=\"premium-dual-header-first-span\">Martin Ko\u0161ut <\/span><span class=\"premium-dual-header-second-header\">Zakladatel, prezident a gener\u00e1ln\u00ed \u0159editel<\/span><\/h2> \t\t\r\n\t\t\t\t<\/div>\n\t\t\t\t<\/div>\n\t\t\t\t<div class=\"elementor-element elementor-element-14a47f0 elementor-widget elementor-widget-text-editor\" data-id=\"14a47f0\" data-element_type=\"widget\" data-widget_type=\"text-editor.default\">\n\t\t\t\t<div class=\"elementor-widget-container\">\n\t\t\t\t\t\t\t<p>Martin Ko\u0161ut je spoluzakladatelem spole\u010dnosti a od roku 2000 zast\u00e1v\u00e1 funkci p\u0159edsedy p\u0159edstavenstva a gener\u00e1ln\u00edho \u0159editele.<\/p>\n<p>D\u0159\u00edve byl zodpov\u011bdn\u00fd za oblast elektronick\u00e9ho obchodu spole\u010dnosti Compaq Computer v Evrop\u011b, na St\u0159edn\u00edm v\u00fdchod\u011b a v Africe a rozv\u00edjel obchodn\u00ed aktivity spole\u010dnosti Tulip Computer ve st\u0159edn\u00ed a v\u00fdchodn\u00ed Evrop\u011b.<\/p>\n<p>Vystudoval informatiku na Matematicko-fyzik\u00e1ln\u00ed fakult\u011b UK a teologii na Katolick\u00e9 teologick\u00e9 fakult\u011b UK v Praze.<\/p>\t\t\t\t\t\t<\/div>\n\t\t\t\t<\/div>\n\t\t\t\t\t<\/div>\n\t\t<\/div>\n\t\t\t\t\t\t\t<\/div>\n\t\t<\/section>\n\t\t\t\t<section class=\"elementor-section elementor-top-section elementor-element elementor-element-88dc2d7 elementor-section-stretched elementor-section-boxed elementor-section-height-default elementor-section-height-default\" data-id=\"88dc2d7\" data-element_type=\"section\" data-settings=\"{&quot;stretch_section&quot;:&quot;section-stretched&quot;}\">\n\t\t\t\t\t\t<div class=\"elementor-container elementor-column-gap-default\">\n\t\t\t\t\t<div class=\"elementor-column elementor-col-33 elementor-top-column elementor-element elementor-element-224879f\" data-id=\"224879f\" data-element_type=\"column\">\n\t\t\t<div class=\"elementor-widget-wrap elementor-element-populated\">\n\t\t\t\t\t\t\t\t<div class=\"elementor-element elementor-element-60e7329 elementor-widget elementor-widget-image\" data-id=\"60e7329\" data-element_type=\"widget\" data-widget_type=\"image.default\">\n\t\t\t\t<div class=\"elementor-widget-container\">\n\t\t\t\t\t\t\t\t\t\t\t\t\t\t\t<img fetchpriority=\"high\" decoding=\"async\" width=\"250\" height=\"250\" src=\"https:\/\/www.comverga.com\/pol\/wp-content\/uploads\/sites\/2\/2021\/02\/Piotr.png\" class=\"attachment-full size-full wp-image-1987\" alt=\"\" srcset=\"https:\/\/www.comverga.com\/pol\/wp-content\/uploads\/sites\/2\/2021\/02\/Piotr.png 250w, https:\/\/www.comverga.com\/pol\/wp-content\/uploads\/sites\/2\/2021\/02\/Piotr-150x150.png 150w\" sizes=\"(max-width: 250px) 100vw, 250px\" \/>\t\t\t\t\t\t\t\t\t\t\t\t\t\t\t<\/div>\n\t\t\t\t<\/div>\n\t\t\t\t\t<\/div>\n\t\t<\/div>\n\t\t\t\t<div class=\"elementor-column elementor-col-66 elementor-top-column elementor-element elementor-element-4988005\" data-id=\"4988005\" data-element_type=\"column\">\n\t\t\t<div class=\"elementor-widget-wrap elementor-element-populated\">\n\t\t\t\t\t\t\t\t<div class=\"elementor-element elementor-element-0d5790c premium-header-block premium-lq__none premium-box-lq__none elementor-widget elementor-widget-premium-addon-dual-header\" data-id=\"0d5790c\" data-element_type=\"widget\" data-widget_type=\"premium-addon-dual-header.default\">\n\t\t\t\t<div class=\"elementor-widget-container\">\n\t\t\t\r\n\t\t\t\t\t<h2 class=\"premium-dual-header-first-header  gradient\"><span class=\"premium-dual-header-first-span\">Piotr Herman <\/span><span class=\"premium-dual-header-second-header\">Zakladatel, \u010dlen p\u0159edstavenstva a gener\u00e1ln\u00ed \u0159editel v Polsku<\/span><\/h2> \t\t\r\n\t\t\t\t<\/div>\n\t\t\t\t<\/div>\n\t\t\t\t<div class=\"elementor-element elementor-element-7f687a5 elementor-widget elementor-widget-text-editor\" data-id=\"7f687a5\" data-element_type=\"widget\" data-widget_type=\"text-editor.default\">\n\t\t\t\t<div class=\"elementor-widget-container\">\n\t\t\t\t\t\t\t<p>Piotr Herman se k na\u0161emu t\u00fdmu p\u0159ipojil v roce 2001 a byl spoluzakladatelem na\u0161\u00ed polsk\u00e9 pobo\u010dky. Od roku 2004 je \u010dlenem veden\u00ed spole\u010dnosti.<\/p>\n<p>D\u0159\u00edve pracoval pro spole\u010dnosti T-Mobile, Airtel a CT Creative Team.<\/p>\n<p>Piotr vystudoval telekomunika\u010dn\u00ed in\u017een\u00fdrstv\u00ed na Var\u0161avsk\u00e9 technick\u00e9 univerzit\u011b a z\u00edskal titul MBA na Var\u0161avsk\u00e9 \u0161kole managementu.<\/p>\t\t\t\t\t\t<\/div>\n\t\t\t\t<\/div>\n\t\t\t\t\t<\/div>\n\t\t<\/div>\n\t\t\t\t\t\t\t<\/div>\n\t\t<\/section>\n\t\t\t\t<section class=\"elementor-section elementor-top-section elementor-element elementor-element-2f88446 elementor-section-stretched elementor-section-boxed elementor-section-height-default elementor-section-height-default\" data-id=\"2f88446\" data-element_type=\"section\" data-settings=\"{&quot;stretch_section&quot;:&quot;section-stretched&quot;}\">\n\t\t\t\t\t\t<div class=\"elementor-container elementor-column-gap-default\">\n\t\t\t\t\t<div class=\"elementor-column elementor-col-33 elementor-top-column elementor-element elementor-element-bc3075a\" data-id=\"bc3075a\" data-element_type=\"column\">\n\t\t\t<div class=\"elementor-widget-wrap elementor-element-populated\">\n\t\t\t\t\t\t\t\t<div class=\"elementor-element elementor-element-c3dcb09 elementor-widget elementor-widget-image\" data-id=\"c3dcb09\" data-element_type=\"widget\" data-widget_type=\"image.default\">\n\t\t\t\t<div class=\"elementor-widget-container\">\n\t\t\t\t\t\t\t\t\t\t\t\t\t\t\t<img decoding=\"async\" src=\"https:\/\/www.comverga.com\/pol\/wp-content\/uploads\/sites\/2\/elementor\/thumbs\/Petr-300x300-1-r6wjc0l1sahmn6540irc7lqly0skm0immjm03lxv0k.png\" title=\"Petr-300\u00d7300\" alt=\"Petr-300x300\" loading=\"lazy\" \/>\t\t\t\t\t\t\t\t\t\t\t\t\t\t\t<\/div>\n\t\t\t\t<\/div>\n\t\t\t\t\t<\/div>\n\t\t<\/div>\n\t\t\t\t<div class=\"elementor-column elementor-col-66 elementor-top-column elementor-element elementor-element-bda3a07\" data-id=\"bda3a07\" data-element_type=\"column\">\n\t\t\t<div class=\"elementor-widget-wrap elementor-element-populated\">\n\t\t\t\t\t\t\t\t<div class=\"elementor-element elementor-element-4066804 premium-header-block premium-lq__none premium-box-lq__none elementor-widget elementor-widget-premium-addon-dual-header\" data-id=\"4066804\" data-element_type=\"widget\" data-widget_type=\"premium-addon-dual-header.default\">\n\t\t\t\t<div class=\"elementor-widget-container\">\n\t\t\t\r\n\t\t\t\t\t<h2 class=\"premium-dual-header-first-header  gradient\"><span class=\"premium-dual-header-first-span\">Petr Mike\u0161 <\/span><span class=\"premium-dual-header-second-header\">\u010clen p\u0159edstavenstva a technick\u00fd \u0159editel<\/span><\/h2> \t\t\r\n\t\t\t\t<\/div>\n\t\t\t\t<\/div>\n\t\t\t\t<div class=\"elementor-element elementor-element-c7c17b8 elementor-widget elementor-widget-text-editor\" data-id=\"c7c17b8\" data-element_type=\"widget\" data-widget_type=\"text-editor.default\">\n\t\t\t\t<div class=\"elementor-widget-container\">\n\t\t\t\t\t\t\t<p>Petr Mike\u0161 zast\u00e1val od zah\u00e1jen\u00ed \u010dinnosti v roce 2012 n\u011bkolik mana\u017eersk\u00fdch pozic v na\u0161em realiza\u010dn\u00edm t\u00fdmu. V roce 2017 p\u0159evzal celkovou odpov\u011bdnost za odd\u011blen\u00ed projekt\u016f a slu\u017eeb a v roce 2019 se stal \u010dlenem p\u0159edstavenstva.<\/p>\n<p>Petr vystudoval elektrotechniku na Vysok\u00e9m u\u010den\u00ed technick\u00e9m v Brn\u011b.<\/p>\t\t\t\t\t\t<\/div>\n\t\t\t\t<\/div>\n\t\t\t\t\t<\/div>\n\t\t<\/div>\n\t\t\t\t\t\t\t<\/div>\n\t\t<\/section>\n\t\t\t\t<section class=\"elementor-section elementor-top-section elementor-element elementor-element-8480138 elementor-section-stretched elementor-section-boxed elementor-section-height-default elementor-section-height-default\" data-id=\"8480138\" data-element_type=\"section\" data-settings=\"{&quot;stretch_section&quot;:&quot;section-stretched&quot;}\">\n\t\t\t\t\t\t<div class=\"elementor-container elementor-column-gap-default\">\n\t\t\t\t\t<div class=\"elementor-column elementor-col-33 elementor-top-column elementor-element elementor-element-1223a43\" data-id=\"1223a43\" data-element_type=\"column\">\n\t\t\t<div class=\"elementor-widget-wrap elementor-element-populated\">\n\t\t\t\t\t\t\t\t<div class=\"elementor-element elementor-element-cd187d0 elementor-widget elementor-widget-image\" data-id=\"cd187d0\" data-element_type=\"widget\" data-widget_type=\"image.default\">\n\t\t\t\t<div class=\"elementor-widget-container\">\n\t\t\t\t\t\t\t\t\t\t\t\t\t\t\t<img decoding=\"async\" src=\"https:\/\/www.comverga.com\/pol\/wp-content\/uploads\/sites\/2\/elementor\/thumbs\/David-300x300-1-r6wjc0l1sahmn6540irc7lqly0skm0immjm03lxv0k.png\" title=\"David-300\u00d7300\" alt=\"David-300x300\" loading=\"lazy\" \/>\t\t\t\t\t\t\t\t\t\t\t\t\t\t\t<\/div>\n\t\t\t\t<\/div>\n\t\t\t\t\t<\/div>\n\t\t<\/div>\n\t\t\t\t<div class=\"elementor-column elementor-col-66 elementor-top-column elementor-element elementor-element-1c8fb8b\" data-id=\"1c8fb8b\" data-element_type=\"column\">\n\t\t\t<div class=\"elementor-widget-wrap elementor-element-populated\">\n\t\t\t\t\t\t\t\t<div class=\"elementor-element elementor-element-845766f premium-header-block premium-lq__none premium-box-lq__none elementor-widget elementor-widget-premium-addon-dual-header\" data-id=\"845766f\" data-element_type=\"widget\" data-widget_type=\"premium-addon-dual-header.default\">\n\t\t\t\t<div class=\"elementor-widget-container\">\n\t\t\t\r\n\t\t\t\t\t<h2 class=\"premium-dual-header-first-header  gradient\"><span class=\"premium-dual-header-first-span\">David Ko\u0161ut <\/span><span class=\"premium-dual-header-second-header\">\u010clen spr\u00e1vn\u00ed rady<\/span><\/h2> \t\t\r\n\t\t\t\t<\/div>\n\t\t\t\t<\/div>\n\t\t\t\t<div class=\"elementor-element elementor-element-ffcc773 elementor-widget elementor-widget-text-editor\" data-id=\"ffcc773\" data-element_type=\"widget\" data-widget_type=\"text-editor.default\">\n\t\t\t\t<div class=\"elementor-widget-container\">\n\t\t\t\t\t\t\t<p>David Ko\u0161ut se k na\u0161emu t\u00fdmu v\u00fdvoje produkt\u016f p\u0159ipojil v roce 2017. V roce 2019 se stal \u010dlenem p\u0159edstavenstva.<\/p>\n<p>Vystudoval energetick\u00e9 in\u017een\u00fdrstv\u00ed a management na \u010cVUT v Praze.<\/p>\t\t\t\t\t\t<\/div>\n\t\t\t\t<\/div>\n\t\t\t\t\t<\/div>\n\t\t<\/div>\n\t\t\t\t\t\t\t<\/div>\n\t\t<\/section>\n\t\t\t\t<section class=\"elementor-section elementor-top-section elementor-element elementor-element-39cab91 elementor-section-stretched elementor-section-boxed elementor-section-height-default elementor-section-height-default\" data-id=\"39cab91\" data-element_type=\"section\" data-settings=\"{&quot;stretch_section&quot;:&quot;section-stretched&quot;,&quot;background_background&quot;:&quot;classic&quot;}\">\n\t\t\t\t\t\t<div class=\"elementor-container elementor-column-gap-default\">\n\t\t\t\t\t<div class=\"elementor-column elementor-col-100 elementor-top-column elementor-element elementor-element-b22b939\" data-id=\"b22b939\" data-element_type=\"column\">\n\t\t\t<div class=\"elementor-widget-wrap elementor-element-populated\">\n\t\t\t\t\t\t\t\t<div class=\"elementor-element elementor-element-0bb6ece elementor-widget elementor-widget-heading\" data-id=\"0bb6ece\" data-element_type=\"widget\" data-widget_type=\"heading.default\">\n\t\t\t\t<div class=\"elementor-widget-container\">\n\t\t\t<h2 class=\"elementor-heading-title elementor-size-xl\">Dozor\u010d\u00ed rada<\/h2>\t\t<\/div>\n\t\t\t\t<\/div>\n\t\t\t\t<div class=\"elementor-element elementor-element-8394c45 elementor-widget-divider--view-line elementor-widget elementor-widget-divider\" data-id=\"8394c45\" data-element_type=\"widget\" data-widget_type=\"divider.default\">\n\t\t\t\t<div class=\"elementor-widget-container\">\n\t\t\t\t\t<div class=\"elementor-divider\">\n\t\t\t<span class=\"elementor-divider-separator\">\n\t\t\t\t\t\t<\/span>\n\t\t<\/div>\n\t\t\t\t<\/div>\n\t\t\t\t<\/div>\n\t\t\t\t\t<\/div>\n\t\t<\/div>\n\t\t\t\t\t\t\t<\/div>\n\t\t<\/section>\n\t\t\t\t<section class=\"elementor-section elementor-top-section elementor-element elementor-element-3278afa elementor-section-stretched elementor-section-boxed elementor-section-height-default elementor-section-height-default\" data-id=\"3278afa\" data-element_type=\"section\" data-settings=\"{&quot;stretch_section&quot;:&quot;section-stretched&quot;}\">\n\t\t\t\t\t\t<div class=\"elementor-container elementor-column-gap-default\">\n\t\t\t\t\t<div class=\"elementor-column elementor-col-33 elementor-top-column elementor-element elementor-element-3c19dac\" data-id=\"3c19dac\" data-element_type=\"column\">\n\t\t\t<div class=\"elementor-widget-wrap elementor-element-populated\">\n\t\t\t\t\t\t\t\t<div class=\"elementor-element elementor-element-36106e3 elementor-widget elementor-widget-image\" data-id=\"36106e3\" data-element_type=\"widget\" data-widget_type=\"image.default\">\n\t\t\t\t<div class=\"elementor-widget-container\">\n\t\t\t\t\t\t\t\t\t\t\t\t\t\t\t<img decoding=\"async\" src=\"https:\/\/www.comverga.com\/pol\/wp-content\/uploads\/sites\/2\/elementor\/thumbs\/Marta-300x300-1-r6wjc0l1sahmn6540irc7lqly0skm0immjm03lxv0k.png\" title=\"Marta-300\u00d7300\" alt=\"Marta-300x300\" loading=\"lazy\" \/>\t\t\t\t\t\t\t\t\t\t\t\t\t\t\t<\/div>\n\t\t\t\t<\/div>\n\t\t\t\t\t<\/div>\n\t\t<\/div>\n\t\t\t\t<div class=\"elementor-column elementor-col-66 elementor-top-column elementor-element elementor-element-95ee1ea\" data-id=\"95ee1ea\" data-element_type=\"column\">\n\t\t\t<div class=\"elementor-widget-wrap elementor-element-populated\">\n\t\t\t\t\t\t\t\t<div class=\"elementor-element elementor-element-f5723cd premium-header-block premium-lq__none premium-box-lq__none elementor-widget elementor-widget-premium-addon-dual-header\" data-id=\"f5723cd\" data-element_type=\"widget\" data-widget_type=\"premium-addon-dual-header.default\">\n\t\t\t\t<div class=\"elementor-widget-container\">\n\t\t\t\r\n\t\t\t\t\t<h2 class=\"premium-dual-header-first-header  gradient\"><span class=\"premium-dual-header-first-span\">Martin Ko\u0161ut jr. <\/span><span class=\"premium-dual-header-second-header\">\u010clen dozor\u010d\u00ed rady<\/span><\/h2> \t\t\r\n\t\t\t\t<\/div>\n\t\t\t\t<\/div>\n\t\t\t\t<div class=\"elementor-element elementor-element-0fcffa3 elementor-widget elementor-widget-text-editor\" data-id=\"0fcffa3\" data-element_type=\"widget\" data-widget_type=\"text-editor.default\">\n\t\t\t\t<div class=\"elementor-widget-container\">\n\t\t\t\t\t\t\t<p>Martin Ko\u0161ut jr. V dozor\u010d\u00ed rad\u011b rodinn\u00e9ho holdingu p\u016fsob\u00ed od roku 2011.<\/p>\n<p>Vystudoval Vysokou \u0161kolu ekonomickou v Praze a \u010ceskou zem\u011bd\u011blskou univerzitu v Praze.<\/p>\t\t\t\t\t\t<\/div>\n\t\t\t\t<\/div>\n\t\t\t\t\t<\/div>\n\t\t<\/div>\n\t\t\t\t\t\t\t<\/div>\n\t\t<\/section>\n\t\t\t\t\t\t\t<\/div>","protected":false},"excerpt":{"rendered":"<p>P\u0159edstavenstvo Martin Ko\u0161ut Zakladatel, p\u0159edseda p\u0159edstavenstva a gener\u00e1ln\u00ed \u0159editel Martin Ko\u0161ut je spoluzakladatelem spole\u010dnosti a od roku 2000 zast\u00e1v\u00e1 funkci p\u0159edsedy p\u0159edstavenstva a gener\u00e1ln\u00edho \u0159editele. D\u0159\u00edve byl zodpov\u011bdn\u00fd za oblast elektronick\u00e9ho obchodu spole\u010dnosti Compaq Computer v Evrop\u011b, na St\u0159edn\u00edm v\u00fdchod\u011b a v Africe a rozv\u00edjel podnik\u00e1n\u00ed spole\u010dnosti Tulip Computer ve st\u0159edn\u00ed a v\u00fdchodn\u00ed Evrop\u011b. Je dr\u017eitelem titulu [...]<\/p>","protected":false},"author":1,"featured_media":226,"parent":0,"menu_order":0,"comment_status":"closed","ping_status":"closed","template":"","meta":{"footnotes":""},"yoast_head":"<!-- This site is optimized with the Yoast SEO plugin v21.6 - https:\/\/yoast.com\/wordpress\/plugins\/seo\/ -->\n<title>Zarz\u0105d i Rada Nadzorcza - COMVERGA Poland<\/title>\n<meta name=\"robots\" content=\"index, follow, max-snippet:-1, max-image-preview:large, max-video-preview:-1\" \/>\n<link rel=\"canonical\" href=\"https:\/\/www.comverga.com\/pol\/cs\/zespol\/\" \/>\n<meta property=\"og:locale\" content=\"cs_CZ\" \/>\n<meta property=\"og:type\" content=\"article\" \/>\n<meta property=\"og:title\" content=\"Zarz\u0105d i Rada Nadzorcza - COMVERGA Poland\" \/>\n<meta property=\"og:description\" content=\"Zarz\u0105d Martin Ko\u0161ut Za\u0142o\u017cyciel, Prezes Zarz\u0105du i CEO Martin Ko\u0161ut jest wsp\u00f3\u0142za\u0142o\u017cycielem firmy i pe\u0142ni jej funkcj\u0119 jej prezesa zarz\u0105du i dyrektora generalnego od 2000 roku. Wcze\u015bniej by\u0142 odpowiedzialny za biznes eCommerce Compaq Computer w Europie, na Bliskim Wschodzie i w Afryce oraz rozwija\u0142 biznes dla Tulip Computer w Europie \u015arodkowej i Wschodniej. Posiada tytu\u0142 [&hellip;]\" \/>\n<meta property=\"og:url\" content=\"https:\/\/www.comverga.com\/pol\/cs\/zespol\/\" \/>\n<meta property=\"og:site_name\" content=\"COMVERGA Poland\" \/>\n<meta property=\"article:modified_time\" content=\"2021-02-03T16:07:50+00:00\" \/>\n<meta property=\"og:image\" content=\"https:\/\/www.comverga.com\/pol\/wp-content\/uploads\/sites\/2\/2020\/11\/Service_Prof.jpg\" \/>\n\t<meta property=\"og:image:width\" content=\"1920\" \/>\n\t<meta property=\"og:image:height\" content=\"1080\" \/>\n\t<meta property=\"og:image:type\" content=\"image\/jpeg\" \/>\n<meta name=\"twitter:card\" content=\"summary_large_image\" \/>\n<meta name=\"twitter:label1\" content=\"Odhadovan\u00e1 doba \u010dten\u00ed\" \/>\n\t<meta name=\"twitter:data1\" content=\"1 minuta\" \/>\n<script type=\"application\/ld+json\" class=\"yoast-schema-graph\">{\"@context\":\"https:\/\/schema.org\",\"@graph\":[{\"@type\":\"WebPage\",\"@id\":\"https:\/\/www.comverga.com\/pol\/zespol\/\",\"url\":\"https:\/\/www.comverga.com\/pol\/zespol\/\",\"name\":\"Zarz\u0105d i Rada Nadzorcza - COMVERGA Poland\",\"isPartOf\":{\"@id\":\"https:\/\/www.comverga.com\/pol\/#website\"},\"datePublished\":\"2020-11-25T14:34:33+00:00\",\"dateModified\":\"2021-02-03T16:07:50+00:00\",\"inLanguage\":\"cs\",\"potentialAction\":[{\"@type\":\"ReadAction\",\"target\":[\"https:\/\/www.comverga.com\/pol\/zespol\/\"]}]},{\"@type\":\"WebSite\",\"@id\":\"https:\/\/www.comverga.com\/pol\/#website\",\"url\":\"https:\/\/www.comverga.com\/pol\/\",\"name\":\"COMVERGA Poland\",\"description\":\"Comverga Poland\",\"publisher\":{\"@id\":\"https:\/\/www.comverga.com\/pol\/#organization\"},\"potentialAction\":[{\"@type\":\"SearchAction\",\"target\":{\"@type\":\"EntryPoint\",\"urlTemplate\":\"https:\/\/www.comverga.com\/pol\/?s={search_term_string}\"},\"query-input\":\"required name=search_term_string\"}],\"inLanguage\":\"cs\"},{\"@type\":\"Organization\",\"@id\":\"https:\/\/www.comverga.com\/pol\/#organization\",\"name\":\"COMVERGA Poland\",\"url\":\"https:\/\/www.comverga.com\/pol\/\",\"logo\":{\"@type\":\"ImageObject\",\"inLanguage\":\"cs\",\"@id\":\"https:\/\/www.comverga.com\/pol\/#\/schema\/logo\/image\/\",\"url\":\"https:\/\/www.comverga.com\/pol\/wp-content\/uploads\/sites\/2\/2020\/11\/Comverga_CC.png\",\"contentUrl\":\"https:\/\/www.comverga.com\/pol\/wp-content\/uploads\/sites\/2\/2020\/11\/Comverga_CC.png\",\"width\":800,\"height\":800,\"caption\":\"COMVERGA Poland\"},\"image\":{\"@id\":\"https:\/\/www.comverga.com\/pol\/#\/schema\/logo\/image\/\"}}]}<\/script>\n<!-- \/ Yoast SEO plugin. -->","yoast_head_json":{"title":"Zarz\u0105d i Rada Nadzorcza - COMVERGA Poland","robots":{"index":"index","follow":"follow","max-snippet":"max-snippet:-1","max-image-preview":"max-image-preview:large","max-video-preview":"max-video-preview:-1"},"canonical":"https:\/\/www.comverga.com\/pol\/cs\/zespol\/","og_locale":"cs_CZ","og_type":"article","og_title":"Zarz\u0105d i Rada Nadzorcza - COMVERGA Poland","og_description":"Zarz\u0105d Martin Ko\u0161ut Za\u0142o\u017cyciel, Prezes Zarz\u0105du i CEO Martin Ko\u0161ut jest wsp\u00f3\u0142za\u0142o\u017cycielem firmy i pe\u0142ni jej funkcj\u0119 jej prezesa zarz\u0105du i dyrektora generalnego od 2000 roku. Wcze\u015bniej by\u0142 odpowiedzialny za biznes eCommerce Compaq Computer w Europie, na Bliskim Wschodzie i w Afryce oraz rozwija\u0142 biznes dla Tulip Computer w Europie \u015arodkowej i Wschodniej. Posiada tytu\u0142 [&hellip;]","og_url":"https:\/\/www.comverga.com\/pol\/cs\/zespol\/","og_site_name":"COMVERGA Poland","article_modified_time":"2021-02-03T16:07:50+00:00","og_image":[{"width":1920,"height":1080,"url":"https:\/\/www.comverga.com\/pol\/wp-content\/uploads\/sites\/2\/2020\/11\/Service_Prof.jpg","type":"image\/jpeg"}],"twitter_card":"summary_large_image","twitter_misc":{"Odhadovan\u00e1 doba \u010dten\u00ed":"1 minuta"},"schema":{"@context":"https:\/\/schema.org","@graph":[{"@type":"WebPage","@id":"https:\/\/www.comverga.com\/pol\/zespol\/","url":"https:\/\/www.comverga.com\/pol\/zespol\/","name":"Zarz\u0105d i Rada Nadzorcza - COMVERGA Poland","isPartOf":{"@id":"https:\/\/www.comverga.com\/pol\/#website"},"datePublished":"2020-11-25T14:34:33+00:00","dateModified":"2021-02-03T16:07:50+00:00","inLanguage":"cs","potentialAction":[{"@type":"ReadAction","target":["https:\/\/www.comverga.com\/pol\/zespol\/"]}]},{"@type":"WebSite","@id":"https:\/\/www.comverga.com\/pol\/#website","url":"https:\/\/www.comverga.com\/pol\/","name":"COMVERGA Polsko","description":"Comverga Polsko","publisher":{"@id":"https:\/\/www.comverga.com\/pol\/#organization"},"potentialAction":[{"@type":"SearchAction","target":{"@type":"EntryPoint","urlTemplate":"https:\/\/www.comverga.com\/pol\/?s={search_term_string}"},"query-input":"required name=search_term_string"}],"inLanguage":"cs"},{"@type":"Organization","@id":"https:\/\/www.comverga.com\/pol\/#organization","name":"COMVERGA Polsko","url":"https:\/\/www.comverga.com\/pol\/","logo":{"@type":"ImageObject","inLanguage":"cs","@id":"https:\/\/www.comverga.com\/pol\/#\/schema\/logo\/image\/","url":"https:\/\/www.comverga.com\/pol\/wp-content\/uploads\/sites\/2\/2020\/11\/Comverga_CC.png","contentUrl":"https:\/\/www.comverga.com\/pol\/wp-content\/uploads\/sites\/2\/2020\/11\/Comverga_CC.png","width":800,"height":800,"caption":"COMVERGA Poland"},"image":{"@id":"https:\/\/www.comverga.com\/pol\/#\/schema\/logo\/image\/"}}]}},"_links":{"self":[{"href":"https:\/\/www.comverga.com\/pol\/cs\/wp-json\/wp\/v2\/pages\/420"}],"collection":[{"href":"https:\/\/www.comverga.com\/pol\/cs\/wp-json\/wp\/v2\/pages"}],"about":[{"href":"https:\/\/www.comverga.com\/pol\/cs\/wp-json\/wp\/v2\/types\/page"}],"author":[{"embeddable":true,"href":"https:\/\/www.comverga.com\/pol\/cs\/wp-json\/wp\/v2\/users\/1"}],"replies":[{"embeddable":true,"href":"https:\/\/www.comverga.com\/pol\/cs\/wp-json\/wp\/v2\/comments?post=420"}],"version-history":[{"count":34,"href":"https:\/\/www.comverga.com\/pol\/cs\/wp-json\/wp\/v2\/pages\/420\/revisions"}],"predecessor-version":[{"id":2005,"href":"https:\/\/www.comverga.com\/pol\/cs\/wp-json\/wp\/v2\/pages\/420\/revisions\/2005"}],"wp:featuredmedia":[{"embeddable":true,"href":"https:\/\/www.comverga.com\/pol\/cs\/wp-json\/wp\/v2\/media\/226"}],"wp:attachment":[{"href":"https:\/\/www.comverga.com\/pol\/cs\/wp-json\/wp\/v2\/media?parent=420"}],"curies":[{"name":"wp","href":"https:\/\/api.w.org\/{rel}","templated":true}]}}